{"id":32746,"date":"2025-01-23T11:11:06","date_gmt":"2025-01-23T11:11:06","guid":{"rendered":"https:\/\/stdtransformer.com\/tr\/?page_id=32746"},"modified":"2025-09-30T12:41:06","modified_gmt":"2025-09-30T12:41:06","slug":"ihracat-ulkeleri","status":"publish","type":"page","link":"https:\/\/stdtransformer.com\/tr\/ihracat-ulkeleri\/","title":{"rendered":"\u0130hracat \u00dclkeleri"},"content":{"rendered":"\t\t<div data-elementor-type=\"wp-page\" data-elementor-id=\"32746\" class=\"elementor elementor-32746\">\n\t\t\t\t\r\n\t\t<div class=\"default no-position show_shadow rs-sticky-default elementor-element elementor-element-4354e6e e-flex e-con-boxed e-con e-parent\" data-id=\"4354e6e\" data-element_type=\"container\">\n\t\t\t\t\t<div class=\"e-con-inner\">\n\t\t\r\n\t\t\t\t<div class=\"elementor-element elementor-element-488705c elementor-widget elementor-widget-spacer\" data-id=\"488705c\" data-element_type=\"widget\" data-widget_type=\"spacer.default\">\n\t\t\t\t<div class=\"elementor-widget-container\">\n\t\t\t\t\t<div class=\"elementor-spacer\">\n\t\t\t<div class=\"elementor-spacer-inner\"><\/div>\n\t\t<\/div>\n\t\t\t\t<\/div>\n\t\t\t\t<\/div>\n\t\t\t\t\t<\/div>\n\t\t\t\t<\/div>\n\t\t\r\n\t\t<div class=\"default no-position show_shadow rs-sticky-default elementor-element elementor-element-f433b20 e-con-full elementor-hidden-desktop e-flex e-con e-parent\" data-id=\"f433b20\" data-element_type=\"container\">\n\t\t\r\n\t\t\t\t<div class=\"elementor-element elementor-element-2c2b32c elementor-widget elementor-widget-html\" data-id=\"2c2b32c\" data-element_type=\"widget\" data-widget_type=\"html.default\">\n\t\t\t\t<div class=\"elementor-widget-container\">\n\t\t\t<!DOCTYPE html>\r\n<html lang=\"en\">\r\n<head>\r\n  <meta charset=\"UTF-8\" \/>\r\n  <meta name=\"viewport\" content=\"width=device-width, initial-scale=1.0\"\/>\r\n  <title>Country List<\/title>\r\n  <style>\r\n    body {\r\n      font-family: Arial, sans-serif;\r\n     \r\n    }\r\n\r\n    table {\r\n      width: 100%;\r\n      border-collapse: separate;\r\n      border-spacing: 10px;\r\n    }\r\n\r\n    td {\r\n      background-color: #fff;\r\n      padding: 12px;\r\n      text-align: center;\r\n      border-radius: 8px;\r\n      box-shadow: 0 2px 4px rgba(0,0,0,0.1);\r\n      transition: all 0.2s ease;\r\n      cursor: pointer;\r\n    }\r\n\r\n    td:hover {\r\n      background-color: #db0812;\r\n      color: #fff;\r\n      transform: translateY(-3px);\r\n      box-shadow: 0 4px 8px rgba(0,0,0,0.2);\r\n    }\r\n\r\n    tr td {\r\n      min-width: 120px;\r\n    }\r\n  <\/style>\r\n<\/head>\r\n<body>\r\n  <table>\r\n    <tbody>\r\n      <tr><td>Afganistan<\/td><td>Arnavutluk<\/td><\/tr>\r\n      <tr><td>Cezayir<\/td><td>Angola<\/td><\/tr>\r\n      <tr><td>Ermenistan<\/td><td>Aruba<\/td><\/tr>\r\n      <tr><td>Azerbaycan<\/td><td>Bel\u00e7ika<\/td><\/tr>\r\n      <tr><td>Bosna Hersek<\/td><td>Brezilya<\/td><\/tr>\r\n      <tr><td>Bulgaristan<\/td><td>Burkina Faso<\/td><\/tr>\r\n      <tr><td>Burundi<\/td><td>Ye\u015fil Burun Adalar\u0131<\/td><\/tr>\r\n      <tr><td>Kambo\u00e7ya<\/td><td>\u015eili<\/td><\/tr>\r\n      <tr><td>H\u0131rvatistan<\/td><td>\u00c7ekya<\/td><\/tr>\r\n      <tr><td>Kongo Demokratik Cumhuriyeti<\/td><td>Dominik Cumhuriyeti<\/td><\/tr>\r\n      <tr><td>M\u0131s\u0131r<\/td><td>Etyopya<\/td><\/tr>\r\n      <tr><td>Finlandiya<\/td><td>Fransa<\/td><\/tr>\r\n      <tr><td>G\u00fcrcistan<\/td><td>Almanya<\/td><\/tr>\r\n      <tr><td>Gana<\/td><td>Yunanistan<\/td><\/tr>\r\n      <tr><td>Gine<\/td><td>Gine-Bissau<\/td><\/tr>\r\n      <tr><td>Irak<\/td><td>\u0130rlanda<\/td><\/tr>\r\n      <tr><td>\u0130srail (Filistin)<\/td><td>\u0130talya<\/td><\/tr>\r\n      <tr><td>\u00dcrd\u00fcn<\/td><td>Kenya<\/td><\/tr>\r\n      <tr><td>Kosova<\/td><td>Letonya<\/td><\/tr>\r\n      <tr><td>Liberya<\/td><td>Libya<\/td><\/tr>\r\n      <tr><td>Litvanya<\/td><td>Meksika<\/td><\/tr>\r\n      <tr><td>Moldova<\/td><td>Moritanya<\/td><\/tr>\r\n      <tr><td>Karada\u011f<\/td><td>Mozambik<\/td><\/tr>\r\n      <tr><td>Hollanda<\/td><td>Nijerya<\/td><\/tr>\r\n      <tr><td>Kuzey Makedonya<\/td><td>Kuzey K\u0131br\u0131s<\/td><\/tr>\r\n      <tr><td>Pakistan<\/td><td>Filistin (\u0130srail)<\/td><\/tr>\r\n      <tr><td>Polonya<\/td><td>Portekiz<\/td><\/tr>\r\n      <tr><td>Katar<\/td><td>Romanya<\/td><\/tr>\r\n      <tr><td>Ruanda<\/td><td>Suudi Arabistan<\/td><\/tr>\r\n      <tr><td>Senegal<\/td><td>S\u0131rbistan<\/td><\/tr>\r\n      <tr><td>Sierra Leone<\/td><td>Singapur<\/td><\/tr>\r\n      <tr><td>Sri Lanka<\/td><td>St. Kitts ve Nevis<\/td><\/tr>\r\n      <tr><td>Sudan<\/td><td>Suriye<\/td><\/tr>\r\n      <tr><td>Tanzanya<\/td><td>T\u00fcrkmenistan<\/td><\/tr>\r\n      <tr><td>Uganda<\/td><td>Birle\u015fik Krall\u0131k<\/td><\/tr>\r\n      <tr><td>Yemen<\/td><td>Ukrayna<\/td><\/tr>\r\n    <\/tbody>\r\n  <\/table>\r\n<\/body>\r\n<\/html>\r\n\t\t<\/div>\n\t\t\t\t<\/div>\n\t\t\t\t<\/div>\n\t\t\r\n\t\t<div class=\"default no-position show_shadow rs-sticky-default elementor-element elementor-element-7a6eef7 e-con-full elementor-hidden-tablet elementor-hidden-mobile e-flex e-con e-parent\" data-id=\"7a6eef7\" data-element_type=\"container\">\n\t\t\t\t<\/div>\n\t\t\r\n\t\t<div class=\"default no-position show_shadow rs-sticky-default elementor-element elementor-element-e757879 e-flex e-con-boxed e-con e-parent\" data-id=\"e757879\" data-element_type=\"container\">\n\t\t\t\t\t<div class=\"e-con-inner\">\n\t\t\r\n\t\t\t\t<div class=\"elementor-element elementor-element-1fa8da5 elementor-widget elementor-widget-spacer\" data-id=\"1fa8da5\" data-element_type=\"widget\" data-widget_type=\"spacer.default\">\n\t\t\t\t<div class=\"elementor-widget-container\">\n\t\t\t\t\t<div class=\"elementor-spacer\">\n\t\t\t<div class=\"elementor-spacer-inner\"><\/div>\n\t\t<\/div>\n\t\t\t\t<\/div>\n\t\t\t\t<\/div>\n\t\t\t\t\t<\/div>\n\t\t\t\t<\/div>\n\t\t\r\n\t\t<div class=\"default no-position show_shadow rs-sticky-default elementor-element elementor-element-2f8f775 e-flex e-con-boxed e-con e-parent\" data-id=\"2f8f775\" data-element_type=\"container\">\n\t\t\t\t\t<div class=\"e-con-inner\">\n\t\t\r\n\t\t\t\t<div class=\"elementor-element elementor-element-d83e08c elementor-hidden-tablet elementor-hidden-mobile elementor-widget elementor-widget-html\" data-id=\"d83e08c\" data-element_type=\"widget\" data-widget_type=\"html.default\">\n\t\t\t\t<div class=\"elementor-widget-container\">\n\t\t\t<!DOCTYPE html>\r\n<html lang=\"en\">\r\n<head>\r\n  <meta charset=\"UTF-8\" \/>\r\n  <meta name=\"viewport\" content=\"width=device-width, initial-scale=1.0\"\/>\r\n  <title>Country List<\/title>\r\n  <style>\r\n    body {\r\n      font-family: Arial, sans-serif;\r\n      \r\n    }\r\n\r\n    table {\r\n      width: 100%;\r\n      border-collapse: separate;\r\n      border-spacing: 10px;\r\n    }\r\n\r\n    td {\r\n      background-color: #fff;\r\n      padding: 12px;\r\n      text-align: center;\r\n      border-radius: 8px;\r\n      box-shadow: 0 2px 4px rgba(0,0,0,0.1);\r\n      transition: all 0.2s ease;\r\n      cursor: pointer;\r\n    }\r\n\r\n    td:hover {\r\n      background-color: #db0812;\r\n      color: #fff;\r\n      transform: translateY(-3px);\r\n      box-shadow: 0 4px 8px rgba(0,0,0,0.2);\r\n    }\r\n\r\n    tr td {\r\n      min-width: 120px;\r\n    }\r\n  <\/style>\r\n<\/head>\r\n<body>\r\n  <table>\r\n    <tbody>\r\n      <tr>\r\n        <td>Afganistan<\/td>\r\n        <td>Arnavutluk<\/td>\r\n        <td>Cezayir<\/td>\r\n        <td>Angola<\/td>\r\n        <td>Ermenistan<\/td>\r\n      <\/tr>\r\n      <tr>\r\n        <td>Aruba<\/td>\r\n        <td>Azerbaycan<\/td>\r\n        <td>Bel\u00e7ika<\/td>\r\n        <td>Bosna Hersek<\/td>\r\n        <td>Brezilya<\/td>\r\n      <\/tr>\r\n      <tr>\r\n        <td>Bulgaristan<\/td>\r\n        <td>Burkina Faso<\/td>\r\n        <td>Burundi<\/td>\r\n        <td>Ye\u015fil Burun Adalar\u0131<\/td>\r\n        <td>Kambo\u00e7ya<\/td>\r\n      <\/tr>\r\n      <tr>\r\n        <td>\u015eili<\/td>\r\n        <td>H\u0131rvatistan<\/td>\r\n        <td>\u00c7ekya<\/td>\r\n        <td>Kongo Demokratik Cumhuriyeti<\/td>\r\n        <td>Dominik Cumhuriyeti<\/td>\r\n      <\/tr>\r\n      <tr>\r\n        <td>M\u0131s\u0131r<\/td>\r\n        <td>Etyopya<\/td>\r\n        <td>Finlandiya<\/td>\r\n        <td>Fransa<\/td>\r\n        <td>G\u00fcrcistan<\/td>\r\n      <\/tr>\r\n      <tr>\r\n        <td>Almanya<\/td>\r\n        <td>Gana<\/td>\r\n        <td>Yunanistan<\/td>\r\n        <td>Gine<\/td>\r\n        <td>Gine-Bissau<\/td>\r\n      <\/tr>\r\n      <tr>\r\n        <td>Irak<\/td>\r\n        <td>\u0130rlanda<\/td>\r\n        <td>\u0130srail (Filistin)<\/td>\r\n        <td>\u0130talya<\/td>\r\n        <td>\u00dcrd\u00fcn<\/td>\r\n      <\/tr>\r\n      <tr>\r\n        <td>Kenya<\/td>\r\n        <td>Kosova<\/td>\r\n        <td>Letonya<\/td>\r\n        <td>Liberya<\/td>\r\n        <td>Libya<\/td>\r\n      <\/tr>\r\n      <tr>\r\n        <td>Litvanya<\/td>\r\n        <td>Meksika<\/td>\r\n        <td>Moldova<\/td>\r\n        <td>Moritanya<\/td>\r\n        <td>Karada\u011f<\/td>\r\n      <\/tr>\r\n      <tr>\r\n        <td>Mozambik<\/td>\r\n        <td>Hollanda<\/td>\r\n        <td>Nijerya<\/td>\r\n        <td>Kuzey Makedonya<\/td>\r\n        <td>Kuzey K\u0131br\u0131s<\/td>\r\n      <\/tr>\r\n      <tr>\r\n        <td>Pakistan<\/td>\r\n        <td>Filistin (\u0130srail)<\/td>\r\n        <td>Polonya<\/td>\r\n        <td>Portekiz<\/td>\r\n        <td>Katar<\/td>\r\n      <\/tr>\r\n      <tr>\r\n        <td>Romanya<\/td>\r\n        <td>Ruanda<\/td>\r\n        <td>Suudi Arabistan<\/td>\r\n        <td>Senegal<\/td>\r\n        <td>S\u0131rbistan<\/td>\r\n      <\/tr>\r\n      <tr>\r\n        <td>Sierra Leone<\/td>\r\n        <td>Singapur<\/td>\r\n        <td>Sri Lanka<\/td>\r\n        <td>St. Kitts ve Nevis<\/td>\r\n        <td>Sudan<\/td>\r\n      <\/tr>\r\n      <tr>\r\n        <td>Suriye<\/td>\r\n        <td>Tanzanya<\/td>\r\n        <td>T\u00fcrkmenistan<\/td>\r\n        <td>Uganda<\/td>\r\n        <td>Birle\u015fik Krall\u0131k<\/td>\r\n      <\/tr>\r\n      <tr>\r\n        <td>Yemen<\/td>\r\n        <td>Ukrayna<\/td>\r\n      <\/tr>\r\n    <\/tbody>\r\n  <\/table>\r\n<\/body>\r\n<\/html>\r\n\t\t<\/div>\n\t\t\t\t<\/div>\n\t\t\r\n\t\t\t\t<div class=\"elementor-element elementor-element-e43df99 elementor-widget elementor-widget-image\" data-id=\"e43df99\" data-element_type=\"widget\" data-widget_type=\"image.default\">\n\t\t\t\t<div class=\"elementor-widget-container\">\n\t\t\t\t\t\t\t\t\t\t\t\t\t<img fetchpriority=\"high\" decoding=\"async\" width=\"2160\" height=\"2002\" src=\"https:\/\/stdtransformer.com\/tr\/wp-content\/uploads\/2025\/09\/70-ulkeye-ihracat-std-transformer.jpg\" class=\"attachment-full size-full wp-image-33202\" alt=\"\" srcset=\"https:\/\/stdtransformer.com\/tr\/wp-content\/uploads\/2025\/09\/70-ulkeye-ihracat-std-transformer.jpg 2160w, https:\/\/stdtransformer.com\/tr\/wp-content\/uploads\/2025\/09\/70-ulkeye-ihracat-std-transformer-300x278.jpg 300w, https:\/\/stdtransformer.com\/tr\/wp-content\/uploads\/2025\/09\/70-ulkeye-ihracat-std-transformer-1024x949.jpg 1024w, https:\/\/stdtransformer.com\/tr\/wp-content\/uploads\/2025\/09\/70-ulkeye-ihracat-std-transformer-768x712.jpg 768w, https:\/\/stdtransformer.com\/tr\/wp-content\/uploads\/2025\/09\/70-ulkeye-ihracat-std-transformer-1536x1424.jpg 1536w, https:\/\/stdtransformer.com\/tr\/wp-content\/uploads\/2025\/09\/70-ulkeye-ihracat-std-transformer-2048x1898.jpg 2048w\" sizes=\"(max-width: 2160px) 100vw, 2160px\" \/>\t\t\t\t\t\t\t\t\t\t\t\t\t<\/div>\n\t\t\t\t<\/div>\n\t\t\t\t\t<\/div>\n\t\t\t\t<\/div>\n\t\t\t\t<\/div>\n\t\t","protected":false},"excerpt":{"rendered":"<p>Country List Afganistan Arnavutluk Cezayir Angola Ermenistan Aruba Azerbaycan Bel\u00e7ika Bosna Hersek Brezilya Bulgaristan Burkina Faso Burundi Ye\u015fil Burun Adalar\u0131 Kambo\u00e7ya \u015eili H\u0131rvatistan \u00c7ekya Kongo Demokratik Cumhuriyeti Dominik Cumhuriyeti M\u0131s\u0131r Etyopya Finlandiya Fransa G\u00fcrcistan Almanya Gana Yunanistan Gine Gine-Bissau Irak \u0130rlanda \u0130srail (Filistin) \u0130talya \u00dcrd\u00fcn Kenya Kosova Letonya Liberya Libya Litvanya Meksika Moldova Moritanya Karada\u011f&#8230;<\/p>\n","protected":false},"author":1,"featured_media":0,"parent":0,"menu_order":0,"comment_status":"closed","ping_status":"closed","template":"elementor_header_footer","meta":{"footnotes":""},"class_list":["post-32746","page","type-page","status-publish","hentry"],"yoast_head":"<!-- This site is optimized with the Yoast SEO plugin v23.9 - https:\/\/yoast.com\/wordpress\/plugins\/seo\/ -->\n<title>\u0130hracat \u00dclkeleri - STD Transformer<\/title>\n<meta name=\"robots\" content=\"index, follow, max-snippet:-1, max-image-preview:large, max-video-preview:-1\" \/>\n<link rel=\"canonical\" href=\"https:\/\/stdtransformer.com\/tr\/ihracat-ulkeleri\/\" \/>\n<meta property=\"og:locale\" content=\"tr_TR\" \/>\n<meta property=\"og:type\" content=\"article\" \/>\n<meta property=\"og:title\" content=\"\u0130hracat \u00dclkeleri - STD Transformer\" \/>\n<meta property=\"og:description\" content=\"Country List Afganistan Arnavutluk Cezayir Angola Ermenistan Aruba Azerbaycan Bel\u00e7ika Bosna Hersek Brezilya Bulgaristan Burkina Faso Burundi Ye\u015fil Burun Adalar\u0131 Kambo\u00e7ya \u015eili H\u0131rvatistan \u00c7ekya Kongo Demokratik Cumhuriyeti Dominik Cumhuriyeti M\u0131s\u0131r Etyopya Finlandiya Fransa G\u00fcrcistan Almanya Gana Yunanistan Gine Gine-Bissau Irak \u0130rlanda \u0130srail (Filistin) \u0130talya \u00dcrd\u00fcn Kenya Kosova Letonya Liberya Libya Litvanya Meksika Moldova Moritanya Karada\u011f...\" \/>\n<meta property=\"og:url\" content=\"https:\/\/stdtransformer.com\/tr\/ihracat-ulkeleri\/\" \/>\n<meta property=\"og:site_name\" content=\"STD Transformer\" \/>\n<meta property=\"article:publisher\" content=\"https:\/\/www.facebook.com\/stdtransformator\" \/>\n<meta property=\"article:modified_time\" content=\"2025-09-30T12:41:06+00:00\" \/>\n<meta property=\"og:image\" content=\"https:\/\/stdtransformer.com\/tr\/wp-content\/uploads\/2025\/09\/70-ulkeye-ihracat-std-transformer.jpg\" \/>\n\t<meta property=\"og:image:width\" content=\"2160\" \/>\n\t<meta property=\"og:image:height\" content=\"2002\" \/>\n\t<meta property=\"og:image:type\" content=\"image\/jpeg\" \/>\n<meta name=\"twitter:card\" content=\"summary_large_image\" \/>\n<meta name=\"twitter:label1\" content=\"Tahmini okuma s\u00fcresi\" \/>\n\t<meta name=\"twitter:data1\" content=\"2 dakika\" \/>\n<script type=\"application\/ld+json\" class=\"yoast-schema-graph\">{\"@context\":\"https:\/\/schema.org\",\"@graph\":[{\"@type\":\"WebPage\",\"@id\":\"https:\/\/stdtransformer.com\/tr\/ihracat-ulkeleri\/\",\"url\":\"https:\/\/stdtransformer.com\/tr\/ihracat-ulkeleri\/\",\"name\":\"\u0130hracat \u00dclkeleri - STD Transformer\",\"isPartOf\":{\"@id\":\"https:\/\/stdtransformer.com\/tr\/#website\"},\"primaryImageOfPage\":{\"@id\":\"https:\/\/stdtransformer.com\/tr\/ihracat-ulkeleri\/#primaryimage\"},\"image\":{\"@id\":\"https:\/\/stdtransformer.com\/tr\/ihracat-ulkeleri\/#primaryimage\"},\"thumbnailUrl\":\"https:\/\/stdtransformer.com\/tr\/wp-content\/uploads\/2025\/09\/70-ulkeye-ihracat-std-transformer.jpg\",\"datePublished\":\"2025-01-23T11:11:06+00:00\",\"dateModified\":\"2025-09-30T12:41:06+00:00\",\"breadcrumb\":{\"@id\":\"https:\/\/stdtransformer.com\/tr\/ihracat-ulkeleri\/#breadcrumb\"},\"inLanguage\":\"tr\",\"potentialAction\":[{\"@type\":\"ReadAction\",\"target\":[\"https:\/\/stdtransformer.com\/tr\/ihracat-ulkeleri\/\"]}]},{\"@type\":\"ImageObject\",\"inLanguage\":\"tr\",\"@id\":\"https:\/\/stdtransformer.com\/tr\/ihracat-ulkeleri\/#primaryimage\",\"url\":\"https:\/\/stdtransformer.com\/tr\/wp-content\/uploads\/2025\/09\/70-ulkeye-ihracat-std-transformer.jpg\",\"contentUrl\":\"https:\/\/stdtransformer.com\/tr\/wp-content\/uploads\/2025\/09\/70-ulkeye-ihracat-std-transformer.jpg\",\"width\":2160,\"height\":2002},{\"@type\":\"BreadcrumbList\",\"@id\":\"https:\/\/stdtransformer.com\/tr\/ihracat-ulkeleri\/#breadcrumb\",\"itemListElement\":[{\"@type\":\"ListItem\",\"position\":1,\"name\":\"Anasayfa\",\"item\":\"https:\/\/stdtransformer.com\/tr\/\"},{\"@type\":\"ListItem\",\"position\":2,\"name\":\"\u0130hracat \u00dclkeleri\"}]},{\"@type\":\"WebSite\",\"@id\":\"https:\/\/stdtransformer.com\/tr\/#website\",\"url\":\"https:\/\/stdtransformer.com\/tr\/\",\"name\":\"STD Transformer\",\"description\":\"\",\"publisher\":{\"@id\":\"https:\/\/stdtransformer.com\/tr\/#organization\"},\"potentialAction\":[{\"@type\":\"SearchAction\",\"target\":{\"@type\":\"EntryPoint\",\"urlTemplate\":\"https:\/\/stdtransformer.com\/tr\/?s={search_term_string}\"},\"query-input\":{\"@type\":\"PropertyValueSpecification\",\"valueRequired\":true,\"valueName\":\"search_term_string\"}}],\"inLanguage\":\"tr\"},{\"@type\":\"Organization\",\"@id\":\"https:\/\/stdtransformer.com\/tr\/#organization\",\"name\":\"STD Transformer\",\"url\":\"https:\/\/stdtransformer.com\/tr\/\",\"logo\":{\"@type\":\"ImageObject\",\"inLanguage\":\"tr\",\"@id\":\"https:\/\/stdtransformer.com\/tr\/#\/schema\/logo\/image\/\",\"url\":\"https:\/\/stdtransformer.com\/tr\/wp-content\/uploads\/2024\/11\/std-logo-kirmizi-siyah.svg\",\"contentUrl\":\"https:\/\/stdtransformer.com\/tr\/wp-content\/uploads\/2024\/11\/std-logo-kirmizi-siyah.svg\",\"width\":370,\"height\":160,\"caption\":\"STD Transformer\"},\"image\":{\"@id\":\"https:\/\/stdtransformer.com\/tr\/#\/schema\/logo\/image\/\"},\"sameAs\":[\"https:\/\/www.facebook.com\/stdtransformator\",\"https:\/\/www.instagram.com\/transformerstd\/\",\"https:\/\/www.linkedin.com\/company\/std-transformer\",\"https:\/\/www.youtube.com\/@stdtransformer1196\"]}]}<\/script>\n<!-- \/ Yoast SEO plugin. -->","yoast_head_json":{"title":"\u0130hracat \u00dclkeleri - STD Transformer","robots":{"index":"index","follow":"follow","max-snippet":"max-snippet:-1","max-image-preview":"max-image-preview:large","max-video-preview":"max-video-preview:-1"},"canonical":"https:\/\/stdtransformer.com\/tr\/ihracat-ulkeleri\/","og_locale":"tr_TR","og_type":"article","og_title":"\u0130hracat \u00dclkeleri - STD Transformer","og_description":"Country List Afganistan Arnavutluk Cezayir Angola Ermenistan Aruba Azerbaycan Bel\u00e7ika Bosna Hersek Brezilya Bulgaristan Burkina Faso Burundi Ye\u015fil Burun Adalar\u0131 Kambo\u00e7ya \u015eili H\u0131rvatistan \u00c7ekya Kongo Demokratik Cumhuriyeti Dominik Cumhuriyeti M\u0131s\u0131r Etyopya Finlandiya Fransa G\u00fcrcistan Almanya Gana Yunanistan Gine Gine-Bissau Irak \u0130rlanda \u0130srail (Filistin) \u0130talya \u00dcrd\u00fcn Kenya Kosova Letonya Liberya Libya Litvanya Meksika Moldova Moritanya Karada\u011f...","og_url":"https:\/\/stdtransformer.com\/tr\/ihracat-ulkeleri\/","og_site_name":"STD Transformer","article_publisher":"https:\/\/www.facebook.com\/stdtransformator","article_modified_time":"2025-09-30T12:41:06+00:00","og_image":[{"width":2160,"height":2002,"url":"https:\/\/stdtransformer.com\/tr\/wp-content\/uploads\/2025\/09\/70-ulkeye-ihracat-std-transformer.jpg","type":"image\/jpeg"}],"twitter_card":"summary_large_image","twitter_misc":{"Tahmini okuma s\u00fcresi":"2 dakika"},"schema":{"@context":"https:\/\/schema.org","@graph":[{"@type":"WebPage","@id":"https:\/\/stdtransformer.com\/tr\/ihracat-ulkeleri\/","url":"https:\/\/stdtransformer.com\/tr\/ihracat-ulkeleri\/","name":"\u0130hracat \u00dclkeleri - STD Transformer","isPartOf":{"@id":"https:\/\/stdtransformer.com\/tr\/#website"},"primaryImageOfPage":{"@id":"https:\/\/stdtransformer.com\/tr\/ihracat-ulkeleri\/#primaryimage"},"image":{"@id":"https:\/\/stdtransformer.com\/tr\/ihracat-ulkeleri\/#primaryimage"},"thumbnailUrl":"https:\/\/stdtransformer.com\/tr\/wp-content\/uploads\/2025\/09\/70-ulkeye-ihracat-std-transformer.jpg","datePublished":"2025-01-23T11:11:06+00:00","dateModified":"2025-09-30T12:41:06+00:00","breadcrumb":{"@id":"https:\/\/stdtransformer.com\/tr\/ihracat-ulkeleri\/#breadcrumb"},"inLanguage":"tr","potentialAction":[{"@type":"ReadAction","target":["https:\/\/stdtransformer.com\/tr\/ihracat-ulkeleri\/"]}]},{"@type":"ImageObject","inLanguage":"tr","@id":"https:\/\/stdtransformer.com\/tr\/ihracat-ulkeleri\/#primaryimage","url":"https:\/\/stdtransformer.com\/tr\/wp-content\/uploads\/2025\/09\/70-ulkeye-ihracat-std-transformer.jpg","contentUrl":"https:\/\/stdtransformer.com\/tr\/wp-content\/uploads\/2025\/09\/70-ulkeye-ihracat-std-transformer.jpg","width":2160,"height":2002},{"@type":"BreadcrumbList","@id":"https:\/\/stdtransformer.com\/tr\/ihracat-ulkeleri\/#breadcrumb","itemListElement":[{"@type":"ListItem","position":1,"name":"Anasayfa","item":"https:\/\/stdtransformer.com\/tr\/"},{"@type":"ListItem","position":2,"name":"\u0130hracat \u00dclkeleri"}]},{"@type":"WebSite","@id":"https:\/\/stdtransformer.com\/tr\/#website","url":"https:\/\/stdtransformer.com\/tr\/","name":"STD Transformer","description":"","publisher":{"@id":"https:\/\/stdtransformer.com\/tr\/#organization"},"potentialAction":[{"@type":"SearchAction","target":{"@type":"EntryPoint","urlTemplate":"https:\/\/stdtransformer.com\/tr\/?s={search_term_string}"},"query-input":{"@type":"PropertyValueSpecification","valueRequired":true,"valueName":"search_term_string"}}],"inLanguage":"tr"},{"@type":"Organization","@id":"https:\/\/stdtransformer.com\/tr\/#organization","name":"STD Transformer","url":"https:\/\/stdtransformer.com\/tr\/","logo":{"@type":"ImageObject","inLanguage":"tr","@id":"https:\/\/stdtransformer.com\/tr\/#\/schema\/logo\/image\/","url":"https:\/\/stdtransformer.com\/tr\/wp-content\/uploads\/2024\/11\/std-logo-kirmizi-siyah.svg","contentUrl":"https:\/\/stdtransformer.com\/tr\/wp-content\/uploads\/2024\/11\/std-logo-kirmizi-siyah.svg","width":370,"height":160,"caption":"STD Transformer"},"image":{"@id":"https:\/\/stdtransformer.com\/tr\/#\/schema\/logo\/image\/"},"sameAs":["https:\/\/www.facebook.com\/stdtransformator","https:\/\/www.instagram.com\/transformerstd\/","https:\/\/www.linkedin.com\/company\/std-transformer","https:\/\/www.youtube.com\/@stdtransformer1196"]}]}},"_links":{"self":[{"href":"https:\/\/stdtransformer.com\/tr\/wp-json\/wp\/v2\/pages\/32746","targetHints":{"allow":["GET"]}}],"collection":[{"href":"https:\/\/stdtransformer.com\/tr\/wp-json\/wp\/v2\/pages"}],"about":[{"href":"https:\/\/stdtransformer.com\/tr\/wp-json\/wp\/v2\/types\/page"}],"author":[{"embeddable":true,"href":"https:\/\/stdtransformer.com\/tr\/wp-json\/wp\/v2\/users\/1"}],"replies":[{"embeddable":true,"href":"https:\/\/stdtransformer.com\/tr\/wp-json\/wp\/v2\/comments?post=32746"}],"version-history":[{"count":100,"href":"https:\/\/stdtransformer.com\/tr\/wp-json\/wp\/v2\/pages\/32746\/revisions"}],"predecessor-version":[{"id":33220,"href":"https:\/\/stdtransformer.com\/tr\/wp-json\/wp\/v2\/pages\/32746\/revisions\/33220"}],"wp:attachment":[{"href":"https:\/\/stdtransformer.com\/tr\/wp-json\/wp\/v2\/media?parent=32746"}],"curies":[{"name":"wp","href":"https:\/\/api.w.org\/{rel}","templated":true}]}}