{"id":32323,"date":"2025-01-15T10:23:22","date_gmt":"2025-01-15T10:23:22","guid":{"rendered":"https:\/\/stdtransformer.com\/tr\/?page_id=32323"},"modified":"2026-02-25T12:39:45","modified_gmt":"2026-02-25T12:39:45","slug":"testler","status":"publish","type":"page","link":"https:\/\/stdtransformer.com\/tr\/testler\/","title":{"rendered":"Testler"},"content":{"rendered":"\t\t<div data-elementor-type=\"wp-page\" data-elementor-id=\"32323\" class=\"elementor elementor-32323\">\n\t\t\t\t\r\n\t\t<div class=\"default no-position show_shadow rs-sticky-default elementor-element elementor-element-dc06d7f e-flex e-con-boxed e-con e-parent\" data-id=\"dc06d7f\" data-element_type=\"container\">\n\t\t\t\t\t<div class=\"e-con-inner\">\n\t\t\r\n\t\t\t\t<div class=\"elementor-element elementor-element-56f3291 elementor-hidden-tablet elementor-hidden-mobile elementor-widget elementor-widget-spacer\" data-id=\"56f3291\" data-element_type=\"widget\" data-widget_type=\"spacer.default\">\n\t\t\t\t<div class=\"elementor-widget-container\">\n\t\t\t\t\t<div class=\"elementor-spacer\">\n\t\t\t<div class=\"elementor-spacer-inner\"><\/div>\n\t\t<\/div>\n\t\t\t\t<\/div>\n\t\t\t\t<\/div>\n\t\t\t\t\t<\/div>\n\t\t\t\t<\/div>\n\t\t\r\n\t\t<div class=\"default no-position show_shadow rs-sticky-default elementor-element elementor-element-a91d977 e-flex e-con-boxed e-con e-parent\" data-id=\"a91d977\" data-element_type=\"container\">\n\t\t\t\t\t<div class=\"e-con-inner\">\n\t\t\r\n\t\t\t\t<div class=\"elementor-element elementor-element-524e7a0 elementor-widget elementor-widget-rs-heading\" data-id=\"524e7a0\" data-element_type=\"widget\" data-widget_type=\"rs-heading.default\">\n\t\t\t\t<div class=\"elementor-widget-container\">\n\t\t\t\n\t\t<div class=\"prelements-heading default  \">\n\t\t\t<div class=\"title-inner\">\n\t\t\t\t<h4 class=\"title rs-split-text-disable \">Test \u0130\u015flemleri<\/h4>\n\t\t\t<\/div>\n\t\t\t\t\t<\/div>\n\t\t<\/div>\n\t\t\t\t<\/div>\n\t\t\t\t\t<\/div>\n\t\t\t\t<\/div>\n\t\t\r\n\t\t<div class=\"default no-position show_shadow rs-sticky-default elementor-element elementor-element-dee51bd e-flex e-con-boxed e-con e-parent\" data-id=\"dee51bd\" data-element_type=\"container\">\n\t\t\t\t\t<div class=\"e-con-inner\">\n\t\t\r\n\t\t\t\t<div class=\"elementor-element elementor-element-23e156c elementor-widget elementor-widget-text-editor\" data-id=\"23e156c\" data-element_type=\"widget\" data-widget_type=\"text-editor.default\">\n\t\t\t\t<div class=\"elementor-widget-container\">\n\t\t\t\t\t\t\t<div class=\"wpb_text_column wpb_content_element \"><div class=\"wpb_wrapper\"><p>T\u00fcm transformat\u00f6rlerimiz uluslararas\u0131 akredite test labaratuarlar\u0131m\u0131zda IEC 60076 standartlar\u0131na g\u00f6re test edilmekte. Bak\u0131m el kitab\u0131, test raporu, teknik resim ve gerekli t\u00fcm belgelendirme ile teslim edilmektedir.<\/p><p>Gerekli t\u00fcm kalibrasyonlara sahip test ekipmanlar\u0131m\u0131z bulunmaktad\u0131r. \u0130stisnas\u0131z t\u00fcm gerekli ara testler ve rutin testler, m\u00fc\u015fterilerimizin talep etti\u011fi garanti de\u011ferlere uygun olarak laboratuvar\u0131m\u0131zda ger\u00e7ekle\u015ftirilmektedir. Rutin testlerin olumlu sonu\u00e7lanmas\u0131n\u0131n ard\u0131ndan sevkiyat i\u015flemi yap\u0131lmaktad\u0131r.<\/p><p>Sevkiyat s\u0131ras\u0131nda bak\u0131m el kitab\u0131, test raporu, teknik \u00e7izimler ve gerekli t\u00fcm belgeler m\u00fc\u015fteriye teslim edilmektedir. Ayr\u0131ca, akredite bir laboratuvar olarak, m\u00fc\u015fteri talebi \u00fczerine s\u0131cakl\u0131k art\u0131\u015f\u0131, y\u0131ld\u0131r\u0131m darbe, ses seviyesi, dielektrik, tip ve \u00f6zel testleri de ger\u00e7ekle\u015ftirebilmekteyiz.<\/p><p>\u0130stisnas\u0131z t\u00fcm rutin testleri yapabilmektedir. Test odam\u0131z, 50 Hz\u2019den 400 Hz\u2019e kadar de\u011fi\u015fen frekanslarda, 12000V\u2019a kadar 400 A\u2019l\u0131k \u00f6zel bir d\u00f6n\u00fc\u015ft\u00fcr\u00fcc\u00fc ile donat\u0131lm\u0131\u015ft\u0131r.<\/p><\/div><\/div>\t\t\t\t\t\t<\/div>\n\t\t\t\t<\/div>\n\t\t\t\t\t<\/div>\n\t\t\t\t<\/div>\n\t\t\r\n\t\t<div class=\"default no-position show_shadow rs-sticky-default elementor-element elementor-element-b8acee9 e-flex e-con-boxed e-con e-parent\" data-id=\"b8acee9\" data-element_type=\"container\">\n\t\t\t\t\t<div class=\"e-con-inner\">\n\t\t\r\n\t\t\t\t<div class=\"elementor-element elementor-element-45950cc elementor-widget elementor-widget-rs-heading\" data-id=\"45950cc\" data-element_type=\"widget\" data-widget_type=\"rs-heading.default\">\n\t\t\t\t<div class=\"elementor-widget-container\">\n\t\t\t\n\t\t<div class=\"prelements-heading default  \">\n\t\t\t<div class=\"title-inner\">\n\t\t\t\t<h4 class=\"title rs-split-text-disable \">T\u00dcRKAK Taraf\u0131ndan ISO 17025 Akreditasyonuna Sahip Laboratuvar\u0131m\u0131z\u0131n Ger\u00e7ekle\u015ftirdi\u011fi Testler<\/h4>\n\t\t\t<\/div>\n\t\t\t\t\t<\/div>\n\t\t<\/div>\n\t\t\t\t<\/div>\n\t\t\t\t\t<\/div>\n\t\t\t\t<\/div>\n\t\t\r\n\t\t<div class=\"default no-position show_shadow rs-sticky-default elementor-element elementor-element-60a256a e-flex e-con-boxed e-con e-parent\" data-id=\"60a256a\" data-element_type=\"container\">\n\t\t\t\t\t<div class=\"e-con-inner\">\n\t\t\r\n\t\t<div class=\"default no-position show_shadow rs-sticky-default elementor-element elementor-element-4ec995d e-con-full e-flex e-con e-child\" data-id=\"4ec995d\" data-element_type=\"container\">\n\t\t\r\n\t\t\t\t<div class=\"elementor-element elementor-element-6e894d4 elementor-hidden-desktop elementor-widget elementor-widget-spacer\" data-id=\"6e894d4\" data-element_type=\"widget\" data-widget_type=\"spacer.default\">\n\t\t\t\t<div class=\"elementor-widget-container\">\n\t\t\t\t\t<div class=\"elementor-spacer\">\n\t\t\t<div class=\"elementor-spacer-inner\"><\/div>\n\t\t<\/div>\n\t\t\t\t<\/div>\n\t\t\t\t<\/div>\n\t\t\r\n\t\t\t\t<div class=\"elementor-element elementor-element-1354086 elementor-widget elementor-widget-rs-heading\" data-id=\"1354086\" data-element_type=\"widget\" data-widget_type=\"rs-heading.default\">\n\t\t\t\t<div class=\"elementor-widget-container\">\n\t\t\t\n\t\t<div class=\"prelements-heading default  \">\n\t\t\t<div class=\"title-inner\">\n\t\t\t\t<h6 class=\"title rs-split-text-disable \">Rutin Testler<\/h6>\n\t\t\t<\/div>\n\t\t\t\t\t\t\t<div class=\"description\">\n\t\t\t\t\t<ul><li>Sarg\u0131 Diren\u00e7lerinin \u00d6l\u00e7\u00fclmesi<\/li><li>Gerilim \u00c7evirme Oran\u0131n\u0131n \u00d6l\u00e7\u00fclmesi ve Faz Fark\u0131n\u0131n Kontrol\u00fc<\/li><li>K\u0131sadevre Empedans\u0131n\u0131n ve Y\u00fckte Kayb\u0131n \u00d6l\u00e7\u00fclmesi<\/li><li>Y\u00fcks\u00fcz Kayb\u0131n ve Ak\u0131m\u0131n \u00d6l\u00e7\u00fclmesi<\/li><li>\u00c7ekirdek ve G\u00f6vde Yal\u0131t\u0131m\u0131n\u0131n Kontrol\u00fc<\/li><li>Her Bir Sarg\u0131 ile Toprak Aras\u0131ndaki ve Sarg\u0131lar Aras\u0131ndaki d.a Yal\u0131t\u0131m Direncinin \u00d6l\u00e7\u00fclmesi<\/li><li>S\u0131v\u0131ya Dald\u0131r\u0131lm\u0131\u015f Transformat\u00f6rler i\u00e7in Bas\u0131n\u00e7 Alt\u0131nda S\u0131z\u0131nt\u0131<br \/>Deneyi (S\u0131zd\u0131rmazl\u0131k Deneyi)<\/li><li>Uygulanan Gerilim Deneyi<\/li><li>End\u00fcklenen Gerilim Dayan\u0131m Deneyi<\/li><\/ul>\t\t\t\t<\/div>\n\t\t\t\t\t<\/div>\n\t\t<\/div>\n\t\t\t\t<\/div>\n\t\t\r\n\t\t\t\t<div class=\"elementor-element elementor-element-13689ce elementor-widget elementor-widget-rs-heading\" data-id=\"13689ce\" data-element_type=\"widget\" data-widget_type=\"rs-heading.default\">\n\t\t\t\t<div class=\"elementor-widget-container\">\n\t\t\t\n\t\t<div class=\"prelements-heading default  \">\n\t\t\t<div class=\"title-inner\">\n\t\t\t\t<h6 class=\"title rs-split-text-disable \">Tip Testler<\/h6>\n\t\t\t<\/div>\n\t\t\t\t\t\t\t<div class=\"description\">\n\t\t\t\t\t<ul><li>Beyan Geriliminin %90'\u0131nda ve %110'unda Y\u00fcks\u00fcz Durumdaki<br \/>Kayb\u0131n ve Ak\u0131m\u0131n \u00d6l\u00e7\u00fclmesi<\/li><li>S\u0131v\u0131ya Dald\u0131r\u0131lan Transformat\u00f6rler<br \/>\u0130\u00e7in S\u0131cakl\u0131k Art\u0131\u015f\u0131<\/li><li>Tam Dalga Y\u0131ld\u0131r\u0131m Darbe Deneyi<\/li><li>Ses Seviyelerinin Belirlenmesi<\/li><\/ul>\t\t\t\t<\/div>\n\t\t\t\t\t<\/div>\n\t\t<\/div>\n\t\t\t\t<\/div>\n\t\t\r\n\t\t\t\t<div class=\"elementor-element elementor-element-79a1ee4 elementor-widget elementor-widget-rs-heading\" data-id=\"79a1ee4\" data-element_type=\"widget\" data-widget_type=\"rs-heading.default\">\n\t\t\t\t<div class=\"elementor-widget-container\">\n\t\t\t\n\t\t<div class=\"prelements-heading default  \">\n\t\t\t<div class=\"title-inner\">\n\t\t\t\t<h6 class=\"title rs-split-text-disable \">\u00d6zel Testler<\/h6>\n\t\t\t<\/div>\n\t\t\t\t\t\t\t<div class=\"description\">\n\t\t\t\t\t<ul><li>S\u0131f\u0131r Bile\u015fen Empedans\u0131n\u0131n \u00d6l\u00e7\u00fclmesi<\/li><li>Yal\u0131t\u0131m Sistemi Kapasitanslar\u0131n\u0131n Kay\u0131p Fakt\u00f6r\u00fcn\u00fcn \u00d6l\u00e7\u00fclmesi<\/li><li>Kazan \u00d6m\u00fcr ve S\u0131zd\u0131rmazl\u0131k Deneyi<\/li><\/ul>\t\t\t\t<\/div>\n\t\t\t\t\t<\/div>\n\t\t<\/div>\n\t\t\t\t<\/div>\n\t\t\r\n\t\t\t\t<div class=\"elementor-element elementor-element-f111bcd elementor-widget elementor-widget-rs-heading\" data-id=\"f111bcd\" data-element_type=\"widget\" data-widget_type=\"rs-heading.default\">\n\t\t\t\t<div class=\"elementor-widget-container\">\n\t\t\t\n\t\t<div class=\"prelements-heading default  \">\n\t\t\t<div class=\"title-inner\">\n\t\t\t\t<h6 class=\"title rs-split-text-disable \">Laboratuvar m\u00fc\u015fterilerimiz i\u00e7in ilgili dok\u00fcmanlar a\u015fa\u011f\u0131da yer almaktad\u0131r:\n<\/h6>\n\t\t\t<\/div>\n\t\t\t\t\t<\/div>\n\t\t<\/div>\n\t\t\t\t<\/div>\n\t\t\t\t<\/div>\n\t\t\t\t\t<\/div>\n\t\t\t\t<\/div>\n\t\t\r\n\t\t<div class=\"default no-position show_shadow rs-sticky-default elementor-element elementor-element-ccd1357 e-flex e-con-boxed e-con e-parent\" data-id=\"ccd1357\" data-element_type=\"container\">\n\t\t\t\t\t<div class=\"e-con-inner\">\n\t\t\r\n\t\t\t\t<div class=\"elementor-element elementor-element-663e7c9 elementor-widget elementor-widget-rs-button\" data-id=\"663e7c9\" data-element_type=\"widget\" data-widget_type=\"rs-button.default\">\n\t\t\t\t<div class=\"elementor-widget-container\">\n\t\t\t\t\t<div class=\"rs-button style1\">\r\n\t\t\t\t\t\t<a class=\"rs-btn\" href=\"https:\/\/stdtransformer.com\/tr\/wp-content\/uploads\/2026\/02\/KYT-FRM-10-MUSTERI-SIKAYET-VE-ONERI-FORMU-REV01.pdf\" target=_blank>\t\r\n\t\t\t\t<span>M\u00fc\u015fteri \u015eikayet ve \u00d6neri Formu \r\n\t\t\t\t\t\t\t\t\t<em>\r\n\t\t\t\t\t\t<svg aria-hidden=\"true\" class=\"e-font-icon-svg e-far-file-pdf\" viewBox=\"0 0 384 512\" xmlns=\"http:\/\/www.w3.org\/2000\/svg\"><path d=\"M369.9 97.9L286 14C277 5 264.8-.1 252.1-.1H48C21.5 0 0 21.5 0 48v416c0 26.5 21.5 48 48 48h288c26.5 0 48-21.5 48-48V131.9c0-12.7-5.1-25-14.1-34zM332.1 128H256V51.9l76.1 76.1zM48 464V48h160v104c0 13.3 10.7 24 24 24h104v288H48zm250.2-143.7c-12.2-12-47-8.7-64.4-6.5-17.2-10.5-28.7-25-36.8-46.3 3.9-16.1 10.1-40.6 5.4-56-4.2-26.2-37.8-23.6-42.6-5.9-4.4 16.1-.4 38.5 7 67.1-10 23.9-24.9 56-35.4 74.4-20 10.3-47 26.2-51 46.2-3.3 15.8 26 55.2 76.1-31.2 22.4-7.4 46.8-16.5 68.4-20.1 18.9 10.2 41 17 55.8 17 25.5 0 28-28.2 17.5-38.7zm-198.1 77.8c5.1-13.7 24.5-29.5 30.4-35-19 30.3-30.4 35.7-30.4 35zm81.6-190.6c7.4 0 6.7 32.1 1.8 40.8-4.4-13.9-4.3-40.8-1.8-40.8zm-24.4 136.6c9.7-16.9 18-37 24.7-54.7 8.3 15.1 18.9 27.2 30.1 35.5-20.8 4.3-38.9 13.1-54.8 19.2zm131.6-5s-5 6-37.3-7.8c35.1-2.6 40.9 5.4 37.3 7.8z\"><\/path><\/svg>\t\t\t\t\t\t<svg aria-hidden=\"true\" class=\"e-font-icon-svg e-far-file-pdf\" viewBox=\"0 0 384 512\" xmlns=\"http:\/\/www.w3.org\/2000\/svg\"><path d=\"M369.9 97.9L286 14C277 5 264.8-.1 252.1-.1H48C21.5 0 0 21.5 0 48v416c0 26.5 21.5 48 48 48h288c26.5 0 48-21.5 48-48V131.9c0-12.7-5.1-25-14.1-34zM332.1 128H256V51.9l76.1 76.1zM48 464V48h160v104c0 13.3 10.7 24 24 24h104v288H48zm250.2-143.7c-12.2-12-47-8.7-64.4-6.5-17.2-10.5-28.7-25-36.8-46.3 3.9-16.1 10.1-40.6 5.4-56-4.2-26.2-37.8-23.6-42.6-5.9-4.4 16.1-.4 38.5 7 67.1-10 23.9-24.9 56-35.4 74.4-20 10.3-47 26.2-51 46.2-3.3 15.8 26 55.2 76.1-31.2 22.4-7.4 46.8-16.5 68.4-20.1 18.9 10.2 41 17 55.8 17 25.5 0 28-28.2 17.5-38.7zm-198.1 77.8c5.1-13.7 24.5-29.5 30.4-35-19 30.3-30.4 35.7-30.4 35zm81.6-190.6c7.4 0 6.7 32.1 1.8 40.8-4.4-13.9-4.3-40.8-1.8-40.8zm-24.4 136.6c9.7-16.9 18-37 24.7-54.7 8.3 15.1 18.9 27.2 30.1 35.5-20.8 4.3-38.9 13.1-54.8 19.2zm131.6-5s-5 6-37.3-7.8c35.1-2.6 40.9 5.4 37.3 7.8z\"><\/path><\/svg>\t\t\t\t\t<\/em>\t\r\n\t\t\t\t\t\t\t\t<\/span>\r\n\t\t\t<\/a>\r\n\t\t<\/div>\r\n\t\t<\/div>\n\t\t\t\t<\/div>\n\t\t\r\n\t\t\t\t<div class=\"elementor-element elementor-element-4d7b524 elementor-widget elementor-widget-rs-button\" data-id=\"4d7b524\" data-element_type=\"widget\" data-widget_type=\"rs-button.default\">\n\t\t\t\t<div class=\"elementor-widget-container\">\n\t\t\t\t\t<div class=\"rs-button style1\">\r\n\t\t\t\t\t\t<a class=\"rs-btn\" href=\"https:\/\/stdtransformer.com\/tr\/wp-content\/uploads\/2026\/02\/KYT-FRM-09-MUSTERI-MEMNUNIYET-ANKETI-REV00.pdf\" target=_blank>\t\r\n\t\t\t\t<span>M\u00fc\u015fteri Memnuniyet Anketi Formu \r\n\t\t\t\t\t\t\t\t\t<em>\r\n\t\t\t\t\t\t<svg aria-hidden=\"true\" class=\"e-font-icon-svg e-far-file-pdf\" viewBox=\"0 0 384 512\" xmlns=\"http:\/\/www.w3.org\/2000\/svg\"><path d=\"M369.9 97.9L286 14C277 5 264.8-.1 252.1-.1H48C21.5 0 0 21.5 0 48v416c0 26.5 21.5 48 48 48h288c26.5 0 48-21.5 48-48V131.9c0-12.7-5.1-25-14.1-34zM332.1 128H256V51.9l76.1 76.1zM48 464V48h160v104c0 13.3 10.7 24 24 24h104v288H48zm250.2-143.7c-12.2-12-47-8.7-64.4-6.5-17.2-10.5-28.7-25-36.8-46.3 3.9-16.1 10.1-40.6 5.4-56-4.2-26.2-37.8-23.6-42.6-5.9-4.4 16.1-.4 38.5 7 67.1-10 23.9-24.9 56-35.4 74.4-20 10.3-47 26.2-51 46.2-3.3 15.8 26 55.2 76.1-31.2 22.4-7.4 46.8-16.5 68.4-20.1 18.9 10.2 41 17 55.8 17 25.5 0 28-28.2 17.5-38.7zm-198.1 77.8c5.1-13.7 24.5-29.5 30.4-35-19 30.3-30.4 35.7-30.4 35zm81.6-190.6c7.4 0 6.7 32.1 1.8 40.8-4.4-13.9-4.3-40.8-1.8-40.8zm-24.4 136.6c9.7-16.9 18-37 24.7-54.7 8.3 15.1 18.9 27.2 30.1 35.5-20.8 4.3-38.9 13.1-54.8 19.2zm131.6-5s-5 6-37.3-7.8c35.1-2.6 40.9 5.4 37.3 7.8z\"><\/path><\/svg>\t\t\t\t\t\t<svg aria-hidden=\"true\" class=\"e-font-icon-svg e-far-file-pdf\" viewBox=\"0 0 384 512\" xmlns=\"http:\/\/www.w3.org\/2000\/svg\"><path d=\"M369.9 97.9L286 14C277 5 264.8-.1 252.1-.1H48C21.5 0 0 21.5 0 48v416c0 26.5 21.5 48 48 48h288c26.5 0 48-21.5 48-48V131.9c0-12.7-5.1-25-14.1-34zM332.1 128H256V51.9l76.1 76.1zM48 464V48h160v104c0 13.3 10.7 24 24 24h104v288H48zm250.2-143.7c-12.2-12-47-8.7-64.4-6.5-17.2-10.5-28.7-25-36.8-46.3 3.9-16.1 10.1-40.6 5.4-56-4.2-26.2-37.8-23.6-42.6-5.9-4.4 16.1-.4 38.5 7 67.1-10 23.9-24.9 56-35.4 74.4-20 10.3-47 26.2-51 46.2-3.3 15.8 26 55.2 76.1-31.2 22.4-7.4 46.8-16.5 68.4-20.1 18.9 10.2 41 17 55.8 17 25.5 0 28-28.2 17.5-38.7zm-198.1 77.8c5.1-13.7 24.5-29.5 30.4-35-19 30.3-30.4 35.7-30.4 35zm81.6-190.6c7.4 0 6.7 32.1 1.8 40.8-4.4-13.9-4.3-40.8-1.8-40.8zm-24.4 136.6c9.7-16.9 18-37 24.7-54.7 8.3 15.1 18.9 27.2 30.1 35.5-20.8 4.3-38.9 13.1-54.8 19.2zm131.6-5s-5 6-37.3-7.8c35.1-2.6 40.9 5.4 37.3 7.8z\"><\/path><\/svg>\t\t\t\t\t<\/em>\t\r\n\t\t\t\t\t\t\t\t<\/span>\r\n\t\t\t<\/a>\r\n\t\t<\/div>\r\n\t\t<\/div>\n\t\t\t\t<\/div>\n\t\t\r\n\t\t\t\t<div class=\"elementor-element elementor-element-f2949e2 elementor-widget elementor-widget-rs-button\" data-id=\"f2949e2\" data-element_type=\"widget\" data-widget_type=\"rs-button.default\">\n\t\t\t\t<div class=\"elementor-widget-container\">\n\t\t\t\t\t<div class=\"rs-button style1\">\r\n\t\t\t\t\t\t<a class=\"rs-btn\" href=\"https:\/\/stdtransformer.com\/tr\/wp-content\/uploads\/2026\/02\/Sikayet-ve-Oneri-Akis-Semasi.jpg\" target=_blank>\t\r\n\t\t\t\t<span>\u015eikayet ve \u00d6neri Ak\u0131\u015f \u015eemas\u0131 \r\n\t\t\t\t\t\t\t\t\t<em>\r\n\t\t\t\t\t\t<svg aria-hidden=\"true\" class=\"e-font-icon-svg e-fas-project-diagram\" viewBox=\"0 0 640 512\" xmlns=\"http:\/\/www.w3.org\/2000\/svg\"><path d=\"M384 320H256c-17.67 0-32 14.33-32 32v128c0 17.67 14.33 32 32 32h128c17.67 0 32-14.33 32-32V352c0-17.67-14.33-32-32-32zM192 32c0-17.67-14.33-32-32-32H32C14.33 0 0 14.33 0 32v128c0 17.67 14.33 32 32 32h95.72l73.16 128.04C211.98 300.98 232.4 288 256 288h.28L192 175.51V128h224V64H192V32zM608 0H480c-17.67 0-32 14.33-32 32v128c0 17.67 14.33 32 32 32h128c17.67 0 32-14.33 32-32V32c0-17.67-14.33-32-32-32z\"><\/path><\/svg>\t\t\t\t\t\t<svg aria-hidden=\"true\" class=\"e-font-icon-svg e-fas-project-diagram\" viewBox=\"0 0 640 512\" xmlns=\"http:\/\/www.w3.org\/2000\/svg\"><path d=\"M384 320H256c-17.67 0-32 14.33-32 32v128c0 17.67 14.33 32 32 32h128c17.67 0 32-14.33 32-32V352c0-17.67-14.33-32-32-32zM192 32c0-17.67-14.33-32-32-32H32C14.33 0 0 14.33 0 32v128c0 17.67 14.33 32 32 32h95.72l73.16 128.04C211.98 300.98 232.4 288 256 288h.28L192 175.51V128h224V64H192V32zM608 0H480c-17.67 0-32 14.33-32 32v128c0 17.67 14.33 32 32 32h128c17.67 0 32-14.33 32-32V32c0-17.67-14.33-32-32-32z\"><\/path><\/svg>\t\t\t\t\t<\/em>\t\r\n\t\t\t\t\t\t\t\t<\/span>\r\n\t\t\t<\/a>\r\n\t\t<\/div>\r\n\t\t<\/div>\n\t\t\t\t<\/div>\n\t\t\t\t\t<\/div>\n\t\t\t\t<\/div>\n\t\t\r\n\t\t<div class=\"default no-position show_shadow rs-sticky-default elementor-element elementor-element-0a73e46 e-flex e-con-boxed e-con e-parent\" data-id=\"0a73e46\" data-element_type=\"container\">\n\t\t\t\t\t<div class=\"e-con-inner\">\n\t\t\r\n\t\t\t\t<div class=\"elementor-element elementor-element-fbd075d elementor-widget elementor-widget-spacer\" data-id=\"fbd075d\" data-element_type=\"widget\" data-widget_type=\"spacer.default\">\n\t\t\t\t<div class=\"elementor-widget-container\">\n\t\t\t\t\t<div class=\"elementor-spacer\">\n\t\t\t<div class=\"elementor-spacer-inner\"><\/div>\n\t\t<\/div>\n\t\t\t\t<\/div>\n\t\t\t\t<\/div>\n\t\t\t\t\t<\/div>\n\t\t\t\t<\/div>\n\t\t\r\n\t\t<div class=\"default no-position show_shadow rs-sticky-default elementor-element elementor-element-b203596 e-flex e-con-boxed e-con e-parent\" data-id=\"b203596\" data-element_type=\"container\">\n\t\t\t\t\t<div class=\"e-con-inner\">\n\t\t\r\n\t\t\t\t<div class=\"elementor-element elementor-element-9a02988 elementor-widget elementor-widget-spacer\" data-id=\"9a02988\" data-element_type=\"widget\" data-widget_type=\"spacer.default\">\n\t\t\t\t<div class=\"elementor-widget-container\">\n\t\t\t\t\t<div class=\"elementor-spacer\">\n\t\t\t<div class=\"elementor-spacer-inner\"><\/div>\n\t\t<\/div>\n\t\t\t\t<\/div>\n\t\t\t\t<\/div>\n\t\t\t\t\t<\/div>\n\t\t\t\t<\/div>\n\t\t\t\t<\/div>\n\t\t","protected":false},"excerpt":{"rendered":"<p>Test \u0130\u015flemleri T\u00fcm transformat\u00f6rlerimiz uluslararas\u0131 akredite test labaratuarlar\u0131m\u0131zda IEC 60076 standartlar\u0131na g\u00f6re test edilmekte. Bak\u0131m el kitab\u0131, test raporu, teknik resim ve gerekli t\u00fcm belgelendirme ile teslim edilmektedir. Gerekli t\u00fcm kalibrasyonlara sahip test ekipmanlar\u0131m\u0131z bulunmaktad\u0131r. \u0130stisnas\u0131z t\u00fcm gerekli ara testler ve rutin testler, m\u00fc\u015fterilerimizin talep etti\u011fi garanti de\u011ferlere uygun olarak laboratuvar\u0131m\u0131zda ger\u00e7ekle\u015ftirilmektedir. Rutin testlerin olumlu&#8230;<\/p>\n","protected":false},"author":1,"featured_media":0,"parent":0,"menu_order":0,"comment_status":"closed","ping_status":"closed","template":"elementor_header_footer","meta":{"footnotes":""},"class_list":["post-32323","page","type-page","status-publish","hentry"],"yoast_head":"<!-- This site is optimized with the Yoast SEO plugin v23.9 - https:\/\/yoast.com\/wordpress\/plugins\/seo\/ -->\n<title>Testler - STD Transformer<\/title>\n<meta name=\"robots\" content=\"index, follow, max-snippet:-1, max-image-preview:large, max-video-preview:-1\" \/>\n<link rel=\"canonical\" href=\"https:\/\/stdtransformer.com\/tr\/testler\/\" \/>\n<meta property=\"og:locale\" content=\"tr_TR\" \/>\n<meta property=\"og:type\" content=\"article\" \/>\n<meta property=\"og:title\" content=\"Testler - STD Transformer\" \/>\n<meta property=\"og:description\" content=\"Test \u0130\u015flemleri T\u00fcm transformat\u00f6rlerimiz uluslararas\u0131 akredite test labaratuarlar\u0131m\u0131zda IEC 60076 standartlar\u0131na g\u00f6re test edilmekte. Bak\u0131m el kitab\u0131, test raporu, teknik resim ve gerekli t\u00fcm belgelendirme ile teslim edilmektedir. Gerekli t\u00fcm kalibrasyonlara sahip test ekipmanlar\u0131m\u0131z bulunmaktad\u0131r. \u0130stisnas\u0131z t\u00fcm gerekli ara testler ve rutin testler, m\u00fc\u015fterilerimizin talep etti\u011fi garanti de\u011ferlere uygun olarak laboratuvar\u0131m\u0131zda ger\u00e7ekle\u015ftirilmektedir. Rutin testlerin olumlu...\" \/>\n<meta property=\"og:url\" content=\"https:\/\/stdtransformer.com\/tr\/testler\/\" \/>\n<meta property=\"og:site_name\" content=\"STD Transformer\" \/>\n<meta property=\"article:publisher\" content=\"https:\/\/www.facebook.com\/stdtransformator\" \/>\n<meta property=\"article:modified_time\" content=\"2026-02-25T12:39:45+00:00\" \/>\n<meta name=\"twitter:card\" content=\"summary_large_image\" \/>\n<meta name=\"twitter:label1\" content=\"Tahmini okuma s\u00fcresi\" \/>\n\t<meta name=\"twitter:data1\" content=\"2 dakika\" \/>\n<script type=\"application\/ld+json\" class=\"yoast-schema-graph\">{\"@context\":\"https:\/\/schema.org\",\"@graph\":[{\"@type\":\"WebPage\",\"@id\":\"https:\/\/stdtransformer.com\/tr\/testler\/\",\"url\":\"https:\/\/stdtransformer.com\/tr\/testler\/\",\"name\":\"Testler - STD Transformer\",\"isPartOf\":{\"@id\":\"https:\/\/stdtransformer.com\/tr\/#website\"},\"datePublished\":\"2025-01-15T10:23:22+00:00\",\"dateModified\":\"2026-02-25T12:39:45+00:00\",\"breadcrumb\":{\"@id\":\"https:\/\/stdtransformer.com\/tr\/testler\/#breadcrumb\"},\"inLanguage\":\"tr\",\"potentialAction\":[{\"@type\":\"ReadAction\",\"target\":[\"https:\/\/stdtransformer.com\/tr\/testler\/\"]}]},{\"@type\":\"BreadcrumbList\",\"@id\":\"https:\/\/stdtransformer.com\/tr\/testler\/#breadcrumb\",\"itemListElement\":[{\"@type\":\"ListItem\",\"position\":1,\"name\":\"Anasayfa\",\"item\":\"https:\/\/stdtransformer.com\/tr\/\"},{\"@type\":\"ListItem\",\"position\":2,\"name\":\"Testler\"}]},{\"@type\":\"WebSite\",\"@id\":\"https:\/\/stdtransformer.com\/tr\/#website\",\"url\":\"https:\/\/stdtransformer.com\/tr\/\",\"name\":\"STD Transformer\",\"description\":\"\",\"publisher\":{\"@id\":\"https:\/\/stdtransformer.com\/tr\/#organization\"},\"potentialAction\":[{\"@type\":\"SearchAction\",\"target\":{\"@type\":\"EntryPoint\",\"urlTemplate\":\"https:\/\/stdtransformer.com\/tr\/?s={search_term_string}\"},\"query-input\":{\"@type\":\"PropertyValueSpecification\",\"valueRequired\":true,\"valueName\":\"search_term_string\"}}],\"inLanguage\":\"tr\"},{\"@type\":\"Organization\",\"@id\":\"https:\/\/stdtransformer.com\/tr\/#organization\",\"name\":\"STD Transformer\",\"url\":\"https:\/\/stdtransformer.com\/tr\/\",\"logo\":{\"@type\":\"ImageObject\",\"inLanguage\":\"tr\",\"@id\":\"https:\/\/stdtransformer.com\/tr\/#\/schema\/logo\/image\/\",\"url\":\"https:\/\/stdtransformer.com\/tr\/wp-content\/uploads\/2024\/11\/std-logo-kirmizi-siyah.svg\",\"contentUrl\":\"https:\/\/stdtransformer.com\/tr\/wp-content\/uploads\/2024\/11\/std-logo-kirmizi-siyah.svg\",\"width\":370,\"height\":160,\"caption\":\"STD Transformer\"},\"image\":{\"@id\":\"https:\/\/stdtransformer.com\/tr\/#\/schema\/logo\/image\/\"},\"sameAs\":[\"https:\/\/www.facebook.com\/stdtransformator\",\"https:\/\/www.instagram.com\/transformerstd\/\",\"https:\/\/www.linkedin.com\/company\/std-transformer\",\"https:\/\/www.youtube.com\/@stdtransformer1196\"]}]}<\/script>\n<!-- \/ Yoast SEO plugin. -->","yoast_head_json":{"title":"Testler - STD Transformer","robots":{"index":"index","follow":"follow","max-snippet":"max-snippet:-1","max-image-preview":"max-image-preview:large","max-video-preview":"max-video-preview:-1"},"canonical":"https:\/\/stdtransformer.com\/tr\/testler\/","og_locale":"tr_TR","og_type":"article","og_title":"Testler - STD Transformer","og_description":"Test \u0130\u015flemleri T\u00fcm transformat\u00f6rlerimiz uluslararas\u0131 akredite test labaratuarlar\u0131m\u0131zda IEC 60076 standartlar\u0131na g\u00f6re test edilmekte. Bak\u0131m el kitab\u0131, test raporu, teknik resim ve gerekli t\u00fcm belgelendirme ile teslim edilmektedir. Gerekli t\u00fcm kalibrasyonlara sahip test ekipmanlar\u0131m\u0131z bulunmaktad\u0131r. \u0130stisnas\u0131z t\u00fcm gerekli ara testler ve rutin testler, m\u00fc\u015fterilerimizin talep etti\u011fi garanti de\u011ferlere uygun olarak laboratuvar\u0131m\u0131zda ger\u00e7ekle\u015ftirilmektedir. Rutin testlerin olumlu...","og_url":"https:\/\/stdtransformer.com\/tr\/testler\/","og_site_name":"STD Transformer","article_publisher":"https:\/\/www.facebook.com\/stdtransformator","article_modified_time":"2026-02-25T12:39:45+00:00","twitter_card":"summary_large_image","twitter_misc":{"Tahmini okuma s\u00fcresi":"2 dakika"},"schema":{"@context":"https:\/\/schema.org","@graph":[{"@type":"WebPage","@id":"https:\/\/stdtransformer.com\/tr\/testler\/","url":"https:\/\/stdtransformer.com\/tr\/testler\/","name":"Testler - STD Transformer","isPartOf":{"@id":"https:\/\/stdtransformer.com\/tr\/#website"},"datePublished":"2025-01-15T10:23:22+00:00","dateModified":"2026-02-25T12:39:45+00:00","breadcrumb":{"@id":"https:\/\/stdtransformer.com\/tr\/testler\/#breadcrumb"},"inLanguage":"tr","potentialAction":[{"@type":"ReadAction","target":["https:\/\/stdtransformer.com\/tr\/testler\/"]}]},{"@type":"BreadcrumbList","@id":"https:\/\/stdtransformer.com\/tr\/testler\/#breadcrumb","itemListElement":[{"@type":"ListItem","position":1,"name":"Anasayfa","item":"https:\/\/stdtransformer.com\/tr\/"},{"@type":"ListItem","position":2,"name":"Testler"}]},{"@type":"WebSite","@id":"https:\/\/stdtransformer.com\/tr\/#website","url":"https:\/\/stdtransformer.com\/tr\/","name":"STD Transformer","description":"","publisher":{"@id":"https:\/\/stdtransformer.com\/tr\/#organization"},"potentialAction":[{"@type":"SearchAction","target":{"@type":"EntryPoint","urlTemplate":"https:\/\/stdtransformer.com\/tr\/?s={search_term_string}"},"query-input":{"@type":"PropertyValueSpecification","valueRequired":true,"valueName":"search_term_string"}}],"inLanguage":"tr"},{"@type":"Organization","@id":"https:\/\/stdtransformer.com\/tr\/#organization","name":"STD Transformer","url":"https:\/\/stdtransformer.com\/tr\/","logo":{"@type":"ImageObject","inLanguage":"tr","@id":"https:\/\/stdtransformer.com\/tr\/#\/schema\/logo\/image\/","url":"https:\/\/stdtransformer.com\/tr\/wp-content\/uploads\/2024\/11\/std-logo-kirmizi-siyah.svg","contentUrl":"https:\/\/stdtransformer.com\/tr\/wp-content\/uploads\/2024\/11\/std-logo-kirmizi-siyah.svg","width":370,"height":160,"caption":"STD Transformer"},"image":{"@id":"https:\/\/stdtransformer.com\/tr\/#\/schema\/logo\/image\/"},"sameAs":["https:\/\/www.facebook.com\/stdtransformator","https:\/\/www.instagram.com\/transformerstd\/","https:\/\/www.linkedin.com\/company\/std-transformer","https:\/\/www.youtube.com\/@stdtransformer1196"]}]}},"_links":{"self":[{"href":"https:\/\/stdtransformer.com\/tr\/wp-json\/wp\/v2\/pages\/32323","targetHints":{"allow":["GET"]}}],"collection":[{"href":"https:\/\/stdtransformer.com\/tr\/wp-json\/wp\/v2\/pages"}],"about":[{"href":"https:\/\/stdtransformer.com\/tr\/wp-json\/wp\/v2\/types\/page"}],"author":[{"embeddable":true,"href":"https:\/\/stdtransformer.com\/tr\/wp-json\/wp\/v2\/users\/1"}],"replies":[{"embeddable":true,"href":"https:\/\/stdtransformer.com\/tr\/wp-json\/wp\/v2\/comments?post=32323"}],"version-history":[{"count":28,"href":"https:\/\/stdtransformer.com\/tr\/wp-json\/wp\/v2\/pages\/32323\/revisions"}],"predecessor-version":[{"id":33243,"href":"https:\/\/stdtransformer.com\/tr\/wp-json\/wp\/v2\/pages\/32323\/revisions\/33243"}],"wp:attachment":[{"href":"https:\/\/stdtransformer.com\/tr\/wp-json\/wp\/v2\/media?parent=32323"}],"curies":[{"name":"wp","href":"https:\/\/api.w.org\/{rel}","templated":true}]}}