{"id":32288,"date":"2025-01-15T08:06:14","date_gmt":"2025-01-15T08:06:14","guid":{"rendered":"https:\/\/stdtransformer.com\/tr\/?page_id=32288"},"modified":"2025-01-21T14:21:50","modified_gmt":"2025-01-21T14:21:50","slug":"ar-ge","status":"publish","type":"page","link":"https:\/\/stdtransformer.com\/tr\/ar-ge\/","title":{"rendered":"Ar-Ge"},"content":{"rendered":"\t\t<div data-elementor-type=\"wp-page\" data-elementor-id=\"32288\" class=\"elementor elementor-32288\">\n\t\t\t\t\r\n\t\t<div class=\"default no-position show_shadow rs-sticky-default elementor-element elementor-element-dc06d7f e-flex e-con-boxed e-con e-parent\" data-id=\"dc06d7f\" data-element_type=\"container\">\n\t\t\t\t\t<div class=\"e-con-inner\">\n\t\t\r\n\t\t\t\t<div class=\"elementor-element elementor-element-56f3291 elementor-widget elementor-widget-spacer\" data-id=\"56f3291\" data-element_type=\"widget\" data-widget_type=\"spacer.default\">\n\t\t\t\t<div class=\"elementor-widget-container\">\n\t\t\t\t\t<div class=\"elementor-spacer\">\n\t\t\t<div class=\"elementor-spacer-inner\"><\/div>\n\t\t<\/div>\n\t\t\t\t<\/div>\n\t\t\t\t<\/div>\n\t\t\t\t\t<\/div>\n\t\t\t\t<\/div>\n\t\t\r\n\t\t<div class=\"default no-position show_shadow rs-sticky-default elementor-element elementor-element-60a256a e-flex e-con-boxed e-con e-parent\" data-id=\"60a256a\" data-element_type=\"container\">\n\t\t\t\t\t<div class=\"e-con-inner\">\n\t\t\r\n\t\t<div class=\"default no-position show_shadow rs-sticky-default elementor-element elementor-element-4ec995d e-con-full e-flex e-con e-child\" data-id=\"4ec995d\" data-element_type=\"container\">\n\t\t\r\n\t\t\t\t<div class=\"elementor-element elementor-element-1354086 elementor-widget elementor-widget-rs-heading\" data-id=\"1354086\" data-element_type=\"widget\" data-widget_type=\"rs-heading.default\">\n\t\t\t\t<div class=\"elementor-widget-container\">\n\t\t\t\n\t\t<div class=\"prelements-heading default  \">\n\t\t\t<div class=\"title-inner\">\n\t\t\t\t<h4 class=\"title rs-split-text-disable \">T\u00dcB\u0130TAK Projeleri<\/h4>\n\t\t\t<\/div>\n\t\t\t\t\t<\/div>\n\t\t<\/div>\n\t\t\t\t<\/div>\n\t\t\t\t<\/div>\n\t\t\t\t\t<\/div>\n\t\t\t\t<\/div>\n\t\t\r\n\t\t<div class=\"default no-position show_shadow rs-sticky-default elementor-element elementor-element-f520e0b e-flex e-con-boxed e-con e-parent\" data-id=\"f520e0b\" data-element_type=\"container\">\n\t\t\t\t\t<div class=\"e-con-inner\">\n\t\t\r\n\t\t\t\t<div class=\"elementor-element elementor-element-f477844 elementor-widget elementor-widget-rs-heading\" data-id=\"f477844\" data-element_type=\"widget\" data-widget_type=\"rs-heading.default\">\n\t\t\t\t<div class=\"elementor-widget-container\">\n\t\t\t\n\t\t<div class=\"prelements-heading default  \">\n\t\t\t<div class=\"title-inner\">\n\t\t\t\t<h6 class=\"title rs-split-text-disable \">1507 KOB\u0130 Ar-Ge Ba\u015flang\u0131\u00e7 Destek Program\u0131<\/h6>\n\t\t\t<\/div>\n\t\t\t\t\t<\/div>\n\t\t<\/div>\n\t\t\t\t<\/div>\n\t\t\r\n\t\t\t\t<div class=\"elementor-element elementor-element-2918340 elementor-widget elementor-widget-text-editor\" data-id=\"2918340\" data-element_type=\"widget\" data-widget_type=\"text-editor.default\">\n\t\t\t\t<div class=\"elementor-widget-container\">\n\t\t\t\t\t\t\t<p><strong>Proje Ad\u0131 :<\/strong> \u00c7\u0130FT GER\u0130L\u0130ML\u0130, GER\u0130L\u0130M KADEME AYARLI \u015e\u00d6NT REAKT\u00d6R\u00dc \u00dcRET\u0130LMES\u0130 (T\u00dcRK\u0130YE&#8217;DE \u0130LK DEFA) (2016-2017)<\/p><p><strong>PROJE \u00d6ZET\u0130: <\/strong>\u015e\u00f6nt reakt\u00f6rler (end\u00fcktif y\u00fck reakt\u00f6r\u00fc) genellikle uzun ve az y\u00fckl\u00fc iletim hat ve kablolarda kapasitif reaktif enerjinin kompanze edilmesinde<br \/>kullan\u0131l\u0131rlar ve b\u00f6ylelikle sisteme daha fazla aktif g\u00fc\u00e7 ak\u0131\u015f\u0131 sa\u011flan\u0131r. Firmam\u0131z proje ile birlikte enerji sisteminin, sisteme ba\u011fl\u0131 bulunan ara\u00e7-gere\u00e7<br \/>ve makinelerin verimini ve \u00f6mr\u00fcn\u00fc art\u0131rmas\u0131 gibi \u00e7e\u015fitli avantajlar sunan \u015f\u00f6nt reakt\u00f6r geli\u015ftirilmesini hedeflemektedir.<\/p><p><strong>Proje Amac\u0131:<\/strong> Firmam\u0131z proje ile birlikte hat kapasiteleri taraf\u0131ndan olu\u015fturulan a\u015f\u0131r\u0131 gerilimleri (Ferranti Etkisi) ve reaktif g\u00fcc\u00fc kompanze eden ind\u00fcktif y\u00fckler olarak tan\u0131mlanan, \u015f\u00f6nt reakt\u00f6r\u00fcn\u00fc geli\u015ftirmeyi ve ticarile\u015ftirmeyi ama\u00e7lamaktad\u0131r. Enerji da\u011f\u0131t\u0131m firmalar\u0131n\u0131n ihtiya\u00e7 duydu\u011fu g\u00fc\u00e7 ve gerilim aral\u0131klar\u0131nda \u00fcretim yapan \u00fcretici say\u0131s\u0131 olduk\u00e7a s\u0131n\u0131rl\u0131d\u0131r. Firmam\u0131z\u0131n, pazara d\u00e2hil olmas\u0131 ile birlikte yurt d\u0131\u015f\u0131ndaki \u015f\u00f6nt reakt\u00f6r pazar\u0131nda rekabet ortam\u0131 olu\u015facak ve sat\u0131\u015f fiyatlar\u0131nda iyile\u015ftirme ka\u00e7\u0131n\u0131lmaz olacakt\u0131r. Firmam\u0131z\u0131n projedeki temel hedefi mevcut tek gerilim seviyesine sahip \u015f\u00f6nt reakt\u00f6r yerine \u00e7ift gerilim seviyesine sahip sarg\u0131l\u0131 ve gerilim kademe ayarl\u0131 reakt\u00f6r geli\u015ftirmektir.<\/p><p><strong>Projenin yenilik\u00e7i y\u00f6nleri:<\/strong> \u015e\u00f6nt reakt\u00f6rler end\u00fcktif etki olu\u015fturan cihazlard\u0131r. Bu nedenle `end\u00fcktif y\u00fck reakt\u00f6r\u00fc? olarak da adland\u0131r\u0131l\u0131rlar ve kapasitif reaktif enerjinin y\u00fcksek oldu\u011fu sistemlerde dengeleme (kompanze) yapmak amac\u0131yla kullan\u0131l\u0131rlar. \u015e\u00f6nt reakt\u00f6rler \u015febekede kullan\u0131ld\u0131klar\u0131 yere ba\u011fl\u0131 olarak farkl\u0131 g\u00fc\u00e7 ve gerilimlerde \u00fcretilebilmektedir. Ayr\u0131ca \u015f\u00f6nt reakt\u00f6rleri y\u00fckte veya bo\u015fta kademe de\u011fi\u015ftiriciler vas\u0131tas\u0131yla birden fazla g\u00fc\u00e7 veya gerilim kademesine sahip olacak \u015fekilde \u00fcretmek m\u00fcmk\u00fcnd\u00fcr. Firmam\u0131z Ar-Ge \u00e7al\u0131\u015fmas\u0131n\u0131 y\u00fcr\u00fct\u00fcrken hem ithal hem de yerli \u00fcr\u00fcnlere g\u00f6re \u00f6nemli avantajlar sunan \u00e7ift gerilimli, gerilim kademe ayarl\u0131 \u015f\u00f6nt reakt\u00f6r\u00fc geli\u015ftirmeyi hedeflemektedir.<\/p>\t\t\t\t\t\t<\/div>\n\t\t\t\t<\/div>\n\t\t\r\n\t\t\t\t<div class=\"elementor-element elementor-element-5e9cfa0 elementor-widget elementor-widget-rs-heading\" data-id=\"5e9cfa0\" data-element_type=\"widget\" data-widget_type=\"rs-heading.default\">\n\t\t\t\t<div class=\"elementor-widget-container\">\n\t\t\t\n\t\t<div class=\"prelements-heading default  \">\n\t\t\t<div class=\"title-inner\">\n\t\t\t\t<h6 class=\"title rs-split-text-disable \">1501 Sanayi Ar-Ge Projeleri Destekleme Program\u0131<\/h6>\n\t\t\t<\/div>\n\t\t\t\t\t<\/div>\n\t\t<\/div>\n\t\t\t\t<\/div>\n\t\t\r\n\t\t\t\t<div class=\"elementor-element elementor-element-e6b6004 elementor-widget elementor-widget-text-editor\" data-id=\"e6b6004\" data-element_type=\"widget\" data-widget_type=\"text-editor.default\">\n\t\t\t\t<div class=\"elementor-widget-container\">\n\t\t\t\t\t\t\t<p><strong>Proje Ad\u0131 :<\/strong> UZAKTAN \u0130ZLEME VE KONTROLL\u00dc, ECODESIGN, Y\u00dcK ALTINDA KADEME DE\u011e\u0130\u015eT\u0130R\u0130C\u0130L\u0130 15 MVA &#8211; 33\/11 KV G\u00dc\u00c7 TRANSFORMAT\u00d6R\u00dc TASARIMI VE PROTOT\u0130P \u0130MALATI (2018-2019)<\/p><p><strong>PROJE \u00d6ZET\u0130:<\/strong>Projemizde uzaktan izlemeli 15 MVA 33 kV\/ 11 kV y\u00fck alt\u0131nda kademe de\u011fi\u015ftiricili ekodizayn g\u00fc\u00e7 transformat\u00f6r\u00fc tasar\u0131m\u0131 ve imalat\u0131 yap\u0131lacakt\u0131r. Firmam\u0131z da\u011f\u0131t\u0131m trafolar\u0131 \u00fczerinde \u00f6nemli tecr\u00fcbeye sahip olmakla birlikte, g\u00fc\u00e7 transformat\u00f6rleri \u00fcretimi bulunmamaktad\u0131r. Proje \u00e7\u0131kt\u0131s\u0131 g\u00fc\u00e7 transformat\u00f6r\u00fc g\u00fc\u00e7 de\u011feri y\u00f6n\u00fcnden firmam\u0131z\u0131n ilk \u00fcr\u00fcn\u00fc olacak olup, bu g\u00fc\u00e7 de\u011feri ile firmam\u0131z\u0131n orta g\u00fc\u00e7 de\u011feri tasar\u0131mlar\u0131 i\u00e7in \u00f6nemli bir ad\u0131m<br \/>olu\u015fturacakt\u0131r.<\/p><p><strong>Proje Amac\u0131:<\/strong> Projede uzaktan izlemeli ve denetimli 15 MVA 33 kV\/ 11 kV y\u00fck alt\u0131nda kademe de\u011fi\u015ftiricili transformat\u00f6r tasar\u0131m\u0131 ve imalat\u0131n\u0131n yap\u0131lmas\u0131 hedeflenmi\u015ftir. Belirtilen de\u011ferlerde yurti\u00e7i transformat\u00f6r \u00fcretimi yap\u0131lmakla birlikte, uzaktan izleme ve denetleme \u00f6zelliklerine sahip ekodizayn bir transformat\u00f6r \u00fcretimi bulunmamaktad\u0131r. Belirtilen \u00f6zelliklere sahip bir transformat\u00f6r projesi, \u00fclkemizde daha \u00f6nce yap\u0131lmad\u0131\u011f\u0131 i\u00e7in ulusal alanda bir ilki ger\u00e7ekle\u015ftirmek ama\u00e7lanmaktad\u0131r.<\/p>\t\t\t\t\t\t<\/div>\n\t\t\t\t<\/div>\n\t\t\r\n\t\t\t\t<div class=\"elementor-element elementor-element-d019371 elementor-widget elementor-widget-rs-heading\" data-id=\"d019371\" data-element_type=\"widget\" data-widget_type=\"rs-heading.default\">\n\t\t\t\t<div class=\"elementor-widget-container\">\n\t\t\t\n\t\t<div class=\"prelements-heading default  \">\n\t\t\t<div class=\"title-inner\">\n\t\t\t\t<h6 class=\"title rs-split-text-disable \">1831 \u00c7\u00f6z\u00fcm Orta\u011f\u0131 Destekleri<\/h6>\n\t\t\t<\/div>\n\t\t\t\t\t<\/div>\n\t\t<\/div>\n\t\t\t\t<\/div>\n\t\t\r\n\t\t\t\t<div class=\"elementor-element elementor-element-fd63c22 elementor-widget elementor-widget-text-editor\" data-id=\"fd63c22\" data-element_type=\"widget\" data-widget_type=\"text-editor.default\">\n\t\t\t\t<div class=\"elementor-widget-container\">\n\t\t\t\t\t\t\t<p><strong>Proje Ad\u0131 :<\/strong> END\u00dcSTR\u0130YEL KARBON AYAK \u0130Z\u0130N\u0130 AZALTMAK \u0130\u00c7\u0130N STRATEJ\u0130LER VE UYGULAMA Y\u00d6NTEMLER\u0130 GEL\u0130\u015eT\u0130R\u0130LMES\u0130 (2024-2025)<\/p><p><strong>PROJE \u00d6ZET\u0130:<\/strong>Bu projemizde, \u00fcretim sekt\u00f6r\u00fcnde yer alan firmam\u0131z\u0131n \u00e7evresel etkilerini azaltmaya y\u00f6nelik somut ad\u0131mlar at\u0131lmas\u0131n\u0131 hedeflemekteyiz. Bu sebeple projemiz kapsam\u0131nda \u00e7\u00f6z\u00fcm orta\u011f\u0131ndan alaca\u011f\u0131m\u0131z ment\u00f6rl\u00fck hizmeti ile \u00fcretim s\u00fcre\u00e7lerimizdeki karbon ayak izini hesaplamay\u0131 ve bu etkileri azaltmak i\u00e7in stratejiler geli\u015ftirmeyi ama\u00e7lamaktay\u0131z.<\/p><p><strong>Proje Amac\u0131:<\/strong> End\u00fcstriyel Karbon Ayak \u0130zini Azaltmak \u0130\u00e7in Stratejiler ve Uygulama Y\u00f6ntemleri Geli\u015ftirilmesi adl\u0131 projemizin genel amac\u0131, end\u00fcstriyel faaliyetlerimizin karbon sal\u0131n\u0131mlar\u0131n\u0131 azaltmak i\u00e7in inovatif stratejiler ve uygulama y\u00f6ntemleri geli\u015ftirmektir. Bu projemizde, \u00fcretim s\u00fcre\u00e7lerimizin \u00e7evresel etkilerini minimuma indirerek, s\u00fcrd\u00fcr\u00fclebilir \u00fcretim modellerinin te\u015fvik edilmesi ve i\u015fletmemizin ye\u015fil d\u00f6n\u00fc\u015f\u00fcme uyum sa\u011flamas\u0131 hedeflenmektedir. Ayn\u0131 zamanda, enerji verimlili\u011fimizi art\u0131rarak, kaynak kullan\u0131m\u0131n\u0131 optimize etmek ve karbon ayak izini \u00f6l\u00e7erek, raporlama s\u00fcre\u00e7lerini iyile\u015ftirerek \u00e7evresel s\u00fcrd\u00fcr\u00fclebilirlik sa\u011flanmas\u0131 ama\u00e7lanmaktad\u0131r.<\/p>\t\t\t\t\t\t<\/div>\n\t\t\t\t<\/div>\n\t\t\t\t\t<\/div>\n\t\t\t\t<\/div>\n\t\t\r\n\t\t<div class=\"default no-position show_shadow rs-sticky-default elementor-element elementor-element-50366a7 e-flex e-con-boxed e-con e-parent\" data-id=\"50366a7\" data-element_type=\"container\">\n\t\t\t\t\t<div class=\"e-con-inner\">\n\t\t\r\n\t\t\t\t<div class=\"elementor-element elementor-element-67c0ade elementor-widget elementor-widget-spacer\" data-id=\"67c0ade\" data-element_type=\"widget\" data-widget_type=\"spacer.default\">\n\t\t\t\t<div class=\"elementor-widget-container\">\n\t\t\t\t\t<div class=\"elementor-spacer\">\n\t\t\t<div class=\"elementor-spacer-inner\"><\/div>\n\t\t<\/div>\n\t\t\t\t<\/div>\n\t\t\t\t<\/div>\n\t\t\t\t\t<\/div>\n\t\t\t\t<\/div>\n\t\t\t\t<\/div>\n\t\t","protected":false},"excerpt":{"rendered":"<p>T\u00dcB\u0130TAK Projeleri 1507 KOB\u0130 Ar-Ge Ba\u015flang\u0131\u00e7 Destek Program\u0131 Proje Ad\u0131 : \u00c7\u0130FT GER\u0130L\u0130ML\u0130, GER\u0130L\u0130M KADEME AYARLI \u015e\u00d6NT REAKT\u00d6R\u00dc \u00dcRET\u0130LMES\u0130 (T\u00dcRK\u0130YE&#8217;DE \u0130LK DEFA) (2016-2017) PROJE \u00d6ZET\u0130: \u015e\u00f6nt reakt\u00f6rler (end\u00fcktif y\u00fck reakt\u00f6r\u00fc) genellikle uzun ve az y\u00fckl\u00fc iletim hat ve kablolarda kapasitif reaktif enerjinin kompanze edilmesindekullan\u0131l\u0131rlar ve b\u00f6ylelikle sisteme daha fazla aktif g\u00fc\u00e7 ak\u0131\u015f\u0131 sa\u011flan\u0131r. Firmam\u0131z proje&#8230;<\/p>\n","protected":false},"author":1,"featured_media":0,"parent":0,"menu_order":0,"comment_status":"closed","ping_status":"closed","template":"elementor_header_footer","meta":{"footnotes":""},"class_list":["post-32288","page","type-page","status-publish","hentry"],"yoast_head":"<!-- This site is optimized with the Yoast SEO plugin v23.9 - https:\/\/yoast.com\/wordpress\/plugins\/seo\/ -->\n<title>Ar-Ge - STD Transformer<\/title>\n<meta name=\"robots\" content=\"index, follow, max-snippet:-1, max-image-preview:large, max-video-preview:-1\" \/>\n<link rel=\"canonical\" href=\"https:\/\/stdtransformer.com\/tr\/ar-ge\/\" \/>\n<meta property=\"og:locale\" content=\"tr_TR\" \/>\n<meta property=\"og:type\" content=\"article\" \/>\n<meta property=\"og:title\" content=\"Ar-Ge - STD Transformer\" \/>\n<meta property=\"og:description\" content=\"T\u00dcB\u0130TAK Projeleri 1507 KOB\u0130 Ar-Ge Ba\u015flang\u0131\u00e7 Destek Program\u0131 Proje Ad\u0131 : \u00c7\u0130FT GER\u0130L\u0130ML\u0130, GER\u0130L\u0130M KADEME AYARLI \u015e\u00d6NT REAKT\u00d6R\u00dc \u00dcRET\u0130LMES\u0130 (T\u00dcRK\u0130YE&#8217;DE \u0130LK DEFA) (2016-2017) PROJE \u00d6ZET\u0130: \u015e\u00f6nt reakt\u00f6rler (end\u00fcktif y\u00fck reakt\u00f6r\u00fc) genellikle uzun ve az y\u00fckl\u00fc iletim hat ve kablolarda kapasitif reaktif enerjinin kompanze edilmesindekullan\u0131l\u0131rlar ve b\u00f6ylelikle sisteme daha fazla aktif g\u00fc\u00e7 ak\u0131\u015f\u0131 sa\u011flan\u0131r. Firmam\u0131z proje...\" \/>\n<meta property=\"og:url\" content=\"https:\/\/stdtransformer.com\/tr\/ar-ge\/\" \/>\n<meta property=\"og:site_name\" content=\"STD Transformer\" \/>\n<meta property=\"article:publisher\" content=\"https:\/\/www.facebook.com\/stdtransformator\" \/>\n<meta property=\"article:modified_time\" content=\"2025-01-21T14:21:50+00:00\" \/>\n<meta name=\"twitter:card\" content=\"summary_large_image\" \/>\n<meta name=\"twitter:label1\" content=\"Tahmini okuma s\u00fcresi\" \/>\n\t<meta name=\"twitter:data1\" content=\"4 dakika\" \/>\n<script type=\"application\/ld+json\" class=\"yoast-schema-graph\">{\"@context\":\"https:\/\/schema.org\",\"@graph\":[{\"@type\":\"WebPage\",\"@id\":\"https:\/\/stdtransformer.com\/tr\/ar-ge\/\",\"url\":\"https:\/\/stdtransformer.com\/tr\/ar-ge\/\",\"name\":\"Ar-Ge - STD Transformer\",\"isPartOf\":{\"@id\":\"https:\/\/stdtransformer.com\/tr\/#website\"},\"datePublished\":\"2025-01-15T08:06:14+00:00\",\"dateModified\":\"2025-01-21T14:21:50+00:00\",\"breadcrumb\":{\"@id\":\"https:\/\/stdtransformer.com\/tr\/ar-ge\/#breadcrumb\"},\"inLanguage\":\"tr\",\"potentialAction\":[{\"@type\":\"ReadAction\",\"target\":[\"https:\/\/stdtransformer.com\/tr\/ar-ge\/\"]}]},{\"@type\":\"BreadcrumbList\",\"@id\":\"https:\/\/stdtransformer.com\/tr\/ar-ge\/#breadcrumb\",\"itemListElement\":[{\"@type\":\"ListItem\",\"position\":1,\"name\":\"Anasayfa\",\"item\":\"https:\/\/stdtransformer.com\/tr\/\"},{\"@type\":\"ListItem\",\"position\":2,\"name\":\"Ar-Ge\"}]},{\"@type\":\"WebSite\",\"@id\":\"https:\/\/stdtransformer.com\/tr\/#website\",\"url\":\"https:\/\/stdtransformer.com\/tr\/\",\"name\":\"STD Transformer\",\"description\":\"\",\"publisher\":{\"@id\":\"https:\/\/stdtransformer.com\/tr\/#organization\"},\"potentialAction\":[{\"@type\":\"SearchAction\",\"target\":{\"@type\":\"EntryPoint\",\"urlTemplate\":\"https:\/\/stdtransformer.com\/tr\/?s={search_term_string}\"},\"query-input\":{\"@type\":\"PropertyValueSpecification\",\"valueRequired\":true,\"valueName\":\"search_term_string\"}}],\"inLanguage\":\"tr\"},{\"@type\":\"Organization\",\"@id\":\"https:\/\/stdtransformer.com\/tr\/#organization\",\"name\":\"STD Transformer\",\"url\":\"https:\/\/stdtransformer.com\/tr\/\",\"logo\":{\"@type\":\"ImageObject\",\"inLanguage\":\"tr\",\"@id\":\"https:\/\/stdtransformer.com\/tr\/#\/schema\/logo\/image\/\",\"url\":\"https:\/\/stdtransformer.com\/tr\/wp-content\/uploads\/2024\/11\/std-logo-kirmizi-siyah.svg\",\"contentUrl\":\"https:\/\/stdtransformer.com\/tr\/wp-content\/uploads\/2024\/11\/std-logo-kirmizi-siyah.svg\",\"width\":370,\"height\":160,\"caption\":\"STD Transformer\"},\"image\":{\"@id\":\"https:\/\/stdtransformer.com\/tr\/#\/schema\/logo\/image\/\"},\"sameAs\":[\"https:\/\/www.facebook.com\/stdtransformator\",\"https:\/\/www.instagram.com\/transformerstd\/\",\"https:\/\/www.linkedin.com\/company\/std-transformer\",\"https:\/\/www.youtube.com\/@stdtransformer1196\"]}]}<\/script>\n<!-- \/ Yoast SEO plugin. -->","yoast_head_json":{"title":"Ar-Ge - STD Transformer","robots":{"index":"index","follow":"follow","max-snippet":"max-snippet:-1","max-image-preview":"max-image-preview:large","max-video-preview":"max-video-preview:-1"},"canonical":"https:\/\/stdtransformer.com\/tr\/ar-ge\/","og_locale":"tr_TR","og_type":"article","og_title":"Ar-Ge - STD Transformer","og_description":"T\u00dcB\u0130TAK Projeleri 1507 KOB\u0130 Ar-Ge Ba\u015flang\u0131\u00e7 Destek Program\u0131 Proje Ad\u0131 : \u00c7\u0130FT GER\u0130L\u0130ML\u0130, GER\u0130L\u0130M KADEME AYARLI \u015e\u00d6NT REAKT\u00d6R\u00dc \u00dcRET\u0130LMES\u0130 (T\u00dcRK\u0130YE&#8217;DE \u0130LK DEFA) (2016-2017) PROJE \u00d6ZET\u0130: \u015e\u00f6nt reakt\u00f6rler (end\u00fcktif y\u00fck reakt\u00f6r\u00fc) genellikle uzun ve az y\u00fckl\u00fc iletim hat ve kablolarda kapasitif reaktif enerjinin kompanze edilmesindekullan\u0131l\u0131rlar ve b\u00f6ylelikle sisteme daha fazla aktif g\u00fc\u00e7 ak\u0131\u015f\u0131 sa\u011flan\u0131r. Firmam\u0131z proje...","og_url":"https:\/\/stdtransformer.com\/tr\/ar-ge\/","og_site_name":"STD Transformer","article_publisher":"https:\/\/www.facebook.com\/stdtransformator","article_modified_time":"2025-01-21T14:21:50+00:00","twitter_card":"summary_large_image","twitter_misc":{"Tahmini okuma s\u00fcresi":"4 dakika"},"schema":{"@context":"https:\/\/schema.org","@graph":[{"@type":"WebPage","@id":"https:\/\/stdtransformer.com\/tr\/ar-ge\/","url":"https:\/\/stdtransformer.com\/tr\/ar-ge\/","name":"Ar-Ge - STD Transformer","isPartOf":{"@id":"https:\/\/stdtransformer.com\/tr\/#website"},"datePublished":"2025-01-15T08:06:14+00:00","dateModified":"2025-01-21T14:21:50+00:00","breadcrumb":{"@id":"https:\/\/stdtransformer.com\/tr\/ar-ge\/#breadcrumb"},"inLanguage":"tr","potentialAction":[{"@type":"ReadAction","target":["https:\/\/stdtransformer.com\/tr\/ar-ge\/"]}]},{"@type":"BreadcrumbList","@id":"https:\/\/stdtransformer.com\/tr\/ar-ge\/#breadcrumb","itemListElement":[{"@type":"ListItem","position":1,"name":"Anasayfa","item":"https:\/\/stdtransformer.com\/tr\/"},{"@type":"ListItem","position":2,"name":"Ar-Ge"}]},{"@type":"WebSite","@id":"https:\/\/stdtransformer.com\/tr\/#website","url":"https:\/\/stdtransformer.com\/tr\/","name":"STD Transformer","description":"","publisher":{"@id":"https:\/\/stdtransformer.com\/tr\/#organization"},"potentialAction":[{"@type":"SearchAction","target":{"@type":"EntryPoint","urlTemplate":"https:\/\/stdtransformer.com\/tr\/?s={search_term_string}"},"query-input":{"@type":"PropertyValueSpecification","valueRequired":true,"valueName":"search_term_string"}}],"inLanguage":"tr"},{"@type":"Organization","@id":"https:\/\/stdtransformer.com\/tr\/#organization","name":"STD Transformer","url":"https:\/\/stdtransformer.com\/tr\/","logo":{"@type":"ImageObject","inLanguage":"tr","@id":"https:\/\/stdtransformer.com\/tr\/#\/schema\/logo\/image\/","url":"https:\/\/stdtransformer.com\/tr\/wp-content\/uploads\/2024\/11\/std-logo-kirmizi-siyah.svg","contentUrl":"https:\/\/stdtransformer.com\/tr\/wp-content\/uploads\/2024\/11\/std-logo-kirmizi-siyah.svg","width":370,"height":160,"caption":"STD Transformer"},"image":{"@id":"https:\/\/stdtransformer.com\/tr\/#\/schema\/logo\/image\/"},"sameAs":["https:\/\/www.facebook.com\/stdtransformator","https:\/\/www.instagram.com\/transformerstd\/","https:\/\/www.linkedin.com\/company\/std-transformer","https:\/\/www.youtube.com\/@stdtransformer1196"]}]}},"_links":{"self":[{"href":"https:\/\/stdtransformer.com\/tr\/wp-json\/wp\/v2\/pages\/32288","targetHints":{"allow":["GET"]}}],"collection":[{"href":"https:\/\/stdtransformer.com\/tr\/wp-json\/wp\/v2\/pages"}],"about":[{"href":"https:\/\/stdtransformer.com\/tr\/wp-json\/wp\/v2\/types\/page"}],"author":[{"embeddable":true,"href":"https:\/\/stdtransformer.com\/tr\/wp-json\/wp\/v2\/users\/1"}],"replies":[{"embeddable":true,"href":"https:\/\/stdtransformer.com\/tr\/wp-json\/wp\/v2\/comments?post=32288"}],"version-history":[{"count":16,"href":"https:\/\/stdtransformer.com\/tr\/wp-json\/wp\/v2\/pages\/32288\/revisions"}],"predecessor-version":[{"id":32512,"href":"https:\/\/stdtransformer.com\/tr\/wp-json\/wp\/v2\/pages\/32288\/revisions\/32512"}],"wp:attachment":[{"href":"https:\/\/stdtransformer.com\/tr\/wp-json\/wp\/v2\/media?parent=32288"}],"curies":[{"name":"wp","href":"https:\/\/api.w.org\/{rel}","templated":true}]}}