{"id":30709,"date":"2024-11-26T10:28:31","date_gmt":"2024-11-26T10:28:31","guid":{"rendered":"https:\/\/stdtransformer.com\/tr\/?page_id=30709"},"modified":"2024-11-26T10:29:13","modified_gmt":"2024-11-26T10:29:13","slug":"aydinlatma-metni","status":"publish","type":"page","link":"https:\/\/stdtransformer.com\/tr\/aydinlatma-metni\/","title":{"rendered":"Ayd\u0131nlatma Metni"},"content":{"rendered":"\t\t<div data-elementor-type=\"wp-page\" data-elementor-id=\"30709\" class=\"elementor elementor-30709\">\n\t\t\t\t\r\n\t\t<div class=\"default no-position show_shadow rs-sticky-default elementor-element elementor-element-850ad5e e-flex e-con-boxed e-con e-parent\" data-id=\"850ad5e\" data-element_type=\"container\">\n\t\t\t\t\t<div class=\"e-con-inner\">\n\t\t\r\n\t\t\t\t<div class=\"elementor-element elementor-element-65e75ef3 elementor-widget elementor-widget-text-editor\" data-id=\"65e75ef3\" data-element_type=\"widget\" data-widget_type=\"text-editor.default\">\n\t\t\t\t<div class=\"elementor-widget-container\">\n\t\t\t\t\t\t\t<!-- wp:heading -->\n<h6>K\u0130\u015e\u0130SEL VER\u0130LER\u0130N \u0130\u015eLENMES\u0130NE \u0130L\u0130\u015eK\u0130N AYDINLATMA METN\u0130<br \/>(M\u00dc\u015eTER\u0130LER)<\/h6>\n<p>Veri sorumlusu s\u0131fat\u0131yla, Sami Trafo Makina \u0130n\u015f. \u0130malat Taah. Genel Tic. Ltd. \u015eti (\u201c\u015eirket\u201d) taraf\u0131ndan, a\u015fa\u011f\u0131da belirtilen ki\u015fisel verileriniz, sizlerle olan i\u015f ili\u015fkimiz d\u00e2hilinde, ama\u00e7la ba\u011flant\u0131l\u0131 ve s\u0131n\u0131rl\u0131 olarak i\u015flenecektir.<\/p>\n<p>\u0130\u015flenecek ki\u015fisel verileriniz; ad soyad, TC kimlik numaras\u0131, imza, telefon numaras\u0131, adres ve e-posta bilgisi, i\u015fyeri unvan\u0131, i\u015fyerindeki g\u00f6rev\/unvan bilgisi, fatura bilgileri, iskonto tutar\u0131, \u00fcr\u00fcn\u00fcn kilo ve fiyat bilgisi ile g\u00fcvenlik kameralar\u0131 ile elde edilen g\u00f6r\u00fcnt\u00fc kay\u0131tlar\u0131d\u0131r.<\/p>\n<p>Ki\u015fisel verileriniz \u015eirketimiz taraf\u0131ndan; mevzuattan kaynakl\u0131 y\u00fck\u00fcml\u00fcl\u00fcklerin yerine getirilmesi, finans ve muhasebe i\u015flemlerinin yap\u0131labilmesi, sat\u0131\u015f s\u00fcre\u00e7lerinin y\u00fcr\u00fct\u00fclmesi, yetkili ki\u015fi kurum ve kurulu\u015flara bilgi verilmesi, sat\u0131\u015f sonras\u0131 destek hizmeti verilmesi, m\u00fc\u015fteri memnuniyetine y\u00f6nelik aktivitelerin y\u00fcr\u00fct\u00fclmesi, ileti\u015fimin sa\u011flanmas\u0131, fiziksel mek\u00e2n g\u00fcvenli\u011finin temin edilmesi ve i\u015f denetiminin yap\u0131lmas\u0131 amac\u0131yla i\u015flenecektir.<\/p>\n<p>Ki\u015fisel verileriniz; \u00e7al\u0131\u015fanlar\u0131m\u0131zla y\u00fcz y\u00fcze yap\u0131lan g\u00f6r\u00fc\u015fmelerde s\u00f6zl\u00fc olarak, doldurulan form ve dok\u00fcmanlarla yaz\u0131l\u0131 olarak ya da online i\u015flemler, yaz\u0131l\u0131m program\u0131, e-posta, g\u00fcvenlik kameras\u0131 gibi elektronik kanallar kullan\u0131larak toplan\u0131r. Toplanan ki\u015fisel verileriniz; \u201chukuki y\u00fck\u00fcml\u00fcl\u00fcklerimizin yerine getirilmesi\u201d ile \u201csizlerin temel hak ve \u00f6zg\u00fcrl\u00fcklerinize zarar vermemek kayd\u0131yla, veri sorumlusunun me\u015fru menfaatleri i\u00e7in veri i\u015flenmesinin zorunlu olmas\u0131\u201d hukuki sebebine dayan\u0131larak veya a\u00e7\u0131k r\u0131zan\u0131z al\u0131narak, KVKK\u2019n\u0131n 5. ve 6. maddelerinde belirtilen \u015fartlar kapsam\u0131nda i\u015flenecektir.<\/p>\n<p>Ki\u015fisel verileriniz; mevzuattan kaynakl\u0131 y\u00fck\u00fcml\u00fcl\u00fcklerin yerine getirilmesi amac\u0131yla; Gelir \u0130daresi Ba\u015fkanl\u0131\u011f\u0131na, Vergi Dairesine, Sosyal G\u00fcvenlik Kurumuna, yurt d\u0131\u015f\u0131 sat\u0131\u015f i\u015flemlerinin y\u00fcr\u00fct\u00fclmesi amac\u0131yla G\u00fcmr\u00fck M\u00fc\u015favirli\u011fine, \u00f6deme ve finans i\u015flemlerinin y\u00fcr\u00fct\u00fclmesi amac\u0131yla bankalara, anla\u015fmazl\u0131k ya\u015fanmas\u0131 durumunda avukat\u0131m\u0131za, gerekli olmas\u0131 veya talep edilmesi durumunda Kolluk Kuvvetleri ve Adli Makamlara KVKK\u2019n\u0131n 8. ve 9. maddesindeki \u015fartlar \u00e7er\u00e7evesinde aktar\u0131lacakt\u0131r.<\/p>\n<p>Kanunun \u201cilgili ki\u015finin haklar\u0131n\u0131 d\u00fczenleyen\u201d 11 inci maddesi kapsam\u0131ndaki taleplerinizi, Veri Sorumlusuna Ba\u015fvuru Usul ve Esaslar\u0131 Hakk\u0131nda Tebli\u011fe g\u00f6re internet sayfam\u0131zda yer alan \u201cVeri Sahibi Ba\u015fvuru Formunu\u201d kullanarak Sami Trafo Makina \u0130n\u015faat \u0130malat Taah. Genel Tic. Ltd. \u015eti\u2019ye iletebilirsiniz.<\/p>\n<!-- \/wp:paragraph -->\t\t\t\t\t\t<\/div>\n\t\t\t\t<\/div>\n\t\t\t\t\t<\/div>\n\t\t\t\t<\/div>\n\t\t\t\t<\/div>\n\t\t","protected":false},"excerpt":{"rendered":"<p>K\u0130\u015e\u0130SEL VER\u0130LER\u0130N \u0130\u015eLENMES\u0130NE \u0130L\u0130\u015eK\u0130N AYDINLATMA METN\u0130(M\u00dc\u015eTER\u0130LER) Veri sorumlusu s\u0131fat\u0131yla, Sami Trafo Makina \u0130n\u015f. \u0130malat Taah. Genel Tic. Ltd. \u015eti (\u201c\u015eirket\u201d) taraf\u0131ndan, a\u015fa\u011f\u0131da belirtilen ki\u015fisel verileriniz, sizlerle olan i\u015f ili\u015fkimiz d\u00e2hilinde, ama\u00e7la ba\u011flant\u0131l\u0131 ve s\u0131n\u0131rl\u0131 olarak i\u015flenecektir. \u0130\u015flenecek ki\u015fisel verileriniz; ad soyad, TC kimlik numaras\u0131, imza, telefon numaras\u0131, adres ve e-posta bilgisi, i\u015fyeri unvan\u0131, i\u015fyerindeki g\u00f6rev\/unvan&#8230;<\/p>\n","protected":false},"author":1,"featured_media":0,"parent":0,"menu_order":0,"comment_status":"closed","ping_status":"closed","template":"","meta":{"footnotes":""},"class_list":["post-30709","page","type-page","status-publish","hentry"],"yoast_head":"<!-- This site is optimized with the Yoast SEO plugin v23.9 - https:\/\/yoast.com\/wordpress\/plugins\/seo\/ -->\n<title>Ayd\u0131nlatma Metni - STD Transformer<\/title>\n<meta name=\"robots\" content=\"index, follow, max-snippet:-1, max-image-preview:large, max-video-preview:-1\" \/>\n<link rel=\"canonical\" href=\"https:\/\/stdtransformer.com\/tr\/aydinlatma-metni\/\" \/>\n<meta property=\"og:locale\" content=\"tr_TR\" \/>\n<meta property=\"og:type\" content=\"article\" \/>\n<meta property=\"og:title\" content=\"Ayd\u0131nlatma Metni - STD Transformer\" \/>\n<meta property=\"og:description\" content=\"K\u0130\u015e\u0130SEL VER\u0130LER\u0130N \u0130\u015eLENMES\u0130NE \u0130L\u0130\u015eK\u0130N AYDINLATMA METN\u0130(M\u00dc\u015eTER\u0130LER) Veri sorumlusu s\u0131fat\u0131yla, Sami Trafo Makina \u0130n\u015f. \u0130malat Taah. Genel Tic. Ltd. \u015eti (\u201c\u015eirket\u201d) taraf\u0131ndan, a\u015fa\u011f\u0131da belirtilen ki\u015fisel verileriniz, sizlerle olan i\u015f ili\u015fkimiz d\u00e2hilinde, ama\u00e7la ba\u011flant\u0131l\u0131 ve s\u0131n\u0131rl\u0131 olarak i\u015flenecektir. \u0130\u015flenecek ki\u015fisel verileriniz; ad soyad, TC kimlik numaras\u0131, imza, telefon numaras\u0131, adres ve e-posta bilgisi, i\u015fyeri unvan\u0131, i\u015fyerindeki g\u00f6rev\/unvan...\" \/>\n<meta property=\"og:url\" content=\"https:\/\/stdtransformer.com\/tr\/aydinlatma-metni\/\" \/>\n<meta property=\"og:site_name\" content=\"STD Transformer\" \/>\n<meta property=\"article:publisher\" content=\"https:\/\/www.facebook.com\/stdtransformator\" \/>\n<meta property=\"article:modified_time\" content=\"2024-11-26T10:29:13+00:00\" \/>\n<meta name=\"twitter:card\" content=\"summary_large_image\" \/>\n<meta name=\"twitter:label1\" content=\"Tahmini okuma s\u00fcresi\" \/>\n\t<meta name=\"twitter:data1\" content=\"2 dakika\" \/>\n<script type=\"application\/ld+json\" class=\"yoast-schema-graph\">{\"@context\":\"https:\/\/schema.org\",\"@graph\":[{\"@type\":\"WebPage\",\"@id\":\"https:\/\/stdtransformer.com\/tr\/aydinlatma-metni\/\",\"url\":\"https:\/\/stdtransformer.com\/tr\/aydinlatma-metni\/\",\"name\":\"Ayd\u0131nlatma Metni - STD Transformer\",\"isPartOf\":{\"@id\":\"https:\/\/stdtransformer.com\/tr\/#website\"},\"datePublished\":\"2024-11-26T10:28:31+00:00\",\"dateModified\":\"2024-11-26T10:29:13+00:00\",\"breadcrumb\":{\"@id\":\"https:\/\/stdtransformer.com\/tr\/aydinlatma-metni\/#breadcrumb\"},\"inLanguage\":\"tr\",\"potentialAction\":[{\"@type\":\"ReadAction\",\"target\":[\"https:\/\/stdtransformer.com\/tr\/aydinlatma-metni\/\"]}]},{\"@type\":\"BreadcrumbList\",\"@id\":\"https:\/\/stdtransformer.com\/tr\/aydinlatma-metni\/#breadcrumb\",\"itemListElement\":[{\"@type\":\"ListItem\",\"position\":1,\"name\":\"Anasayfa\",\"item\":\"https:\/\/stdtransformer.com\/tr\/\"},{\"@type\":\"ListItem\",\"position\":2,\"name\":\"Ayd\u0131nlatma Metni\"}]},{\"@type\":\"WebSite\",\"@id\":\"https:\/\/stdtransformer.com\/tr\/#website\",\"url\":\"https:\/\/stdtransformer.com\/tr\/\",\"name\":\"STD Transformer\",\"description\":\"\",\"publisher\":{\"@id\":\"https:\/\/stdtransformer.com\/tr\/#organization\"},\"potentialAction\":[{\"@type\":\"SearchAction\",\"target\":{\"@type\":\"EntryPoint\",\"urlTemplate\":\"https:\/\/stdtransformer.com\/tr\/?s={search_term_string}\"},\"query-input\":{\"@type\":\"PropertyValueSpecification\",\"valueRequired\":true,\"valueName\":\"search_term_string\"}}],\"inLanguage\":\"tr\"},{\"@type\":\"Organization\",\"@id\":\"https:\/\/stdtransformer.com\/tr\/#organization\",\"name\":\"STD Transformer\",\"url\":\"https:\/\/stdtransformer.com\/tr\/\",\"logo\":{\"@type\":\"ImageObject\",\"inLanguage\":\"tr\",\"@id\":\"https:\/\/stdtransformer.com\/tr\/#\/schema\/logo\/image\/\",\"url\":\"https:\/\/stdtransformer.com\/tr\/wp-content\/uploads\/2024\/11\/std-logo-kirmizi-siyah.svg\",\"contentUrl\":\"https:\/\/stdtransformer.com\/tr\/wp-content\/uploads\/2024\/11\/std-logo-kirmizi-siyah.svg\",\"width\":370,\"height\":160,\"caption\":\"STD Transformer\"},\"image\":{\"@id\":\"https:\/\/stdtransformer.com\/tr\/#\/schema\/logo\/image\/\"},\"sameAs\":[\"https:\/\/www.facebook.com\/stdtransformator\",\"https:\/\/www.instagram.com\/transformerstd\/\",\"https:\/\/www.linkedin.com\/company\/std-transformer\",\"https:\/\/www.youtube.com\/@stdtransformer1196\"]}]}<\/script>\n<!-- \/ Yoast SEO plugin. -->","yoast_head_json":{"title":"Ayd\u0131nlatma Metni - STD Transformer","robots":{"index":"index","follow":"follow","max-snippet":"max-snippet:-1","max-image-preview":"max-image-preview:large","max-video-preview":"max-video-preview:-1"},"canonical":"https:\/\/stdtransformer.com\/tr\/aydinlatma-metni\/","og_locale":"tr_TR","og_type":"article","og_title":"Ayd\u0131nlatma Metni - STD Transformer","og_description":"K\u0130\u015e\u0130SEL VER\u0130LER\u0130N \u0130\u015eLENMES\u0130NE \u0130L\u0130\u015eK\u0130N AYDINLATMA METN\u0130(M\u00dc\u015eTER\u0130LER) Veri sorumlusu s\u0131fat\u0131yla, Sami Trafo Makina \u0130n\u015f. \u0130malat Taah. Genel Tic. Ltd. \u015eti (\u201c\u015eirket\u201d) taraf\u0131ndan, a\u015fa\u011f\u0131da belirtilen ki\u015fisel verileriniz, sizlerle olan i\u015f ili\u015fkimiz d\u00e2hilinde, ama\u00e7la ba\u011flant\u0131l\u0131 ve s\u0131n\u0131rl\u0131 olarak i\u015flenecektir. \u0130\u015flenecek ki\u015fisel verileriniz; ad soyad, TC kimlik numaras\u0131, imza, telefon numaras\u0131, adres ve e-posta bilgisi, i\u015fyeri unvan\u0131, i\u015fyerindeki g\u00f6rev\/unvan...","og_url":"https:\/\/stdtransformer.com\/tr\/aydinlatma-metni\/","og_site_name":"STD Transformer","article_publisher":"https:\/\/www.facebook.com\/stdtransformator","article_modified_time":"2024-11-26T10:29:13+00:00","twitter_card":"summary_large_image","twitter_misc":{"Tahmini okuma s\u00fcresi":"2 dakika"},"schema":{"@context":"https:\/\/schema.org","@graph":[{"@type":"WebPage","@id":"https:\/\/stdtransformer.com\/tr\/aydinlatma-metni\/","url":"https:\/\/stdtransformer.com\/tr\/aydinlatma-metni\/","name":"Ayd\u0131nlatma Metni - STD Transformer","isPartOf":{"@id":"https:\/\/stdtransformer.com\/tr\/#website"},"datePublished":"2024-11-26T10:28:31+00:00","dateModified":"2024-11-26T10:29:13+00:00","breadcrumb":{"@id":"https:\/\/stdtransformer.com\/tr\/aydinlatma-metni\/#breadcrumb"},"inLanguage":"tr","potentialAction":[{"@type":"ReadAction","target":["https:\/\/stdtransformer.com\/tr\/aydinlatma-metni\/"]}]},{"@type":"BreadcrumbList","@id":"https:\/\/stdtransformer.com\/tr\/aydinlatma-metni\/#breadcrumb","itemListElement":[{"@type":"ListItem","position":1,"name":"Anasayfa","item":"https:\/\/stdtransformer.com\/tr\/"},{"@type":"ListItem","position":2,"name":"Ayd\u0131nlatma Metni"}]},{"@type":"WebSite","@id":"https:\/\/stdtransformer.com\/tr\/#website","url":"https:\/\/stdtransformer.com\/tr\/","name":"STD Transformer","description":"","publisher":{"@id":"https:\/\/stdtransformer.com\/tr\/#organization"},"potentialAction":[{"@type":"SearchAction","target":{"@type":"EntryPoint","urlTemplate":"https:\/\/stdtransformer.com\/tr\/?s={search_term_string}"},"query-input":{"@type":"PropertyValueSpecification","valueRequired":true,"valueName":"search_term_string"}}],"inLanguage":"tr"},{"@type":"Organization","@id":"https:\/\/stdtransformer.com\/tr\/#organization","name":"STD Transformer","url":"https:\/\/stdtransformer.com\/tr\/","logo":{"@type":"ImageObject","inLanguage":"tr","@id":"https:\/\/stdtransformer.com\/tr\/#\/schema\/logo\/image\/","url":"https:\/\/stdtransformer.com\/tr\/wp-content\/uploads\/2024\/11\/std-logo-kirmizi-siyah.svg","contentUrl":"https:\/\/stdtransformer.com\/tr\/wp-content\/uploads\/2024\/11\/std-logo-kirmizi-siyah.svg","width":370,"height":160,"caption":"STD Transformer"},"image":{"@id":"https:\/\/stdtransformer.com\/tr\/#\/schema\/logo\/image\/"},"sameAs":["https:\/\/www.facebook.com\/stdtransformator","https:\/\/www.instagram.com\/transformerstd\/","https:\/\/www.linkedin.com\/company\/std-transformer","https:\/\/www.youtube.com\/@stdtransformer1196"]}]}},"_links":{"self":[{"href":"https:\/\/stdtransformer.com\/tr\/wp-json\/wp\/v2\/pages\/30709","targetHints":{"allow":["GET"]}}],"collection":[{"href":"https:\/\/stdtransformer.com\/tr\/wp-json\/wp\/v2\/pages"}],"about":[{"href":"https:\/\/stdtransformer.com\/tr\/wp-json\/wp\/v2\/types\/page"}],"author":[{"embeddable":true,"href":"https:\/\/stdtransformer.com\/tr\/wp-json\/wp\/v2\/users\/1"}],"replies":[{"embeddable":true,"href":"https:\/\/stdtransformer.com\/tr\/wp-json\/wp\/v2\/comments?post=30709"}],"version-history":[{"count":0,"href":"https:\/\/stdtransformer.com\/tr\/wp-json\/wp\/v2\/pages\/30709\/revisions"}],"wp:attachment":[{"href":"https:\/\/stdtransformer.com\/tr\/wp-json\/wp\/v2\/media?parent=30709"}],"curies":[{"name":"wp","href":"https:\/\/api.w.org\/{rel}","templated":true}]}}