{"id":30704,"date":"2024-11-26T10:27:28","date_gmt":"2024-11-26T10:27:28","guid":{"rendered":"https:\/\/stdtransformer.com\/tr\/?page_id=30704"},"modified":"2024-11-26T10:28:09","modified_gmt":"2024-11-26T10:28:09","slug":"kisisel-verilerin-islenmesine-iliskin-aydinlatma-metni","status":"publish","type":"page","link":"https:\/\/stdtransformer.com\/tr\/kisisel-verilerin-islenmesine-iliskin-aydinlatma-metni\/","title":{"rendered":"Ki\u015fisel Verilerin \u0130\u015flenmesine \u0130li\u015fkin Ayd\u0131nlatma Metni"},"content":{"rendered":"\t\t<div data-elementor-type=\"wp-page\" data-elementor-id=\"30704\" class=\"elementor elementor-30704\">\n\t\t\t\t\r\n\t\t<div class=\"default no-position show_shadow rs-sticky-default elementor-element elementor-element-850ad5e e-flex e-con-boxed e-con e-parent\" data-id=\"850ad5e\" data-element_type=\"container\">\n\t\t\t\t\t<div class=\"e-con-inner\">\n\t\t\r\n\t\t\t\t<div class=\"elementor-element elementor-element-65e75ef3 elementor-widget elementor-widget-text-editor\" data-id=\"65e75ef3\" data-element_type=\"widget\" data-widget_type=\"text-editor.default\">\n\t\t\t\t<div class=\"elementor-widget-container\">\n\t\t\t\t\t\t\t<!-- wp:heading -->\n<h5>K\u0130\u015e\u0130SEL VER\u0130LER\u0130N \u0130\u015eLENMES\u0130NE \u0130L\u0130\u015eK\u0130N AYDINLATMA METN\u0130<br \/>(TEDAR\u0130K\u00c7\u0130LER \/ H\u0130ZMET SA\u011eLAYICILAR )<\/h5>\n<p><strong>Veri Sorumlusunun Kimli\u011fi:<\/strong>Veri sorumlusu s\u0131fat\u0131yla,\u00a0<strong>Sami Trafo Makina \u0130n\u015faat \u0130malat Taah. Genel Tic. Ltd. \u015eti<\/strong>\u00a0(\u201c\u015eirket\u201d) olarak, a\u015fa\u011f\u0131da belirtilen ki\u015fisel verileriniz ticari ili\u015fkilerimiz kapsam\u0131nda veya sizlerle olan i\u015f ili\u015fkimiz d\u00e2hilinde i\u015flenmelerini gerektiren\u00a0ama\u00e7la ba\u011flant\u0131l\u0131 ve s\u0131n\u0131rl\u0131 olarak i\u015flenecektir.<\/p>\n<p><strong>\u0130\u015flenen Ki\u015fisel Verileriniz:<\/strong><br \/>Kimlik Verisi: Ad soyad, TC kimlik numaras\u0131 ile kimlik \u00fczerindeki di\u011fer veriler ve imza \u0130leti\u015fim Verisi: Telefon numaras\u0131, e-posta adresi, i\u015f adresi<br \/>Fiziksel Mek\u00e2n G\u00fcvenli\u011fi: G\u00fcvenlik kameras\u0131 vas\u0131tas\u0131yla al\u0131nan g\u00f6r\u00fcnt\u00fc kayd\u0131 Mesleki Deneyim Verisi: G\u00f6rev\/unvan bilgisi, diploma numaras\u0131<br \/>\u00d6zl\u00fck Verisi: S\u00f6zle\u015fme tarihi, \u00e7al\u0131\u015fma \u015fekli ve s\u00fcresi, sertifika numaras\u0131 ve s\u0131n\u0131f\u0131 M\u00fc\u015fteri \u0130\u015flem Verisi: Firma unvan\u0131(ger\u00e7ek ki\u015fi), fatura bilgileri<\/p>\n<p><strong>Ki\u015fisel Verilerinizin \u0130\u015flenme Ama\u00e7lar\u0131:<\/strong><\/p>\n<p>Ki\u015fisel verileriniz \u015eirketimiz taraf\u0131ndan a\u015fa\u011f\u0131da belirtilen ama\u00e7larla i\u015flenecektir;<\/p>\n<ul>\n<li>S\u00f6zle\u015fme s\u00fcre\u00e7lerinin yerine getirilmesi,<\/li>\n<li>Mal\/hizmet al\u0131m s\u00fcre\u00e7lerinin y\u00fcr\u00fct\u00fclmesi,<\/li>\n<li>Tedarik i\u015flemleri s\u0131ras\u0131nda ileti\u015fim faaliyetlerinin y\u00fcr\u00fct\u00fclmesi,<\/li>\n<li>\u0130\u015f sa\u011fl\u0131\u011f\u0131 ve g\u00fcvenli\u011fine y\u00f6nelik y\u00fck\u00fcml\u00fcl\u00fcklerin yerine getirilmesi,<\/li>\n<li>\u00d6deme, faturaland\u0131rma gibi finans ve muhasebe i\u015flemlerinin yap\u0131labilmesi,<\/li>\n<li>Yetkili ki\u015fi, kurum ve kurulu\u015flara bilgi verilmesi,<\/li>\n<li>\u0130\u015f denetiminin ve fiziksel mek\u00e2n g\u00fcvenli\u011finin sa\u011flanmas\u0131,<\/li>\n<\/ul>\n<p><strong>Ki\u015fisel Verilerinizin Elde Edilme Y\u00f6ntemi ve Hukuki Sebebi:<\/strong><\/p>\n<p>Ki\u015fisel verileriniz; \u00e7al\u0131\u015fanlar\u0131m\u0131z taraf\u0131ndan s\u00f6zl\u00fc, yaz\u0131l\u0131 ya da elektronik kanallar kullan\u0131larak elde edilir. Elde edilen ki\u015fisel veriler; \u201cbir s\u00f6zle\u015fmenin kurulmas\u0131 veya ifas\u0131yla do\u011frudan do\u011fruya ilgili olmas\u0131\u201d, \u201chukuki y\u00fck\u00fcml\u00fcl\u00fcklerimizin yerine getirilebilmesi\u201d, \u201ckanunlarda \u00f6ng\u00f6r\u00fclmesi\u201d, \u201csizlerin temel hak ve \u00f6zg\u00fcrl\u00fcklerine zarar vermemek kayd\u0131yla \u015eirketimizin me\u015fru menfaatlerinin korunmas\u0131\u201d hukuki sebebine dayan\u0131larak veya veri sahibinin a\u00e7\u0131k r\u0131zas\u0131 al\u0131narak, KVKK\u2019n\u0131n 5 ve 6. maddelerinde belirtilen \u015fartlar kapsam\u0131nda i\u015flenecektir.<\/p>\n<p><strong>\u0130\u015flenen Ki\u015fisel Verilerin Kimlere ve Hangi Ama\u00e7la Aktar\u0131labilece\u011fi<\/strong><\/p>\n<p>Ki\u015fisel verileriniz yukar\u0131da say\u0131lan ama\u00e7larla; Gelir \u0130daresi Ba\u015fkanl\u0131\u011f\u0131, Sosyal G\u00fcvenlik Kurumu ile di\u011fer ilgili kamu kurum ve kurulu\u015flar\u0131na, i\u015f ili\u015fkisi i\u00e7erisinde oldu\u011fumuz firmalara, anla\u015fmazl\u0131k ya\u015fanmas\u0131 durumunda avukat\u0131m\u0131za, vaka ya\u015fanmas\u0131 durumunda Kolluk Kuvvetleri ile Adli Makamlara KVKK\u2019n\u0131n 8. ve 9. maddesindeki \u015fartlar \u00e7er\u00e7evesinde aktar\u0131lacakt\u0131r.<\/p>\n<p><strong>Ki\u015fisel Veri Sahibi Olarak Haklar\u0131n\u0131z:<\/strong><\/p>\n<p>Kanunun \u201cilgili ki\u015finin haklar\u0131n\u0131 d\u00fczenleyen\u201d 11 inci maddesi kapsam\u0131ndaki taleplerinizi, Veri Sorumlusuna Ba\u015fvuru Usul ve Esaslar\u0131 Hakk\u0131nda Tebli\u011fe g\u00f6re internet sayfam\u0131zda yer alan \u201cVeri Sahibi Ba\u015fvuru Formunu\u201d kullanarak Sami Trafo Makina \u0130n\u015faat \u0130malat Taah. Genel Tic. Ltd. \u015eti\u2019ye iletebilirsiniz.<\/p>\n<!-- \/wp:paragraph -->\t\t\t\t\t\t<\/div>\n\t\t\t\t<\/div>\n\t\t\t\t\t<\/div>\n\t\t\t\t<\/div>\n\t\t\t\t<\/div>\n\t\t","protected":false},"excerpt":{"rendered":"<p>K\u0130\u015e\u0130SEL VER\u0130LER\u0130N \u0130\u015eLENMES\u0130NE \u0130L\u0130\u015eK\u0130N AYDINLATMA METN\u0130(TEDAR\u0130K\u00c7\u0130LER \/ H\u0130ZMET SA\u011eLAYICILAR ) Veri Sorumlusunun Kimli\u011fi:Veri sorumlusu s\u0131fat\u0131yla,\u00a0Sami Trafo Makina \u0130n\u015faat \u0130malat Taah. Genel Tic. Ltd. \u015eti\u00a0(\u201c\u015eirket\u201d) olarak, a\u015fa\u011f\u0131da belirtilen ki\u015fisel verileriniz ticari ili\u015fkilerimiz kapsam\u0131nda veya sizlerle olan i\u015f ili\u015fkimiz d\u00e2hilinde i\u015flenmelerini gerektiren\u00a0ama\u00e7la ba\u011flant\u0131l\u0131 ve s\u0131n\u0131rl\u0131 olarak i\u015flenecektir. \u0130\u015flenen Ki\u015fisel Verileriniz:Kimlik Verisi: Ad soyad, TC kimlik numaras\u0131 ile&#8230;<\/p>\n","protected":false},"author":1,"featured_media":0,"parent":0,"menu_order":0,"comment_status":"closed","ping_status":"closed","template":"","meta":{"footnotes":""},"class_list":["post-30704","page","type-page","status-publish","hentry"],"yoast_head":"<!-- This site is optimized with the Yoast SEO plugin v23.9 - https:\/\/yoast.com\/wordpress\/plugins\/seo\/ -->\n<title>Ki\u015fisel Verilerin \u0130\u015flenmesine \u0130li\u015fkin Ayd\u0131nlatma Metni - STD Transformer<\/title>\n<meta name=\"robots\" content=\"index, follow, max-snippet:-1, max-image-preview:large, max-video-preview:-1\" \/>\n<link rel=\"canonical\" href=\"https:\/\/stdtransformer.com\/tr\/kisisel-verilerin-islenmesine-iliskin-aydinlatma-metni\/\" \/>\n<meta property=\"og:locale\" content=\"tr_TR\" \/>\n<meta property=\"og:type\" content=\"article\" \/>\n<meta property=\"og:title\" content=\"Ki\u015fisel Verilerin \u0130\u015flenmesine \u0130li\u015fkin Ayd\u0131nlatma Metni - STD Transformer\" \/>\n<meta property=\"og:description\" content=\"K\u0130\u015e\u0130SEL VER\u0130LER\u0130N \u0130\u015eLENMES\u0130NE \u0130L\u0130\u015eK\u0130N AYDINLATMA METN\u0130(TEDAR\u0130K\u00c7\u0130LER \/ H\u0130ZMET SA\u011eLAYICILAR ) Veri Sorumlusunun Kimli\u011fi:Veri sorumlusu s\u0131fat\u0131yla,\u00a0Sami Trafo Makina \u0130n\u015faat \u0130malat Taah. Genel Tic. Ltd. \u015eti\u00a0(\u201c\u015eirket\u201d) olarak, a\u015fa\u011f\u0131da belirtilen ki\u015fisel verileriniz ticari ili\u015fkilerimiz kapsam\u0131nda veya sizlerle olan i\u015f ili\u015fkimiz d\u00e2hilinde i\u015flenmelerini gerektiren\u00a0ama\u00e7la ba\u011flant\u0131l\u0131 ve s\u0131n\u0131rl\u0131 olarak i\u015flenecektir. \u0130\u015flenen Ki\u015fisel Verileriniz:Kimlik Verisi: Ad soyad, TC kimlik numaras\u0131 ile...\" \/>\n<meta property=\"og:url\" content=\"https:\/\/stdtransformer.com\/tr\/kisisel-verilerin-islenmesine-iliskin-aydinlatma-metni\/\" \/>\n<meta property=\"og:site_name\" content=\"STD Transformer\" \/>\n<meta property=\"article:publisher\" content=\"https:\/\/www.facebook.com\/stdtransformator\" \/>\n<meta property=\"article:modified_time\" content=\"2024-11-26T10:28:09+00:00\" \/>\n<meta name=\"twitter:card\" content=\"summary_large_image\" \/>\n<meta name=\"twitter:label1\" content=\"Tahmini okuma s\u00fcresi\" \/>\n\t<meta name=\"twitter:data1\" content=\"2 dakika\" \/>\n<script type=\"application\/ld+json\" class=\"yoast-schema-graph\">{\"@context\":\"https:\/\/schema.org\",\"@graph\":[{\"@type\":\"WebPage\",\"@id\":\"https:\/\/stdtransformer.com\/tr\/kisisel-verilerin-islenmesine-iliskin-aydinlatma-metni\/\",\"url\":\"https:\/\/stdtransformer.com\/tr\/kisisel-verilerin-islenmesine-iliskin-aydinlatma-metni\/\",\"name\":\"Ki\u015fisel Verilerin \u0130\u015flenmesine \u0130li\u015fkin Ayd\u0131nlatma Metni - STD Transformer\",\"isPartOf\":{\"@id\":\"https:\/\/stdtransformer.com\/tr\/#website\"},\"datePublished\":\"2024-11-26T10:27:28+00:00\",\"dateModified\":\"2024-11-26T10:28:09+00:00\",\"breadcrumb\":{\"@id\":\"https:\/\/stdtransformer.com\/tr\/kisisel-verilerin-islenmesine-iliskin-aydinlatma-metni\/#breadcrumb\"},\"inLanguage\":\"tr\",\"potentialAction\":[{\"@type\":\"ReadAction\",\"target\":[\"https:\/\/stdtransformer.com\/tr\/kisisel-verilerin-islenmesine-iliskin-aydinlatma-metni\/\"]}]},{\"@type\":\"BreadcrumbList\",\"@id\":\"https:\/\/stdtransformer.com\/tr\/kisisel-verilerin-islenmesine-iliskin-aydinlatma-metni\/#breadcrumb\",\"itemListElement\":[{\"@type\":\"ListItem\",\"position\":1,\"name\":\"Anasayfa\",\"item\":\"https:\/\/stdtransformer.com\/tr\/\"},{\"@type\":\"ListItem\",\"position\":2,\"name\":\"Ki\u015fisel Verilerin \u0130\u015flenmesine \u0130li\u015fkin Ayd\u0131nlatma Metni\"}]},{\"@type\":\"WebSite\",\"@id\":\"https:\/\/stdtransformer.com\/tr\/#website\",\"url\":\"https:\/\/stdtransformer.com\/tr\/\",\"name\":\"STD Transformer\",\"description\":\"\",\"publisher\":{\"@id\":\"https:\/\/stdtransformer.com\/tr\/#organization\"},\"potentialAction\":[{\"@type\":\"SearchAction\",\"target\":{\"@type\":\"EntryPoint\",\"urlTemplate\":\"https:\/\/stdtransformer.com\/tr\/?s={search_term_string}\"},\"query-input\":{\"@type\":\"PropertyValueSpecification\",\"valueRequired\":true,\"valueName\":\"search_term_string\"}}],\"inLanguage\":\"tr\"},{\"@type\":\"Organization\",\"@id\":\"https:\/\/stdtransformer.com\/tr\/#organization\",\"name\":\"STD Transformer\",\"url\":\"https:\/\/stdtransformer.com\/tr\/\",\"logo\":{\"@type\":\"ImageObject\",\"inLanguage\":\"tr\",\"@id\":\"https:\/\/stdtransformer.com\/tr\/#\/schema\/logo\/image\/\",\"url\":\"https:\/\/stdtransformer.com\/tr\/wp-content\/uploads\/2024\/11\/std-logo-kirmizi-siyah.svg\",\"contentUrl\":\"https:\/\/stdtransformer.com\/tr\/wp-content\/uploads\/2024\/11\/std-logo-kirmizi-siyah.svg\",\"width\":370,\"height\":160,\"caption\":\"STD Transformer\"},\"image\":{\"@id\":\"https:\/\/stdtransformer.com\/tr\/#\/schema\/logo\/image\/\"},\"sameAs\":[\"https:\/\/www.facebook.com\/stdtransformator\",\"https:\/\/www.instagram.com\/transformerstd\/\",\"https:\/\/www.linkedin.com\/company\/std-transformer\",\"https:\/\/www.youtube.com\/@stdtransformer1196\"]}]}<\/script>\n<!-- \/ Yoast SEO plugin. -->","yoast_head_json":{"title":"Ki\u015fisel Verilerin \u0130\u015flenmesine \u0130li\u015fkin Ayd\u0131nlatma Metni - STD Transformer","robots":{"index":"index","follow":"follow","max-snippet":"max-snippet:-1","max-image-preview":"max-image-preview:large","max-video-preview":"max-video-preview:-1"},"canonical":"https:\/\/stdtransformer.com\/tr\/kisisel-verilerin-islenmesine-iliskin-aydinlatma-metni\/","og_locale":"tr_TR","og_type":"article","og_title":"Ki\u015fisel Verilerin \u0130\u015flenmesine \u0130li\u015fkin Ayd\u0131nlatma Metni - STD Transformer","og_description":"K\u0130\u015e\u0130SEL VER\u0130LER\u0130N \u0130\u015eLENMES\u0130NE \u0130L\u0130\u015eK\u0130N AYDINLATMA METN\u0130(TEDAR\u0130K\u00c7\u0130LER \/ H\u0130ZMET SA\u011eLAYICILAR ) Veri Sorumlusunun Kimli\u011fi:Veri sorumlusu s\u0131fat\u0131yla,\u00a0Sami Trafo Makina \u0130n\u015faat \u0130malat Taah. Genel Tic. Ltd. \u015eti\u00a0(\u201c\u015eirket\u201d) olarak, a\u015fa\u011f\u0131da belirtilen ki\u015fisel verileriniz ticari ili\u015fkilerimiz kapsam\u0131nda veya sizlerle olan i\u015f ili\u015fkimiz d\u00e2hilinde i\u015flenmelerini gerektiren\u00a0ama\u00e7la ba\u011flant\u0131l\u0131 ve s\u0131n\u0131rl\u0131 olarak i\u015flenecektir. \u0130\u015flenen Ki\u015fisel Verileriniz:Kimlik Verisi: Ad soyad, TC kimlik numaras\u0131 ile...","og_url":"https:\/\/stdtransformer.com\/tr\/kisisel-verilerin-islenmesine-iliskin-aydinlatma-metni\/","og_site_name":"STD Transformer","article_publisher":"https:\/\/www.facebook.com\/stdtransformator","article_modified_time":"2024-11-26T10:28:09+00:00","twitter_card":"summary_large_image","twitter_misc":{"Tahmini okuma s\u00fcresi":"2 dakika"},"schema":{"@context":"https:\/\/schema.org","@graph":[{"@type":"WebPage","@id":"https:\/\/stdtransformer.com\/tr\/kisisel-verilerin-islenmesine-iliskin-aydinlatma-metni\/","url":"https:\/\/stdtransformer.com\/tr\/kisisel-verilerin-islenmesine-iliskin-aydinlatma-metni\/","name":"Ki\u015fisel Verilerin \u0130\u015flenmesine \u0130li\u015fkin Ayd\u0131nlatma Metni - STD Transformer","isPartOf":{"@id":"https:\/\/stdtransformer.com\/tr\/#website"},"datePublished":"2024-11-26T10:27:28+00:00","dateModified":"2024-11-26T10:28:09+00:00","breadcrumb":{"@id":"https:\/\/stdtransformer.com\/tr\/kisisel-verilerin-islenmesine-iliskin-aydinlatma-metni\/#breadcrumb"},"inLanguage":"tr","potentialAction":[{"@type":"ReadAction","target":["https:\/\/stdtransformer.com\/tr\/kisisel-verilerin-islenmesine-iliskin-aydinlatma-metni\/"]}]},{"@type":"BreadcrumbList","@id":"https:\/\/stdtransformer.com\/tr\/kisisel-verilerin-islenmesine-iliskin-aydinlatma-metni\/#breadcrumb","itemListElement":[{"@type":"ListItem","position":1,"name":"Anasayfa","item":"https:\/\/stdtransformer.com\/tr\/"},{"@type":"ListItem","position":2,"name":"Ki\u015fisel Verilerin \u0130\u015flenmesine \u0130li\u015fkin Ayd\u0131nlatma Metni"}]},{"@type":"WebSite","@id":"https:\/\/stdtransformer.com\/tr\/#website","url":"https:\/\/stdtransformer.com\/tr\/","name":"STD Transformer","description":"","publisher":{"@id":"https:\/\/stdtransformer.com\/tr\/#organization"},"potentialAction":[{"@type":"SearchAction","target":{"@type":"EntryPoint","urlTemplate":"https:\/\/stdtransformer.com\/tr\/?s={search_term_string}"},"query-input":{"@type":"PropertyValueSpecification","valueRequired":true,"valueName":"search_term_string"}}],"inLanguage":"tr"},{"@type":"Organization","@id":"https:\/\/stdtransformer.com\/tr\/#organization","name":"STD Transformer","url":"https:\/\/stdtransformer.com\/tr\/","logo":{"@type":"ImageObject","inLanguage":"tr","@id":"https:\/\/stdtransformer.com\/tr\/#\/schema\/logo\/image\/","url":"https:\/\/stdtransformer.com\/tr\/wp-content\/uploads\/2024\/11\/std-logo-kirmizi-siyah.svg","contentUrl":"https:\/\/stdtransformer.com\/tr\/wp-content\/uploads\/2024\/11\/std-logo-kirmizi-siyah.svg","width":370,"height":160,"caption":"STD Transformer"},"image":{"@id":"https:\/\/stdtransformer.com\/tr\/#\/schema\/logo\/image\/"},"sameAs":["https:\/\/www.facebook.com\/stdtransformator","https:\/\/www.instagram.com\/transformerstd\/","https:\/\/www.linkedin.com\/company\/std-transformer","https:\/\/www.youtube.com\/@stdtransformer1196"]}]}},"_links":{"self":[{"href":"https:\/\/stdtransformer.com\/tr\/wp-json\/wp\/v2\/pages\/30704","targetHints":{"allow":["GET"]}}],"collection":[{"href":"https:\/\/stdtransformer.com\/tr\/wp-json\/wp\/v2\/pages"}],"about":[{"href":"https:\/\/stdtransformer.com\/tr\/wp-json\/wp\/v2\/types\/page"}],"author":[{"embeddable":true,"href":"https:\/\/stdtransformer.com\/tr\/wp-json\/wp\/v2\/users\/1"}],"replies":[{"embeddable":true,"href":"https:\/\/stdtransformer.com\/tr\/wp-json\/wp\/v2\/comments?post=30704"}],"version-history":[{"count":0,"href":"https:\/\/stdtransformer.com\/tr\/wp-json\/wp\/v2\/pages\/30704\/revisions"}],"wp:attachment":[{"href":"https:\/\/stdtransformer.com\/tr\/wp-json\/wp\/v2\/media?parent=30704"}],"curies":[{"name":"wp","href":"https:\/\/api.w.org\/{rel}","templated":true}]}}