{"id":30503,"date":"2024-11-26T07:07:30","date_gmt":"2024-11-26T07:07:30","guid":{"rendered":"https:\/\/stdtransformer.com\/tr\/?page_id=30503"},"modified":"2024-11-26T07:07:38","modified_gmt":"2024-11-26T07:07:38","slug":"test-rapor-formu","status":"publish","type":"page","link":"https:\/\/stdtransformer.com\/tr\/test-rapor-formu\/","title":{"rendered":"Test Rapor Formu"},"content":{"rendered":"\t\t<div data-elementor-type=\"wp-page\" data-elementor-id=\"30503\" class=\"elementor elementor-30503\">\n\t\t\t\t\r\n\t\t<div class=\"default no-position show_shadow rs-sticky-default elementor-element elementor-element-e94f3bb e-flex e-con-boxed e-con e-parent\" data-id=\"e94f3bb\" data-element_type=\"container\">\n\t\t\t\t\t<div class=\"e-con-inner\">\n\t\t\r\n\t\t\t\t<div class=\"elementor-element elementor-element-2db4fef elementor-widget elementor-widget-spacer\" data-id=\"2db4fef\" data-element_type=\"widget\" data-widget_type=\"spacer.default\">\n\t\t\t\t<div class=\"elementor-widget-container\">\n\t\t\t\t\t<div class=\"elementor-spacer\">\n\t\t\t<div class=\"elementor-spacer-inner\"><\/div>\n\t\t<\/div>\n\t\t\t\t<\/div>\n\t\t\t\t<\/div>\n\t\t\r\n\t\t\t\t<div class=\"elementor-element elementor-element-ae83ed1 elementor-widget elementor-widget-html\" data-id=\"ae83ed1\" data-element_type=\"widget\" data-widget_type=\"html.default\">\n\t\t\t\t<div class=\"elementor-widget-container\">\n\t\t\t<div id=\"quform-40c84a\" class=\"quform quform-4 quform-theme-bootstrap quform-support-page-caching\"><form id=\"quform-form-40c84a\" class=\"quform-form quform-form-4\" action=\"\/tr\/wp-json\/wp\/v2\/pages\/30503#quform-40c84a\" method=\"post\" enctype=\"multipart\/form-data\" novalidate=\"novalidate\" data-options=\"{&quot;id&quot;:4,&quot;uniqueId&quot;:&quot;40c84a&quot;,&quot;theme&quot;:&quot;bootstrap&quot;,&quot;ajax&quot;:true,&quot;logic&quot;:{&quot;logic&quot;:[],&quot;dependents&quot;:[],&quot;elementIds&quot;:[],&quot;dependentElementIds&quot;:[],&quot;animate&quot;:true},&quot;currentPageId&quot;:1,&quot;errorsIcon&quot;:&quot;&quot;,&quot;updateFancybox&quot;:true,&quot;hasPages&quot;:false,&quot;pages&quot;:[1],&quot;pageProgressType&quot;:&quot;numbers&quot;,&quot;tooltipsEnabled&quot;:true,&quot;tooltipClasses&quot;:&quot;qtip-quform-dark qtip-shadow&quot;,&quot;tooltipMy&quot;:&quot;left center&quot;,&quot;tooltipAt&quot;:&quot;right center&quot;,&quot;isRtl&quot;:false,&quot;scrollOffset&quot;:-50,&quot;scrollSpeed&quot;:800}\"><button class=\"quform-default-submit\" name=\"quform_submit\" type=\"submit\" value=\"submit\" aria-hidden=\"true\" tabindex=\"-1\"><\/button><div class=\"quform-form-inner quform-form-inner-4\"><input type=\"hidden\" name=\"quform_form_id\" value=\"4\" \/><input type=\"hidden\" name=\"quform_form_uid\" value=\"40c84a\" \/><input type=\"hidden\" name=\"quform_count\" value=\"1\" \/><input type=\"hidden\" name=\"form_url\" value=\"https:\/\/stdtransformer.com\/tr\/wp-json\/wp\/v2\/pages\/30503\" \/><input type=\"hidden\" name=\"referring_url\" value=\"\" \/><input type=\"hidden\" name=\"post_id\" value=\"\" \/><input type=\"hidden\" name=\"post_title\" value=\"\" \/><input type=\"hidden\" name=\"quform_current_page_id\" value=\"1\" \/><input type=\"hidden\" name=\"quform_csrf_token\" value=\"TwcfTZcyrZswOF0WXLi2NJbh9XkjuQFXccEjhL0u\" \/><div class=\"quform-elements quform-elements-4 quform-cf quform-responsive-elements-phone-landscape\"><div class=\"quform-element quform-element-page quform-page-1 quform-page-4_1 quform-cf quform-group-style-plain quform-first-page quform-last-page quform-current-page\"><div class=\"quform-child-elements\"><div class=\"quform-element quform-element-row quform-element-row-4_3 quform-2-columns quform-element-row-size-fixed quform-responsive-columns-phone-landscape\"><div class=\"quform-element quform-element-column quform-element-4_4\"><div class=\"quform-element quform-element-text quform-element-4_9 quform-cf quform-element-required\"><div class=\"quform-spacer\"><div class=\"quform-label quform-label-4_9\"><label class=\"quform-label-text\" for=\"quform_4_9_40c84a\">Ad\u0131n\u0131z<span class=\"quform-required\">*<\/span><\/label><\/div><div class=\"quform-inner quform-inner-text quform-inner-4_9\"><div class=\"quform-input quform-input-text quform-input-4_9 quform-cf\"><input type=\"text\" id=\"quform_4_9_40c84a\" name=\"quform_4_9\" class=\"quform-field quform-field-text quform-field-4_9\" \/><\/div><\/div><\/div><\/div><\/div><div class=\"quform-element quform-element-column quform-element-4_5\"><div class=\"quform-element quform-element-text quform-element-4_10 quform-cf quform-element-required\"><div class=\"quform-spacer\"><div class=\"quform-label quform-label-4_10\"><label class=\"quform-label-text\" for=\"quform_4_10_40c84a\">Soyad\u0131n\u0131z<span class=\"quform-required\">*<\/span><\/label><\/div><div class=\"quform-inner quform-inner-text quform-inner-4_10\"><div class=\"quform-input quform-input-text quform-input-4_10 quform-cf\"><input type=\"text\" id=\"quform_4_10_40c84a\" name=\"quform_4_10\" class=\"quform-field quform-field-text quform-field-4_10\" \/><\/div><\/div><\/div><\/div><\/div><\/div><div class=\"quform-element quform-element-row quform-element-row-4_6 quform-2-columns quform-element-row-size-fixed quform-responsive-columns-phone-landscape\"><div class=\"quform-element quform-element-column quform-element-4_7\"><div class=\"quform-element quform-element-text quform-element-4_11 quform-cf quform-element-required\"><div class=\"quform-spacer\"><div class=\"quform-label quform-label-4_11\"><label class=\"quform-label-text\" for=\"quform_4_11_40c84a\">E-mail<span class=\"quform-required\">*<\/span><\/label><\/div><div class=\"quform-inner quform-inner-text quform-inner-4_11\"><div class=\"quform-input quform-input-text quform-input-4_11 quform-cf\"><input type=\"text\" id=\"quform_4_11_40c84a\" name=\"quform_4_11\" class=\"quform-field quform-field-text quform-field-4_11\" \/><\/div><\/div><\/div><\/div><\/div><div class=\"quform-element quform-element-column quform-element-4_8\"><div class=\"quform-element quform-element-text quform-element-4_12 quform-cf quform-element-required\"><div class=\"quform-spacer\"><div class=\"quform-label quform-label-4_12\"><label class=\"quform-label-text\" for=\"quform_4_12_40c84a\">Telefon<span class=\"quform-required\">*<\/span><\/label><\/div><div class=\"quform-inner quform-inner-text quform-inner-4_12\"><div class=\"quform-input quform-input-text quform-input-4_12 quform-cf\"><input type=\"text\" id=\"quform_4_12_40c84a\" name=\"quform_4_12\" class=\"quform-field quform-field-text quform-field-4_12\" \/><\/div><\/div><\/div><\/div><\/div><\/div><div class=\"quform-element quform-element-text quform-element-4_19 quform-cf quform-element-required\"><div class=\"quform-spacer\"><div class=\"quform-label quform-label-4_19\"><label class=\"quform-label-text\" for=\"quform_4_19_40c84a\">Firma Ad\u0131<span class=\"quform-required\">*<\/span><\/label><\/div><div class=\"quform-inner quform-inner-text quform-inner-4_19\"><div class=\"quform-input quform-input-text quform-input-4_19 quform-cf\"><input type=\"text\" id=\"quform_4_19_40c84a\" name=\"quform_4_19\" class=\"quform-field quform-field-text quform-field-4_19\" \/><\/div><\/div><\/div><\/div><div class=\"quform-element quform-element-text quform-element-4_20 quform-cf quform-element-required\"><div class=\"quform-spacer\"><div class=\"quform-label quform-label-4_20\"><label class=\"quform-label-text\" for=\"quform_4_20_40c84a\">\u00dcr\u00fcn Kodu<span class=\"quform-required\">*<\/span><\/label><\/div><div class=\"quform-inner quform-inner-text quform-inner-4_20\"><div class=\"quform-input quform-input-text quform-input-4_20 quform-cf\"><input type=\"text\" id=\"quform_4_20_40c84a\" name=\"quform_4_20\" class=\"quform-field quform-field-text quform-field-4_20\" \/><\/div><\/div><\/div><\/div><div class=\"quform-element quform-element-row quform-element-row-4_21 quform-2-columns quform-element-row-size-fixed quform-responsive-columns-phone-landscape\"><div class=\"quform-element quform-element-column quform-element-4_22\"><div class=\"quform-element quform-element-radio quform-element-4_24 quform-cf quform-element-required\"><div class=\"quform-spacer\"><div class=\"quform-label quform-label-4_24\"><label class=\"quform-label-text\" id=\"quform_4_24_40c84a_label\">Trafo Tipi<span class=\"quform-required\">*<\/span><\/label><\/div><div class=\"quform-inner quform-inner-radio quform-inner-4_24\"><div class=\"quform-input quform-input-radio quform-input-4_24 quform-cf\"><div class=\"quform-options quform-cf quform-options-block quform-options-simple\" role=\"radiogroup\" aria-labelledby=\"quform_4_24_40c84a_label\"><div class=\"quform-option\"><input type=\"radio\" name=\"quform_4_24\" id=\"quform_4_24_40c84a_1\" class=\"quform-field quform-field-radio quform-field-4_24 quform-field-4_24_1\" value=\"Ya\u011fl\u0131 Tip Transformat\u00f6r D\u00f6k\u00fcm\u00fc\" \/><label for=\"quform_4_24_40c84a_1\" class=\"quform-option-label quform-option-label-4_24_1\"><span class=\"quform-option-text\">Ya\u011fl\u0131 Tip Transformat\u00f6r D\u00f6k\u00fcm\u00fc<\/span><\/label><\/div><div class=\"quform-option\"><input type=\"radio\" name=\"quform_4_24\" id=\"quform_4_24_40c84a_2\" class=\"quform-field quform-field-radio quform-field-4_24 quform-field-4_24_2\" value=\"Re\u00e7ine Kuru Tip Transformat\u00f6r\" \/><label for=\"quform_4_24_40c84a_2\" class=\"quform-option-label quform-option-label-4_24_2\"><span class=\"quform-option-text\">Re\u00e7ine Kuru Tip Transformat\u00f6r<\/span><\/label><\/div><\/div><\/div><\/div><\/div><\/div><\/div><div class=\"quform-element quform-element-column quform-element-4_23\"><div class=\"quform-element quform-element-radio quform-element-4_25 quform-cf quform-element-required\"><div class=\"quform-spacer\"><div class=\"quform-label quform-label-4_25\"><label class=\"quform-label-text\" id=\"quform_4_25_40c84a_label\">Talep Test Raporu<span class=\"quform-required\">*<\/span><\/label><\/div><div class=\"quform-inner quform-inner-radio quform-inner-4_25\"><div class=\"quform-input quform-input-radio quform-input-4_25 quform-cf\"><div class=\"quform-options quform-cf quform-options-block quform-options-simple\" role=\"radiogroup\" aria-labelledby=\"quform_4_25_40c84a_label\"><div class=\"quform-option\"><input type=\"radio\" name=\"quform_4_25\" id=\"quform_4_25_40c84a_1\" class=\"quform-field quform-field-radio quform-field-4_25 quform-field-4_25_1\" value=\"D\u00fczenli Test Raporu (Standart)\" \/><label for=\"quform_4_25_40c84a_1\" class=\"quform-option-label quform-option-label-4_25_1\"><span class=\"quform-option-text\">D\u00fczenli Test Raporu (Standart)<\/span><\/label><\/div><div class=\"quform-option\"><input type=\"radio\" name=\"quform_4_25\" id=\"quform_4_25_40c84a_2\" class=\"quform-field quform-field-radio quform-field-4_25 quform-field-4_25_2\" value=\"Tip Test Raporu \u00d6zel\" \/><label for=\"quform_4_25_40c84a_2\" class=\"quform-option-label quform-option-label-4_25_2\"><span class=\"quform-option-text\">Tip Test Raporu \u00d6zel<\/span><\/label><\/div><div class=\"quform-option\"><input type=\"radio\" name=\"quform_4_25\" id=\"quform_4_25_40c84a_3\" class=\"quform-field quform-field-radio quform-field-4_25 quform-field-4_25_3\" value=\"Test Raporu (\u00dccretli)\" \/><label for=\"quform_4_25_40c84a_3\" class=\"quform-option-label quform-option-label-4_25_3\"><span class=\"quform-option-text\">Test Raporu (\u00dccretli)<\/span><\/label><\/div><\/div><\/div><\/div><\/div><\/div><\/div><\/div><div class=\"quform-element quform-element-textarea quform-element-4_26 quform-cf quform-element-required\"><div class=\"quform-spacer\"><div class=\"quform-label quform-label-4_26\"><label class=\"quform-label-text\" for=\"quform_4_26_40c84a\">Mesaj\u0131n\u0131z<span class=\"quform-required\">*<\/span><\/label><\/div><div class=\"quform-inner quform-inner-textarea quform-inner-4_26\"><div class=\"quform-input quform-input-textarea quform-input-4_26 quform-cf\"><textarea id=\"quform_4_26_40c84a\" name=\"quform_4_26\" class=\"quform-field quform-field-textarea quform-field-4_26\"><\/textarea><\/div><\/div><\/div><\/div><div class=\"quform-element quform-element-captcha quform-element-4_27 quform-cf quform-element-required\"><div class=\"quform-spacer\"><div class=\"quform-label quform-label-4_27\"><label class=\"quform-label-text\" for=\"quform_4_27_40c84a\">L\u00fctfen karakterleri yaz\u0131n<span class=\"quform-required\">*<\/span><\/label><\/div><div class=\"quform-inner quform-inner-captcha quform-inner-4_27\"><div class=\"quform-input quform-input-captcha quform-input-4_27 quform-cf\"><input type=\"text\" id=\"quform_4_27_40c84a\" name=\"quform_4_27\" class=\"quform-field quform-field-captcha quform-field-4_27\" \/><\/div><div class=\"quform-captcha quform-cf\"><div class=\"quform-captcha-image quform-captcha-image-4_27\"><img decoding=\"async\" src=\"data:image\/png;base64,iVBORw0KGgoAAAANSUhEUgAAAOYAAABQBAMAAAD\/1xTgAAAAG1BMVEX\/\/\/8iIiLHx8dZWVl0dHSQkJCsrKzj4+M9PT3i0EULAAAACXBIWXMAAA7EAAAOxAGVKw4bAAAEs0lEQVRoge1YS3vTOBR1nIe9RHUGsrSBFJZ4KB9dxpOhsBy3YWAZZ2izjVNauoyhPH723HslWbKd2GnGzWI+n00+y5KOdO+5D8cwGjRo0KBBgwb\/D\/Rmi71zJowd7ZnWYojBq9keOXtMYPDm2b44u0zhttTE15MPNXF2GJsP3wnSg43TlhPw+6AmTpt2ss6PSziXn3w60m81cbZYn37RxoPpuhnDY2n7VU2cHnuIPxbe5PW6CZrD64qoiBv0+UbTtYnu20myi2mfvHxz8axw1Ig9MIRl3bXLQGQOhBHE1Iu7c3Id\/G4czvRAvMGtNluWAtilebuYNuGh3+OmSocfG2WWNQyTh0jA\/X5HhJyzw\/Xgam9KLAugC5o7mdawDgPY+6HQ4VR7gZb9qR5z6xI8H4TxbqqNyUzn49w9bbq\/TGxWwo6m+qoAzxcw52\/X2AE21wGo\/1QvI3Hm5mBF9khfFcH5TDrWXztwdvnGkUg92lH0zDZOspzmXE7Z7PPNgNOODHSQ2tOanBrG4WSsuzguJrmwWAPM8XZlJsHdBDMHyIos1kuURb2CRC1ZYzUdgUdebSOrAPdta9GNIuZxByEkLR6xvOMsLOloC+1FBI\/OFpwREniaO1E+4gkCRgyGeiBxnJ0sKHOs1JBH6l9euBWcVLh8zZ2h0k6Uxo\/Plhfr+hQzI2jKLVjm3pZztiFALd1CgQoMLxVRwsC535Wvesdv5WH0\/HeVCC+XhxDk2kVHT9Zg0PeLHKcQzFdtktBOmM25Iq5zkZcHbDeN9Wzuq4QUSU442ODIVyfrplfJcYaylk9LSX02CrTUistkXASShTIH5OCReGGnnEG2YQLb3s4+Yc9yPT6ab+QM2c+M\/WMZKigQ0da1yRAx1XJES97EyiZFk8fKJSzEy\/7YxBmzfqZj7KSWuUkFbNPOdrp\/S77p6MmEHmmKz\/ICyMJOc4AALOijSTEPreS5VnTbR2oNpwqzVVeOexVuRT2s9IFL1N3sy9BX5c2jrezUttgQLfjUTC\/hiRVSvpu6Y7NwnECuSO8fksPjVFwYO87p4zOWNS2sHEhuZ36NwVpIv59vXZ44c6eQkZ0WqoCO7ymCNCaygSifQ7pGb01ygPJ\/QPfMW6DHNZD2CRACCyOTdHv5U8nRAzGfrhEV+3xeN3LS46cZvkx+ae2I7PMUwyVROtPMso7gMIWb27n2wiCV9fEwVa3U+3NusoRpg1fvfn07yS1sieN3BVevaEIbW7tO2eeeIVYyxzXkbUsg65AtUlm3eE8Y6k8qcyNvtth0aZVn7ktn7ivZknbaRX9aXJ+V3zlX+P37NZ868vDVXjJPx2ukcrNFCSDAJ\/UFTi370k9UDkhEhxJlsxTHx+qanuIsKa\/FPL5wN1NaxF+rgMM7dOIWZMOS2c95xLoq01tVtXsrfCl7OSTrvhj\/ocm2IiT+O0zU2p8MWycXn9fI9h7wlDHSJXdjXNWL1QPzQ4u8+p3n5zL\/14iuqoLrZXsf4EXJ6Z4s6vvHqhLWP1hXQ+YUs+094hq6e7rtaH+c8Ak7Jc7+dI+ksvXb8V+OHWF9JNLVPjkhQWAufFA9r1ZgLhztmROuWv7XeoMGDfL4F0ttyVS7evKMAAAAAElFTkSuQmCC\" alt=\"CAPTCHA image\" data-element-id=\"27\" width=\"115\" height=\"40\" \/><\/div><\/div><p class=\"quform-description quform-description-below\">Bu spam \u00f6nlememize yard\u0131mc\u0131 olur, te\u015fekk\u00fcrler.<\/p><\/div><\/div><\/div><div class=\"quform-element quform-element-submit quform-element-4_2 quform-cf quform-button-style-sexy-silver\"><div class=\"quform-button-submit quform-button-submit-default quform-button-submit-4_2\"><button name=\"quform_submit\" type=\"submit\" class=\"quform-submit\" value=\"submit\"><span class=\"quform-button-text quform-button-submit-text\">Send<\/span><\/button><\/div><div class=\"quform-loading quform-loading-position-left quform-loading-type-spinner-1\"><div class=\"quform-loading-inner\"><div class=\"quform-loading-spinner\"><div class=\"quform-loading-spinner-inner\"><\/div><\/div><\/div><\/div><\/div><div class=\"quform-element-tree\"><label for=\"quform_4_0_40c84a\">This field should be left blank<\/label><input type=\"text\" id=\"quform_4_0_40c84a\" name=\"quform_4_0\" class=\"quform-field quform-field-tree quform-field-4_0\" tabindex=\"-1\" autocomplete=\"off\" \/><\/div><\/div><\/div><\/div><\/div><\/form><\/div>\t\t<\/div>\n\t\t\t\t<\/div>\n\t\t\t\t\t<\/div>\n\t\t\t\t<\/div>\n\t\t\r\n\t\t<div class=\"default no-position show_shadow rs-sticky-default elementor-element elementor-element-9a87e4d e-flex e-con-boxed e-con e-parent\" data-id=\"9a87e4d\" data-element_type=\"container\">\n\t\t\t\t\t<div class=\"e-con-inner\">\n\t\t\r\n\t\t\t\t<div class=\"elementor-element elementor-element-0a61249 elementor-widget elementor-widget-spacer\" data-id=\"0a61249\" data-element_type=\"widget\" data-widget_type=\"spacer.default\">\n\t\t\t\t<div class=\"elementor-widget-container\">\n\t\t\t\t\t<div class=\"elementor-spacer\">\n\t\t\t<div class=\"elementor-spacer-inner\"><\/div>\n\t\t<\/div>\n\t\t\t\t<\/div>\n\t\t\t\t<\/div>\n\t\t\t\t\t<\/div>\n\t\t\t\t<\/div>\n\t\t\t\t<\/div>\n\t\t","protected":false},"excerpt":{"rendered":"","protected":false},"author":1,"featured_media":0,"parent":0,"menu_order":0,"comment_status":"closed","ping_status":"closed","template":"elementor_header_footer","meta":{"footnotes":""},"class_list":["post-30503","page","type-page","status-publish","hentry"],"yoast_head":"<!-- This site is optimized with the Yoast SEO plugin v23.9 - https:\/\/yoast.com\/wordpress\/plugins\/seo\/ -->\n<title>Test Rapor Formu - STD Transformer<\/title>\n<meta name=\"robots\" content=\"index, follow, max-snippet:-1, max-image-preview:large, max-video-preview:-1\" \/>\n<link rel=\"canonical\" href=\"https:\/\/stdtransformer.com\/tr\/test-rapor-formu\/\" \/>\n<meta property=\"og:locale\" content=\"tr_TR\" \/>\n<meta property=\"og:type\" content=\"article\" \/>\n<meta property=\"og:title\" content=\"Test Rapor Formu - STD Transformer\" \/>\n<meta property=\"og:url\" content=\"https:\/\/stdtransformer.com\/tr\/test-rapor-formu\/\" \/>\n<meta property=\"og:site_name\" content=\"STD Transformer\" \/>\n<meta property=\"article:publisher\" content=\"https:\/\/www.facebook.com\/stdtransformator\" \/>\n<meta property=\"article:modified_time\" content=\"2024-11-26T07:07:38+00:00\" \/>\n<meta name=\"twitter:card\" content=\"summary_large_image\" \/>\n<script type=\"application\/ld+json\" class=\"yoast-schema-graph\">{\"@context\":\"https:\/\/schema.org\",\"@graph\":[{\"@type\":\"WebPage\",\"@id\":\"https:\/\/stdtransformer.com\/tr\/test-rapor-formu\/\",\"url\":\"https:\/\/stdtransformer.com\/tr\/test-rapor-formu\/\",\"name\":\"Test Rapor Formu - STD Transformer\",\"isPartOf\":{\"@id\":\"https:\/\/stdtransformer.com\/tr\/#website\"},\"datePublished\":\"2024-11-26T07:07:30+00:00\",\"dateModified\":\"2024-11-26T07:07:38+00:00\",\"breadcrumb\":{\"@id\":\"https:\/\/stdtransformer.com\/tr\/test-rapor-formu\/#breadcrumb\"},\"inLanguage\":\"tr\",\"potentialAction\":[{\"@type\":\"ReadAction\",\"target\":[\"https:\/\/stdtransformer.com\/tr\/test-rapor-formu\/\"]}]},{\"@type\":\"BreadcrumbList\",\"@id\":\"https:\/\/stdtransformer.com\/tr\/test-rapor-formu\/#breadcrumb\",\"itemListElement\":[{\"@type\":\"ListItem\",\"position\":1,\"name\":\"Anasayfa\",\"item\":\"https:\/\/stdtransformer.com\/tr\/\"},{\"@type\":\"ListItem\",\"position\":2,\"name\":\"Test Rapor Formu\"}]},{\"@type\":\"WebSite\",\"@id\":\"https:\/\/stdtransformer.com\/tr\/#website\",\"url\":\"https:\/\/stdtransformer.com\/tr\/\",\"name\":\"STD Transformer\",\"description\":\"\",\"publisher\":{\"@id\":\"https:\/\/stdtransformer.com\/tr\/#organization\"},\"potentialAction\":[{\"@type\":\"SearchAction\",\"target\":{\"@type\":\"EntryPoint\",\"urlTemplate\":\"https:\/\/stdtransformer.com\/tr\/?s={search_term_string}\"},\"query-input\":{\"@type\":\"PropertyValueSpecification\",\"valueRequired\":true,\"valueName\":\"search_term_string\"}}],\"inLanguage\":\"tr\"},{\"@type\":\"Organization\",\"@id\":\"https:\/\/stdtransformer.com\/tr\/#organization\",\"name\":\"STD Transformer\",\"url\":\"https:\/\/stdtransformer.com\/tr\/\",\"logo\":{\"@type\":\"ImageObject\",\"inLanguage\":\"tr\",\"@id\":\"https:\/\/stdtransformer.com\/tr\/#\/schema\/logo\/image\/\",\"url\":\"https:\/\/stdtransformer.com\/tr\/wp-content\/uploads\/2024\/11\/std-logo-kirmizi-siyah.svg\",\"contentUrl\":\"https:\/\/stdtransformer.com\/tr\/wp-content\/uploads\/2024\/11\/std-logo-kirmizi-siyah.svg\",\"width\":370,\"height\":160,\"caption\":\"STD Transformer\"},\"image\":{\"@id\":\"https:\/\/stdtransformer.com\/tr\/#\/schema\/logo\/image\/\"},\"sameAs\":[\"https:\/\/www.facebook.com\/stdtransformator\",\"https:\/\/www.instagram.com\/transformerstd\/\",\"https:\/\/www.linkedin.com\/company\/std-transformer\",\"https:\/\/www.youtube.com\/@stdtransformer1196\"]}]}<\/script>\n<!-- \/ Yoast SEO plugin. -->","yoast_head_json":{"title":"Test Rapor Formu - STD Transformer","robots":{"index":"index","follow":"follow","max-snippet":"max-snippet:-1","max-image-preview":"max-image-preview:large","max-video-preview":"max-video-preview:-1"},"canonical":"https:\/\/stdtransformer.com\/tr\/test-rapor-formu\/","og_locale":"tr_TR","og_type":"article","og_title":"Test Rapor Formu - STD Transformer","og_url":"https:\/\/stdtransformer.com\/tr\/test-rapor-formu\/","og_site_name":"STD Transformer","article_publisher":"https:\/\/www.facebook.com\/stdtransformator","article_modified_time":"2024-11-26T07:07:38+00:00","twitter_card":"summary_large_image","schema":{"@context":"https:\/\/schema.org","@graph":[{"@type":"WebPage","@id":"https:\/\/stdtransformer.com\/tr\/test-rapor-formu\/","url":"https:\/\/stdtransformer.com\/tr\/test-rapor-formu\/","name":"Test Rapor Formu - STD Transformer","isPartOf":{"@id":"https:\/\/stdtransformer.com\/tr\/#website"},"datePublished":"2024-11-26T07:07:30+00:00","dateModified":"2024-11-26T07:07:38+00:00","breadcrumb":{"@id":"https:\/\/stdtransformer.com\/tr\/test-rapor-formu\/#breadcrumb"},"inLanguage":"tr","potentialAction":[{"@type":"ReadAction","target":["https:\/\/stdtransformer.com\/tr\/test-rapor-formu\/"]}]},{"@type":"BreadcrumbList","@id":"https:\/\/stdtransformer.com\/tr\/test-rapor-formu\/#breadcrumb","itemListElement":[{"@type":"ListItem","position":1,"name":"Anasayfa","item":"https:\/\/stdtransformer.com\/tr\/"},{"@type":"ListItem","position":2,"name":"Test Rapor Formu"}]},{"@type":"WebSite","@id":"https:\/\/stdtransformer.com\/tr\/#website","url":"https:\/\/stdtransformer.com\/tr\/","name":"STD Transformer","description":"","publisher":{"@id":"https:\/\/stdtransformer.com\/tr\/#organization"},"potentialAction":[{"@type":"SearchAction","target":{"@type":"EntryPoint","urlTemplate":"https:\/\/stdtransformer.com\/tr\/?s={search_term_string}"},"query-input":{"@type":"PropertyValueSpecification","valueRequired":true,"valueName":"search_term_string"}}],"inLanguage":"tr"},{"@type":"Organization","@id":"https:\/\/stdtransformer.com\/tr\/#organization","name":"STD Transformer","url":"https:\/\/stdtransformer.com\/tr\/","logo":{"@type":"ImageObject","inLanguage":"tr","@id":"https:\/\/stdtransformer.com\/tr\/#\/schema\/logo\/image\/","url":"https:\/\/stdtransformer.com\/tr\/wp-content\/uploads\/2024\/11\/std-logo-kirmizi-siyah.svg","contentUrl":"https:\/\/stdtransformer.com\/tr\/wp-content\/uploads\/2024\/11\/std-logo-kirmizi-siyah.svg","width":370,"height":160,"caption":"STD Transformer"},"image":{"@id":"https:\/\/stdtransformer.com\/tr\/#\/schema\/logo\/image\/"},"sameAs":["https:\/\/www.facebook.com\/stdtransformator","https:\/\/www.instagram.com\/transformerstd\/","https:\/\/www.linkedin.com\/company\/std-transformer","https:\/\/www.youtube.com\/@stdtransformer1196"]}]}},"_links":{"self":[{"href":"https:\/\/stdtransformer.com\/tr\/wp-json\/wp\/v2\/pages\/30503","targetHints":{"allow":["GET"]}}],"collection":[{"href":"https:\/\/stdtransformer.com\/tr\/wp-json\/wp\/v2\/pages"}],"about":[{"href":"https:\/\/stdtransformer.com\/tr\/wp-json\/wp\/v2\/types\/page"}],"author":[{"embeddable":true,"href":"https:\/\/stdtransformer.com\/tr\/wp-json\/wp\/v2\/users\/1"}],"replies":[{"embeddable":true,"href":"https:\/\/stdtransformer.com\/tr\/wp-json\/wp\/v2\/comments?post=30503"}],"version-history":[{"count":0,"href":"https:\/\/stdtransformer.com\/tr\/wp-json\/wp\/v2\/pages\/30503\/revisions"}],"wp:attachment":[{"href":"https:\/\/stdtransformer.com\/tr\/wp-json\/wp\/v2\/media?parent=30503"}],"curies":[{"name":"wp","href":"https:\/\/api.w.org\/{rel}","templated":true}]}}