{"id":30338,"date":"2024-11-25T12:11:07","date_gmt":"2024-11-25T12:11:07","guid":{"rendered":"https:\/\/stdtransformer.com\/tr\/?page_id=30338"},"modified":"2024-12-26T08:24:56","modified_gmt":"2024-12-26T08:24:56","slug":"kalite-belgeleri","status":"publish","type":"page","link":"https:\/\/stdtransformer.com\/tr\/kalite-belgeleri\/","title":{"rendered":"Kalite Belgeleri"},"content":{"rendered":"\t\t<div data-elementor-type=\"wp-page\" data-elementor-id=\"30338\" class=\"elementor elementor-30338\">\n\t\t\t\t\r\n\t\t<div class=\"default no-position show_shadow rs-sticky-default elementor-element elementor-element-dc06d7f e-flex e-con-boxed e-con e-parent\" data-id=\"dc06d7f\" data-element_type=\"container\">\n\t\t\t\t\t<div class=\"e-con-inner\">\n\t\t\r\n\t\t\t\t<div class=\"elementor-element elementor-element-56f3291 elementor-widget elementor-widget-spacer\" data-id=\"56f3291\" data-element_type=\"widget\" data-widget_type=\"spacer.default\">\n\t\t\t\t<div class=\"elementor-widget-container\">\n\t\t\t\t\t<div class=\"elementor-spacer\">\n\t\t\t<div class=\"elementor-spacer-inner\"><\/div>\n\t\t<\/div>\n\t\t\t\t<\/div>\n\t\t\t\t<\/div>\n\t\t\t\t\t<\/div>\n\t\t\t\t<\/div>\n\t\t\r\n\t\t<div class=\"default no-position show_shadow rs-sticky-default elementor-element elementor-element-23ecb4d e-flex e-con-boxed e-con e-parent\" data-id=\"23ecb4d\" data-element_type=\"container\">\n\t\t\t\t\t<div class=\"e-con-inner\">\n\t\t\r\n\t\t\t\t<div class=\"elementor-element elementor-element-4dd570d elementor-widget elementor-widget-rs-heading\" data-id=\"4dd570d\" data-element_type=\"widget\" data-widget_type=\"rs-heading.default\">\n\t\t\t\t<div class=\"elementor-widget-container\">\n\t\t\t\n\t\t<div class=\"prelements-heading default  \">\n\t\t\t<div class=\"title-inner\">\n\t\t\t\t<h6 class=\"title rs-split-text-disable \">Kalite G\u00fcvencesi<\/h6>\n\t\t\t<\/div>\n\t\t\t\t\t\t\t<div class=\"description\">\n\t\t\t\t\t<p>G\u00fcc\u00fcm\u00fcz ve g\u00fcvenimiz, kan\u0131tlanm\u0131\u015f tasar\u0131mlar, yard\u0131mc\u0131 ve dost\u00e7a bir tedarik\u00e7i taban\u0131, e\u011fitimli ve deneyimli personel, en son tasar\u0131m ve imalat teknolojisi, modern makine ve m\u00fc\u015fteri dostlu\u011fumuzdan gelmektedir. STD Kalite Y\u00f6netim Sistemleri, ISO 9001, ISO 14001 ve OHSAS 18001 \u015fartlar\u0131n\u0131 tamamen kar\u015f\u0131lamaktad\u0131r.<\/p>\t\t\t\t<\/div>\n\t\t\t\t\t<\/div>\n\t\t<\/div>\n\t\t\t\t<\/div>\n\t\t\r\n\t\t\t\t<div class=\"elementor-element elementor-element-0b5455d elementor-widget elementor-widget-rs-heading\" data-id=\"0b5455d\" data-element_type=\"widget\" data-widget_type=\"rs-heading.default\">\n\t\t\t\t<div class=\"elementor-widget-container\">\n\t\t\t\n\t\t<div class=\"prelements-heading default  \">\n\t\t\t<div class=\"title-inner\">\n\t\t\t\t<h6 class=\"title rs-split-text-disable \">Kalite Y\u00f6netimi\n<\/h6>\n\t\t\t<\/div>\n\t\t\t\t\t\t\t<div class=\"description\">\n\t\t\t\t\t<p>Bu t\u00fcr kalite y\u00f6netimi, \u015firketimize bir\u00e7ok sertifikalar ve \u00f6d\u00fcller kazand\u0131rm\u0131\u015f ve uluslararas\u0131 standartlarda bir \u00fcr\u00fcn ger\u00e7ekle\u015ftirilmesi i\u00e7in temel olu\u015fturmu\u015ftur.<\/p>\t\t\t\t<\/div>\n\t\t\t\t\t<\/div>\n\t\t<\/div>\n\t\t\t\t<\/div>\n\t\t\r\n\t\t\t\t<div class=\"elementor-element elementor-element-2dd5987 elementor-widget elementor-widget-spacer\" data-id=\"2dd5987\" data-element_type=\"widget\" data-widget_type=\"spacer.default\">\n\t\t\t\t<div class=\"elementor-widget-container\">\n\t\t\t\t\t<div class=\"elementor-spacer\">\n\t\t\t<div class=\"elementor-spacer-inner\"><\/div>\n\t\t<\/div>\n\t\t\t\t<\/div>\n\t\t\t\t<\/div>\n\t\t\t\t\t<\/div>\n\t\t\t\t<\/div>\n\t\t\r\n\t\t<div class=\"default no-position show_shadow rs-sticky-default elementor-element elementor-element-bdc0e3a e-grid e-con-boxed e-con e-parent\" data-id=\"bdc0e3a\" data-element_type=\"container\">\n\t\t\t\t\t<div class=\"e-con-inner\">\n\t\t\r\n\t\t<div class=\"default no-position show_shadow rs-sticky-default elementor-element elementor-element-f37977f e-con-full e-flex e-con e-child\" data-id=\"f37977f\" data-element_type=\"container\">\n\t\t\r\n\t\t\t\t<div class=\"elementor-element elementor-element-cc32337 elementor-widget elementor-widget-image\" data-id=\"cc32337\" data-element_type=\"widget\" data-widget_type=\"image.default\">\n\t\t\t\t<div class=\"elementor-widget-container\">\n\t\t\t\t\t\t\t\t\t\t\t\t\t\t<a href=\"https:\/\/stdtransformer.com\/tr\/wp-content\/uploads\/2024\/11\/std-marka-tescil-belgesi.webp\" data-elementor-open-lightbox=\"yes\" data-e-action-hash=\"#elementor-action%3Aaction%3Dlightbox%26settings%3DeyJpZCI6MzAzNDgsInVybCI6Imh0dHBzOlwvXC9zdGR0cmFuc2Zvcm1lci5jb21cL3RyXC93cC1jb250ZW50XC91cGxvYWRzXC8yMDI0XC8xMVwvc3RkLW1hcmthLXRlc2NpbC1iZWxnZXNpLndlYnAifQ%3D%3D\">\n\t\t\t\t\t\t\t<img fetchpriority=\"high\" decoding=\"async\" width=\"630\" height=\"891\" src=\"https:\/\/stdtransformer.com\/tr\/wp-content\/uploads\/2024\/11\/std-marka-tescil-belgesi.webp\" class=\"attachment-full size-full wp-image-30348\" alt=\"\" srcset=\"https:\/\/stdtransformer.com\/tr\/wp-content\/uploads\/2024\/11\/std-marka-tescil-belgesi.webp 630w, https:\/\/stdtransformer.com\/tr\/wp-content\/uploads\/2024\/11\/std-marka-tescil-belgesi-212x300.webp 212w\" sizes=\"(max-width: 630px) 100vw, 630px\" \/>\t\t\t\t\t\t\t\t<\/a>\n\t\t\t\t\t\t\t\t\t\t\t\t\t<\/div>\n\t\t\t\t<\/div>\n\t\t\t\t<\/div>\n\t\t\r\n\t\t<div class=\"default no-position show_shadow rs-sticky-default elementor-element elementor-element-e88a154 e-con-full e-flex e-con e-child\" data-id=\"e88a154\" data-element_type=\"container\">\n\t\t\r\n\t\t\t\t<div class=\"elementor-element elementor-element-257f5c4 elementor-widget elementor-widget-image\" data-id=\"257f5c4\" data-element_type=\"widget\" data-widget_type=\"image.default\">\n\t\t\t\t<div class=\"elementor-widget-container\">\n\t\t\t\t\t\t\t\t\t\t\t\t\t\t<a href=\"https:\/\/stdtransformer.com\/tr\/wp-content\/uploads\/2024\/12\/sami-trafo-iso-9001-2015.pdf\" target=\"_blank\">\n\t\t\t\t\t\t\t<img decoding=\"async\" width=\"1798\" height=\"2560\" src=\"https:\/\/stdtransformer.com\/tr\/wp-content\/uploads\/2024\/12\/sami-trafo-iso-9001-2015-scaled.webp\" class=\"attachment-full size-full wp-image-31477\" alt=\"\" srcset=\"https:\/\/stdtransformer.com\/tr\/wp-content\/uploads\/2024\/12\/sami-trafo-iso-9001-2015-scaled.webp 1798w, https:\/\/stdtransformer.com\/tr\/wp-content\/uploads\/2024\/12\/sami-trafo-iso-9001-2015-211x300.webp 211w, https:\/\/stdtransformer.com\/tr\/wp-content\/uploads\/2024\/12\/sami-trafo-iso-9001-2015-719x1024.webp 719w, https:\/\/stdtransformer.com\/tr\/wp-content\/uploads\/2024\/12\/sami-trafo-iso-9001-2015-768x1094.webp 768w, https:\/\/stdtransformer.com\/tr\/wp-content\/uploads\/2024\/12\/sami-trafo-iso-9001-2015-1079x1536.webp 1079w, https:\/\/stdtransformer.com\/tr\/wp-content\/uploads\/2024\/12\/sami-trafo-iso-9001-2015-1438x2048.webp 1438w\" sizes=\"(max-width: 1798px) 100vw, 1798px\" \/>\t\t\t\t\t\t\t\t<\/a>\n\t\t\t\t\t\t\t\t\t\t\t\t\t<\/div>\n\t\t\t\t<\/div>\n\t\t\t\t<\/div>\n\t\t\r\n\t\t<div class=\"default no-position show_shadow rs-sticky-default elementor-element elementor-element-b2ce755 e-con-full e-flex e-con e-child\" data-id=\"b2ce755\" data-element_type=\"container\">\n\t\t\r\n\t\t\t\t<div class=\"elementor-element elementor-element-e343b04 elementor-widget elementor-widget-image\" data-id=\"e343b04\" data-element_type=\"widget\" data-widget_type=\"image.default\">\n\t\t\t\t<div class=\"elementor-widget-container\">\n\t\t\t\t\t\t\t\t\t\t\t\t\t\t<a href=\"https:\/\/stdtransformer.com\/tr\/wp-content\/uploads\/2024\/12\/sami-trafo-iso-14001-2015.pdf\" target=\"_blank\">\n\t\t\t\t\t\t\t<img decoding=\"async\" width=\"1798\" height=\"2560\" src=\"https:\/\/stdtransformer.com\/tr\/wp-content\/uploads\/2024\/12\/sami-trafo-iso-14001-2015-scaled.webp\" class=\"attachment-full size-full wp-image-31475\" alt=\"\" srcset=\"https:\/\/stdtransformer.com\/tr\/wp-content\/uploads\/2024\/12\/sami-trafo-iso-14001-2015-scaled.webp 1798w, https:\/\/stdtransformer.com\/tr\/wp-content\/uploads\/2024\/12\/sami-trafo-iso-14001-2015-211x300.webp 211w, https:\/\/stdtransformer.com\/tr\/wp-content\/uploads\/2024\/12\/sami-trafo-iso-14001-2015-719x1024.webp 719w, https:\/\/stdtransformer.com\/tr\/wp-content\/uploads\/2024\/12\/sami-trafo-iso-14001-2015-768x1094.webp 768w, https:\/\/stdtransformer.com\/tr\/wp-content\/uploads\/2024\/12\/sami-trafo-iso-14001-2015-1079x1536.webp 1079w, https:\/\/stdtransformer.com\/tr\/wp-content\/uploads\/2024\/12\/sami-trafo-iso-14001-2015-1438x2048.webp 1438w\" sizes=\"(max-width: 1798px) 100vw, 1798px\" \/>\t\t\t\t\t\t\t\t<\/a>\n\t\t\t\t\t\t\t\t\t\t\t\t\t<\/div>\n\t\t\t\t<\/div>\n\t\t\t\t<\/div>\n\t\t\r\n\t\t<div class=\"default no-position show_shadow rs-sticky-default elementor-element elementor-element-bed97bc e-con-full e-flex e-con e-child\" data-id=\"bed97bc\" data-element_type=\"container\">\n\t\t\r\n\t\t\t\t<div class=\"elementor-element elementor-element-e30db5e elementor-widget elementor-widget-image\" data-id=\"e30db5e\" data-element_type=\"widget\" data-widget_type=\"image.default\">\n\t\t\t\t<div class=\"elementor-widget-container\">\n\t\t\t\t\t\t\t\t\t\t\t\t\t\t<a href=\"https:\/\/stdtransformer.com\/tr\/wp-content\/uploads\/2024\/12\/sami-trafo-iso-45001-2018.pdf\" target=\"_blank\">\n\t\t\t\t\t\t\t<img loading=\"lazy\" decoding=\"async\" width=\"1798\" height=\"2560\" src=\"https:\/\/stdtransformer.com\/tr\/wp-content\/uploads\/2024\/12\/sami-trafo-iso-45001-2018-scaled.webp\" class=\"attachment-full size-full wp-image-31473\" alt=\"\" srcset=\"https:\/\/stdtransformer.com\/tr\/wp-content\/uploads\/2024\/12\/sami-trafo-iso-45001-2018-scaled.webp 1798w, https:\/\/stdtransformer.com\/tr\/wp-content\/uploads\/2024\/12\/sami-trafo-iso-45001-2018-211x300.webp 211w, https:\/\/stdtransformer.com\/tr\/wp-content\/uploads\/2024\/12\/sami-trafo-iso-45001-2018-719x1024.webp 719w, https:\/\/stdtransformer.com\/tr\/wp-content\/uploads\/2024\/12\/sami-trafo-iso-45001-2018-768x1094.webp 768w, https:\/\/stdtransformer.com\/tr\/wp-content\/uploads\/2024\/12\/sami-trafo-iso-45001-2018-1079x1536.webp 1079w, https:\/\/stdtransformer.com\/tr\/wp-content\/uploads\/2024\/12\/sami-trafo-iso-45001-2018-1438x2048.webp 1438w\" sizes=\"(max-width: 1798px) 100vw, 1798px\" \/>\t\t\t\t\t\t\t\t<\/a>\n\t\t\t\t\t\t\t\t\t\t\t\t\t<\/div>\n\t\t\t\t<\/div>\n\t\t\t\t<\/div>\n\t\t\r\n\t\t\t\t<div class=\"elementor-element elementor-element-a827646 elementor-widget elementor-widget-image\" data-id=\"a827646\" data-element_type=\"widget\" data-widget_type=\"image.default\">\n\t\t\t\t<div class=\"elementor-widget-container\">\n\t\t\t\t\t\t\t\t\t\t\t\t\t\t<a href=\"https:\/\/stdtransformer.com\/tr\/wp-content\/uploads\/2024\/12\/std-transformator-makina-emniyeti-yonetmeligi-uygunluk-onayi.pdf\" target=\"_blank\">\n\t\t\t\t\t\t\t<img loading=\"lazy\" decoding=\"async\" width=\"1811\" height=\"2560\" src=\"https:\/\/stdtransformer.com\/tr\/wp-content\/uploads\/2024\/12\/std-transformator-makina-emniyeti-yonetmeligi-uygunluk-onayi-scaled.webp\" class=\"attachment-full size-full wp-image-31471\" alt=\"\" srcset=\"https:\/\/stdtransformer.com\/tr\/wp-content\/uploads\/2024\/12\/std-transformator-makina-emniyeti-yonetmeligi-uygunluk-onayi-scaled.webp 1811w, https:\/\/stdtransformer.com\/tr\/wp-content\/uploads\/2024\/12\/std-transformator-makina-emniyeti-yonetmeligi-uygunluk-onayi-212x300.webp 212w, https:\/\/stdtransformer.com\/tr\/wp-content\/uploads\/2024\/12\/std-transformator-makina-emniyeti-yonetmeligi-uygunluk-onayi-725x1024.webp 725w, https:\/\/stdtransformer.com\/tr\/wp-content\/uploads\/2024\/12\/std-transformator-makina-emniyeti-yonetmeligi-uygunluk-onayi-768x1085.webp 768w, https:\/\/stdtransformer.com\/tr\/wp-content\/uploads\/2024\/12\/std-transformator-makina-emniyeti-yonetmeligi-uygunluk-onayi-1087x1536.webp 1087w, https:\/\/stdtransformer.com\/tr\/wp-content\/uploads\/2024\/12\/std-transformator-makina-emniyeti-yonetmeligi-uygunluk-onayi-1449x2048.webp 1449w\" sizes=\"(max-width: 1811px) 100vw, 1811px\" \/>\t\t\t\t\t\t\t\t<\/a>\n\t\t\t\t\t\t\t\t\t\t\t\t\t<\/div>\n\t\t\t\t<\/div>\n\t\t\r\n\t\t\t\t<div class=\"elementor-element elementor-element-2a35518 elementor-widget elementor-widget-image\" data-id=\"2a35518\" data-element_type=\"widget\" data-widget_type=\"image.default\">\n\t\t\t\t<div class=\"elementor-widget-container\">\n\t\t\t\t\t\t\t\t\t\t\t\t\t\t<a href=\"https:\/\/stdtransformer.com\/tr\/wp-content\/uploads\/2024\/12\/sami-trafo-tse-uygunluk-belgesi.pdf\" target=\"_blank\">\n\t\t\t\t\t\t\t<img loading=\"lazy\" decoding=\"async\" width=\"1708\" height=\"2560\" src=\"https:\/\/stdtransformer.com\/tr\/wp-content\/uploads\/2024\/12\/sami-trafo-tse-uygunluk-belgesi-scaled.webp\" class=\"attachment-full size-full wp-image-31472\" alt=\"\" srcset=\"https:\/\/stdtransformer.com\/tr\/wp-content\/uploads\/2024\/12\/sami-trafo-tse-uygunluk-belgesi-scaled.webp 1708w, https:\/\/stdtransformer.com\/tr\/wp-content\/uploads\/2024\/12\/sami-trafo-tse-uygunluk-belgesi-200x300.webp 200w, https:\/\/stdtransformer.com\/tr\/wp-content\/uploads\/2024\/12\/sami-trafo-tse-uygunluk-belgesi-683x1024.webp 683w, https:\/\/stdtransformer.com\/tr\/wp-content\/uploads\/2024\/12\/sami-trafo-tse-uygunluk-belgesi-768x1151.webp 768w, https:\/\/stdtransformer.com\/tr\/wp-content\/uploads\/2024\/12\/sami-trafo-tse-uygunluk-belgesi-1025x1536.webp 1025w, https:\/\/stdtransformer.com\/tr\/wp-content\/uploads\/2024\/12\/sami-trafo-tse-uygunluk-belgesi-1366x2048.webp 1366w\" sizes=\"(max-width: 1708px) 100vw, 1708px\" \/>\t\t\t\t\t\t\t\t<\/a>\n\t\t\t\t\t\t\t\t\t\t\t\t\t<\/div>\n\t\t\t\t<\/div>\n\t\t\t\t\t<\/div>\n\t\t\t\t<\/div>\n\t\t\r\n\t\t<div class=\"default no-position show_shadow rs-sticky-default elementor-element elementor-element-b203596 e-flex e-con-boxed e-con e-parent\" data-id=\"b203596\" data-element_type=\"container\">\n\t\t\t\t\t<div class=\"e-con-inner\">\n\t\t\r\n\t\t\t\t<div class=\"elementor-element elementor-element-9a02988 elementor-widget elementor-widget-spacer\" data-id=\"9a02988\" data-element_type=\"widget\" data-widget_type=\"spacer.default\">\n\t\t\t\t<div class=\"elementor-widget-container\">\n\t\t\t\t\t<div class=\"elementor-spacer\">\n\t\t\t<div class=\"elementor-spacer-inner\"><\/div>\n\t\t<\/div>\n\t\t\t\t<\/div>\n\t\t\t\t<\/div>\n\t\t\t\t\t<\/div>\n\t\t\t\t<\/div>\n\t\t\t\t<\/div>\n\t\t","protected":false},"excerpt":{"rendered":"<p>Kalite G\u00fcvencesi G\u00fcc\u00fcm\u00fcz ve g\u00fcvenimiz, kan\u0131tlanm\u0131\u015f tasar\u0131mlar, yard\u0131mc\u0131 ve dost\u00e7a bir tedarik\u00e7i taban\u0131, e\u011fitimli ve deneyimli personel, en son tasar\u0131m ve imalat teknolojisi, modern makine ve m\u00fc\u015fteri dostlu\u011fumuzdan gelmektedir. STD Kalite Y\u00f6netim Sistemleri, ISO 9001, ISO 14001 ve OHSAS 18001 \u015fartlar\u0131n\u0131 tamamen kar\u015f\u0131lamaktad\u0131r. Kalite Y\u00f6netimi Bu t\u00fcr kalite y\u00f6netimi, \u015firketimize bir\u00e7ok sertifikalar ve \u00f6d\u00fcller kazand\u0131rm\u0131\u015f&#8230;<\/p>\n","protected":false},"author":1,"featured_media":0,"parent":0,"menu_order":0,"comment_status":"closed","ping_status":"closed","template":"elementor_header_footer","meta":{"footnotes":""},"class_list":["post-30338","page","type-page","status-publish","hentry"],"yoast_head":"<!-- This site is optimized with the Yoast SEO plugin v23.9 - https:\/\/yoast.com\/wordpress\/plugins\/seo\/ -->\n<title>Kalite Belgeleri - STD Transformer<\/title>\n<meta name=\"robots\" content=\"index, follow, max-snippet:-1, max-image-preview:large, max-video-preview:-1\" \/>\n<link rel=\"canonical\" href=\"https:\/\/stdtransformer.com\/tr\/kalite-belgeleri\/\" \/>\n<meta property=\"og:locale\" content=\"tr_TR\" \/>\n<meta property=\"og:type\" content=\"article\" \/>\n<meta property=\"og:title\" content=\"Kalite Belgeleri - STD Transformer\" \/>\n<meta property=\"og:description\" content=\"Kalite G\u00fcvencesi G\u00fcc\u00fcm\u00fcz ve g\u00fcvenimiz, kan\u0131tlanm\u0131\u015f tasar\u0131mlar, yard\u0131mc\u0131 ve dost\u00e7a bir tedarik\u00e7i taban\u0131, e\u011fitimli ve deneyimli personel, en son tasar\u0131m ve imalat teknolojisi, modern makine ve m\u00fc\u015fteri dostlu\u011fumuzdan gelmektedir. STD Kalite Y\u00f6netim Sistemleri, ISO 9001, ISO 14001 ve OHSAS 18001 \u015fartlar\u0131n\u0131 tamamen kar\u015f\u0131lamaktad\u0131r. Kalite Y\u00f6netimi Bu t\u00fcr kalite y\u00f6netimi, \u015firketimize bir\u00e7ok sertifikalar ve \u00f6d\u00fcller kazand\u0131rm\u0131\u015f...\" \/>\n<meta property=\"og:url\" content=\"https:\/\/stdtransformer.com\/tr\/kalite-belgeleri\/\" \/>\n<meta property=\"og:site_name\" content=\"STD Transformer\" \/>\n<meta property=\"article:publisher\" content=\"https:\/\/www.facebook.com\/stdtransformator\" \/>\n<meta property=\"article:modified_time\" content=\"2024-12-26T08:24:56+00:00\" \/>\n<meta property=\"og:image\" content=\"https:\/\/stdtransformer.com\/tr\/wp-content\/uploads\/2024\/11\/std-marka-tescil-belgesi.webp\" \/>\n\t<meta property=\"og:image:width\" content=\"630\" \/>\n\t<meta property=\"og:image:height\" content=\"891\" \/>\n\t<meta property=\"og:image:type\" content=\"image\/webp\" \/>\n<meta name=\"twitter:card\" content=\"summary_large_image\" \/>\n<meta name=\"twitter:label1\" content=\"Tahmini okuma s\u00fcresi\" \/>\n\t<meta name=\"twitter:data1\" content=\"2 dakika\" \/>\n<script type=\"application\/ld+json\" class=\"yoast-schema-graph\">{\"@context\":\"https:\/\/schema.org\",\"@graph\":[{\"@type\":\"WebPage\",\"@id\":\"https:\/\/stdtransformer.com\/tr\/kalite-belgeleri\/\",\"url\":\"https:\/\/stdtransformer.com\/tr\/kalite-belgeleri\/\",\"name\":\"Kalite Belgeleri - STD Transformer\",\"isPartOf\":{\"@id\":\"https:\/\/stdtransformer.com\/tr\/#website\"},\"primaryImageOfPage\":{\"@id\":\"https:\/\/stdtransformer.com\/tr\/kalite-belgeleri\/#primaryimage\"},\"image\":{\"@id\":\"https:\/\/stdtransformer.com\/tr\/kalite-belgeleri\/#primaryimage\"},\"thumbnailUrl\":\"https:\/\/stdtransformer.com\/tr\/wp-content\/uploads\/2024\/11\/std-marka-tescil-belgesi.webp\",\"datePublished\":\"2024-11-25T12:11:07+00:00\",\"dateModified\":\"2024-12-26T08:24:56+00:00\",\"breadcrumb\":{\"@id\":\"https:\/\/stdtransformer.com\/tr\/kalite-belgeleri\/#breadcrumb\"},\"inLanguage\":\"tr\",\"potentialAction\":[{\"@type\":\"ReadAction\",\"target\":[\"https:\/\/stdtransformer.com\/tr\/kalite-belgeleri\/\"]}]},{\"@type\":\"ImageObject\",\"inLanguage\":\"tr\",\"@id\":\"https:\/\/stdtransformer.com\/tr\/kalite-belgeleri\/#primaryimage\",\"url\":\"https:\/\/stdtransformer.com\/tr\/wp-content\/uploads\/2024\/11\/std-marka-tescil-belgesi.webp\",\"contentUrl\":\"https:\/\/stdtransformer.com\/tr\/wp-content\/uploads\/2024\/11\/std-marka-tescil-belgesi.webp\"},{\"@type\":\"BreadcrumbList\",\"@id\":\"https:\/\/stdtransformer.com\/tr\/kalite-belgeleri\/#breadcrumb\",\"itemListElement\":[{\"@type\":\"ListItem\",\"position\":1,\"name\":\"Anasayfa\",\"item\":\"https:\/\/stdtransformer.com\/tr\/\"},{\"@type\":\"ListItem\",\"position\":2,\"name\":\"Kalite Belgeleri\"}]},{\"@type\":\"WebSite\",\"@id\":\"https:\/\/stdtransformer.com\/tr\/#website\",\"url\":\"https:\/\/stdtransformer.com\/tr\/\",\"name\":\"STD Transformer\",\"description\":\"\",\"publisher\":{\"@id\":\"https:\/\/stdtransformer.com\/tr\/#organization\"},\"potentialAction\":[{\"@type\":\"SearchAction\",\"target\":{\"@type\":\"EntryPoint\",\"urlTemplate\":\"https:\/\/stdtransformer.com\/tr\/?s={search_term_string}\"},\"query-input\":{\"@type\":\"PropertyValueSpecification\",\"valueRequired\":true,\"valueName\":\"search_term_string\"}}],\"inLanguage\":\"tr\"},{\"@type\":\"Organization\",\"@id\":\"https:\/\/stdtransformer.com\/tr\/#organization\",\"name\":\"STD Transformer\",\"url\":\"https:\/\/stdtransformer.com\/tr\/\",\"logo\":{\"@type\":\"ImageObject\",\"inLanguage\":\"tr\",\"@id\":\"https:\/\/stdtransformer.com\/tr\/#\/schema\/logo\/image\/\",\"url\":\"https:\/\/stdtransformer.com\/tr\/wp-content\/uploads\/2024\/11\/std-logo-kirmizi-siyah.svg\",\"contentUrl\":\"https:\/\/stdtransformer.com\/tr\/wp-content\/uploads\/2024\/11\/std-logo-kirmizi-siyah.svg\",\"width\":370,\"height\":160,\"caption\":\"STD Transformer\"},\"image\":{\"@id\":\"https:\/\/stdtransformer.com\/tr\/#\/schema\/logo\/image\/\"},\"sameAs\":[\"https:\/\/www.facebook.com\/stdtransformator\",\"https:\/\/www.instagram.com\/transformerstd\/\",\"https:\/\/www.linkedin.com\/company\/std-transformer\",\"https:\/\/www.youtube.com\/@stdtransformer1196\"]}]}<\/script>\n<!-- \/ Yoast SEO plugin. -->","yoast_head_json":{"title":"Kalite Belgeleri - STD Transformer","robots":{"index":"index","follow":"follow","max-snippet":"max-snippet:-1","max-image-preview":"max-image-preview:large","max-video-preview":"max-video-preview:-1"},"canonical":"https:\/\/stdtransformer.com\/tr\/kalite-belgeleri\/","og_locale":"tr_TR","og_type":"article","og_title":"Kalite Belgeleri - STD Transformer","og_description":"Kalite G\u00fcvencesi G\u00fcc\u00fcm\u00fcz ve g\u00fcvenimiz, kan\u0131tlanm\u0131\u015f tasar\u0131mlar, yard\u0131mc\u0131 ve dost\u00e7a bir tedarik\u00e7i taban\u0131, e\u011fitimli ve deneyimli personel, en son tasar\u0131m ve imalat teknolojisi, modern makine ve m\u00fc\u015fteri dostlu\u011fumuzdan gelmektedir. STD Kalite Y\u00f6netim Sistemleri, ISO 9001, ISO 14001 ve OHSAS 18001 \u015fartlar\u0131n\u0131 tamamen kar\u015f\u0131lamaktad\u0131r. Kalite Y\u00f6netimi Bu t\u00fcr kalite y\u00f6netimi, \u015firketimize bir\u00e7ok sertifikalar ve \u00f6d\u00fcller kazand\u0131rm\u0131\u015f...","og_url":"https:\/\/stdtransformer.com\/tr\/kalite-belgeleri\/","og_site_name":"STD Transformer","article_publisher":"https:\/\/www.facebook.com\/stdtransformator","article_modified_time":"2024-12-26T08:24:56+00:00","og_image":[{"width":630,"height":891,"url":"https:\/\/stdtransformer.com\/tr\/wp-content\/uploads\/2024\/11\/std-marka-tescil-belgesi.webp","type":"image\/webp"}],"twitter_card":"summary_large_image","twitter_misc":{"Tahmini okuma s\u00fcresi":"2 dakika"},"schema":{"@context":"https:\/\/schema.org","@graph":[{"@type":"WebPage","@id":"https:\/\/stdtransformer.com\/tr\/kalite-belgeleri\/","url":"https:\/\/stdtransformer.com\/tr\/kalite-belgeleri\/","name":"Kalite Belgeleri - STD Transformer","isPartOf":{"@id":"https:\/\/stdtransformer.com\/tr\/#website"},"primaryImageOfPage":{"@id":"https:\/\/stdtransformer.com\/tr\/kalite-belgeleri\/#primaryimage"},"image":{"@id":"https:\/\/stdtransformer.com\/tr\/kalite-belgeleri\/#primaryimage"},"thumbnailUrl":"https:\/\/stdtransformer.com\/tr\/wp-content\/uploads\/2024\/11\/std-marka-tescil-belgesi.webp","datePublished":"2024-11-25T12:11:07+00:00","dateModified":"2024-12-26T08:24:56+00:00","breadcrumb":{"@id":"https:\/\/stdtransformer.com\/tr\/kalite-belgeleri\/#breadcrumb"},"inLanguage":"tr","potentialAction":[{"@type":"ReadAction","target":["https:\/\/stdtransformer.com\/tr\/kalite-belgeleri\/"]}]},{"@type":"ImageObject","inLanguage":"tr","@id":"https:\/\/stdtransformer.com\/tr\/kalite-belgeleri\/#primaryimage","url":"https:\/\/stdtransformer.com\/tr\/wp-content\/uploads\/2024\/11\/std-marka-tescil-belgesi.webp","contentUrl":"https:\/\/stdtransformer.com\/tr\/wp-content\/uploads\/2024\/11\/std-marka-tescil-belgesi.webp"},{"@type":"BreadcrumbList","@id":"https:\/\/stdtransformer.com\/tr\/kalite-belgeleri\/#breadcrumb","itemListElement":[{"@type":"ListItem","position":1,"name":"Anasayfa","item":"https:\/\/stdtransformer.com\/tr\/"},{"@type":"ListItem","position":2,"name":"Kalite Belgeleri"}]},{"@type":"WebSite","@id":"https:\/\/stdtransformer.com\/tr\/#website","url":"https:\/\/stdtransformer.com\/tr\/","name":"STD Transformer","description":"","publisher":{"@id":"https:\/\/stdtransformer.com\/tr\/#organization"},"potentialAction":[{"@type":"SearchAction","target":{"@type":"EntryPoint","urlTemplate":"https:\/\/stdtransformer.com\/tr\/?s={search_term_string}"},"query-input":{"@type":"PropertyValueSpecification","valueRequired":true,"valueName":"search_term_string"}}],"inLanguage":"tr"},{"@type":"Organization","@id":"https:\/\/stdtransformer.com\/tr\/#organization","name":"STD Transformer","url":"https:\/\/stdtransformer.com\/tr\/","logo":{"@type":"ImageObject","inLanguage":"tr","@id":"https:\/\/stdtransformer.com\/tr\/#\/schema\/logo\/image\/","url":"https:\/\/stdtransformer.com\/tr\/wp-content\/uploads\/2024\/11\/std-logo-kirmizi-siyah.svg","contentUrl":"https:\/\/stdtransformer.com\/tr\/wp-content\/uploads\/2024\/11\/std-logo-kirmizi-siyah.svg","width":370,"height":160,"caption":"STD Transformer"},"image":{"@id":"https:\/\/stdtransformer.com\/tr\/#\/schema\/logo\/image\/"},"sameAs":["https:\/\/www.facebook.com\/stdtransformator","https:\/\/www.instagram.com\/transformerstd\/","https:\/\/www.linkedin.com\/company\/std-transformer","https:\/\/www.youtube.com\/@stdtransformer1196"]}]}},"_links":{"self":[{"href":"https:\/\/stdtransformer.com\/tr\/wp-json\/wp\/v2\/pages\/30338","targetHints":{"allow":["GET"]}}],"collection":[{"href":"https:\/\/stdtransformer.com\/tr\/wp-json\/wp\/v2\/pages"}],"about":[{"href":"https:\/\/stdtransformer.com\/tr\/wp-json\/wp\/v2\/types\/page"}],"author":[{"embeddable":true,"href":"https:\/\/stdtransformer.com\/tr\/wp-json\/wp\/v2\/users\/1"}],"replies":[{"embeddable":true,"href":"https:\/\/stdtransformer.com\/tr\/wp-json\/wp\/v2\/comments?post=30338"}],"version-history":[{"count":12,"href":"https:\/\/stdtransformer.com\/tr\/wp-json\/wp\/v2\/pages\/30338\/revisions"}],"predecessor-version":[{"id":32094,"href":"https:\/\/stdtransformer.com\/tr\/wp-json\/wp\/v2\/pages\/30338\/revisions\/32094"}],"wp:attachment":[{"href":"https:\/\/stdtransformer.com\/tr\/wp-json\/wp\/v2\/media?parent=30338"}],"curies":[{"name":"wp","href":"https:\/\/api.w.org\/{rel}","templated":true}]}}