{"id":30239,"date":"2024-11-25T08:41:02","date_gmt":"2024-11-25T08:41:02","guid":{"rendered":"https:\/\/stdtransformer.com\/tr\/?page_id=30239"},"modified":"2025-03-14T11:20:53","modified_gmt":"2025-03-14T11:20:53","slug":"eko-tasarim","status":"publish","type":"page","link":"https:\/\/stdtransformer.com\/tr\/eko-tasarim\/","title":{"rendered":"Eko Tasar\u0131m"},"content":{"rendered":"\t\t<div data-elementor-type=\"wp-page\" data-elementor-id=\"30239\" class=\"elementor elementor-30239\">\n\t\t\t\t\r\n\t\t<div class=\"default no-position show_shadow rs-sticky-default elementor-element elementor-element-dc06d7f e-flex e-con-boxed e-con e-parent\" data-id=\"dc06d7f\" data-element_type=\"container\">\n\t\t\t\t\t<div class=\"e-con-inner\">\n\t\t\r\n\t\t\t\t<div class=\"elementor-element elementor-element-56f3291 elementor-widget elementor-widget-spacer\" data-id=\"56f3291\" data-element_type=\"widget\" data-widget_type=\"spacer.default\">\n\t\t\t\t<div class=\"elementor-widget-container\">\n\t\t\t\t\t<div class=\"elementor-spacer\">\n\t\t\t<div class=\"elementor-spacer-inner\"><\/div>\n\t\t<\/div>\n\t\t\t\t<\/div>\n\t\t\t\t<\/div>\n\t\t\t\t\t<\/div>\n\t\t\t\t<\/div>\n\t\t\r\n\t\t<div class=\"default no-position show_shadow rs-sticky-default elementor-element elementor-element-60a256a e-flex e-con-boxed e-con e-parent\" data-id=\"60a256a\" data-element_type=\"container\">\n\t\t\t\t\t<div class=\"e-con-inner\">\n\t\t\r\n\t\t<div class=\"default no-position show_shadow rs-sticky-default elementor-element elementor-element-4ec995d e-con-full e-flex e-con e-child\" data-id=\"4ec995d\" data-element_type=\"container\">\n\t\t\r\n\t\t\t\t<div class=\"elementor-element elementor-element-1354086 elementor-widget elementor-widget-rs-heading\" data-id=\"1354086\" data-element_type=\"widget\" data-widget_type=\"rs-heading.default\">\n\t\t\t\t<div class=\"elementor-widget-container\">\n\t\t\t\n\t\t<div class=\"prelements-heading default  \">\n\t\t\t<div class=\"title-inner\">\n\t\t\t\t<h4 class=\"title rs-split-text-disable \">Eko Tasar\u0131m Transformat\u00f6rler<\/h4>\n\t\t\t<\/div>\n\t\t\t\t\t<\/div>\n\t\t<\/div>\n\t\t\t\t<\/div>\n\t\t\r\n\t\t\t\t<div class=\"elementor-element elementor-element-049c6e2 elementor-widget elementor-widget-text-editor\" data-id=\"049c6e2\" data-element_type=\"widget\" data-widget_type=\"text-editor.default\">\n\t\t\t\t<div class=\"elementor-widget-container\">\n\t\t\t\t\t\t\t<p>STD Transformat\u00f6r olarak, Avrupa m\u00fc\u015fterilerimizin taleplerine g\u00f6re d\u00fc\u015f\u00fck kay\u0131pl\u0131 trafo \u00fcretimini 2014 y\u0131l\u0131ndan bu yana ger\u00e7ekle\u015ftirmekteyiz. EU 548\/2014 standard\u0131n\u0131n teknik \u015fartnamelerine ve gerekliliklerine kesinlikle uyan, \u2018CE\u2019 i\u015faretli, sertifikal\u0131 ve kalibre edilmi\u015f bir laboratuvar testiyle kontrol edilen transformat\u00f6rler imal ederek EcoDesign Direktifi&#8217;ne uymay\u0131 taahh\u00fct ediyoruz.<\/p>\t\t\t\t\t\t<\/div>\n\t\t\t\t<\/div>\n\t\t\t\t<\/div>\n\t\t\r\n\t\t<div class=\"default no-position show_shadow rs-sticky-default elementor-element elementor-element-c7adf77 e-con-full e-flex e-con e-child\" data-id=\"c7adf77\" data-element_type=\"container\">\n\t\t\r\n\t\t\t\t<div class=\"elementor-element elementor-element-c70e954 elementor-widget elementor-widget-image\" data-id=\"c70e954\" data-element_type=\"widget\" data-widget_type=\"image.default\">\n\t\t\t\t<div class=\"elementor-widget-container\">\n\t\t\t\t\t\t\t\t\t\t\t\t\t<img fetchpriority=\"high\" decoding=\"async\" width=\"2560\" height=\"1707\" src=\"https:\/\/stdtransformer.com\/tr\/wp-content\/uploads\/2024\/12\/design-eco-logo-std-transformator-scaled.webp\" class=\"attachment-full size-full wp-image-31717\" alt=\"\" srcset=\"https:\/\/stdtransformer.com\/tr\/wp-content\/uploads\/2024\/12\/design-eco-logo-std-transformator-scaled.webp 2560w, https:\/\/stdtransformer.com\/tr\/wp-content\/uploads\/2024\/12\/design-eco-logo-std-transformator-300x200.webp 300w, https:\/\/stdtransformer.com\/tr\/wp-content\/uploads\/2024\/12\/design-eco-logo-std-transformator-1024x683.webp 1024w, https:\/\/stdtransformer.com\/tr\/wp-content\/uploads\/2024\/12\/design-eco-logo-std-transformator-768x512.webp 768w, https:\/\/stdtransformer.com\/tr\/wp-content\/uploads\/2024\/12\/design-eco-logo-std-transformator-1536x1024.webp 1536w, https:\/\/stdtransformer.com\/tr\/wp-content\/uploads\/2024\/12\/design-eco-logo-std-transformator-2048x1365.webp 2048w\" sizes=\"(max-width: 2560px) 100vw, 2560px\" \/>\t\t\t\t\t\t\t\t\t\t\t\t\t<\/div>\n\t\t\t\t<\/div>\n\t\t\t\t<\/div>\n\t\t\t\t\t<\/div>\n\t\t\t\t<\/div>\n\t\t\r\n\t\t<div class=\"default no-position show_shadow rs-sticky-default elementor-element elementor-element-affa00d e-flex e-con-boxed e-con e-parent\" data-id=\"affa00d\" data-element_type=\"container\">\n\t\t\t\t\t<div class=\"e-con-inner\">\n\t\t\r\n\t\t\t\t<div class=\"elementor-element elementor-element-e86c2a6 elementor-hidden-desktop elementor-widget elementor-widget-spacer\" data-id=\"e86c2a6\" data-element_type=\"widget\" data-widget_type=\"spacer.default\">\n\t\t\t\t<div class=\"elementor-widget-container\">\n\t\t\t\t\t<div class=\"elementor-spacer\">\n\t\t\t<div class=\"elementor-spacer-inner\"><\/div>\n\t\t<\/div>\n\t\t\t\t<\/div>\n\t\t\t\t<\/div>\n\t\t\t\t\t<\/div>\n\t\t\t\t<\/div>\n\t\t\r\n\t\t<div class=\"default no-position show_shadow rs-sticky-default elementor-element elementor-element-89ecd28 e-flex e-con-boxed e-con e-parent\" data-id=\"89ecd28\" data-element_type=\"container\">\n\t\t\t\t\t<div class=\"e-con-inner\">\n\t\t\r\n\t\t\t\t<div class=\"elementor-element elementor-element-59d631e elementor-widget elementor-widget-image\" data-id=\"59d631e\" data-element_type=\"widget\" data-settings=\"{&quot;_animation&quot;:&quot;none&quot;}\" data-widget_type=\"image.default\">\n\t\t\t\t<div class=\"elementor-widget-container\">\n\t\t\t\t\t\t\t\t\t\t\t\t\t<img decoding=\"async\" width=\"2049\" height=\"1025\" src=\"https:\/\/stdtransformer.com\/tr\/wp-content\/uploads\/2024\/12\/eko-tasarim-transformatorler-std-transformator.webp\" class=\"attachment-full size-full wp-image-31744\" alt=\"\" srcset=\"https:\/\/stdtransformer.com\/tr\/wp-content\/uploads\/2024\/12\/eko-tasarim-transformatorler-std-transformator.webp 2049w, https:\/\/stdtransformer.com\/tr\/wp-content\/uploads\/2024\/12\/eko-tasarim-transformatorler-std-transformator-300x150.webp 300w, https:\/\/stdtransformer.com\/tr\/wp-content\/uploads\/2024\/12\/eko-tasarim-transformatorler-std-transformator-1024x512.webp 1024w, https:\/\/stdtransformer.com\/tr\/wp-content\/uploads\/2024\/12\/eko-tasarim-transformatorler-std-transformator-768x384.webp 768w, https:\/\/stdtransformer.com\/tr\/wp-content\/uploads\/2024\/12\/eko-tasarim-transformatorler-std-transformator-1536x768.webp 1536w\" sizes=\"(max-width: 2049px) 100vw, 2049px\" \/>\t\t\t\t\t\t\t\t\t\t\t\t\t<\/div>\n\t\t\t\t<\/div>\n\t\t\r\n\t\t\t\t<div class=\"elementor-element elementor-element-9c5c2dc elementor-hidden-desktop elementor-widget elementor-widget-spacer\" data-id=\"9c5c2dc\" data-element_type=\"widget\" data-widget_type=\"spacer.default\">\n\t\t\t\t<div class=\"elementor-widget-container\">\n\t\t\t\t\t<div class=\"elementor-spacer\">\n\t\t\t<div class=\"elementor-spacer-inner\"><\/div>\n\t\t<\/div>\n\t\t\t\t<\/div>\n\t\t\t\t<\/div>\n\t\t\t\t\t<\/div>\n\t\t\t\t<\/div>\n\t\t\r\n\t\t<div class=\"default no-position show_shadow rs-sticky-default elementor-element elementor-element-59f7ff1 e-flex e-con-boxed e-con e-parent\" data-id=\"59f7ff1\" data-element_type=\"container\">\n\t\t\t\t\t<div class=\"e-con-inner\">\n\t\t\r\n\t\t\t\t<div class=\"elementor-element elementor-element-0067e9b elementor-widget elementor-widget-html\" data-id=\"0067e9b\" data-element_type=\"widget\" data-widget_type=\"html.default\">\n\t\t\t\t<div class=\"elementor-widget-container\">\n\t\t\t<table border=\"1\" style=\"border-collapse: collapse; width: 100%; text-align: center;\">\r\n    <thead>\r\n        <tr>\r\n            <th style=\"background-color: #239948; color: white;\">G\u00fc\u00e7 De\u011feri<\/th>\r\n            <th colspan=\"2\" style=\"background-color: #239948; color: white;\">Tier-2<br>1 Temmuz 2021'den itibaren<\/th>\r\n        <\/tr>\r\n        <tr>\r\n            <th><\/th>\r\n            <th style=\"background-color: #239948; color: white;\">Bo\u015fta Kay\u0131p<\/th>\r\n            <th style=\"background-color: #239948; color: white;\">(Ak)<\/th>\r\n        <\/tr>\r\n    <\/thead>\r\n    <tbody>\r\n        <tr>\r\n            <td>\u226425<\/td>\r\n            <td>63 (Ao-10%)<\/td>\r\n            <td>600<\/td>\r\n        <\/tr>\r\n        <tr>\r\n            <td>50<\/td>\r\n            <td>81 (Ao-10%)<\/td>\r\n            <td>750<\/td>\r\n        <\/tr>\r\n        <tr>\r\n            <td>100<\/td>\r\n            <td>130 (Ao-10%)<\/td>\r\n            <td>1250<\/td>\r\n        <\/tr>\r\n        <tr>\r\n            <td>160<\/td>\r\n            <td>189 (Ao-10%)<\/td>\r\n            <td>1750<\/td>\r\n        <\/tr>\r\n        <tr>\r\n            <td>250<\/td>\r\n            <td>270 (Ao-10%)<\/td>\r\n            <td>2350<\/td>\r\n        <\/tr>\r\n        <tr>\r\n            <td>315<\/td>\r\n            <td>324 (Ao-10%)<\/td>\r\n            <td>2800<\/td>\r\n        <\/tr>\r\n        <tr>\r\n            <td>400<\/td>\r\n            <td>387 (Ao-10%)<\/td>\r\n            <td>3250<\/td>\r\n        <\/tr>\r\n        <tr>\r\n            <td>500<\/td>\r\n            <td>459 (Ao-10%)<\/td>\r\n            <td>3900<\/td>\r\n        <\/tr>\r\n        <tr>\r\n            <td>630<\/td>\r\n            <td>540 (Ao-10%)<\/td>\r\n            <td>4600<\/td>\r\n        <\/tr>\r\n        <tr>\r\n            <td>800<\/td>\r\n            <td>585 (Ao-10%)<\/td>\r\n            <td>6000<\/td>\r\n        <\/tr>\r\n        <tr>\r\n            <td>1000<\/td>\r\n            <td>693 (Ao-10%)<\/td>\r\n            <td>7600<\/td>\r\n        <\/tr>\r\n        <tr>\r\n            <td>1250<\/td>\r\n            <td>855 (Ao-10%)<\/td>\r\n            <td>9500<\/td>\r\n        <\/tr>\r\n        <tr>\r\n            <td>1600<\/td>\r\n            <td>1080 (Ao-10%)<\/td>\r\n            <td>12000<\/td>\r\n        <\/tr>\r\n        <tr>\r\n            <td>2000<\/td>\r\n            <td>1305 (Ao-10%)<\/td>\r\n            <td>15000<\/td>\r\n        <\/tr>\r\n        <tr>\r\n            <td>2500<\/td>\r\n            <td>1575 (Ao-10%)<\/td>\r\n            <td>18500<\/td>\r\n        <\/tr>\r\n        <tr>\r\n            <td>3150<\/td>\r\n            <td>1980 (Ao-10%)<\/td>\r\n            <td>23000<\/td>\r\n        <\/tr>\r\n    <\/tbody>\r\n<\/table>\r\n\t\t<\/div>\n\t\t\t\t<\/div>\n\t\t\t\t\t<\/div>\n\t\t\t\t<\/div>\n\t\t\r\n\t\t<div class=\"default no-position show_shadow rs-sticky-default elementor-element elementor-element-7c60b56 e-flex e-con-boxed e-con e-parent\" data-id=\"7c60b56\" data-element_type=\"container\">\n\t\t\t\t\t<div class=\"e-con-inner\">\n\t\t\r\n\t\t\t\t<div class=\"elementor-element elementor-element-d532b9d elementor-widget elementor-widget-spacer\" data-id=\"d532b9d\" data-element_type=\"widget\" data-widget_type=\"spacer.default\">\n\t\t\t\t<div class=\"elementor-widget-container\">\n\t\t\t\t\t<div class=\"elementor-spacer\">\n\t\t\t<div class=\"elementor-spacer-inner\"><\/div>\n\t\t<\/div>\n\t\t\t\t<\/div>\n\t\t\t\t<\/div>\n\t\t\t\t\t<\/div>\n\t\t\t\t<\/div>\n\t\t\r\n\t\t<div class=\"default no-position show_shadow rs-sticky-default elementor-element elementor-element-750ab7d e-flex e-con-boxed e-con e-parent\" data-id=\"750ab7d\" data-element_type=\"container\">\n\t\t\t\t\t<div class=\"e-con-inner\">\n\t\t\r\n\t\t\t\t<div class=\"elementor-element elementor-element-240325a elementor-widget elementor-widget-image\" data-id=\"240325a\" data-element_type=\"widget\" data-widget_type=\"image.default\">\n\t\t\t\t<div class=\"elementor-widget-container\">\n\t\t\t\t\t\t\t\t\t\t\t\t\t<img decoding=\"async\" width=\"2560\" height=\"852\" src=\"https:\/\/stdtransformer.com\/tr\/wp-content\/uploads\/2025\/03\/eko-tasarim-transformator-gorsel-1-scaled-1.webp\" class=\"attachment-full size-full wp-image-33138\" alt=\"\" srcset=\"https:\/\/stdtransformer.com\/tr\/wp-content\/uploads\/2025\/03\/eko-tasarim-transformator-gorsel-1-scaled-1.webp 2560w, https:\/\/stdtransformer.com\/tr\/wp-content\/uploads\/2025\/03\/eko-tasarim-transformator-gorsel-1-scaled-1-300x100.webp 300w, https:\/\/stdtransformer.com\/tr\/wp-content\/uploads\/2025\/03\/eko-tasarim-transformator-gorsel-1-scaled-1-1024x341.webp 1024w, https:\/\/stdtransformer.com\/tr\/wp-content\/uploads\/2025\/03\/eko-tasarim-transformator-gorsel-1-scaled-1-768x256.webp 768w, https:\/\/stdtransformer.com\/tr\/wp-content\/uploads\/2025\/03\/eko-tasarim-transformator-gorsel-1-scaled-1-1536x511.webp 1536w, https:\/\/stdtransformer.com\/tr\/wp-content\/uploads\/2025\/03\/eko-tasarim-transformator-gorsel-1-scaled-1-2048x682.webp 2048w\" sizes=\"(max-width: 2560px) 100vw, 2560px\" \/>\t\t\t\t\t\t\t\t\t\t\t\t\t<\/div>\n\t\t\t\t<\/div>\n\t\t\t\t\t<\/div>\n\t\t\t\t<\/div>\n\t\t\r\n\t\t<div class=\"default no-position show_shadow rs-sticky-default elementor-element elementor-element-f520e0b e-flex e-con-boxed e-con e-parent\" data-id=\"f520e0b\" data-element_type=\"container\">\n\t\t\t\t\t<div class=\"e-con-inner\">\n\t\t\r\n\t\t\t\t<div class=\"elementor-element elementor-element-49b056f elementor-widget elementor-widget-spacer\" data-id=\"49b056f\" data-element_type=\"widget\" data-widget_type=\"spacer.default\">\n\t\t\t\t<div class=\"elementor-widget-container\">\n\t\t\t\t\t<div class=\"elementor-spacer\">\n\t\t\t<div class=\"elementor-spacer-inner\"><\/div>\n\t\t<\/div>\n\t\t\t\t<\/div>\n\t\t\t\t<\/div>\n\t\t\t\t\t<\/div>\n\t\t\t\t<\/div>\n\t\t\t\t<\/div>\n\t\t","protected":false},"excerpt":{"rendered":"<p>Eko Tasar\u0131m Transformat\u00f6rler STD Transformat\u00f6r olarak, Avrupa m\u00fc\u015fterilerimizin taleplerine g\u00f6re d\u00fc\u015f\u00fck kay\u0131pl\u0131 trafo \u00fcretimini 2014 y\u0131l\u0131ndan bu yana ger\u00e7ekle\u015ftirmekteyiz. EU 548\/2014 standard\u0131n\u0131n teknik \u015fartnamelerine ve gerekliliklerine kesinlikle uyan, \u2018CE\u2019 i\u015faretli, sertifikal\u0131 ve kalibre edilmi\u015f bir laboratuvar testiyle kontrol edilen transformat\u00f6rler imal ederek EcoDesign Direktifi&#8217;ne uymay\u0131 taahh\u00fct ediyoruz. G\u00fc\u00e7 De\u011feri Tier-21 Temmuz 2021&#8217;den itibaren Bo\u015fta Kay\u0131p&#8230;<\/p>\n","protected":false},"author":1,"featured_media":0,"parent":0,"menu_order":0,"comment_status":"closed","ping_status":"closed","template":"elementor_header_footer","meta":{"footnotes":""},"class_list":["post-30239","page","type-page","status-publish","hentry"],"yoast_head":"<!-- This site is optimized with the Yoast SEO plugin v23.9 - https:\/\/yoast.com\/wordpress\/plugins\/seo\/ -->\n<title>Eko Tasar\u0131m - STD Transformer<\/title>\n<meta name=\"robots\" content=\"index, follow, max-snippet:-1, max-image-preview:large, max-video-preview:-1\" \/>\n<link rel=\"canonical\" href=\"https:\/\/stdtransformer.com\/tr\/eko-tasarim\/\" \/>\n<meta property=\"og:locale\" content=\"tr_TR\" \/>\n<meta property=\"og:type\" content=\"article\" \/>\n<meta property=\"og:title\" content=\"Eko Tasar\u0131m - STD Transformer\" \/>\n<meta property=\"og:description\" content=\"Eko Tasar\u0131m Transformat\u00f6rler STD Transformat\u00f6r olarak, Avrupa m\u00fc\u015fterilerimizin taleplerine g\u00f6re d\u00fc\u015f\u00fck kay\u0131pl\u0131 trafo \u00fcretimini 2014 y\u0131l\u0131ndan bu yana ger\u00e7ekle\u015ftirmekteyiz. EU 548\/2014 standard\u0131n\u0131n teknik \u015fartnamelerine ve gerekliliklerine kesinlikle uyan, \u2018CE\u2019 i\u015faretli, sertifikal\u0131 ve kalibre edilmi\u015f bir laboratuvar testiyle kontrol edilen transformat\u00f6rler imal ederek EcoDesign Direktifi&#8217;ne uymay\u0131 taahh\u00fct ediyoruz. G\u00fc\u00e7 De\u011feri Tier-21 Temmuz 2021&#8217;den itibaren Bo\u015fta Kay\u0131p...\" \/>\n<meta property=\"og:url\" content=\"https:\/\/stdtransformer.com\/tr\/eko-tasarim\/\" \/>\n<meta property=\"og:site_name\" content=\"STD Transformer\" \/>\n<meta property=\"article:publisher\" content=\"https:\/\/www.facebook.com\/stdtransformator\" \/>\n<meta property=\"article:modified_time\" content=\"2025-03-14T11:20:53+00:00\" \/>\n<meta property=\"og:image\" content=\"https:\/\/stdtransformer.com\/tr\/wp-content\/uploads\/2024\/12\/design-eco-logo-std-transformator-scaled.webp\" \/>\n\t<meta property=\"og:image:width\" content=\"2560\" \/>\n\t<meta property=\"og:image:height\" content=\"1707\" \/>\n\t<meta property=\"og:image:type\" content=\"image\/webp\" \/>\n<meta name=\"twitter:card\" content=\"summary_large_image\" \/>\n<meta name=\"twitter:label1\" content=\"Tahmini okuma s\u00fcresi\" \/>\n\t<meta name=\"twitter:data1\" content=\"2 dakika\" \/>\n<script type=\"application\/ld+json\" class=\"yoast-schema-graph\">{\"@context\":\"https:\/\/schema.org\",\"@graph\":[{\"@type\":\"WebPage\",\"@id\":\"https:\/\/stdtransformer.com\/tr\/eko-tasarim\/\",\"url\":\"https:\/\/stdtransformer.com\/tr\/eko-tasarim\/\",\"name\":\"Eko Tasar\u0131m - STD Transformer\",\"isPartOf\":{\"@id\":\"https:\/\/stdtransformer.com\/tr\/#website\"},\"primaryImageOfPage\":{\"@id\":\"https:\/\/stdtransformer.com\/tr\/eko-tasarim\/#primaryimage\"},\"image\":{\"@id\":\"https:\/\/stdtransformer.com\/tr\/eko-tasarim\/#primaryimage\"},\"thumbnailUrl\":\"https:\/\/stdtransformer.com\/tr\/wp-content\/uploads\/2024\/12\/design-eco-logo-std-transformator-scaled.webp\",\"datePublished\":\"2024-11-25T08:41:02+00:00\",\"dateModified\":\"2025-03-14T11:20:53+00:00\",\"breadcrumb\":{\"@id\":\"https:\/\/stdtransformer.com\/tr\/eko-tasarim\/#breadcrumb\"},\"inLanguage\":\"tr\",\"potentialAction\":[{\"@type\":\"ReadAction\",\"target\":[\"https:\/\/stdtransformer.com\/tr\/eko-tasarim\/\"]}]},{\"@type\":\"ImageObject\",\"inLanguage\":\"tr\",\"@id\":\"https:\/\/stdtransformer.com\/tr\/eko-tasarim\/#primaryimage\",\"url\":\"https:\/\/stdtransformer.com\/tr\/wp-content\/uploads\/2024\/12\/design-eco-logo-std-transformator-scaled.webp\",\"contentUrl\":\"https:\/\/stdtransformer.com\/tr\/wp-content\/uploads\/2024\/12\/design-eco-logo-std-transformator-scaled.webp\",\"width\":2560,\"height\":1707},{\"@type\":\"BreadcrumbList\",\"@id\":\"https:\/\/stdtransformer.com\/tr\/eko-tasarim\/#breadcrumb\",\"itemListElement\":[{\"@type\":\"ListItem\",\"position\":1,\"name\":\"Anasayfa\",\"item\":\"https:\/\/stdtransformer.com\/tr\/\"},{\"@type\":\"ListItem\",\"position\":2,\"name\":\"Eko Tasar\u0131m\"}]},{\"@type\":\"WebSite\",\"@id\":\"https:\/\/stdtransformer.com\/tr\/#website\",\"url\":\"https:\/\/stdtransformer.com\/tr\/\",\"name\":\"STD Transformer\",\"description\":\"\",\"publisher\":{\"@id\":\"https:\/\/stdtransformer.com\/tr\/#organization\"},\"potentialAction\":[{\"@type\":\"SearchAction\",\"target\":{\"@type\":\"EntryPoint\",\"urlTemplate\":\"https:\/\/stdtransformer.com\/tr\/?s={search_term_string}\"},\"query-input\":{\"@type\":\"PropertyValueSpecification\",\"valueRequired\":true,\"valueName\":\"search_term_string\"}}],\"inLanguage\":\"tr\"},{\"@type\":\"Organization\",\"@id\":\"https:\/\/stdtransformer.com\/tr\/#organization\",\"name\":\"STD Transformer\",\"url\":\"https:\/\/stdtransformer.com\/tr\/\",\"logo\":{\"@type\":\"ImageObject\",\"inLanguage\":\"tr\",\"@id\":\"https:\/\/stdtransformer.com\/tr\/#\/schema\/logo\/image\/\",\"url\":\"https:\/\/stdtransformer.com\/tr\/wp-content\/uploads\/2024\/11\/std-logo-kirmizi-siyah.svg\",\"contentUrl\":\"https:\/\/stdtransformer.com\/tr\/wp-content\/uploads\/2024\/11\/std-logo-kirmizi-siyah.svg\",\"width\":370,\"height\":160,\"caption\":\"STD Transformer\"},\"image\":{\"@id\":\"https:\/\/stdtransformer.com\/tr\/#\/schema\/logo\/image\/\"},\"sameAs\":[\"https:\/\/www.facebook.com\/stdtransformator\",\"https:\/\/www.instagram.com\/transformerstd\/\",\"https:\/\/www.linkedin.com\/company\/std-transformer\",\"https:\/\/www.youtube.com\/@stdtransformer1196\"]}]}<\/script>\n<!-- \/ Yoast SEO plugin. -->","yoast_head_json":{"title":"Eko Tasar\u0131m - STD Transformer","robots":{"index":"index","follow":"follow","max-snippet":"max-snippet:-1","max-image-preview":"max-image-preview:large","max-video-preview":"max-video-preview:-1"},"canonical":"https:\/\/stdtransformer.com\/tr\/eko-tasarim\/","og_locale":"tr_TR","og_type":"article","og_title":"Eko Tasar\u0131m - STD Transformer","og_description":"Eko Tasar\u0131m Transformat\u00f6rler STD Transformat\u00f6r olarak, Avrupa m\u00fc\u015fterilerimizin taleplerine g\u00f6re d\u00fc\u015f\u00fck kay\u0131pl\u0131 trafo \u00fcretimini 2014 y\u0131l\u0131ndan bu yana ger\u00e7ekle\u015ftirmekteyiz. EU 548\/2014 standard\u0131n\u0131n teknik \u015fartnamelerine ve gerekliliklerine kesinlikle uyan, \u2018CE\u2019 i\u015faretli, sertifikal\u0131 ve kalibre edilmi\u015f bir laboratuvar testiyle kontrol edilen transformat\u00f6rler imal ederek EcoDesign Direktifi&#8217;ne uymay\u0131 taahh\u00fct ediyoruz. G\u00fc\u00e7 De\u011feri Tier-21 Temmuz 2021&#8217;den itibaren Bo\u015fta Kay\u0131p...","og_url":"https:\/\/stdtransformer.com\/tr\/eko-tasarim\/","og_site_name":"STD Transformer","article_publisher":"https:\/\/www.facebook.com\/stdtransformator","article_modified_time":"2025-03-14T11:20:53+00:00","og_image":[{"width":2560,"height":1707,"url":"https:\/\/stdtransformer.com\/tr\/wp-content\/uploads\/2024\/12\/design-eco-logo-std-transformator-scaled.webp","type":"image\/webp"}],"twitter_card":"summary_large_image","twitter_misc":{"Tahmini okuma s\u00fcresi":"2 dakika"},"schema":{"@context":"https:\/\/schema.org","@graph":[{"@type":"WebPage","@id":"https:\/\/stdtransformer.com\/tr\/eko-tasarim\/","url":"https:\/\/stdtransformer.com\/tr\/eko-tasarim\/","name":"Eko Tasar\u0131m - STD Transformer","isPartOf":{"@id":"https:\/\/stdtransformer.com\/tr\/#website"},"primaryImageOfPage":{"@id":"https:\/\/stdtransformer.com\/tr\/eko-tasarim\/#primaryimage"},"image":{"@id":"https:\/\/stdtransformer.com\/tr\/eko-tasarim\/#primaryimage"},"thumbnailUrl":"https:\/\/stdtransformer.com\/tr\/wp-content\/uploads\/2024\/12\/design-eco-logo-std-transformator-scaled.webp","datePublished":"2024-11-25T08:41:02+00:00","dateModified":"2025-03-14T11:20:53+00:00","breadcrumb":{"@id":"https:\/\/stdtransformer.com\/tr\/eko-tasarim\/#breadcrumb"},"inLanguage":"tr","potentialAction":[{"@type":"ReadAction","target":["https:\/\/stdtransformer.com\/tr\/eko-tasarim\/"]}]},{"@type":"ImageObject","inLanguage":"tr","@id":"https:\/\/stdtransformer.com\/tr\/eko-tasarim\/#primaryimage","url":"https:\/\/stdtransformer.com\/tr\/wp-content\/uploads\/2024\/12\/design-eco-logo-std-transformator-scaled.webp","contentUrl":"https:\/\/stdtransformer.com\/tr\/wp-content\/uploads\/2024\/12\/design-eco-logo-std-transformator-scaled.webp","width":2560,"height":1707},{"@type":"BreadcrumbList","@id":"https:\/\/stdtransformer.com\/tr\/eko-tasarim\/#breadcrumb","itemListElement":[{"@type":"ListItem","position":1,"name":"Anasayfa","item":"https:\/\/stdtransformer.com\/tr\/"},{"@type":"ListItem","position":2,"name":"Eko Tasar\u0131m"}]},{"@type":"WebSite","@id":"https:\/\/stdtransformer.com\/tr\/#website","url":"https:\/\/stdtransformer.com\/tr\/","name":"STD Transformer","description":"","publisher":{"@id":"https:\/\/stdtransformer.com\/tr\/#organization"},"potentialAction":[{"@type":"SearchAction","target":{"@type":"EntryPoint","urlTemplate":"https:\/\/stdtransformer.com\/tr\/?s={search_term_string}"},"query-input":{"@type":"PropertyValueSpecification","valueRequired":true,"valueName":"search_term_string"}}],"inLanguage":"tr"},{"@type":"Organization","@id":"https:\/\/stdtransformer.com\/tr\/#organization","name":"STD Transformer","url":"https:\/\/stdtransformer.com\/tr\/","logo":{"@type":"ImageObject","inLanguage":"tr","@id":"https:\/\/stdtransformer.com\/tr\/#\/schema\/logo\/image\/","url":"https:\/\/stdtransformer.com\/tr\/wp-content\/uploads\/2024\/11\/std-logo-kirmizi-siyah.svg","contentUrl":"https:\/\/stdtransformer.com\/tr\/wp-content\/uploads\/2024\/11\/std-logo-kirmizi-siyah.svg","width":370,"height":160,"caption":"STD Transformer"},"image":{"@id":"https:\/\/stdtransformer.com\/tr\/#\/schema\/logo\/image\/"},"sameAs":["https:\/\/www.facebook.com\/stdtransformator","https:\/\/www.instagram.com\/transformerstd\/","https:\/\/www.linkedin.com\/company\/std-transformer","https:\/\/www.youtube.com\/@stdtransformer1196"]}]}},"_links":{"self":[{"href":"https:\/\/stdtransformer.com\/tr\/wp-json\/wp\/v2\/pages\/30239","targetHints":{"allow":["GET"]}}],"collection":[{"href":"https:\/\/stdtransformer.com\/tr\/wp-json\/wp\/v2\/pages"}],"about":[{"href":"https:\/\/stdtransformer.com\/tr\/wp-json\/wp\/v2\/types\/page"}],"author":[{"embeddable":true,"href":"https:\/\/stdtransformer.com\/tr\/wp-json\/wp\/v2\/users\/1"}],"replies":[{"embeddable":true,"href":"https:\/\/stdtransformer.com\/tr\/wp-json\/wp\/v2\/comments?post=30239"}],"version-history":[{"count":54,"href":"https:\/\/stdtransformer.com\/tr\/wp-json\/wp\/v2\/pages\/30239\/revisions"}],"predecessor-version":[{"id":33144,"href":"https:\/\/stdtransformer.com\/tr\/wp-json\/wp\/v2\/pages\/30239\/revisions\/33144"}],"wp:attachment":[{"href":"https:\/\/stdtransformer.com\/tr\/wp-json\/wp\/v2\/media?parent=30239"}],"curies":[{"name":"wp","href":"https:\/\/api.w.org\/{rel}","templated":true}]}}