{"id":30237,"date":"2024-11-25T08:40:27","date_gmt":"2024-11-25T08:40:27","guid":{"rendered":"https:\/\/stdtransformer.com\/tr\/?page_id=30237"},"modified":"2025-03-14T11:19:40","modified_gmt":"2025-03-14T11:19:40","slug":"ozel-transformatorler","status":"publish","type":"page","link":"https:\/\/stdtransformer.com\/tr\/ozel-transformatorler\/","title":{"rendered":"\u00d6zel Transformat\u00f6rler"},"content":{"rendered":"\t\t<div data-elementor-type=\"wp-page\" data-elementor-id=\"30237\" class=\"elementor elementor-30237\">\n\t\t\t\t\r\n\t\t<div class=\"default no-position show_shadow rs-sticky-default elementor-element elementor-element-dc06d7f e-flex e-con-boxed e-con e-parent\" data-id=\"dc06d7f\" data-element_type=\"container\">\n\t\t\t\t\t<div class=\"e-con-inner\">\n\t\t\r\n\t\t\t\t<div class=\"elementor-element elementor-element-56f3291 elementor-widget elementor-widget-spacer\" data-id=\"56f3291\" data-element_type=\"widget\" data-widget_type=\"spacer.default\">\n\t\t\t\t<div class=\"elementor-widget-container\">\n\t\t\t\t\t<div class=\"elementor-spacer\">\n\t\t\t<div class=\"elementor-spacer-inner\"><\/div>\n\t\t<\/div>\n\t\t\t\t<\/div>\n\t\t\t\t<\/div>\n\t\t\t\t\t<\/div>\n\t\t\t\t<\/div>\n\t\t\r\n\t\t<div class=\"default no-position show_shadow rs-sticky-default elementor-element elementor-element-60a256a e-flex e-con-boxed e-con e-parent\" data-id=\"60a256a\" data-element_type=\"container\">\n\t\t\t\t\t<div class=\"e-con-inner\">\n\t\t\r\n\t\t<div class=\"default no-position show_shadow rs-sticky-default elementor-element elementor-element-c7adf77 e-con-full e-flex e-con e-child\" data-id=\"c7adf77\" data-element_type=\"container\">\n\t\t\r\n\t\t\t\t<div class=\"elementor-element elementor-element-afde1a4 elementor-widget elementor-widget-rs-image\" data-id=\"afde1a4\" data-element_type=\"widget\" data-widget_type=\"rs-image.default\">\n\t\t\t\t<div class=\"elementor-widget-container\">\n\t\t\t\n        <div class=\"rs-image  ruler_image_ ruler_position_  \">\n                                                            <img decoding=\"async\" class=\"rs-multi-image  reverse- blend_unset\" src=\"https:\/\/stdtransformer.com\/tr\/wp-content\/uploads\/2025\/03\/ozel-tip-transformatorler-std.webp\" alt=\"image\"\/>\n                                                                        <\/div>   \n          \n    \t\t<\/div>\n\t\t\t\t<\/div>\n\t\t\t\t<\/div>\n\t\t\r\n\t\t<div class=\"default no-position show_shadow rs-sticky-default elementor-element elementor-element-4ec995d e-con-full e-flex e-con e-child\" data-id=\"4ec995d\" data-element_type=\"container\">\n\t\t\r\n\t\t\t\t<div class=\"elementor-element elementor-element-049c6e2 elementor-widget elementor-widget-text-editor\" data-id=\"049c6e2\" data-element_type=\"widget\" data-widget_type=\"text-editor.default\">\n\t\t\t\t<div class=\"elementor-widget-container\">\n\t\t\t\t\t\t\t<p>STD transformat\u00f6r olarak \u015fant reakt\u00f6rlerinin yan\u0131s\u0131ra m\u00fc\u015fterinin iste\u011fine ba\u011fl\u0131 olarak geli\u015ftirilmi\u015f \u00f6zel kazan modelleriyle; a\u015f\u0131r\u0131 ak\u0131m veya gerilim, reaktif y\u00fcklenme, harmonik de\u011fi\u015fimler veya \u00fc\u00e7l\u00fc sekonder gerilime sahip olma vb. zorla\u015ft\u0131r\u0131lm\u0131\u015f \u015fartlara uygun \u00fcst\u00fcn tasar\u0131m ve \u00fcretimleri de ger\u00e7ekle\u015ftirebilmekteyiz.<\/p>\t\t\t\t\t\t<\/div>\n\t\t\t\t<\/div>\n\t\t\t\t<\/div>\n\t\t\t\t\t<\/div>\n\t\t\t\t<\/div>\n\t\t\r\n\t\t<div class=\"default no-position show_shadow rs-sticky-default elementor-element elementor-element-b9de8a5 e-flex e-con-boxed e-con e-parent\" data-id=\"b9de8a5\" data-element_type=\"container\">\n\t\t\t\t\t<div class=\"e-con-inner\">\n\t\t\r\n\t\t\t\t<div class=\"elementor-element elementor-element-d4b160d elementor-hidden-tablet elementor-hidden-mobile elementor-widget elementor-widget-spacer\" data-id=\"d4b160d\" data-element_type=\"widget\" data-widget_type=\"spacer.default\">\n\t\t\t\t<div class=\"elementor-widget-container\">\n\t\t\t\t\t<div class=\"elementor-spacer\">\n\t\t\t<div class=\"elementor-spacer-inner\"><\/div>\n\t\t<\/div>\n\t\t\t\t<\/div>\n\t\t\t\t<\/div>\n\t\t\t\t\t<\/div>\n\t\t\t\t<\/div>\n\t\t\r\n\t\t<div class=\"default no-position show_shadow rs-sticky-default elementor-element elementor-element-3f4fb32 e-flex e-con-boxed e-con e-parent\" data-id=\"3f4fb32\" data-element_type=\"container\">\n\t\t\t\t\t<div class=\"e-con-inner\">\n\t\t\r\n\t\t\t\t<div class=\"elementor-element elementor-element-c02cc81 elementor-hidden-desktop elementor-widget elementor-widget-spacer\" data-id=\"c02cc81\" data-element_type=\"widget\" data-widget_type=\"spacer.default\">\n\t\t\t\t<div class=\"elementor-widget-container\">\n\t\t\t\t\t<div class=\"elementor-spacer\">\n\t\t\t<div class=\"elementor-spacer-inner\"><\/div>\n\t\t<\/div>\n\t\t\t\t<\/div>\n\t\t\t\t<\/div>\n\t\t\t\t\t<\/div>\n\t\t\t\t<\/div>\n\t\t\t\t<\/div>\n\t\t","protected":false},"excerpt":{"rendered":"<p>STD transformat\u00f6r olarak \u015fant reakt\u00f6rlerinin yan\u0131s\u0131ra m\u00fc\u015fterinin iste\u011fine ba\u011fl\u0131 olarak geli\u015ftirilmi\u015f \u00f6zel kazan modelleriyle; a\u015f\u0131r\u0131 ak\u0131m veya gerilim, reaktif y\u00fcklenme, harmonik de\u011fi\u015fimler veya \u00fc\u00e7l\u00fc sekonder gerilime sahip olma vb. zorla\u015ft\u0131r\u0131lm\u0131\u015f \u015fartlara uygun \u00fcst\u00fcn tasar\u0131m ve \u00fcretimleri de ger\u00e7ekle\u015ftirebilmekteyiz.<\/p>\n","protected":false},"author":1,"featured_media":0,"parent":0,"menu_order":0,"comment_status":"closed","ping_status":"closed","template":"elementor_header_footer","meta":{"footnotes":""},"class_list":["post-30237","page","type-page","status-publish","hentry"],"yoast_head":"<!-- This site is optimized with the Yoast SEO plugin v23.9 - https:\/\/yoast.com\/wordpress\/plugins\/seo\/ -->\n<title>\u00d6zel Transformat\u00f6rler - STD Transformer<\/title>\n<meta name=\"robots\" content=\"index, follow, max-snippet:-1, max-image-preview:large, max-video-preview:-1\" \/>\n<link rel=\"canonical\" href=\"https:\/\/stdtransformer.com\/tr\/ozel-transformatorler\/\" \/>\n<meta property=\"og:locale\" content=\"tr_TR\" \/>\n<meta property=\"og:type\" content=\"article\" \/>\n<meta property=\"og:title\" content=\"\u00d6zel Transformat\u00f6rler - STD Transformer\" \/>\n<meta property=\"og:description\" content=\"STD transformat\u00f6r olarak \u015fant reakt\u00f6rlerinin yan\u0131s\u0131ra m\u00fc\u015fterinin iste\u011fine ba\u011fl\u0131 olarak geli\u015ftirilmi\u015f \u00f6zel kazan modelleriyle; a\u015f\u0131r\u0131 ak\u0131m veya gerilim, reaktif y\u00fcklenme, harmonik de\u011fi\u015fimler veya \u00fc\u00e7l\u00fc sekonder gerilime sahip olma vb. zorla\u015ft\u0131r\u0131lm\u0131\u015f \u015fartlara uygun \u00fcst\u00fcn tasar\u0131m ve \u00fcretimleri de ger\u00e7ekle\u015ftirebilmekteyiz.\" \/>\n<meta property=\"og:url\" content=\"https:\/\/stdtransformer.com\/tr\/ozel-transformatorler\/\" \/>\n<meta property=\"og:site_name\" content=\"STD Transformer\" \/>\n<meta property=\"article:publisher\" content=\"https:\/\/www.facebook.com\/stdtransformator\" \/>\n<meta property=\"article:modified_time\" content=\"2025-03-14T11:19:40+00:00\" \/>\n<meta property=\"og:image\" content=\"https:\/\/stdtransformer.com\/tr\/wp-content\/uploads\/2025\/03\/ozel-tip-transformatorler-std.webp\" \/>\n<meta name=\"twitter:card\" content=\"summary_large_image\" \/>\n<meta name=\"twitter:label1\" content=\"Tahmini okuma s\u00fcresi\" \/>\n\t<meta name=\"twitter:data1\" content=\"1 dakika\" \/>\n<script type=\"application\/ld+json\" class=\"yoast-schema-graph\">{\"@context\":\"https:\/\/schema.org\",\"@graph\":[{\"@type\":\"WebPage\",\"@id\":\"https:\/\/stdtransformer.com\/tr\/ozel-transformatorler\/\",\"url\":\"https:\/\/stdtransformer.com\/tr\/ozel-transformatorler\/\",\"name\":\"\u00d6zel Transformat\u00f6rler - STD Transformer\",\"isPartOf\":{\"@id\":\"https:\/\/stdtransformer.com\/tr\/#website\"},\"primaryImageOfPage\":{\"@id\":\"https:\/\/stdtransformer.com\/tr\/ozel-transformatorler\/#primaryimage\"},\"image\":{\"@id\":\"https:\/\/stdtransformer.com\/tr\/ozel-transformatorler\/#primaryimage\"},\"thumbnailUrl\":\"https:\/\/stdtransformer.com\/tr\/wp-content\/uploads\/2025\/03\/ozel-tip-transformatorler-std.webp\",\"datePublished\":\"2024-11-25T08:40:27+00:00\",\"dateModified\":\"2025-03-14T11:19:40+00:00\",\"breadcrumb\":{\"@id\":\"https:\/\/stdtransformer.com\/tr\/ozel-transformatorler\/#breadcrumb\"},\"inLanguage\":\"tr\",\"potentialAction\":[{\"@type\":\"ReadAction\",\"target\":[\"https:\/\/stdtransformer.com\/tr\/ozel-transformatorler\/\"]}]},{\"@type\":\"ImageObject\",\"inLanguage\":\"tr\",\"@id\":\"https:\/\/stdtransformer.com\/tr\/ozel-transformatorler\/#primaryimage\",\"url\":\"https:\/\/stdtransformer.com\/tr\/wp-content\/uploads\/2025\/03\/ozel-tip-transformatorler-std.webp\",\"contentUrl\":\"https:\/\/stdtransformer.com\/tr\/wp-content\/uploads\/2025\/03\/ozel-tip-transformatorler-std.webp\",\"width\":711,\"height\":841},{\"@type\":\"BreadcrumbList\",\"@id\":\"https:\/\/stdtransformer.com\/tr\/ozel-transformatorler\/#breadcrumb\",\"itemListElement\":[{\"@type\":\"ListItem\",\"position\":1,\"name\":\"Anasayfa\",\"item\":\"https:\/\/stdtransformer.com\/tr\/\"},{\"@type\":\"ListItem\",\"position\":2,\"name\":\"\u00d6zel Transformat\u00f6rler\"}]},{\"@type\":\"WebSite\",\"@id\":\"https:\/\/stdtransformer.com\/tr\/#website\",\"url\":\"https:\/\/stdtransformer.com\/tr\/\",\"name\":\"STD Transformer\",\"description\":\"\",\"publisher\":{\"@id\":\"https:\/\/stdtransformer.com\/tr\/#organization\"},\"potentialAction\":[{\"@type\":\"SearchAction\",\"target\":{\"@type\":\"EntryPoint\",\"urlTemplate\":\"https:\/\/stdtransformer.com\/tr\/?s={search_term_string}\"},\"query-input\":{\"@type\":\"PropertyValueSpecification\",\"valueRequired\":true,\"valueName\":\"search_term_string\"}}],\"inLanguage\":\"tr\"},{\"@type\":\"Organization\",\"@id\":\"https:\/\/stdtransformer.com\/tr\/#organization\",\"name\":\"STD Transformer\",\"url\":\"https:\/\/stdtransformer.com\/tr\/\",\"logo\":{\"@type\":\"ImageObject\",\"inLanguage\":\"tr\",\"@id\":\"https:\/\/stdtransformer.com\/tr\/#\/schema\/logo\/image\/\",\"url\":\"https:\/\/stdtransformer.com\/tr\/wp-content\/uploads\/2024\/11\/std-logo-kirmizi-siyah.svg\",\"contentUrl\":\"https:\/\/stdtransformer.com\/tr\/wp-content\/uploads\/2024\/11\/std-logo-kirmizi-siyah.svg\",\"width\":370,\"height\":160,\"caption\":\"STD Transformer\"},\"image\":{\"@id\":\"https:\/\/stdtransformer.com\/tr\/#\/schema\/logo\/image\/\"},\"sameAs\":[\"https:\/\/www.facebook.com\/stdtransformator\",\"https:\/\/www.instagram.com\/transformerstd\/\",\"https:\/\/www.linkedin.com\/company\/std-transformer\",\"https:\/\/www.youtube.com\/@stdtransformer1196\"]}]}<\/script>\n<!-- \/ Yoast SEO plugin. -->","yoast_head_json":{"title":"\u00d6zel Transformat\u00f6rler - STD Transformer","robots":{"index":"index","follow":"follow","max-snippet":"max-snippet:-1","max-image-preview":"max-image-preview:large","max-video-preview":"max-video-preview:-1"},"canonical":"https:\/\/stdtransformer.com\/tr\/ozel-transformatorler\/","og_locale":"tr_TR","og_type":"article","og_title":"\u00d6zel Transformat\u00f6rler - STD Transformer","og_description":"STD transformat\u00f6r olarak \u015fant reakt\u00f6rlerinin yan\u0131s\u0131ra m\u00fc\u015fterinin iste\u011fine ba\u011fl\u0131 olarak geli\u015ftirilmi\u015f \u00f6zel kazan modelleriyle; a\u015f\u0131r\u0131 ak\u0131m veya gerilim, reaktif y\u00fcklenme, harmonik de\u011fi\u015fimler veya \u00fc\u00e7l\u00fc sekonder gerilime sahip olma vb. zorla\u015ft\u0131r\u0131lm\u0131\u015f \u015fartlara uygun \u00fcst\u00fcn tasar\u0131m ve \u00fcretimleri de ger\u00e7ekle\u015ftirebilmekteyiz.","og_url":"https:\/\/stdtransformer.com\/tr\/ozel-transformatorler\/","og_site_name":"STD Transformer","article_publisher":"https:\/\/www.facebook.com\/stdtransformator","article_modified_time":"2025-03-14T11:19:40+00:00","og_image":[{"url":"https:\/\/stdtransformer.com\/tr\/wp-content\/uploads\/2025\/03\/ozel-tip-transformatorler-std.webp"}],"twitter_card":"summary_large_image","twitter_misc":{"Tahmini okuma s\u00fcresi":"1 dakika"},"schema":{"@context":"https:\/\/schema.org","@graph":[{"@type":"WebPage","@id":"https:\/\/stdtransformer.com\/tr\/ozel-transformatorler\/","url":"https:\/\/stdtransformer.com\/tr\/ozel-transformatorler\/","name":"\u00d6zel Transformat\u00f6rler - STD Transformer","isPartOf":{"@id":"https:\/\/stdtransformer.com\/tr\/#website"},"primaryImageOfPage":{"@id":"https:\/\/stdtransformer.com\/tr\/ozel-transformatorler\/#primaryimage"},"image":{"@id":"https:\/\/stdtransformer.com\/tr\/ozel-transformatorler\/#primaryimage"},"thumbnailUrl":"https:\/\/stdtransformer.com\/tr\/wp-content\/uploads\/2025\/03\/ozel-tip-transformatorler-std.webp","datePublished":"2024-11-25T08:40:27+00:00","dateModified":"2025-03-14T11:19:40+00:00","breadcrumb":{"@id":"https:\/\/stdtransformer.com\/tr\/ozel-transformatorler\/#breadcrumb"},"inLanguage":"tr","potentialAction":[{"@type":"ReadAction","target":["https:\/\/stdtransformer.com\/tr\/ozel-transformatorler\/"]}]},{"@type":"ImageObject","inLanguage":"tr","@id":"https:\/\/stdtransformer.com\/tr\/ozel-transformatorler\/#primaryimage","url":"https:\/\/stdtransformer.com\/tr\/wp-content\/uploads\/2025\/03\/ozel-tip-transformatorler-std.webp","contentUrl":"https:\/\/stdtransformer.com\/tr\/wp-content\/uploads\/2025\/03\/ozel-tip-transformatorler-std.webp","width":711,"height":841},{"@type":"BreadcrumbList","@id":"https:\/\/stdtransformer.com\/tr\/ozel-transformatorler\/#breadcrumb","itemListElement":[{"@type":"ListItem","position":1,"name":"Anasayfa","item":"https:\/\/stdtransformer.com\/tr\/"},{"@type":"ListItem","position":2,"name":"\u00d6zel Transformat\u00f6rler"}]},{"@type":"WebSite","@id":"https:\/\/stdtransformer.com\/tr\/#website","url":"https:\/\/stdtransformer.com\/tr\/","name":"STD Transformer","description":"","publisher":{"@id":"https:\/\/stdtransformer.com\/tr\/#organization"},"potentialAction":[{"@type":"SearchAction","target":{"@type":"EntryPoint","urlTemplate":"https:\/\/stdtransformer.com\/tr\/?s={search_term_string}"},"query-input":{"@type":"PropertyValueSpecification","valueRequired":true,"valueName":"search_term_string"}}],"inLanguage":"tr"},{"@type":"Organization","@id":"https:\/\/stdtransformer.com\/tr\/#organization","name":"STD Transformer","url":"https:\/\/stdtransformer.com\/tr\/","logo":{"@type":"ImageObject","inLanguage":"tr","@id":"https:\/\/stdtransformer.com\/tr\/#\/schema\/logo\/image\/","url":"https:\/\/stdtransformer.com\/tr\/wp-content\/uploads\/2024\/11\/std-logo-kirmizi-siyah.svg","contentUrl":"https:\/\/stdtransformer.com\/tr\/wp-content\/uploads\/2024\/11\/std-logo-kirmizi-siyah.svg","width":370,"height":160,"caption":"STD Transformer"},"image":{"@id":"https:\/\/stdtransformer.com\/tr\/#\/schema\/logo\/image\/"},"sameAs":["https:\/\/www.facebook.com\/stdtransformator","https:\/\/www.instagram.com\/transformerstd\/","https:\/\/www.linkedin.com\/company\/std-transformer","https:\/\/www.youtube.com\/@stdtransformer1196"]}]}},"_links":{"self":[{"href":"https:\/\/stdtransformer.com\/tr\/wp-json\/wp\/v2\/pages\/30237","targetHints":{"allow":["GET"]}}],"collection":[{"href":"https:\/\/stdtransformer.com\/tr\/wp-json\/wp\/v2\/pages"}],"about":[{"href":"https:\/\/stdtransformer.com\/tr\/wp-json\/wp\/v2\/types\/page"}],"author":[{"embeddable":true,"href":"https:\/\/stdtransformer.com\/tr\/wp-json\/wp\/v2\/users\/1"}],"replies":[{"embeddable":true,"href":"https:\/\/stdtransformer.com\/tr\/wp-json\/wp\/v2\/comments?post=30237"}],"version-history":[{"count":21,"href":"https:\/\/stdtransformer.com\/tr\/wp-json\/wp\/v2\/pages\/30237\/revisions"}],"predecessor-version":[{"id":33131,"href":"https:\/\/stdtransformer.com\/tr\/wp-json\/wp\/v2\/pages\/30237\/revisions\/33131"}],"wp:attachment":[{"href":"https:\/\/stdtransformer.com\/tr\/wp-json\/wp\/v2\/media?parent=30237"}],"curies":[{"name":"wp","href":"https:\/\/api.w.org\/{rel}","templated":true}]}}