{"id":30170,"date":"2024-11-22T14:17:06","date_gmt":"2024-11-22T14:17:06","guid":{"rendered":"https:\/\/stdtransformer.com\/tr\/?page_id=30170"},"modified":"2025-03-14T11:19:53","modified_gmt":"2025-03-14T11:19:53","slug":"yagli-tip-orta-guc-transformatorleri","status":"publish","type":"page","link":"https:\/\/stdtransformer.com\/tr\/yagli-tip-orta-guc-transformatorleri\/","title":{"rendered":"Ya\u011fl\u0131 Tip Orta G\u00fc\u00e7 Transformat\u00f6rleri"},"content":{"rendered":"\t\t<div data-elementor-type=\"wp-page\" data-elementor-id=\"30170\" class=\"elementor elementor-30170\">\n\t\t\t\t\r\n\t\t<div class=\"default no-position show_shadow rs-sticky-default elementor-element elementor-element-dc06d7f e-flex e-con-boxed e-con e-parent\" data-id=\"dc06d7f\" data-element_type=\"container\">\n\t\t\t\t\t<div class=\"e-con-inner\">\n\t\t\r\n\t\t\t\t<div class=\"elementor-element elementor-element-56f3291 elementor-widget elementor-widget-spacer\" data-id=\"56f3291\" data-element_type=\"widget\" data-widget_type=\"spacer.default\">\n\t\t\t\t<div class=\"elementor-widget-container\">\n\t\t\t\t\t<div class=\"elementor-spacer\">\n\t\t\t<div class=\"elementor-spacer-inner\"><\/div>\n\t\t<\/div>\n\t\t\t\t<\/div>\n\t\t\t\t<\/div>\n\t\t\t\t\t<\/div>\n\t\t\t\t<\/div>\n\t\t\r\n\t\t<div class=\"default no-position show_shadow rs-sticky-default elementor-element elementor-element-60a256a e-flex e-con-boxed e-con e-parent\" data-id=\"60a256a\" data-element_type=\"container\">\n\t\t\t\t\t<div class=\"e-con-inner\">\n\t\t\r\n\t\t<div class=\"default no-position show_shadow rs-sticky-default elementor-element elementor-element-c7adf77 e-con-full e-flex e-con e-child\" data-id=\"c7adf77\" data-element_type=\"container\">\n\t\t\r\n\t\t\t\t<div class=\"elementor-element elementor-element-afde1a4 elementor-widget elementor-widget-rs-image\" data-id=\"afde1a4\" data-element_type=\"widget\" data-widget_type=\"rs-image.default\">\n\t\t\t\t<div class=\"elementor-widget-container\">\n\t\t\t\n        <div class=\"rs-image  ruler_image_ ruler_position_  \">\n                                                            <img decoding=\"async\" class=\"rs-multi-image  reverse- blend_unset\" src=\"https:\/\/stdtransformer.com\/tr\/wp-content\/uploads\/2025\/03\/yagli-tip-orta-guc-transformatorler-std.webp\" alt=\"image\"\/>\n                                                                        <\/div>   \n          \n    \t\t<\/div>\n\t\t\t\t<\/div>\n\t\t\t\t<\/div>\n\t\t\r\n\t\t<div class=\"default no-position show_shadow rs-sticky-default elementor-element elementor-element-4ec995d e-con-full e-flex e-con e-child\" data-id=\"4ec995d\" data-element_type=\"container\">\n\t\t\r\n\t\t\t\t<div class=\"elementor-element elementor-element-1354086 elementor-widget elementor-widget-rs-heading\" data-id=\"1354086\" data-element_type=\"widget\" data-widget_type=\"rs-heading.default\">\n\t\t\t\t<div class=\"elementor-widget-container\">\n\t\t\t\n\t\t<div class=\"prelements-heading default  \">\n\t\t\t<div class=\"title-inner\">\n\t\t\t\t<h4 class=\"title rs-split-text-disable \">Genel \u00d6zellikler<\/h4>\n\t\t\t<\/div>\n\t\t\t\t\t<\/div>\n\t\t<\/div>\n\t\t\t\t<\/div>\n\t\t\r\n\t\t\t\t<div class=\"elementor-element elementor-element-049c6e2 elementor-widget elementor-widget-text-editor\" data-id=\"049c6e2\" data-element_type=\"widget\" data-widget_type=\"text-editor.default\">\n\t\t\t\t<div class=\"elementor-widget-container\">\n\t\t\t\t\t\t\t<p>STD G\u00fc\u00e7 Transformat\u00f6rleri, en y\u00fcksek end\u00fcstri standartlar\u0131n\u0131 ve ilgili uygulamaya ait kesin spesifikasyonlar\u0131 kar\u015f\u0131lamak ve a\u015fmak i\u00e7in ayr\u0131 ayr\u0131 tasarlan\u0131r ve \u00fcretilir. \u00d6zg\u00fcn tasar\u0131ma, talepler do\u011frultusunda \u00f6zel se\u00e7enekler ve talep edilen \u00f6zellikler eklenip tasarlanarak \u00fcretilir. STD G\u00fc\u00e7 Transformat\u00f6rleri, en etkin \u00e7al\u0131\u015fma prensibi ve uzun s\u00fcre dayan\u0131kl\u0131 olacak \u015fekilde tasarlan\u0131p, \u00e7e\u015fitli kurulu\u015flar ve end\u00fcstriyel uygulamalar i\u00e7in kullan\u0131labilir.<\/p><p>\u00dcr\u00fcn gam\u0131m\u0131z\u0131 geni\u015fletmenin yan\u0131 s\u0131ra, d\u00fcnya \u00e7ap\u0131nda benzer \u00fcr\u00fcnlerin en iyi \u00fcreticilerinden baz\u0131lar\u0131yla kar\u015f\u0131la\u015ft\u0131r\u0131labilen bir teknolojik, idari ve pazarlama altyap\u0131s\u0131 geli\u015ftirdik.<\/p><p>STD Transformat\u00f6r benzersiz bir \u015fekilde, kamu hizmetleri ve end\u00fcstri i\u00e7in en degerli global g\u00fc\u00e7 ve da\u011f\u0131t\u0131m \u00fcr\u00fcnleri tedarik\u00e7ilerinden biri olmaya odaklanm\u0131\u015ft\u0131r.<\/p><p>STD Transformat\u00f6r olarak 50 mVA g\u00fcce ve 110 kV gerilime kadar g\u00fc\u00e7 trafosu imalat\u0131 yapma kapasitesine sahibiz. 2026 y\u0131l\u0131 sonunda ta\u015f\u0131naca\u011f\u0131m\u0131z yeni fabrikam\u0131zda bu \u00fcretim kapasitesinin 220 KV ve 250 mVA g\u00fcce \u00e7\u0131kmas\u0131 planlanmaktad\u0131r.<\/p>\t\t\t\t\t\t<\/div>\n\t\t\t\t<\/div>\n\t\t\t\t<\/div>\n\t\t\t\t\t<\/div>\n\t\t\t\t<\/div>\n\t\t\r\n\t\t<div class=\"default no-position show_shadow rs-sticky-default elementor-element elementor-element-b203596 e-flex e-con-boxed e-con e-parent\" data-id=\"b203596\" data-element_type=\"container\">\n\t\t\t\t\t<div class=\"e-con-inner\">\n\t\t\r\n\t\t\t\t<div class=\"elementor-element elementor-element-9a02988 elementor-hidden-tablet elementor-hidden-mobile elementor-widget elementor-widget-spacer\" data-id=\"9a02988\" data-element_type=\"widget\" data-widget_type=\"spacer.default\">\n\t\t\t\t<div class=\"elementor-widget-container\">\n\t\t\t\t\t<div class=\"elementor-spacer\">\n\t\t\t<div class=\"elementor-spacer-inner\"><\/div>\n\t\t<\/div>\n\t\t\t\t<\/div>\n\t\t\t\t<\/div>\n\t\t\t\t\t<\/div>\n\t\t\t\t<\/div>\n\t\t\t\t<\/div>\n\t\t","protected":false},"excerpt":{"rendered":"<p>Genel \u00d6zellikler STD G\u00fc\u00e7 Transformat\u00f6rleri, en y\u00fcksek end\u00fcstri standartlar\u0131n\u0131 ve ilgili uygulamaya ait kesin spesifikasyonlar\u0131 kar\u015f\u0131lamak ve a\u015fmak i\u00e7in ayr\u0131 ayr\u0131 tasarlan\u0131r ve \u00fcretilir. \u00d6zg\u00fcn tasar\u0131ma, talepler do\u011frultusunda \u00f6zel se\u00e7enekler ve talep edilen \u00f6zellikler eklenip tasarlanarak \u00fcretilir. STD G\u00fc\u00e7 Transformat\u00f6rleri, en etkin \u00e7al\u0131\u015fma prensibi ve uzun s\u00fcre dayan\u0131kl\u0131 olacak \u015fekilde tasarlan\u0131p, \u00e7e\u015fitli kurulu\u015flar ve end\u00fcstriyel&#8230;<\/p>\n","protected":false},"author":1,"featured_media":0,"parent":0,"menu_order":0,"comment_status":"closed","ping_status":"closed","template":"elementor_header_footer","meta":{"footnotes":""},"class_list":["post-30170","page","type-page","status-publish","hentry"],"yoast_head":"<!-- This site is optimized with the Yoast SEO plugin v23.9 - https:\/\/yoast.com\/wordpress\/plugins\/seo\/ -->\n<title>Ya\u011fl\u0131 Tip Orta G\u00fc\u00e7 Transformat\u00f6rleri - STD Transformer<\/title>\n<meta name=\"robots\" content=\"index, follow, max-snippet:-1, max-image-preview:large, max-video-preview:-1\" \/>\n<link rel=\"canonical\" href=\"https:\/\/stdtransformer.com\/tr\/yagli-tip-orta-guc-transformatorleri\/\" \/>\n<meta property=\"og:locale\" content=\"tr_TR\" \/>\n<meta property=\"og:type\" content=\"article\" \/>\n<meta property=\"og:title\" content=\"Ya\u011fl\u0131 Tip Orta G\u00fc\u00e7 Transformat\u00f6rleri - STD Transformer\" \/>\n<meta property=\"og:description\" content=\"Genel \u00d6zellikler STD G\u00fc\u00e7 Transformat\u00f6rleri, en y\u00fcksek end\u00fcstri standartlar\u0131n\u0131 ve ilgili uygulamaya ait kesin spesifikasyonlar\u0131 kar\u015f\u0131lamak ve a\u015fmak i\u00e7in ayr\u0131 ayr\u0131 tasarlan\u0131r ve \u00fcretilir. \u00d6zg\u00fcn tasar\u0131ma, talepler do\u011frultusunda \u00f6zel se\u00e7enekler ve talep edilen \u00f6zellikler eklenip tasarlanarak \u00fcretilir. STD G\u00fc\u00e7 Transformat\u00f6rleri, en etkin \u00e7al\u0131\u015fma prensibi ve uzun s\u00fcre dayan\u0131kl\u0131 olacak \u015fekilde tasarlan\u0131p, \u00e7e\u015fitli kurulu\u015flar ve end\u00fcstriyel...\" \/>\n<meta property=\"og:url\" content=\"https:\/\/stdtransformer.com\/tr\/yagli-tip-orta-guc-transformatorleri\/\" \/>\n<meta property=\"og:site_name\" content=\"STD Transformer\" \/>\n<meta property=\"article:publisher\" content=\"https:\/\/www.facebook.com\/stdtransformator\" \/>\n<meta property=\"article:modified_time\" content=\"2025-03-14T11:19:53+00:00\" \/>\n<meta property=\"og:image\" content=\"https:\/\/stdtransformer.com\/tr\/wp-content\/uploads\/2025\/03\/yagli-tip-orta-guc-transformatorler-std.webp\" \/>\n<meta name=\"twitter:card\" content=\"summary_large_image\" \/>\n<meta name=\"twitter:label1\" content=\"Tahmini okuma s\u00fcresi\" \/>\n\t<meta name=\"twitter:data1\" content=\"2 dakika\" \/>\n<script type=\"application\/ld+json\" class=\"yoast-schema-graph\">{\"@context\":\"https:\/\/schema.org\",\"@graph\":[{\"@type\":\"WebPage\",\"@id\":\"https:\/\/stdtransformer.com\/tr\/yagli-tip-orta-guc-transformatorleri\/\",\"url\":\"https:\/\/stdtransformer.com\/tr\/yagli-tip-orta-guc-transformatorleri\/\",\"name\":\"Ya\u011fl\u0131 Tip Orta G\u00fc\u00e7 Transformat\u00f6rleri - STD Transformer\",\"isPartOf\":{\"@id\":\"https:\/\/stdtransformer.com\/tr\/#website\"},\"primaryImageOfPage\":{\"@id\":\"https:\/\/stdtransformer.com\/tr\/yagli-tip-orta-guc-transformatorleri\/#primaryimage\"},\"image\":{\"@id\":\"https:\/\/stdtransformer.com\/tr\/yagli-tip-orta-guc-transformatorleri\/#primaryimage\"},\"thumbnailUrl\":\"https:\/\/stdtransformer.com\/tr\/wp-content\/uploads\/2025\/03\/yagli-tip-orta-guc-transformatorler-std.webp\",\"datePublished\":\"2024-11-22T14:17:06+00:00\",\"dateModified\":\"2025-03-14T11:19:53+00:00\",\"breadcrumb\":{\"@id\":\"https:\/\/stdtransformer.com\/tr\/yagli-tip-orta-guc-transformatorleri\/#breadcrumb\"},\"inLanguage\":\"tr\",\"potentialAction\":[{\"@type\":\"ReadAction\",\"target\":[\"https:\/\/stdtransformer.com\/tr\/yagli-tip-orta-guc-transformatorleri\/\"]}]},{\"@type\":\"ImageObject\",\"inLanguage\":\"tr\",\"@id\":\"https:\/\/stdtransformer.com\/tr\/yagli-tip-orta-guc-transformatorleri\/#primaryimage\",\"url\":\"https:\/\/stdtransformer.com\/tr\/wp-content\/uploads\/2025\/03\/yagli-tip-orta-guc-transformatorler-std.webp\",\"contentUrl\":\"https:\/\/stdtransformer.com\/tr\/wp-content\/uploads\/2025\/03\/yagli-tip-orta-guc-transformatorler-std.webp\",\"width\":1421,\"height\":1684},{\"@type\":\"BreadcrumbList\",\"@id\":\"https:\/\/stdtransformer.com\/tr\/yagli-tip-orta-guc-transformatorleri\/#breadcrumb\",\"itemListElement\":[{\"@type\":\"ListItem\",\"position\":1,\"name\":\"Anasayfa\",\"item\":\"https:\/\/stdtransformer.com\/tr\/\"},{\"@type\":\"ListItem\",\"position\":2,\"name\":\"Ya\u011fl\u0131 Tip Orta G\u00fc\u00e7 Transformat\u00f6rleri\"}]},{\"@type\":\"WebSite\",\"@id\":\"https:\/\/stdtransformer.com\/tr\/#website\",\"url\":\"https:\/\/stdtransformer.com\/tr\/\",\"name\":\"STD Transformer\",\"description\":\"\",\"publisher\":{\"@id\":\"https:\/\/stdtransformer.com\/tr\/#organization\"},\"potentialAction\":[{\"@type\":\"SearchAction\",\"target\":{\"@type\":\"EntryPoint\",\"urlTemplate\":\"https:\/\/stdtransformer.com\/tr\/?s={search_term_string}\"},\"query-input\":{\"@type\":\"PropertyValueSpecification\",\"valueRequired\":true,\"valueName\":\"search_term_string\"}}],\"inLanguage\":\"tr\"},{\"@type\":\"Organization\",\"@id\":\"https:\/\/stdtransformer.com\/tr\/#organization\",\"name\":\"STD Transformer\",\"url\":\"https:\/\/stdtransformer.com\/tr\/\",\"logo\":{\"@type\":\"ImageObject\",\"inLanguage\":\"tr\",\"@id\":\"https:\/\/stdtransformer.com\/tr\/#\/schema\/logo\/image\/\",\"url\":\"https:\/\/stdtransformer.com\/tr\/wp-content\/uploads\/2024\/11\/std-logo-kirmizi-siyah.svg\",\"contentUrl\":\"https:\/\/stdtransformer.com\/tr\/wp-content\/uploads\/2024\/11\/std-logo-kirmizi-siyah.svg\",\"width\":370,\"height\":160,\"caption\":\"STD Transformer\"},\"image\":{\"@id\":\"https:\/\/stdtransformer.com\/tr\/#\/schema\/logo\/image\/\"},\"sameAs\":[\"https:\/\/www.facebook.com\/stdtransformator\",\"https:\/\/www.instagram.com\/transformerstd\/\",\"https:\/\/www.linkedin.com\/company\/std-transformer\",\"https:\/\/www.youtube.com\/@stdtransformer1196\"]}]}<\/script>\n<!-- \/ Yoast SEO plugin. -->","yoast_head_json":{"title":"Ya\u011fl\u0131 Tip Orta G\u00fc\u00e7 Transformat\u00f6rleri - STD Transformer","robots":{"index":"index","follow":"follow","max-snippet":"max-snippet:-1","max-image-preview":"max-image-preview:large","max-video-preview":"max-video-preview:-1"},"canonical":"https:\/\/stdtransformer.com\/tr\/yagli-tip-orta-guc-transformatorleri\/","og_locale":"tr_TR","og_type":"article","og_title":"Ya\u011fl\u0131 Tip Orta G\u00fc\u00e7 Transformat\u00f6rleri - STD Transformer","og_description":"Genel \u00d6zellikler STD G\u00fc\u00e7 Transformat\u00f6rleri, en y\u00fcksek end\u00fcstri standartlar\u0131n\u0131 ve ilgili uygulamaya ait kesin spesifikasyonlar\u0131 kar\u015f\u0131lamak ve a\u015fmak i\u00e7in ayr\u0131 ayr\u0131 tasarlan\u0131r ve \u00fcretilir. \u00d6zg\u00fcn tasar\u0131ma, talepler do\u011frultusunda \u00f6zel se\u00e7enekler ve talep edilen \u00f6zellikler eklenip tasarlanarak \u00fcretilir. STD G\u00fc\u00e7 Transformat\u00f6rleri, en etkin \u00e7al\u0131\u015fma prensibi ve uzun s\u00fcre dayan\u0131kl\u0131 olacak \u015fekilde tasarlan\u0131p, \u00e7e\u015fitli kurulu\u015flar ve end\u00fcstriyel...","og_url":"https:\/\/stdtransformer.com\/tr\/yagli-tip-orta-guc-transformatorleri\/","og_site_name":"STD Transformer","article_publisher":"https:\/\/www.facebook.com\/stdtransformator","article_modified_time":"2025-03-14T11:19:53+00:00","og_image":[{"url":"https:\/\/stdtransformer.com\/tr\/wp-content\/uploads\/2025\/03\/yagli-tip-orta-guc-transformatorler-std.webp"}],"twitter_card":"summary_large_image","twitter_misc":{"Tahmini okuma s\u00fcresi":"2 dakika"},"schema":{"@context":"https:\/\/schema.org","@graph":[{"@type":"WebPage","@id":"https:\/\/stdtransformer.com\/tr\/yagli-tip-orta-guc-transformatorleri\/","url":"https:\/\/stdtransformer.com\/tr\/yagli-tip-orta-guc-transformatorleri\/","name":"Ya\u011fl\u0131 Tip Orta G\u00fc\u00e7 Transformat\u00f6rleri - STD Transformer","isPartOf":{"@id":"https:\/\/stdtransformer.com\/tr\/#website"},"primaryImageOfPage":{"@id":"https:\/\/stdtransformer.com\/tr\/yagli-tip-orta-guc-transformatorleri\/#primaryimage"},"image":{"@id":"https:\/\/stdtransformer.com\/tr\/yagli-tip-orta-guc-transformatorleri\/#primaryimage"},"thumbnailUrl":"https:\/\/stdtransformer.com\/tr\/wp-content\/uploads\/2025\/03\/yagli-tip-orta-guc-transformatorler-std.webp","datePublished":"2024-11-22T14:17:06+00:00","dateModified":"2025-03-14T11:19:53+00:00","breadcrumb":{"@id":"https:\/\/stdtransformer.com\/tr\/yagli-tip-orta-guc-transformatorleri\/#breadcrumb"},"inLanguage":"tr","potentialAction":[{"@type":"ReadAction","target":["https:\/\/stdtransformer.com\/tr\/yagli-tip-orta-guc-transformatorleri\/"]}]},{"@type":"ImageObject","inLanguage":"tr","@id":"https:\/\/stdtransformer.com\/tr\/yagli-tip-orta-guc-transformatorleri\/#primaryimage","url":"https:\/\/stdtransformer.com\/tr\/wp-content\/uploads\/2025\/03\/yagli-tip-orta-guc-transformatorler-std.webp","contentUrl":"https:\/\/stdtransformer.com\/tr\/wp-content\/uploads\/2025\/03\/yagli-tip-orta-guc-transformatorler-std.webp","width":1421,"height":1684},{"@type":"BreadcrumbList","@id":"https:\/\/stdtransformer.com\/tr\/yagli-tip-orta-guc-transformatorleri\/#breadcrumb","itemListElement":[{"@type":"ListItem","position":1,"name":"Anasayfa","item":"https:\/\/stdtransformer.com\/tr\/"},{"@type":"ListItem","position":2,"name":"Ya\u011fl\u0131 Tip Orta G\u00fc\u00e7 Transformat\u00f6rleri"}]},{"@type":"WebSite","@id":"https:\/\/stdtransformer.com\/tr\/#website","url":"https:\/\/stdtransformer.com\/tr\/","name":"STD Transformer","description":"","publisher":{"@id":"https:\/\/stdtransformer.com\/tr\/#organization"},"potentialAction":[{"@type":"SearchAction","target":{"@type":"EntryPoint","urlTemplate":"https:\/\/stdtransformer.com\/tr\/?s={search_term_string}"},"query-input":{"@type":"PropertyValueSpecification","valueRequired":true,"valueName":"search_term_string"}}],"inLanguage":"tr"},{"@type":"Organization","@id":"https:\/\/stdtransformer.com\/tr\/#organization","name":"STD Transformer","url":"https:\/\/stdtransformer.com\/tr\/","logo":{"@type":"ImageObject","inLanguage":"tr","@id":"https:\/\/stdtransformer.com\/tr\/#\/schema\/logo\/image\/","url":"https:\/\/stdtransformer.com\/tr\/wp-content\/uploads\/2024\/11\/std-logo-kirmizi-siyah.svg","contentUrl":"https:\/\/stdtransformer.com\/tr\/wp-content\/uploads\/2024\/11\/std-logo-kirmizi-siyah.svg","width":370,"height":160,"caption":"STD Transformer"},"image":{"@id":"https:\/\/stdtransformer.com\/tr\/#\/schema\/logo\/image\/"},"sameAs":["https:\/\/www.facebook.com\/stdtransformator","https:\/\/www.instagram.com\/transformerstd\/","https:\/\/www.linkedin.com\/company\/std-transformer","https:\/\/www.youtube.com\/@stdtransformer1196"]}]}},"_links":{"self":[{"href":"https:\/\/stdtransformer.com\/tr\/wp-json\/wp\/v2\/pages\/30170","targetHints":{"allow":["GET"]}}],"collection":[{"href":"https:\/\/stdtransformer.com\/tr\/wp-json\/wp\/v2\/pages"}],"about":[{"href":"https:\/\/stdtransformer.com\/tr\/wp-json\/wp\/v2\/types\/page"}],"author":[{"embeddable":true,"href":"https:\/\/stdtransformer.com\/tr\/wp-json\/wp\/v2\/users\/1"}],"replies":[{"embeddable":true,"href":"https:\/\/stdtransformer.com\/tr\/wp-json\/wp\/v2\/comments?post=30170"}],"version-history":[{"count":12,"href":"https:\/\/stdtransformer.com\/tr\/wp-json\/wp\/v2\/pages\/30170\/revisions"}],"predecessor-version":[{"id":33137,"href":"https:\/\/stdtransformer.com\/tr\/wp-json\/wp\/v2\/pages\/30170\/revisions\/33137"}],"wp:attachment":[{"href":"https:\/\/stdtransformer.com\/tr\/wp-json\/wp\/v2\/media?parent=30170"}],"curies":[{"name":"wp","href":"https:\/\/api.w.org\/{rel}","templated":true}]}}