{"id":30168,"date":"2024-11-22T14:17:36","date_gmt":"2024-11-22T14:17:36","guid":{"rendered":"https:\/\/stdtransformer.com\/tr\/?page_id=30168"},"modified":"2025-03-14T11:19:33","modified_gmt":"2025-03-14T11:19:33","slug":"yagli-tip-depolu-transformatorler","status":"publish","type":"page","link":"https:\/\/stdtransformer.com\/tr\/yagli-tip-depolu-transformatorler\/","title":{"rendered":"Ya\u011fl\u0131 Tip Depolu Transformat\u00f6rler"},"content":{"rendered":"\t\t<div data-elementor-type=\"wp-page\" data-elementor-id=\"30168\" class=\"elementor elementor-30168\">\n\t\t\t\t\r\n\t\t<div class=\"default no-position show_shadow rs-sticky-default elementor-element elementor-element-dc06d7f e-flex e-con-boxed e-con e-parent\" data-id=\"dc06d7f\" data-element_type=\"container\">\n\t\t\t\t\t<div class=\"e-con-inner\">\n\t\t\r\n\t\t\t\t<div class=\"elementor-element elementor-element-56f3291 elementor-widget elementor-widget-spacer\" data-id=\"56f3291\" data-element_type=\"widget\" data-widget_type=\"spacer.default\">\n\t\t\t\t<div class=\"elementor-widget-container\">\n\t\t\t\t\t<div class=\"elementor-spacer\">\n\t\t\t<div class=\"elementor-spacer-inner\"><\/div>\n\t\t<\/div>\n\t\t\t\t<\/div>\n\t\t\t\t<\/div>\n\t\t\t\t\t<\/div>\n\t\t\t\t<\/div>\n\t\t\r\n\t\t<div class=\"default no-position show_shadow rs-sticky-default elementor-element elementor-element-60a256a e-flex e-con-boxed e-con e-parent\" data-id=\"60a256a\" data-element_type=\"container\">\n\t\t\t\t\t<div class=\"e-con-inner\">\n\t\t\r\n\t\t<div class=\"default no-position show_shadow rs-sticky-default elementor-element elementor-element-c7adf77 e-con-full e-flex e-con e-child\" data-id=\"c7adf77\" data-element_type=\"container\">\n\t\t\r\n\t\t\t\t<div class=\"elementor-element elementor-element-afde1a4 elementor-widget elementor-widget-rs-image\" data-id=\"afde1a4\" data-element_type=\"widget\" data-widget_type=\"rs-image.default\">\n\t\t\t\t<div class=\"elementor-widget-container\">\n\t\t\t\n        <div class=\"rs-image  ruler_image_ ruler_position_  \">\n                                                            <img decoding=\"async\" class=\"rs-multi-image  reverse- blend_unset\" src=\"https:\/\/stdtransformer.com\/tr\/wp-content\/uploads\/2025\/03\/yagli-tip-depolu-transformatorler-std.webp\" alt=\"image\"\/>\n                                                                        <\/div>   \n          \n    \t\t<\/div>\n\t\t\t\t<\/div>\n\t\t\t\t<\/div>\n\t\t\r\n\t\t<div class=\"default no-position show_shadow rs-sticky-default elementor-element elementor-element-4ec995d e-con-full e-flex e-con e-child\" data-id=\"4ec995d\" data-element_type=\"container\">\n\t\t\r\n\t\t\t\t<div class=\"elementor-element elementor-element-1354086 elementor-widget elementor-widget-rs-heading\" data-id=\"1354086\" data-element_type=\"widget\" data-widget_type=\"rs-heading.default\">\n\t\t\t\t<div class=\"elementor-widget-container\">\n\t\t\t\n\t\t<div class=\"prelements-heading default  \">\n\t\t\t<div class=\"title-inner\">\n\t\t\t\t<h4 class=\"title rs-split-text-disable \">Genel \u00d6zellikler<\/h4>\n\t\t\t<\/div>\n\t\t\t\t\t<\/div>\n\t\t<\/div>\n\t\t\t\t<\/div>\n\t\t\r\n\t\t\t\t<div class=\"elementor-element elementor-element-049c6e2 elementor-widget elementor-widget-text-editor\" data-id=\"049c6e2\" data-element_type=\"widget\" data-widget_type=\"text-editor.default\">\n\t\t\t\t<div class=\"elementor-widget-container\">\n\t\t\t\t\t\t\t<p>Genle\u015fme depolu transformat\u00f6rlerin \u00e7ekirdek ve bobin yap\u0131s\u0131 hermetik tip transformat\u00f6rlere benzerdir. Hermetik tipte oldu\u011fu gibi, ONAN, ONAF, KNAN, OLTC&#8217;li olarak tasarlanabilmektedir. Bu tip transformat\u00f6rlerin genle\u015fme depolar\u0131n\u0131n boyutlar\u0131, s\u0131cakl\u0131kla hacmi artan ya\u011f\u0131n genle\u015fmesini depolayacak \u015fekilde hesaplamalar sonucunda tasarlan\u0131p \u00fcretilmektedir.<br \/>Genle\u015fme depolu transformat\u00f6rler atmosfere a\u00e7\u0131k oldu\u011fu i\u00e7in termik etkiler nedeniyle de\u011fi\u015fen ya\u011f bas\u0131nc\u0131, transformat\u00f6rde\u00a0silikajel (hava kurutucu) yard\u0131m\u0131yla havan\u0131n nemi al\u0131narak hava al\u0131\u015fveri\u015fi sa\u011flan\u0131r.<\/p><p>S\u0131cakl\u0131k fark\u0131ndan\u00a0kaynakl\u0131\u00a0hava al\u0131\u015fveri\u015fi sonucunda zamanla silikajel \u00f6zelli\u011fini kaybeder ve ya\u011f\u0131n nemlenip\u00a0yap\u0131s\u0131n\u0131n bozulmas\u0131na yol a\u00e7ar. Bu nedenle belirli periyotlarda silikajelin de\u011fi\u015ftirilmesi ve ya\u011fdan numune al\u0131narak delinme geriliminin \u00f6l\u00e7\u00fclmesi gibi periyodik bak\u0131mlar\u0131n\u0131n yap\u0131lmas\u0131 \u00f6nerilmektedir.<\/p><p>Bir trafonun genle\u015fme depolu olmas\u0131, daha \u00e7ok g\u00fc\u00e7 trafolar\u0131 \u00fcretiminde tercih edilirken; \u00f6zellikle hava kurutucusu sayesinde nemli iklime sahip b\u00f6lgelerde, m\u00fc\u015fteri iste\u011fine ba\u011fl\u0131 olarak 5 mVA ve 36 kV&#8217;a kadar da\u011f\u0131t\u0131m ve iletim hatlar\u0131nda da kullan\u0131labilmektedir.\u00a0<\/p>\t\t\t\t\t\t<\/div>\n\t\t\t\t<\/div>\n\t\t\t\t<\/div>\n\t\t\t\t\t<\/div>\n\t\t\t\t<\/div>\n\t\t\r\n\t\t<div class=\"default no-position show_shadow rs-sticky-default elementor-element elementor-element-b203596 e-flex e-con-boxed e-con e-parent\" data-id=\"b203596\" data-element_type=\"container\">\n\t\t\t\t\t<div class=\"e-con-inner\">\n\t\t\r\n\t\t\t\t<div class=\"elementor-element elementor-element-9a02988 elementor-hidden-tablet elementor-hidden-mobile elementor-widget elementor-widget-spacer\" data-id=\"9a02988\" data-element_type=\"widget\" data-widget_type=\"spacer.default\">\n\t\t\t\t<div class=\"elementor-widget-container\">\n\t\t\t\t\t<div class=\"elementor-spacer\">\n\t\t\t<div class=\"elementor-spacer-inner\"><\/div>\n\t\t<\/div>\n\t\t\t\t<\/div>\n\t\t\t\t<\/div>\n\t\t\t\t\t<\/div>\n\t\t\t\t<\/div>\n\t\t\t\t<\/div>\n\t\t","protected":false},"excerpt":{"rendered":"<p>Genel \u00d6zellikler Genle\u015fme depolu transformat\u00f6rlerin \u00e7ekirdek ve bobin yap\u0131s\u0131 hermetik tip transformat\u00f6rlere benzerdir. Hermetik tipte oldu\u011fu gibi, ONAN, ONAF, KNAN, OLTC&#8217;li olarak tasarlanabilmektedir. Bu tip transformat\u00f6rlerin genle\u015fme depolar\u0131n\u0131n boyutlar\u0131, s\u0131cakl\u0131kla hacmi artan ya\u011f\u0131n genle\u015fmesini depolayacak \u015fekilde hesaplamalar sonucunda tasarlan\u0131p \u00fcretilmektedir.Genle\u015fme depolu transformat\u00f6rler atmosfere a\u00e7\u0131k oldu\u011fu i\u00e7in termik etkiler nedeniyle de\u011fi\u015fen ya\u011f bas\u0131nc\u0131, transformat\u00f6rde\u00a0silikajel (hava kurutucu)&#8230;<\/p>\n","protected":false},"author":1,"featured_media":0,"parent":0,"menu_order":0,"comment_status":"closed","ping_status":"closed","template":"elementor_header_footer","meta":{"footnotes":""},"class_list":["post-30168","page","type-page","status-publish","hentry"],"yoast_head":"<!-- This site is optimized with the Yoast SEO plugin v23.9 - https:\/\/yoast.com\/wordpress\/plugins\/seo\/ -->\n<title>Ya\u011fl\u0131 Tip Depolu Transformat\u00f6rler - STD Transformer<\/title>\n<meta name=\"robots\" content=\"index, follow, max-snippet:-1, max-image-preview:large, max-video-preview:-1\" \/>\n<link rel=\"canonical\" href=\"https:\/\/stdtransformer.com\/tr\/yagli-tip-depolu-transformatorler\/\" \/>\n<meta property=\"og:locale\" content=\"tr_TR\" \/>\n<meta property=\"og:type\" content=\"article\" \/>\n<meta property=\"og:title\" content=\"Ya\u011fl\u0131 Tip Depolu Transformat\u00f6rler - STD Transformer\" \/>\n<meta property=\"og:description\" content=\"Genel \u00d6zellikler Genle\u015fme depolu transformat\u00f6rlerin \u00e7ekirdek ve bobin yap\u0131s\u0131 hermetik tip transformat\u00f6rlere benzerdir. Hermetik tipte oldu\u011fu gibi, ONAN, ONAF, KNAN, OLTC&#8217;li olarak tasarlanabilmektedir. Bu tip transformat\u00f6rlerin genle\u015fme depolar\u0131n\u0131n boyutlar\u0131, s\u0131cakl\u0131kla hacmi artan ya\u011f\u0131n genle\u015fmesini depolayacak \u015fekilde hesaplamalar sonucunda tasarlan\u0131p \u00fcretilmektedir.Genle\u015fme depolu transformat\u00f6rler atmosfere a\u00e7\u0131k oldu\u011fu i\u00e7in termik etkiler nedeniyle de\u011fi\u015fen ya\u011f bas\u0131nc\u0131, transformat\u00f6rde\u00a0silikajel (hava kurutucu)...\" \/>\n<meta property=\"og:url\" content=\"https:\/\/stdtransformer.com\/tr\/yagli-tip-depolu-transformatorler\/\" \/>\n<meta property=\"og:site_name\" content=\"STD Transformer\" \/>\n<meta property=\"article:publisher\" content=\"https:\/\/www.facebook.com\/stdtransformator\" \/>\n<meta property=\"article:modified_time\" content=\"2025-03-14T11:19:33+00:00\" \/>\n<meta property=\"og:image\" content=\"https:\/\/stdtransformer.com\/tr\/wp-content\/uploads\/2025\/03\/yagli-tip-depolu-transformatorler-std.webp\" \/>\n<meta name=\"twitter:card\" content=\"summary_large_image\" \/>\n<meta name=\"twitter:label1\" content=\"Tahmini okuma s\u00fcresi\" \/>\n\t<meta name=\"twitter:data1\" content=\"2 dakika\" \/>\n<script type=\"application\/ld+json\" class=\"yoast-schema-graph\">{\"@context\":\"https:\/\/schema.org\",\"@graph\":[{\"@type\":\"WebPage\",\"@id\":\"https:\/\/stdtransformer.com\/tr\/yagli-tip-depolu-transformatorler\/\",\"url\":\"https:\/\/stdtransformer.com\/tr\/yagli-tip-depolu-transformatorler\/\",\"name\":\"Ya\u011fl\u0131 Tip Depolu Transformat\u00f6rler - STD Transformer\",\"isPartOf\":{\"@id\":\"https:\/\/stdtransformer.com\/tr\/#website\"},\"primaryImageOfPage\":{\"@id\":\"https:\/\/stdtransformer.com\/tr\/yagli-tip-depolu-transformatorler\/#primaryimage\"},\"image\":{\"@id\":\"https:\/\/stdtransformer.com\/tr\/yagli-tip-depolu-transformatorler\/#primaryimage\"},\"thumbnailUrl\":\"https:\/\/stdtransformer.com\/tr\/wp-content\/uploads\/2025\/03\/yagli-tip-depolu-transformatorler-std.webp\",\"datePublished\":\"2024-11-22T14:17:36+00:00\",\"dateModified\":\"2025-03-14T11:19:33+00:00\",\"breadcrumb\":{\"@id\":\"https:\/\/stdtransformer.com\/tr\/yagli-tip-depolu-transformatorler\/#breadcrumb\"},\"inLanguage\":\"tr\",\"potentialAction\":[{\"@type\":\"ReadAction\",\"target\":[\"https:\/\/stdtransformer.com\/tr\/yagli-tip-depolu-transformatorler\/\"]}]},{\"@type\":\"ImageObject\",\"inLanguage\":\"tr\",\"@id\":\"https:\/\/stdtransformer.com\/tr\/yagli-tip-depolu-transformatorler\/#primaryimage\",\"url\":\"https:\/\/stdtransformer.com\/tr\/wp-content\/uploads\/2025\/03\/yagli-tip-depolu-transformatorler-std.webp\",\"contentUrl\":\"https:\/\/stdtransformer.com\/tr\/wp-content\/uploads\/2025\/03\/yagli-tip-depolu-transformatorler-std.webp\",\"width\":711,\"height\":841},{\"@type\":\"BreadcrumbList\",\"@id\":\"https:\/\/stdtransformer.com\/tr\/yagli-tip-depolu-transformatorler\/#breadcrumb\",\"itemListElement\":[{\"@type\":\"ListItem\",\"position\":1,\"name\":\"Anasayfa\",\"item\":\"https:\/\/stdtransformer.com\/tr\/\"},{\"@type\":\"ListItem\",\"position\":2,\"name\":\"Ya\u011fl\u0131 Tip Depolu Transformat\u00f6rler\"}]},{\"@type\":\"WebSite\",\"@id\":\"https:\/\/stdtransformer.com\/tr\/#website\",\"url\":\"https:\/\/stdtransformer.com\/tr\/\",\"name\":\"STD Transformer\",\"description\":\"\",\"publisher\":{\"@id\":\"https:\/\/stdtransformer.com\/tr\/#organization\"},\"potentialAction\":[{\"@type\":\"SearchAction\",\"target\":{\"@type\":\"EntryPoint\",\"urlTemplate\":\"https:\/\/stdtransformer.com\/tr\/?s={search_term_string}\"},\"query-input\":{\"@type\":\"PropertyValueSpecification\",\"valueRequired\":true,\"valueName\":\"search_term_string\"}}],\"inLanguage\":\"tr\"},{\"@type\":\"Organization\",\"@id\":\"https:\/\/stdtransformer.com\/tr\/#organization\",\"name\":\"STD Transformer\",\"url\":\"https:\/\/stdtransformer.com\/tr\/\",\"logo\":{\"@type\":\"ImageObject\",\"inLanguage\":\"tr\",\"@id\":\"https:\/\/stdtransformer.com\/tr\/#\/schema\/logo\/image\/\",\"url\":\"https:\/\/stdtransformer.com\/tr\/wp-content\/uploads\/2024\/11\/std-logo-kirmizi-siyah.svg\",\"contentUrl\":\"https:\/\/stdtransformer.com\/tr\/wp-content\/uploads\/2024\/11\/std-logo-kirmizi-siyah.svg\",\"width\":370,\"height\":160,\"caption\":\"STD Transformer\"},\"image\":{\"@id\":\"https:\/\/stdtransformer.com\/tr\/#\/schema\/logo\/image\/\"},\"sameAs\":[\"https:\/\/www.facebook.com\/stdtransformator\",\"https:\/\/www.instagram.com\/transformerstd\/\",\"https:\/\/www.linkedin.com\/company\/std-transformer\",\"https:\/\/www.youtube.com\/@stdtransformer1196\"]}]}<\/script>\n<!-- \/ Yoast SEO plugin. -->","yoast_head_json":{"title":"Ya\u011fl\u0131 Tip Depolu Transformat\u00f6rler - STD Transformer","robots":{"index":"index","follow":"follow","max-snippet":"max-snippet:-1","max-image-preview":"max-image-preview:large","max-video-preview":"max-video-preview:-1"},"canonical":"https:\/\/stdtransformer.com\/tr\/yagli-tip-depolu-transformatorler\/","og_locale":"tr_TR","og_type":"article","og_title":"Ya\u011fl\u0131 Tip Depolu Transformat\u00f6rler - STD Transformer","og_description":"Genel \u00d6zellikler Genle\u015fme depolu transformat\u00f6rlerin \u00e7ekirdek ve bobin yap\u0131s\u0131 hermetik tip transformat\u00f6rlere benzerdir. Hermetik tipte oldu\u011fu gibi, ONAN, ONAF, KNAN, OLTC&#8217;li olarak tasarlanabilmektedir. Bu tip transformat\u00f6rlerin genle\u015fme depolar\u0131n\u0131n boyutlar\u0131, s\u0131cakl\u0131kla hacmi artan ya\u011f\u0131n genle\u015fmesini depolayacak \u015fekilde hesaplamalar sonucunda tasarlan\u0131p \u00fcretilmektedir.Genle\u015fme depolu transformat\u00f6rler atmosfere a\u00e7\u0131k oldu\u011fu i\u00e7in termik etkiler nedeniyle de\u011fi\u015fen ya\u011f bas\u0131nc\u0131, transformat\u00f6rde\u00a0silikajel (hava kurutucu)...","og_url":"https:\/\/stdtransformer.com\/tr\/yagli-tip-depolu-transformatorler\/","og_site_name":"STD Transformer","article_publisher":"https:\/\/www.facebook.com\/stdtransformator","article_modified_time":"2025-03-14T11:19:33+00:00","og_image":[{"url":"https:\/\/stdtransformer.com\/tr\/wp-content\/uploads\/2025\/03\/yagli-tip-depolu-transformatorler-std.webp"}],"twitter_card":"summary_large_image","twitter_misc":{"Tahmini okuma s\u00fcresi":"2 dakika"},"schema":{"@context":"https:\/\/schema.org","@graph":[{"@type":"WebPage","@id":"https:\/\/stdtransformer.com\/tr\/yagli-tip-depolu-transformatorler\/","url":"https:\/\/stdtransformer.com\/tr\/yagli-tip-depolu-transformatorler\/","name":"Ya\u011fl\u0131 Tip Depolu Transformat\u00f6rler - STD Transformer","isPartOf":{"@id":"https:\/\/stdtransformer.com\/tr\/#website"},"primaryImageOfPage":{"@id":"https:\/\/stdtransformer.com\/tr\/yagli-tip-depolu-transformatorler\/#primaryimage"},"image":{"@id":"https:\/\/stdtransformer.com\/tr\/yagli-tip-depolu-transformatorler\/#primaryimage"},"thumbnailUrl":"https:\/\/stdtransformer.com\/tr\/wp-content\/uploads\/2025\/03\/yagli-tip-depolu-transformatorler-std.webp","datePublished":"2024-11-22T14:17:36+00:00","dateModified":"2025-03-14T11:19:33+00:00","breadcrumb":{"@id":"https:\/\/stdtransformer.com\/tr\/yagli-tip-depolu-transformatorler\/#breadcrumb"},"inLanguage":"tr","potentialAction":[{"@type":"ReadAction","target":["https:\/\/stdtransformer.com\/tr\/yagli-tip-depolu-transformatorler\/"]}]},{"@type":"ImageObject","inLanguage":"tr","@id":"https:\/\/stdtransformer.com\/tr\/yagli-tip-depolu-transformatorler\/#primaryimage","url":"https:\/\/stdtransformer.com\/tr\/wp-content\/uploads\/2025\/03\/yagli-tip-depolu-transformatorler-std.webp","contentUrl":"https:\/\/stdtransformer.com\/tr\/wp-content\/uploads\/2025\/03\/yagli-tip-depolu-transformatorler-std.webp","width":711,"height":841},{"@type":"BreadcrumbList","@id":"https:\/\/stdtransformer.com\/tr\/yagli-tip-depolu-transformatorler\/#breadcrumb","itemListElement":[{"@type":"ListItem","position":1,"name":"Anasayfa","item":"https:\/\/stdtransformer.com\/tr\/"},{"@type":"ListItem","position":2,"name":"Ya\u011fl\u0131 Tip Depolu Transformat\u00f6rler"}]},{"@type":"WebSite","@id":"https:\/\/stdtransformer.com\/tr\/#website","url":"https:\/\/stdtransformer.com\/tr\/","name":"STD Transformer","description":"","publisher":{"@id":"https:\/\/stdtransformer.com\/tr\/#organization"},"potentialAction":[{"@type":"SearchAction","target":{"@type":"EntryPoint","urlTemplate":"https:\/\/stdtransformer.com\/tr\/?s={search_term_string}"},"query-input":{"@type":"PropertyValueSpecification","valueRequired":true,"valueName":"search_term_string"}}],"inLanguage":"tr"},{"@type":"Organization","@id":"https:\/\/stdtransformer.com\/tr\/#organization","name":"STD Transformer","url":"https:\/\/stdtransformer.com\/tr\/","logo":{"@type":"ImageObject","inLanguage":"tr","@id":"https:\/\/stdtransformer.com\/tr\/#\/schema\/logo\/image\/","url":"https:\/\/stdtransformer.com\/tr\/wp-content\/uploads\/2024\/11\/std-logo-kirmizi-siyah.svg","contentUrl":"https:\/\/stdtransformer.com\/tr\/wp-content\/uploads\/2024\/11\/std-logo-kirmizi-siyah.svg","width":370,"height":160,"caption":"STD Transformer"},"image":{"@id":"https:\/\/stdtransformer.com\/tr\/#\/schema\/logo\/image\/"},"sameAs":["https:\/\/www.facebook.com\/stdtransformator","https:\/\/www.instagram.com\/transformerstd\/","https:\/\/www.linkedin.com\/company\/std-transformer","https:\/\/www.youtube.com\/@stdtransformer1196"]}]}},"_links":{"self":[{"href":"https:\/\/stdtransformer.com\/tr\/wp-json\/wp\/v2\/pages\/30168","targetHints":{"allow":["GET"]}}],"collection":[{"href":"https:\/\/stdtransformer.com\/tr\/wp-json\/wp\/v2\/pages"}],"about":[{"href":"https:\/\/stdtransformer.com\/tr\/wp-json\/wp\/v2\/types\/page"}],"author":[{"embeddable":true,"href":"https:\/\/stdtransformer.com\/tr\/wp-json\/wp\/v2\/users\/1"}],"replies":[{"embeddable":true,"href":"https:\/\/stdtransformer.com\/tr\/wp-json\/wp\/v2\/comments?post=30168"}],"version-history":[{"count":9,"href":"https:\/\/stdtransformer.com\/tr\/wp-json\/wp\/v2\/pages\/30168\/revisions"}],"predecessor-version":[{"id":33128,"href":"https:\/\/stdtransformer.com\/tr\/wp-json\/wp\/v2\/pages\/30168\/revisions\/33128"}],"wp:attachment":[{"href":"https:\/\/stdtransformer.com\/tr\/wp-json\/wp\/v2\/media?parent=30168"}],"curies":[{"name":"wp","href":"https:\/\/api.w.org\/{rel}","templated":true}]}}