{"id":30161,"date":"2024-11-22T14:09:31","date_gmt":"2024-11-22T14:09:31","guid":{"rendered":"https:\/\/stdtransformer.com\/tr\/?page_id=30161"},"modified":"2025-02-10T08:20:10","modified_gmt":"2025-02-10T08:20:10","slug":"7-24-servis","status":"publish","type":"page","link":"https:\/\/stdtransformer.com\/tr\/7-24-servis\/","title":{"rendered":"7\/24 Servis"},"content":{"rendered":"\t\t<div data-elementor-type=\"wp-page\" data-elementor-id=\"30161\" class=\"elementor elementor-30161\">\n\t\t\t\t\r\n\t\t<div class=\"default no-position show_shadow rs-sticky-default elementor-element elementor-element-4354e6e e-flex e-con-boxed e-con e-parent\" data-id=\"4354e6e\" data-element_type=\"container\">\n\t\t\t\t\t<div class=\"e-con-inner\">\n\t\t\r\n\t\t\t\t<div class=\"elementor-element elementor-element-488705c elementor-widget elementor-widget-spacer\" data-id=\"488705c\" data-element_type=\"widget\" data-widget_type=\"spacer.default\">\n\t\t\t\t<div class=\"elementor-widget-container\">\n\t\t\t\t\t<div class=\"elementor-spacer\">\n\t\t\t<div class=\"elementor-spacer-inner\"><\/div>\n\t\t<\/div>\n\t\t\t\t<\/div>\n\t\t\t\t<\/div>\n\t\t\t\t\t<\/div>\n\t\t\t\t<\/div>\n\t\t\r\n\t\t<div class=\"default no-position show_shadow rs-sticky-default elementor-element elementor-element-31e2293 e-flex e-con-boxed e-con e-parent\" data-id=\"31e2293\" data-element_type=\"container\">\n\t\t\t\t\t<div class=\"e-con-inner\">\n\t\t\r\n\t\t\t\t<div class=\"elementor-element elementor-element-89a9391 elementor-widget__width-inherit elementor-widget elementor-widget-text-editor\" data-id=\"89a9391\" data-element_type=\"widget\" data-widget_type=\"text-editor.default\">\n\t\t\t\t<div class=\"elementor-widget-container\">\n\t\t\t\t\t\t\t<h6>7\/24 Acil M\u00fcdahale<\/h6>\nTesislerde ya\u015fanabilecek ar\u0131zalara kar\u015f\u0131 an\u0131nda m\u00fcdahale ve \u00e7\u00f6z\u00fcme y\u00f6nelik yap\u0131lan hizmetlerdir.\u00a0STD M\u00fchendislik olarak 7\/24 servis vermekte ve ar\u0131zalara en ge\u00e7 1 g\u00fcn i\u00e7erisinde m\u00fcdahale etmekteyiz. Servis (Test ve Devreye Alma) olarak hizmet verdi\u011fimiz t\u00fcm i\u015flerimizde an\u0131nda m\u00fcdahale yapabilmekte ve m\u00fc\u015fterilerimizin sorunlar\u0131n\u0131 en k\u0131sa s\u00fcrede \u00e7\u00f6zebilmekteyiz.<br><br>\n<h6>Periyodik Bak\u0131mlar<\/h6>\nTesislerde bulunan t\u00fcm trafolar\u0131n, \u00f6nceden belirlenen zamanlarda bak\u0131m \u00e7al\u0131\u015fmalar\u0131n\u0131n yap\u0131lmas\u0131d\u0131r. Periyodik bak\u0131mlar, trafolar\u0131n ya\u015flar\u0131na veya i\u015fletme saatlerine g\u00f6re belirlenmektedir.\n\nPeriyodik bak\u0131mlarda ana hedef, trafolar\u0131n durumunu kontrol etmektir. Ar\u0131zalanan veya hasar g\u00f6ren trafolar\u0131 tespit ederek, i\u015fletmede problem olu\u015fturmadan \u00f6nce m\u00fcdahale etmektir.\n\nPeriyodik bak\u0131mlarda i\u015fletmenin t\u00fcr\u00fcne g\u00f6re \u00f6zel \u00e7\u00f6z\u00fcmler \u00fcretmekle birlikte; servis (Test ve Devreye Alma) olarak hizmet verdi\u011fimiz t\u00fcm i\u015flerimizde m\u00fc\u015fterilerimize destek olmaktay\u0131z. Yapt\u0131\u011f\u0131m\u0131z hizmet ba\u015fl\u0131klar\u0131 a\u015fa\u011f\u0131daki gibidir;\t\t\t\t\t\t<\/div>\n\t\t\t\t<\/div>\n\t\t\r\n\t\t\t\t<div class=\"elementor-element elementor-element-7991a72 elementor-widget__width-inherit elementor-widget elementor-widget-text-editor\" data-id=\"7991a72\" data-element_type=\"widget\" data-widget_type=\"text-editor.default\">\n\t\t\t\t<div class=\"elementor-widget-container\">\n\t\t\t\t\t\t\t<ul><li>G. \u015ealt Sahalar\u0131 ve \u015ealt Trafolar\u0131<\/li><li>Kumanda ve kontrol panolar\u0131<\/li><li>G. Kapal\u0131 \u015ealt, H\u00fccreleri ve Kesici Bak\u0131mlar\u0131<\/li><li>Transformat\u00f6r Bak\u0131mlar\u0131<\/li><li>Ya\u011fl\u0131 tip trafolar<\/li><li>Kuru tip trafolar<\/li><li>Kademe De\u011fi\u015ftirici Bak\u0131mlar\u0131<\/li><li>Y\u00fck\u00a0Alt\u0131nda Kademe De\u011fi\u015ftiriciler<\/li><li>Y\u00fcks\u00fcz Kademe De\u011fi\u015ftiriciler<\/li><li>R\u00f6le Kalibrasyon ve Bak\u0131mlar\u0131<\/li><li>Topraklama \u00d6l\u00e7\u00fcmleri<\/li><li>Ak\u00fc, redres\u00f6r, UPS ve DC Sistem Bak\u0131mlar\u0131<\/li><li>G. \/ O.G. \/ Y.G. Kablo Test ve Bak\u0131mlar\u0131<\/li><li>Termal \u0130zleme ve Analizler<\/li><li>Y\u00fcksek Gerilim Testleri<\/li><li>M\u00fc\u015fteri E\u011fitimleri<\/li><\/ul><p><strong>Durum \u0130zleme<\/strong><\/p><p>Tesislerde bulunan trafolar\u0131n belirli zaman aral\u0131klar\u0131yla izlenmesidir. Yap\u0131lacak analizler sonucunda trafoda yap\u0131lacak \u00e7al\u0131\u015fmalara karar verilir. B\u00f6ylelikle, s\u00fcrekli \u00e7al\u0131\u015fmas\u0131 ama\u00e7lanan trafolar\u0131n, \u00e7al\u0131\u015fma s\u00fcreklili\u011fi sa\u011flanm\u0131\u015f olur. Yaln\u0131zca bak\u0131m gerekti\u011fine karar verildi\u011fi zamanlarda trafo durdurulur.<\/p><ul><li>K\u0131smi de\u015farj \u00f6l\u00e7\u00fcmleri<\/li><li>Trafo ya\u011f ve gaz analizleri<\/li><\/ul>\t\t\t\t\t\t<\/div>\n\t\t\t\t<\/div>\n\t\t\t\t\t<\/div>\n\t\t\t\t<\/div>\n\t\t\r\n\t\t<div class=\"default no-position show_shadow rs-sticky-default elementor-element elementor-element-8982a62 e-flex e-con-boxed e-con e-parent\" data-id=\"8982a62\" data-element_type=\"container\">\n\t\t\t\t\t<div class=\"e-con-inner\">\n\t\t\r\n\t\t\t\t<div class=\"elementor-element elementor-element-8bc26fb elementor-widget elementor-widget-spacer\" data-id=\"8bc26fb\" data-element_type=\"widget\" data-widget_type=\"spacer.default\">\n\t\t\t\t<div class=\"elementor-widget-container\">\n\t\t\t\t\t<div class=\"elementor-spacer\">\n\t\t\t<div class=\"elementor-spacer-inner\"><\/div>\n\t\t<\/div>\n\t\t\t\t<\/div>\n\t\t\t\t<\/div>\n\t\t\t\t\t<\/div>\n\t\t\t\t<\/div>\n\t\t\t\t<\/div>\n\t\t","protected":false},"excerpt":{"rendered":"<p>7\/24 Acil M\u00fcdahale Tesislerde ya\u015fanabilecek ar\u0131zalara kar\u015f\u0131 an\u0131nda m\u00fcdahale ve \u00e7\u00f6z\u00fcme y\u00f6nelik yap\u0131lan hizmetlerdir.\u00a0STD M\u00fchendislik olarak 7\/24 servis vermekte ve ar\u0131zalara en ge\u00e7 1 g\u00fcn i\u00e7erisinde m\u00fcdahale etmekteyiz. Servis (Test ve Devreye Alma) olarak hizmet verdi\u011fimiz t\u00fcm i\u015flerimizde an\u0131nda m\u00fcdahale yapabilmekte ve m\u00fc\u015fterilerimizin sorunlar\u0131n\u0131 en k\u0131sa s\u00fcrede \u00e7\u00f6zebilmekteyiz. Periyodik Bak\u0131mlar Tesislerde bulunan t\u00fcm trafolar\u0131n, \u00f6nceden&#8230;<\/p>\n","protected":false},"author":1,"featured_media":0,"parent":0,"menu_order":0,"comment_status":"closed","ping_status":"closed","template":"elementor_header_footer","meta":{"footnotes":""},"class_list":["post-30161","page","type-page","status-publish","hentry"],"yoast_head":"<!-- This site is optimized with the Yoast SEO plugin v23.9 - https:\/\/yoast.com\/wordpress\/plugins\/seo\/ -->\n<title>7\/24 Servis - STD Transformer<\/title>\n<meta name=\"robots\" content=\"index, follow, max-snippet:-1, max-image-preview:large, max-video-preview:-1\" \/>\n<link rel=\"canonical\" href=\"https:\/\/stdtransformer.com\/tr\/7-24-servis\/\" \/>\n<meta property=\"og:locale\" content=\"tr_TR\" \/>\n<meta property=\"og:type\" content=\"article\" \/>\n<meta property=\"og:title\" content=\"7\/24 Servis - STD Transformer\" \/>\n<meta property=\"og:description\" content=\"7\/24 Acil M\u00fcdahale Tesislerde ya\u015fanabilecek ar\u0131zalara kar\u015f\u0131 an\u0131nda m\u00fcdahale ve \u00e7\u00f6z\u00fcme y\u00f6nelik yap\u0131lan hizmetlerdir.\u00a0STD M\u00fchendislik olarak 7\/24 servis vermekte ve ar\u0131zalara en ge\u00e7 1 g\u00fcn i\u00e7erisinde m\u00fcdahale etmekteyiz. Servis (Test ve Devreye Alma) olarak hizmet verdi\u011fimiz t\u00fcm i\u015flerimizde an\u0131nda m\u00fcdahale yapabilmekte ve m\u00fc\u015fterilerimizin sorunlar\u0131n\u0131 en k\u0131sa s\u00fcrede \u00e7\u00f6zebilmekteyiz. Periyodik Bak\u0131mlar Tesislerde bulunan t\u00fcm trafolar\u0131n, \u00f6nceden...\" \/>\n<meta property=\"og:url\" content=\"https:\/\/stdtransformer.com\/tr\/7-24-servis\/\" \/>\n<meta property=\"og:site_name\" content=\"STD Transformer\" \/>\n<meta property=\"article:publisher\" content=\"https:\/\/www.facebook.com\/stdtransformator\" \/>\n<meta property=\"article:modified_time\" content=\"2025-02-10T08:20:10+00:00\" \/>\n<meta name=\"twitter:card\" content=\"summary_large_image\" \/>\n<meta name=\"twitter:label1\" content=\"Tahmini okuma s\u00fcresi\" \/>\n\t<meta name=\"twitter:data1\" content=\"2 dakika\" \/>\n<script type=\"application\/ld+json\" class=\"yoast-schema-graph\">{\"@context\":\"https:\/\/schema.org\",\"@graph\":[{\"@type\":\"WebPage\",\"@id\":\"https:\/\/stdtransformer.com\/tr\/7-24-servis\/\",\"url\":\"https:\/\/stdtransformer.com\/tr\/7-24-servis\/\",\"name\":\"7\/24 Servis - STD Transformer\",\"isPartOf\":{\"@id\":\"https:\/\/stdtransformer.com\/tr\/#website\"},\"datePublished\":\"2024-11-22T14:09:31+00:00\",\"dateModified\":\"2025-02-10T08:20:10+00:00\",\"breadcrumb\":{\"@id\":\"https:\/\/stdtransformer.com\/tr\/7-24-servis\/#breadcrumb\"},\"inLanguage\":\"tr\",\"potentialAction\":[{\"@type\":\"ReadAction\",\"target\":[\"https:\/\/stdtransformer.com\/tr\/7-24-servis\/\"]}]},{\"@type\":\"BreadcrumbList\",\"@id\":\"https:\/\/stdtransformer.com\/tr\/7-24-servis\/#breadcrumb\",\"itemListElement\":[{\"@type\":\"ListItem\",\"position\":1,\"name\":\"Anasayfa\",\"item\":\"https:\/\/stdtransformer.com\/tr\/\"},{\"@type\":\"ListItem\",\"position\":2,\"name\":\"7\/24 Servis\"}]},{\"@type\":\"WebSite\",\"@id\":\"https:\/\/stdtransformer.com\/tr\/#website\",\"url\":\"https:\/\/stdtransformer.com\/tr\/\",\"name\":\"STD Transformer\",\"description\":\"\",\"publisher\":{\"@id\":\"https:\/\/stdtransformer.com\/tr\/#organization\"},\"potentialAction\":[{\"@type\":\"SearchAction\",\"target\":{\"@type\":\"EntryPoint\",\"urlTemplate\":\"https:\/\/stdtransformer.com\/tr\/?s={search_term_string}\"},\"query-input\":{\"@type\":\"PropertyValueSpecification\",\"valueRequired\":true,\"valueName\":\"search_term_string\"}}],\"inLanguage\":\"tr\"},{\"@type\":\"Organization\",\"@id\":\"https:\/\/stdtransformer.com\/tr\/#organization\",\"name\":\"STD Transformer\",\"url\":\"https:\/\/stdtransformer.com\/tr\/\",\"logo\":{\"@type\":\"ImageObject\",\"inLanguage\":\"tr\",\"@id\":\"https:\/\/stdtransformer.com\/tr\/#\/schema\/logo\/image\/\",\"url\":\"https:\/\/stdtransformer.com\/tr\/wp-content\/uploads\/2024\/11\/std-logo-kirmizi-siyah.svg\",\"contentUrl\":\"https:\/\/stdtransformer.com\/tr\/wp-content\/uploads\/2024\/11\/std-logo-kirmizi-siyah.svg\",\"width\":370,\"height\":160,\"caption\":\"STD Transformer\"},\"image\":{\"@id\":\"https:\/\/stdtransformer.com\/tr\/#\/schema\/logo\/image\/\"},\"sameAs\":[\"https:\/\/www.facebook.com\/stdtransformator\",\"https:\/\/www.instagram.com\/transformerstd\/\",\"https:\/\/www.linkedin.com\/company\/std-transformer\",\"https:\/\/www.youtube.com\/@stdtransformer1196\"]}]}<\/script>\n<!-- \/ Yoast SEO plugin. -->","yoast_head_json":{"title":"7\/24 Servis - STD Transformer","robots":{"index":"index","follow":"follow","max-snippet":"max-snippet:-1","max-image-preview":"max-image-preview:large","max-video-preview":"max-video-preview:-1"},"canonical":"https:\/\/stdtransformer.com\/tr\/7-24-servis\/","og_locale":"tr_TR","og_type":"article","og_title":"7\/24 Servis - STD Transformer","og_description":"7\/24 Acil M\u00fcdahale Tesislerde ya\u015fanabilecek ar\u0131zalara kar\u015f\u0131 an\u0131nda m\u00fcdahale ve \u00e7\u00f6z\u00fcme y\u00f6nelik yap\u0131lan hizmetlerdir.\u00a0STD M\u00fchendislik olarak 7\/24 servis vermekte ve ar\u0131zalara en ge\u00e7 1 g\u00fcn i\u00e7erisinde m\u00fcdahale etmekteyiz. Servis (Test ve Devreye Alma) olarak hizmet verdi\u011fimiz t\u00fcm i\u015flerimizde an\u0131nda m\u00fcdahale yapabilmekte ve m\u00fc\u015fterilerimizin sorunlar\u0131n\u0131 en k\u0131sa s\u00fcrede \u00e7\u00f6zebilmekteyiz. Periyodik Bak\u0131mlar Tesislerde bulunan t\u00fcm trafolar\u0131n, \u00f6nceden...","og_url":"https:\/\/stdtransformer.com\/tr\/7-24-servis\/","og_site_name":"STD Transformer","article_publisher":"https:\/\/www.facebook.com\/stdtransformator","article_modified_time":"2025-02-10T08:20:10+00:00","twitter_card":"summary_large_image","twitter_misc":{"Tahmini okuma s\u00fcresi":"2 dakika"},"schema":{"@context":"https:\/\/schema.org","@graph":[{"@type":"WebPage","@id":"https:\/\/stdtransformer.com\/tr\/7-24-servis\/","url":"https:\/\/stdtransformer.com\/tr\/7-24-servis\/","name":"7\/24 Servis - STD Transformer","isPartOf":{"@id":"https:\/\/stdtransformer.com\/tr\/#website"},"datePublished":"2024-11-22T14:09:31+00:00","dateModified":"2025-02-10T08:20:10+00:00","breadcrumb":{"@id":"https:\/\/stdtransformer.com\/tr\/7-24-servis\/#breadcrumb"},"inLanguage":"tr","potentialAction":[{"@type":"ReadAction","target":["https:\/\/stdtransformer.com\/tr\/7-24-servis\/"]}]},{"@type":"BreadcrumbList","@id":"https:\/\/stdtransformer.com\/tr\/7-24-servis\/#breadcrumb","itemListElement":[{"@type":"ListItem","position":1,"name":"Anasayfa","item":"https:\/\/stdtransformer.com\/tr\/"},{"@type":"ListItem","position":2,"name":"7\/24 Servis"}]},{"@type":"WebSite","@id":"https:\/\/stdtransformer.com\/tr\/#website","url":"https:\/\/stdtransformer.com\/tr\/","name":"STD Transformer","description":"","publisher":{"@id":"https:\/\/stdtransformer.com\/tr\/#organization"},"potentialAction":[{"@type":"SearchAction","target":{"@type":"EntryPoint","urlTemplate":"https:\/\/stdtransformer.com\/tr\/?s={search_term_string}"},"query-input":{"@type":"PropertyValueSpecification","valueRequired":true,"valueName":"search_term_string"}}],"inLanguage":"tr"},{"@type":"Organization","@id":"https:\/\/stdtransformer.com\/tr\/#organization","name":"STD Transformer","url":"https:\/\/stdtransformer.com\/tr\/","logo":{"@type":"ImageObject","inLanguage":"tr","@id":"https:\/\/stdtransformer.com\/tr\/#\/schema\/logo\/image\/","url":"https:\/\/stdtransformer.com\/tr\/wp-content\/uploads\/2024\/11\/std-logo-kirmizi-siyah.svg","contentUrl":"https:\/\/stdtransformer.com\/tr\/wp-content\/uploads\/2024\/11\/std-logo-kirmizi-siyah.svg","width":370,"height":160,"caption":"STD Transformer"},"image":{"@id":"https:\/\/stdtransformer.com\/tr\/#\/schema\/logo\/image\/"},"sameAs":["https:\/\/www.facebook.com\/stdtransformator","https:\/\/www.instagram.com\/transformerstd\/","https:\/\/www.linkedin.com\/company\/std-transformer","https:\/\/www.youtube.com\/@stdtransformer1196"]}]}},"_links":{"self":[{"href":"https:\/\/stdtransformer.com\/tr\/wp-json\/wp\/v2\/pages\/30161","targetHints":{"allow":["GET"]}}],"collection":[{"href":"https:\/\/stdtransformer.com\/tr\/wp-json\/wp\/v2\/pages"}],"about":[{"href":"https:\/\/stdtransformer.com\/tr\/wp-json\/wp\/v2\/types\/page"}],"author":[{"embeddable":true,"href":"https:\/\/stdtransformer.com\/tr\/wp-json\/wp\/v2\/users\/1"}],"replies":[{"embeddable":true,"href":"https:\/\/stdtransformer.com\/tr\/wp-json\/wp\/v2\/comments?post=30161"}],"version-history":[{"count":19,"href":"https:\/\/stdtransformer.com\/tr\/wp-json\/wp\/v2\/pages\/30161\/revisions"}],"predecessor-version":[{"id":32878,"href":"https:\/\/stdtransformer.com\/tr\/wp-json\/wp\/v2\/pages\/30161\/revisions\/32878"}],"wp:attachment":[{"href":"https:\/\/stdtransformer.com\/tr\/wp-json\/wp\/v2\/media?parent=30161"}],"curies":[{"name":"wp","href":"https:\/\/api.w.org\/{rel}","templated":true}]}}