{"id":30143,"date":"2024-11-22T14:02:05","date_gmt":"2024-11-22T14:02:05","guid":{"rendered":"https:\/\/stdtransformer.com\/tr\/?page_id=30143"},"modified":"2025-01-14T14:15:09","modified_gmt":"2025-01-14T14:15:09","slug":"devreye-alma","status":"publish","type":"page","link":"https:\/\/stdtransformer.com\/tr\/devreye-alma\/","title":{"rendered":"Devreye Alma"},"content":{"rendered":"\t\t<div data-elementor-type=\"wp-page\" data-elementor-id=\"30143\" class=\"elementor elementor-30143\">\n\t\t\t\t\r\n\t\t<div class=\"default no-position show_shadow rs-sticky-default elementor-element elementor-element-4354e6e e-flex e-con-boxed e-con e-parent\" data-id=\"4354e6e\" data-element_type=\"container\">\n\t\t\t\t\t<div class=\"e-con-inner\">\n\t\t\r\n\t\t\t\t<div class=\"elementor-element elementor-element-488705c elementor-widget elementor-widget-spacer\" data-id=\"488705c\" data-element_type=\"widget\" data-widget_type=\"spacer.default\">\n\t\t\t\t<div class=\"elementor-widget-container\">\n\t\t\t\t\t<div class=\"elementor-spacer\">\n\t\t\t<div class=\"elementor-spacer-inner\"><\/div>\n\t\t<\/div>\n\t\t\t\t<\/div>\n\t\t\t\t<\/div>\n\t\t\t\t\t<\/div>\n\t\t\t\t<\/div>\n\t\t\r\n\t\t<div class=\"default no-position show_shadow rs-sticky-default elementor-element elementor-element-dd00f93 e-flex e-con-boxed e-con e-parent\" data-id=\"dd00f93\" data-element_type=\"container\">\n\t\t\t\t\t<div class=\"e-con-inner\">\n\t\t\r\n\t\t<div class=\"default no-position show_shadow rs-sticky-default elementor-element elementor-element-82e238e e-con-full e-flex e-con e-child\" data-id=\"82e238e\" data-element_type=\"container\">\n\t\t\r\n\t\t\t\t<div class=\"elementor-element elementor-element-267628d elementor-widget__width-initial elementor-widget elementor-widget-rs-heading\" data-id=\"267628d\" data-element_type=\"widget\" data-widget_type=\"rs-heading.default\">\n\t\t\t\t<div class=\"elementor-widget-container\">\n\t\t\t\n\t\t<div class=\"prelements-heading style1  \">\n\t\t\t<div class=\"title-inner\">\n\t\t\t\t<h5 class=\"title rs-split-text-disable \">Devreye Alma<\/h5>\n\t\t\t<\/div>\n\t\t\t\t\t<\/div>\n\t\t<\/div>\n\t\t\t\t<\/div>\n\t\t\r\n\t\t\t\t<div class=\"elementor-element elementor-element-e4ba213 elementor-widget__width-inherit elementor-widget elementor-widget-text-editor\" data-id=\"e4ba213\" data-element_type=\"widget\" data-widget_type=\"text-editor.default\">\n\t\t\t\t<div class=\"elementor-widget-container\">\n\t\t\t\t\t\t\t<p>Devreye alma bir projenin hayata ge\u00e7irilmesinde son nokta olup t\u00fcm ekipmanlar\u0131n enerjilendirme \u00f6ncesi saha testlerinin prosed\u00fcrlere uygun olarak ger\u00e7ekle\u015ftirilmesi, elektriksel cihazlar\u0131n \u00e7al\u0131\u015f\u0131r duruma getirilmesi ve sistemin i\u015fletmeye al\u0131nmas\u0131d\u0131r.<\/p><p>Saha testleri ile ba\u015flayan ve enerjilemeye kadar olan bu s\u00fcre\u00e7te, T\u00fcrkiye\u2019nin en b\u00fcy\u00fck kalibreli primer ve sekonder test cihaz ekipman, sertifikal\u0131 uzman m\u00fchendis ve teknisyenlerimizle hizmet vermekteyiz.<\/p><p>Hedefimiz uzun y\u0131llar edindi\u011fimiz deneyim ve tecr\u00fcbelerimizi projeye aktarmak, birikimlerimizi m\u00fc\u015fterilerimizin de yorumuyla birle\u015ftirip sisteme uygulamak ve sistemi sorunsuz \u00e7al\u0131\u015f\u0131r halde m\u00fc\u015fterilerimize teslim etmektir.<\/p>\t\t\t\t\t\t<\/div>\n\t\t\t\t<\/div>\n\t\t\t\t<\/div>\n\t\t\r\n\t\t<div class=\"default no-position show_shadow rs-sticky-default elementor-element elementor-element-e349137 e-con-full e-flex e-con e-child\" data-id=\"e349137\" data-element_type=\"container\">\n\t\t\r\n\t\t\t\t<div class=\"elementor-element elementor-element-ea5157f elementor-widget elementor-widget-image\" data-id=\"ea5157f\" data-element_type=\"widget\" data-widget_type=\"image.default\">\n\t\t\t\t<div class=\"elementor-widget-container\">\n\t\t\t\t\t\t\t\t\t\t\t\t\t<img fetchpriority=\"high\" decoding=\"async\" width=\"768\" height=\"1024\" src=\"https:\/\/stdtransformer.com\/tr\/wp-content\/uploads\/2024\/11\/std-transformator-test-ve-devreye-alma-8.webp\" class=\"attachment-full size-full wp-image-30147\" alt=\"\" srcset=\"https:\/\/stdtransformer.com\/tr\/wp-content\/uploads\/2024\/11\/std-transformator-test-ve-devreye-alma-8.webp 768w, https:\/\/stdtransformer.com\/tr\/wp-content\/uploads\/2024\/11\/std-transformator-test-ve-devreye-alma-8-225x300.webp 225w\" sizes=\"(max-width: 768px) 100vw, 768px\" \/>\t\t\t\t\t\t\t\t\t\t\t\t\t<\/div>\n\t\t\t\t<\/div>\n\t\t\t\t<\/div>\n\t\t\t\t\t<\/div>\n\t\t\t\t<\/div>\n\t\t\r\n\t\t<div class=\"default no-position show_shadow rs-sticky-default elementor-element elementor-element-8982a62 e-flex e-con-boxed e-con e-parent\" data-id=\"8982a62\" data-element_type=\"container\">\n\t\t\t\t\t<div class=\"e-con-inner\">\n\t\t\r\n\t\t\t\t<div class=\"elementor-element elementor-element-8bc26fb elementor-widget elementor-widget-spacer\" data-id=\"8bc26fb\" data-element_type=\"widget\" data-widget_type=\"spacer.default\">\n\t\t\t\t<div class=\"elementor-widget-container\">\n\t\t\t\t\t<div class=\"elementor-spacer\">\n\t\t\t<div class=\"elementor-spacer-inner\"><\/div>\n\t\t<\/div>\n\t\t\t\t<\/div>\n\t\t\t\t<\/div>\n\t\t\t\t\t<\/div>\n\t\t\t\t<\/div>\n\t\t\t\t<\/div>\n\t\t","protected":false},"excerpt":{"rendered":"<p>Devreye Alma Devreye alma bir projenin hayata ge\u00e7irilmesinde son nokta olup t\u00fcm ekipmanlar\u0131n enerjilendirme \u00f6ncesi saha testlerinin prosed\u00fcrlere uygun olarak ger\u00e7ekle\u015ftirilmesi, elektriksel cihazlar\u0131n \u00e7al\u0131\u015f\u0131r duruma getirilmesi ve sistemin i\u015fletmeye al\u0131nmas\u0131d\u0131r. Saha testleri ile ba\u015flayan ve enerjilemeye kadar olan bu s\u00fcre\u00e7te, T\u00fcrkiye\u2019nin en b\u00fcy\u00fck kalibreli primer ve sekonder test cihaz ekipman, sertifikal\u0131 uzman m\u00fchendis ve teknisyenlerimizle&#8230;<\/p>\n","protected":false},"author":1,"featured_media":0,"parent":0,"menu_order":0,"comment_status":"closed","ping_status":"closed","template":"elementor_header_footer","meta":{"footnotes":""},"class_list":["post-30143","page","type-page","status-publish","hentry"],"yoast_head":"<!-- This site is optimized with the Yoast SEO plugin v23.9 - https:\/\/yoast.com\/wordpress\/plugins\/seo\/ -->\n<title>Devreye Alma - STD Transformer<\/title>\n<meta name=\"robots\" content=\"index, follow, max-snippet:-1, max-image-preview:large, max-video-preview:-1\" \/>\n<link rel=\"canonical\" href=\"https:\/\/stdtransformer.com\/tr\/devreye-alma\/\" \/>\n<meta property=\"og:locale\" content=\"tr_TR\" \/>\n<meta property=\"og:type\" content=\"article\" \/>\n<meta property=\"og:title\" content=\"Devreye Alma - STD Transformer\" \/>\n<meta property=\"og:description\" content=\"Devreye Alma Devreye alma bir projenin hayata ge\u00e7irilmesinde son nokta olup t\u00fcm ekipmanlar\u0131n enerjilendirme \u00f6ncesi saha testlerinin prosed\u00fcrlere uygun olarak ger\u00e7ekle\u015ftirilmesi, elektriksel cihazlar\u0131n \u00e7al\u0131\u015f\u0131r duruma getirilmesi ve sistemin i\u015fletmeye al\u0131nmas\u0131d\u0131r. Saha testleri ile ba\u015flayan ve enerjilemeye kadar olan bu s\u00fcre\u00e7te, T\u00fcrkiye\u2019nin en b\u00fcy\u00fck kalibreli primer ve sekonder test cihaz ekipman, sertifikal\u0131 uzman m\u00fchendis ve teknisyenlerimizle...\" \/>\n<meta property=\"og:url\" content=\"https:\/\/stdtransformer.com\/tr\/devreye-alma\/\" \/>\n<meta property=\"og:site_name\" content=\"STD Transformer\" \/>\n<meta property=\"article:publisher\" content=\"https:\/\/www.facebook.com\/stdtransformator\" \/>\n<meta property=\"article:modified_time\" content=\"2025-01-14T14:15:09+00:00\" \/>\n<meta property=\"og:image\" content=\"https:\/\/stdtransformer.com\/tr\/wp-content\/uploads\/2024\/11\/std-transformator-test-ve-devreye-alma-8.webp\" \/>\n\t<meta property=\"og:image:width\" content=\"768\" \/>\n\t<meta property=\"og:image:height\" content=\"1024\" \/>\n\t<meta property=\"og:image:type\" content=\"image\/webp\" \/>\n<meta name=\"twitter:card\" content=\"summary_large_image\" \/>\n<meta name=\"twitter:label1\" content=\"Tahmini okuma s\u00fcresi\" \/>\n\t<meta name=\"twitter:data1\" content=\"1 dakika\" \/>\n<script type=\"application\/ld+json\" class=\"yoast-schema-graph\">{\"@context\":\"https:\/\/schema.org\",\"@graph\":[{\"@type\":\"WebPage\",\"@id\":\"https:\/\/stdtransformer.com\/tr\/devreye-alma\/\",\"url\":\"https:\/\/stdtransformer.com\/tr\/devreye-alma\/\",\"name\":\"Devreye Alma - STD Transformer\",\"isPartOf\":{\"@id\":\"https:\/\/stdtransformer.com\/tr\/#website\"},\"primaryImageOfPage\":{\"@id\":\"https:\/\/stdtransformer.com\/tr\/devreye-alma\/#primaryimage\"},\"image\":{\"@id\":\"https:\/\/stdtransformer.com\/tr\/devreye-alma\/#primaryimage\"},\"thumbnailUrl\":\"https:\/\/stdtransformer.com\/tr\/wp-content\/uploads\/2024\/11\/std-transformator-test-ve-devreye-alma-8.webp\",\"datePublished\":\"2024-11-22T14:02:05+00:00\",\"dateModified\":\"2025-01-14T14:15:09+00:00\",\"breadcrumb\":{\"@id\":\"https:\/\/stdtransformer.com\/tr\/devreye-alma\/#breadcrumb\"},\"inLanguage\":\"tr\",\"potentialAction\":[{\"@type\":\"ReadAction\",\"target\":[\"https:\/\/stdtransformer.com\/tr\/devreye-alma\/\"]}]},{\"@type\":\"ImageObject\",\"inLanguage\":\"tr\",\"@id\":\"https:\/\/stdtransformer.com\/tr\/devreye-alma\/#primaryimage\",\"url\":\"https:\/\/stdtransformer.com\/tr\/wp-content\/uploads\/2024\/11\/std-transformator-test-ve-devreye-alma-8.webp\",\"contentUrl\":\"https:\/\/stdtransformer.com\/tr\/wp-content\/uploads\/2024\/11\/std-transformator-test-ve-devreye-alma-8.webp\"},{\"@type\":\"BreadcrumbList\",\"@id\":\"https:\/\/stdtransformer.com\/tr\/devreye-alma\/#breadcrumb\",\"itemListElement\":[{\"@type\":\"ListItem\",\"position\":1,\"name\":\"Anasayfa\",\"item\":\"https:\/\/stdtransformer.com\/tr\/\"},{\"@type\":\"ListItem\",\"position\":2,\"name\":\"Devreye Alma\"}]},{\"@type\":\"WebSite\",\"@id\":\"https:\/\/stdtransformer.com\/tr\/#website\",\"url\":\"https:\/\/stdtransformer.com\/tr\/\",\"name\":\"STD Transformer\",\"description\":\"\",\"publisher\":{\"@id\":\"https:\/\/stdtransformer.com\/tr\/#organization\"},\"potentialAction\":[{\"@type\":\"SearchAction\",\"target\":{\"@type\":\"EntryPoint\",\"urlTemplate\":\"https:\/\/stdtransformer.com\/tr\/?s={search_term_string}\"},\"query-input\":{\"@type\":\"PropertyValueSpecification\",\"valueRequired\":true,\"valueName\":\"search_term_string\"}}],\"inLanguage\":\"tr\"},{\"@type\":\"Organization\",\"@id\":\"https:\/\/stdtransformer.com\/tr\/#organization\",\"name\":\"STD Transformer\",\"url\":\"https:\/\/stdtransformer.com\/tr\/\",\"logo\":{\"@type\":\"ImageObject\",\"inLanguage\":\"tr\",\"@id\":\"https:\/\/stdtransformer.com\/tr\/#\/schema\/logo\/image\/\",\"url\":\"https:\/\/stdtransformer.com\/tr\/wp-content\/uploads\/2024\/11\/std-logo-kirmizi-siyah.svg\",\"contentUrl\":\"https:\/\/stdtransformer.com\/tr\/wp-content\/uploads\/2024\/11\/std-logo-kirmizi-siyah.svg\",\"width\":370,\"height\":160,\"caption\":\"STD Transformer\"},\"image\":{\"@id\":\"https:\/\/stdtransformer.com\/tr\/#\/schema\/logo\/image\/\"},\"sameAs\":[\"https:\/\/www.facebook.com\/stdtransformator\",\"https:\/\/www.instagram.com\/transformerstd\/\",\"https:\/\/www.linkedin.com\/company\/std-transformer\",\"https:\/\/www.youtube.com\/@stdtransformer1196\"]}]}<\/script>\n<!-- \/ Yoast SEO plugin. -->","yoast_head_json":{"title":"Devreye Alma - STD Transformer","robots":{"index":"index","follow":"follow","max-snippet":"max-snippet:-1","max-image-preview":"max-image-preview:large","max-video-preview":"max-video-preview:-1"},"canonical":"https:\/\/stdtransformer.com\/tr\/devreye-alma\/","og_locale":"tr_TR","og_type":"article","og_title":"Devreye Alma - STD Transformer","og_description":"Devreye Alma Devreye alma bir projenin hayata ge\u00e7irilmesinde son nokta olup t\u00fcm ekipmanlar\u0131n enerjilendirme \u00f6ncesi saha testlerinin prosed\u00fcrlere uygun olarak ger\u00e7ekle\u015ftirilmesi, elektriksel cihazlar\u0131n \u00e7al\u0131\u015f\u0131r duruma getirilmesi ve sistemin i\u015fletmeye al\u0131nmas\u0131d\u0131r. Saha testleri ile ba\u015flayan ve enerjilemeye kadar olan bu s\u00fcre\u00e7te, T\u00fcrkiye\u2019nin en b\u00fcy\u00fck kalibreli primer ve sekonder test cihaz ekipman, sertifikal\u0131 uzman m\u00fchendis ve teknisyenlerimizle...","og_url":"https:\/\/stdtransformer.com\/tr\/devreye-alma\/","og_site_name":"STD Transformer","article_publisher":"https:\/\/www.facebook.com\/stdtransformator","article_modified_time":"2025-01-14T14:15:09+00:00","og_image":[{"width":768,"height":1024,"url":"https:\/\/stdtransformer.com\/tr\/wp-content\/uploads\/2024\/11\/std-transformator-test-ve-devreye-alma-8.webp","type":"image\/webp"}],"twitter_card":"summary_large_image","twitter_misc":{"Tahmini okuma s\u00fcresi":"1 dakika"},"schema":{"@context":"https:\/\/schema.org","@graph":[{"@type":"WebPage","@id":"https:\/\/stdtransformer.com\/tr\/devreye-alma\/","url":"https:\/\/stdtransformer.com\/tr\/devreye-alma\/","name":"Devreye Alma - STD Transformer","isPartOf":{"@id":"https:\/\/stdtransformer.com\/tr\/#website"},"primaryImageOfPage":{"@id":"https:\/\/stdtransformer.com\/tr\/devreye-alma\/#primaryimage"},"image":{"@id":"https:\/\/stdtransformer.com\/tr\/devreye-alma\/#primaryimage"},"thumbnailUrl":"https:\/\/stdtransformer.com\/tr\/wp-content\/uploads\/2024\/11\/std-transformator-test-ve-devreye-alma-8.webp","datePublished":"2024-11-22T14:02:05+00:00","dateModified":"2025-01-14T14:15:09+00:00","breadcrumb":{"@id":"https:\/\/stdtransformer.com\/tr\/devreye-alma\/#breadcrumb"},"inLanguage":"tr","potentialAction":[{"@type":"ReadAction","target":["https:\/\/stdtransformer.com\/tr\/devreye-alma\/"]}]},{"@type":"ImageObject","inLanguage":"tr","@id":"https:\/\/stdtransformer.com\/tr\/devreye-alma\/#primaryimage","url":"https:\/\/stdtransformer.com\/tr\/wp-content\/uploads\/2024\/11\/std-transformator-test-ve-devreye-alma-8.webp","contentUrl":"https:\/\/stdtransformer.com\/tr\/wp-content\/uploads\/2024\/11\/std-transformator-test-ve-devreye-alma-8.webp"},{"@type":"BreadcrumbList","@id":"https:\/\/stdtransformer.com\/tr\/devreye-alma\/#breadcrumb","itemListElement":[{"@type":"ListItem","position":1,"name":"Anasayfa","item":"https:\/\/stdtransformer.com\/tr\/"},{"@type":"ListItem","position":2,"name":"Devreye Alma"}]},{"@type":"WebSite","@id":"https:\/\/stdtransformer.com\/tr\/#website","url":"https:\/\/stdtransformer.com\/tr\/","name":"STD Transformer","description":"","publisher":{"@id":"https:\/\/stdtransformer.com\/tr\/#organization"},"potentialAction":[{"@type":"SearchAction","target":{"@type":"EntryPoint","urlTemplate":"https:\/\/stdtransformer.com\/tr\/?s={search_term_string}"},"query-input":{"@type":"PropertyValueSpecification","valueRequired":true,"valueName":"search_term_string"}}],"inLanguage":"tr"},{"@type":"Organization","@id":"https:\/\/stdtransformer.com\/tr\/#organization","name":"STD Transformer","url":"https:\/\/stdtransformer.com\/tr\/","logo":{"@type":"ImageObject","inLanguage":"tr","@id":"https:\/\/stdtransformer.com\/tr\/#\/schema\/logo\/image\/","url":"https:\/\/stdtransformer.com\/tr\/wp-content\/uploads\/2024\/11\/std-logo-kirmizi-siyah.svg","contentUrl":"https:\/\/stdtransformer.com\/tr\/wp-content\/uploads\/2024\/11\/std-logo-kirmizi-siyah.svg","width":370,"height":160,"caption":"STD Transformer"},"image":{"@id":"https:\/\/stdtransformer.com\/tr\/#\/schema\/logo\/image\/"},"sameAs":["https:\/\/www.facebook.com\/stdtransformator","https:\/\/www.instagram.com\/transformerstd\/","https:\/\/www.linkedin.com\/company\/std-transformer","https:\/\/www.youtube.com\/@stdtransformer1196"]}]}},"_links":{"self":[{"href":"https:\/\/stdtransformer.com\/tr\/wp-json\/wp\/v2\/pages\/30143","targetHints":{"allow":["GET"]}}],"collection":[{"href":"https:\/\/stdtransformer.com\/tr\/wp-json\/wp\/v2\/pages"}],"about":[{"href":"https:\/\/stdtransformer.com\/tr\/wp-json\/wp\/v2\/types\/page"}],"author":[{"embeddable":true,"href":"https:\/\/stdtransformer.com\/tr\/wp-json\/wp\/v2\/users\/1"}],"replies":[{"embeddable":true,"href":"https:\/\/stdtransformer.com\/tr\/wp-json\/wp\/v2\/comments?post=30143"}],"version-history":[{"count":13,"href":"https:\/\/stdtransformer.com\/tr\/wp-json\/wp\/v2\/pages\/30143\/revisions"}],"predecessor-version":[{"id":32265,"href":"https:\/\/stdtransformer.com\/tr\/wp-json\/wp\/v2\/pages\/30143\/revisions\/32265"}],"wp:attachment":[{"href":"https:\/\/stdtransformer.com\/tr\/wp-json\/wp\/v2\/media?parent=30143"}],"curies":[{"name":"wp","href":"https:\/\/api.w.org\/{rel}","templated":true}]}}