{"id":29935,"date":"2024-11-05T09:01:32","date_gmt":"2024-11-05T09:01:32","guid":{"rendered":"https:\/\/stdtransformer.com\/tr\/?page_id=29935"},"modified":"2025-03-14T11:19:25","modified_gmt":"2025-03-14T11:19:25","slug":"yagli-tip-hermetik-transformatorler","status":"publish","type":"page","link":"https:\/\/stdtransformer.com\/tr\/yagli-tip-hermetik-transformatorler\/","title":{"rendered":"Ya\u011fl\u0131 Tip Hermetik Transformat\u00f6rler"},"content":{"rendered":"\t\t<div data-elementor-type=\"wp-page\" data-elementor-id=\"29935\" class=\"elementor elementor-29935\">\n\t\t\t\t\r\n\t\t<div class=\"default no-position show_shadow rs-sticky-default elementor-element elementor-element-dc06d7f e-flex e-con-boxed e-con e-parent\" data-id=\"dc06d7f\" data-element_type=\"container\">\n\t\t\t\t\t<div class=\"e-con-inner\">\n\t\t\r\n\t\t\t\t<div class=\"elementor-element elementor-element-56f3291 elementor-widget elementor-widget-spacer\" data-id=\"56f3291\" data-element_type=\"widget\" data-widget_type=\"spacer.default\">\n\t\t\t\t<div class=\"elementor-widget-container\">\n\t\t\t\t\t<div class=\"elementor-spacer\">\n\t\t\t<div class=\"elementor-spacer-inner\"><\/div>\n\t\t<\/div>\n\t\t\t\t<\/div>\n\t\t\t\t<\/div>\n\t\t\t\t\t<\/div>\n\t\t\t\t<\/div>\n\t\t\r\n\t\t<div class=\"default no-position show_shadow rs-sticky-default elementor-element elementor-element-60a256a e-flex e-con-boxed e-con e-parent\" data-id=\"60a256a\" data-element_type=\"container\">\n\t\t\t\t\t<div class=\"e-con-inner\">\n\t\t\r\n\t\t<div class=\"default no-position show_shadow rs-sticky-default elementor-element elementor-element-c7adf77 e-con-full e-flex e-con e-child\" data-id=\"c7adf77\" data-element_type=\"container\">\n\t\t\r\n\t\t\t\t<div class=\"elementor-element elementor-element-afde1a4 elementor-widget elementor-widget-rs-image\" data-id=\"afde1a4\" data-element_type=\"widget\" data-widget_type=\"rs-image.default\">\n\t\t\t\t<div class=\"elementor-widget-container\">\n\t\t\t\n        <div class=\"rs-image  ruler_image_ ruler_position_  \">\n                                                            <img decoding=\"async\" class=\"rs-multi-image  reverse- blend_unset\" src=\"https:\/\/stdtransformer.com\/tr\/wp-content\/uploads\/2025\/03\/yagli-tip-hermetik-transformatorler-std.webp\" alt=\"image\"\/>\n                                                                        <\/div>   \n          \n    \t\t<\/div>\n\t\t\t\t<\/div>\n\t\t\t\t<\/div>\n\t\t\r\n\t\t<div class=\"default no-position show_shadow rs-sticky-default elementor-element elementor-element-4ec995d e-con-full e-flex e-con e-child\" data-id=\"4ec995d\" data-element_type=\"container\">\n\t\t\r\n\t\t\t\t<div class=\"elementor-element elementor-element-1354086 elementor-widget elementor-widget-rs-heading\" data-id=\"1354086\" data-element_type=\"widget\" data-widget_type=\"rs-heading.default\">\n\t\t\t\t<div class=\"elementor-widget-container\">\n\t\t\t\n\t\t<div class=\"prelements-heading default  \">\n\t\t\t<div class=\"title-inner\">\n\t\t\t\t<h4 class=\"title rs-split-text-disable \">Genel \u00d6zellikler<\/h4>\n\t\t\t<\/div>\n\t\t\t\t\t<\/div>\n\t\t<\/div>\n\t\t\t\t<\/div>\n\t\t\r\n\t\t\t\t<div class=\"elementor-element elementor-element-049c6e2 elementor-widget elementor-widget-text-editor\" data-id=\"049c6e2\" data-element_type=\"widget\" data-widget_type=\"text-editor.default\">\n\t\t\t\t<div class=\"elementor-widget-container\">\n\t\t\t\t\t\t\t<p>25 \u2013 5000 kVA\u00a0 g\u00fc\u00e7 aral\u0131\u011f\u0131nda, 36 kV y\u00fcksek gerilim seviyesine kadar, \u00fc\u00e7\u00a0fazl\u0131, ya\u011fl\u0131, dalgaduvarlar arac\u0131l\u0131\u011f\u0131yla do\u011fal\u00a0so\u011futmal\u0131 (mineral ya\u011f kullan\u0131m\u0131nda ONAN\/bitkisel ya\u011f kullan\u0131m\u0131nda KNAN) veya fan ile so\u011futmal\u0131 (ONAF\/OFAF),\u00a0bo\u015fta kademe de\u011fi\u015ftiricili veya y\u00fck alt\u0131nda otomatik kademe de\u011fi\u015ftiricili (OLTC),\u00a0 hem hari\u00e7te\u00a0hem de dahilde kullan\u0131labilecek \u015fekilde \u00fcretilebilir. Hermetik tip ya\u011fl\u0131 da\u011f\u0131t\u0131m transformat\u00f6rleri, vakum alt\u0131nda ya\u011f dolumu yap\u0131larak ya\u011f bas\u0131nc\u0131 ve atmosfer bas\u0131nc\u0131n\u0131n istenen s\u0131cakl\u0131kta dengelenmesi ile ya\u011f\u0131n\u00a0atmosferle temas etmemesi prensibine g\u00f6re \u00fcretilir. 5000 kVA ve\u00a036 kV \u00fczeri transformat\u00f6rler daha \u00e7ok g\u00fc\u00e7 trafolar\u0131 s\u0131n\u0131f\u0131na girse de, m\u00fc\u015fteri talep etti\u011fi taktirde 16 mVA ve 72,5 kV&#8217;a kadar olan trafolar hermetik tip olarak da \u00fcretilebilmektedir.<\/p><p>Da\u011f\u0131t\u0131m hatlar\u0131nda konut, end\u00fcstriyel tesisler, elektrikli ara\u00e7 \u015farj istasyonlar\u0131, ticari ve kamusal alanlar\u0131 besleme amac\u0131yla kullan\u0131labilen hermetik tip transformat\u00f6rler, iletim hatlar\u0131nda ise a\u011f\u0131rl\u0131kl\u0131 olan yenilebilir enerji projelerinde kullan\u0131m\u0131yla \u00f6n plana \u00e7\u0131kmaktad\u0131r.\u00a0<\/p><p>\u00a0<\/p>\t\t\t\t\t\t<\/div>\n\t\t\t\t<\/div>\n\t\t\t\t<\/div>\n\t\t\t\t\t<\/div>\n\t\t\t\t<\/div>\n\t\t\r\n\t\t<div class=\"default no-position show_shadow rs-sticky-default elementor-element elementor-element-cac4432 e-flex e-con-boxed e-con e-parent\" data-id=\"cac4432\" data-element_type=\"container\">\n\t\t\t\t\t<div class=\"e-con-inner\">\n\t\t\r\n\t\t\t\t<div class=\"elementor-element elementor-element-f8bc442 elementor-widget elementor-widget-spacer\" data-id=\"f8bc442\" data-element_type=\"widget\" data-widget_type=\"spacer.default\">\n\t\t\t\t<div class=\"elementor-widget-container\">\n\t\t\t\t\t<div class=\"elementor-spacer\">\n\t\t\t<div class=\"elementor-spacer-inner\"><\/div>\n\t\t<\/div>\n\t\t\t\t<\/div>\n\t\t\t\t<\/div>\n\t\t\t\t\t<\/div>\n\t\t\t\t<\/div>\n\t\t\r\n\t\t<div class=\"default no-position show_shadow rs-sticky-default elementor-element elementor-element-9ed5d9f e-flex e-con-boxed e-con e-parent\" data-id=\"9ed5d9f\" data-element_type=\"container\">\n\t\t\t\t\t<div class=\"e-con-inner\">\n\t\t\r\n\t\t\t\t<div class=\"elementor-element elementor-element-ba41e2e elementor-widget elementor-widget-text-editor\" data-id=\"ba41e2e\" data-element_type=\"widget\" data-widget_type=\"text-editor.default\">\n\t\t\t\t<div class=\"elementor-widget-container\">\n\t\t\t\t\t\t\t<p>Standart da\u011f\u0131t\u0131m-iletim trafolar\u0131 aksesuarlar\u0131ndan farkl\u0131 olarak, 630 kVA ve \u00fczeri trafolar i\u00e7in hermetik r\u00f6le kullan\u0131m\u0131 tavsiye edilmektedir. Di\u011fer g\u00fc\u00e7ler i\u00e7in de m\u00fc\u015fteri talebine g\u00f6re trafoya hermetik r\u00f6le veya \u00e7ift kontakl\u0131 termometre eklenebilir.\u00a0<\/p><p>Hermetik tip ya\u011fl\u0131 da\u011f\u0131t\u0131m transformat\u00f6rlerinde kazan mekanik tasar\u0131m\u0131, s\u0131cakl\u0131k\u00a0de\u011fi\u015fimleri nedeniyle de\u011fi\u015fen ya\u011f bas\u0131nc\u0131 sonucu i\u00e7 \u0131s\u0131, kazan dalga duvarlar\u0131n\u0131n do\u011fal yollarla genle\u015fip b\u00fcz\u00fclmesiyle kontrol alt\u0131na al\u0131nabilecek \u015fekilde yap\u0131lmaktad\u0131r.<\/p><p>Hermetik\u00a0tip ya\u011fl\u0131 da\u011f\u0131t\u0131m transformat\u00f6rleri genle\u015fme depolu transformat\u00f6rlere oranla depolar\u0131 olmad\u0131\u011f\u0131ndan daha az y\u00fcksekli\u011fe\u00a0sahiptir ve bu y\u00fczden kabin i\u00e7i kullan\u0131mda daha \u00e7ok tercih edilebilmektedir.<br \/>Hermetik tip transformat\u00f6rlerde, vakum alt\u0131nda pompalanan\u00a0ya\u011f atmosferle temas etmedi\u011finden,\u00a0genle\u015fme depolu transformat\u00f6rlerde olan\u00a0belirli periyotlarda ya\u011f de\u011fi\u015fimi gereklili\u011fi yoktur.<\/p>\t\t\t\t\t\t<\/div>\n\t\t\t\t<\/div>\n\t\t\t\t\t<\/div>\n\t\t\t\t<\/div>\n\t\t\r\n\t\t<div class=\"default no-position show_shadow rs-sticky-default elementor-element elementor-element-7c60b56 e-flex e-con-boxed e-con e-parent\" data-id=\"7c60b56\" data-element_type=\"container\">\n\t\t\t\t\t<div class=\"e-con-inner\">\n\t\t\r\n\t\t\t\t<div class=\"elementor-element elementor-element-d532b9d elementor-widget elementor-widget-spacer\" data-id=\"d532b9d\" data-element_type=\"widget\" data-widget_type=\"spacer.default\">\n\t\t\t\t<div class=\"elementor-widget-container\">\n\t\t\t\t\t<div class=\"elementor-spacer\">\n\t\t\t<div class=\"elementor-spacer-inner\"><\/div>\n\t\t<\/div>\n\t\t\t\t<\/div>\n\t\t\t\t<\/div>\n\t\t\t\t\t<\/div>\n\t\t\t\t<\/div>\n\t\t\t\t<\/div>\n\t\t","protected":false},"excerpt":{"rendered":"<p>Genel \u00d6zellikler 25 \u2013 5000 kVA\u00a0 g\u00fc\u00e7 aral\u0131\u011f\u0131nda, 36 kV y\u00fcksek gerilim seviyesine kadar, \u00fc\u00e7\u00a0fazl\u0131, ya\u011fl\u0131, dalgaduvarlar arac\u0131l\u0131\u011f\u0131yla do\u011fal\u00a0so\u011futmal\u0131 (mineral ya\u011f kullan\u0131m\u0131nda ONAN\/bitkisel ya\u011f kullan\u0131m\u0131nda KNAN) veya fan ile so\u011futmal\u0131 (ONAF\/OFAF),\u00a0bo\u015fta kademe de\u011fi\u015ftiricili veya y\u00fck alt\u0131nda otomatik kademe de\u011fi\u015ftiricili (OLTC),\u00a0 hem hari\u00e7te\u00a0hem de dahilde kullan\u0131labilecek \u015fekilde \u00fcretilebilir. Hermetik tip ya\u011fl\u0131 da\u011f\u0131t\u0131m transformat\u00f6rleri, vakum alt\u0131nda ya\u011f&#8230;<\/p>\n","protected":false},"author":1,"featured_media":0,"parent":0,"menu_order":0,"comment_status":"closed","ping_status":"closed","template":"elementor_header_footer","meta":{"footnotes":""},"class_list":["post-29935","page","type-page","status-publish","hentry"],"yoast_head":"<!-- This site is optimized with the Yoast SEO plugin v23.9 - https:\/\/yoast.com\/wordpress\/plugins\/seo\/ -->\n<title>Ya\u011fl\u0131 Tip Hermetik Transformat\u00f6rler - STD Transformer<\/title>\n<meta name=\"robots\" content=\"index, follow, max-snippet:-1, max-image-preview:large, max-video-preview:-1\" \/>\n<link rel=\"canonical\" href=\"https:\/\/stdtransformer.com\/tr\/yagli-tip-hermetik-transformatorler\/\" \/>\n<meta property=\"og:locale\" content=\"tr_TR\" \/>\n<meta property=\"og:type\" content=\"article\" \/>\n<meta property=\"og:title\" content=\"Ya\u011fl\u0131 Tip Hermetik Transformat\u00f6rler - STD Transformer\" \/>\n<meta property=\"og:description\" content=\"Genel \u00d6zellikler 25 \u2013 5000 kVA\u00a0 g\u00fc\u00e7 aral\u0131\u011f\u0131nda, 36 kV y\u00fcksek gerilim seviyesine kadar, \u00fc\u00e7\u00a0fazl\u0131, ya\u011fl\u0131, dalgaduvarlar arac\u0131l\u0131\u011f\u0131yla do\u011fal\u00a0so\u011futmal\u0131 (mineral ya\u011f kullan\u0131m\u0131nda ONAN\/bitkisel ya\u011f kullan\u0131m\u0131nda KNAN) veya fan ile so\u011futmal\u0131 (ONAF\/OFAF),\u00a0bo\u015fta kademe de\u011fi\u015ftiricili veya y\u00fck alt\u0131nda otomatik kademe de\u011fi\u015ftiricili (OLTC),\u00a0 hem hari\u00e7te\u00a0hem de dahilde kullan\u0131labilecek \u015fekilde \u00fcretilebilir. Hermetik tip ya\u011fl\u0131 da\u011f\u0131t\u0131m transformat\u00f6rleri, vakum alt\u0131nda ya\u011f...\" \/>\n<meta property=\"og:url\" content=\"https:\/\/stdtransformer.com\/tr\/yagli-tip-hermetik-transformatorler\/\" \/>\n<meta property=\"og:site_name\" content=\"STD Transformer\" \/>\n<meta property=\"article:publisher\" content=\"https:\/\/www.facebook.com\/stdtransformator\" \/>\n<meta property=\"article:modified_time\" content=\"2025-03-14T11:19:25+00:00\" \/>\n<meta property=\"og:image\" content=\"https:\/\/stdtransformer.com\/tr\/wp-content\/uploads\/2025\/03\/yagli-tip-hermetik-transformatorler-std.webp\" \/>\n<meta name=\"twitter:card\" content=\"summary_large_image\" \/>\n<script type=\"application\/ld+json\" class=\"yoast-schema-graph\">{\"@context\":\"https:\/\/schema.org\",\"@graph\":[{\"@type\":\"WebPage\",\"@id\":\"https:\/\/stdtransformer.com\/tr\/yagli-tip-hermetik-transformatorler\/\",\"url\":\"https:\/\/stdtransformer.com\/tr\/yagli-tip-hermetik-transformatorler\/\",\"name\":\"Ya\u011fl\u0131 Tip Hermetik Transformat\u00f6rler - STD Transformer\",\"isPartOf\":{\"@id\":\"https:\/\/stdtransformer.com\/tr\/#website\"},\"primaryImageOfPage\":{\"@id\":\"https:\/\/stdtransformer.com\/tr\/yagli-tip-hermetik-transformatorler\/#primaryimage\"},\"image\":{\"@id\":\"https:\/\/stdtransformer.com\/tr\/yagli-tip-hermetik-transformatorler\/#primaryimage\"},\"thumbnailUrl\":\"https:\/\/stdtransformer.com\/tr\/wp-content\/uploads\/2025\/03\/yagli-tip-hermetik-transformatorler-std.webp\",\"datePublished\":\"2024-11-05T09:01:32+00:00\",\"dateModified\":\"2025-03-14T11:19:25+00:00\",\"breadcrumb\":{\"@id\":\"https:\/\/stdtransformer.com\/tr\/yagli-tip-hermetik-transformatorler\/#breadcrumb\"},\"inLanguage\":\"tr\",\"potentialAction\":[{\"@type\":\"ReadAction\",\"target\":[\"https:\/\/stdtransformer.com\/tr\/yagli-tip-hermetik-transformatorler\/\"]}]},{\"@type\":\"ImageObject\",\"inLanguage\":\"tr\",\"@id\":\"https:\/\/stdtransformer.com\/tr\/yagli-tip-hermetik-transformatorler\/#primaryimage\",\"url\":\"https:\/\/stdtransformer.com\/tr\/wp-content\/uploads\/2025\/03\/yagli-tip-hermetik-transformatorler-std.webp\",\"contentUrl\":\"https:\/\/stdtransformer.com\/tr\/wp-content\/uploads\/2025\/03\/yagli-tip-hermetik-transformatorler-std.webp\",\"width\":711,\"height\":841},{\"@type\":\"BreadcrumbList\",\"@id\":\"https:\/\/stdtransformer.com\/tr\/yagli-tip-hermetik-transformatorler\/#breadcrumb\",\"itemListElement\":[{\"@type\":\"ListItem\",\"position\":1,\"name\":\"Anasayfa\",\"item\":\"https:\/\/stdtransformer.com\/tr\/\"},{\"@type\":\"ListItem\",\"position\":2,\"name\":\"Ya\u011fl\u0131 Tip Hermetik Transformat\u00f6rler\"}]},{\"@type\":\"WebSite\",\"@id\":\"https:\/\/stdtransformer.com\/tr\/#website\",\"url\":\"https:\/\/stdtransformer.com\/tr\/\",\"name\":\"STD Transformer\",\"description\":\"\",\"publisher\":{\"@id\":\"https:\/\/stdtransformer.com\/tr\/#organization\"},\"potentialAction\":[{\"@type\":\"SearchAction\",\"target\":{\"@type\":\"EntryPoint\",\"urlTemplate\":\"https:\/\/stdtransformer.com\/tr\/?s={search_term_string}\"},\"query-input\":{\"@type\":\"PropertyValueSpecification\",\"valueRequired\":true,\"valueName\":\"search_term_string\"}}],\"inLanguage\":\"tr\"},{\"@type\":\"Organization\",\"@id\":\"https:\/\/stdtransformer.com\/tr\/#organization\",\"name\":\"STD Transformer\",\"url\":\"https:\/\/stdtransformer.com\/tr\/\",\"logo\":{\"@type\":\"ImageObject\",\"inLanguage\":\"tr\",\"@id\":\"https:\/\/stdtransformer.com\/tr\/#\/schema\/logo\/image\/\",\"url\":\"https:\/\/stdtransformer.com\/tr\/wp-content\/uploads\/2024\/11\/std-logo-kirmizi-siyah.svg\",\"contentUrl\":\"https:\/\/stdtransformer.com\/tr\/wp-content\/uploads\/2024\/11\/std-logo-kirmizi-siyah.svg\",\"width\":370,\"height\":160,\"caption\":\"STD Transformer\"},\"image\":{\"@id\":\"https:\/\/stdtransformer.com\/tr\/#\/schema\/logo\/image\/\"},\"sameAs\":[\"https:\/\/www.facebook.com\/stdtransformator\",\"https:\/\/www.instagram.com\/transformerstd\/\",\"https:\/\/www.linkedin.com\/company\/std-transformer\",\"https:\/\/www.youtube.com\/@stdtransformer1196\"]}]}<\/script>\n<!-- \/ Yoast SEO plugin. -->","yoast_head_json":{"title":"Ya\u011fl\u0131 Tip Hermetik Transformat\u00f6rler - STD Transformer","robots":{"index":"index","follow":"follow","max-snippet":"max-snippet:-1","max-image-preview":"max-image-preview:large","max-video-preview":"max-video-preview:-1"},"canonical":"https:\/\/stdtransformer.com\/tr\/yagli-tip-hermetik-transformatorler\/","og_locale":"tr_TR","og_type":"article","og_title":"Ya\u011fl\u0131 Tip Hermetik Transformat\u00f6rler - STD Transformer","og_description":"Genel \u00d6zellikler 25 \u2013 5000 kVA\u00a0 g\u00fc\u00e7 aral\u0131\u011f\u0131nda, 36 kV y\u00fcksek gerilim seviyesine kadar, \u00fc\u00e7\u00a0fazl\u0131, ya\u011fl\u0131, dalgaduvarlar arac\u0131l\u0131\u011f\u0131yla do\u011fal\u00a0so\u011futmal\u0131 (mineral ya\u011f kullan\u0131m\u0131nda ONAN\/bitkisel ya\u011f kullan\u0131m\u0131nda KNAN) veya fan ile so\u011futmal\u0131 (ONAF\/OFAF),\u00a0bo\u015fta kademe de\u011fi\u015ftiricili veya y\u00fck alt\u0131nda otomatik kademe de\u011fi\u015ftiricili (OLTC),\u00a0 hem hari\u00e7te\u00a0hem de dahilde kullan\u0131labilecek \u015fekilde \u00fcretilebilir. Hermetik tip ya\u011fl\u0131 da\u011f\u0131t\u0131m transformat\u00f6rleri, vakum alt\u0131nda ya\u011f...","og_url":"https:\/\/stdtransformer.com\/tr\/yagli-tip-hermetik-transformatorler\/","og_site_name":"STD Transformer","article_publisher":"https:\/\/www.facebook.com\/stdtransformator","article_modified_time":"2025-03-14T11:19:25+00:00","og_image":[{"url":"https:\/\/stdtransformer.com\/tr\/wp-content\/uploads\/2025\/03\/yagli-tip-hermetik-transformatorler-std.webp"}],"twitter_card":"summary_large_image","schema":{"@context":"https:\/\/schema.org","@graph":[{"@type":"WebPage","@id":"https:\/\/stdtransformer.com\/tr\/yagli-tip-hermetik-transformatorler\/","url":"https:\/\/stdtransformer.com\/tr\/yagli-tip-hermetik-transformatorler\/","name":"Ya\u011fl\u0131 Tip Hermetik Transformat\u00f6rler - STD Transformer","isPartOf":{"@id":"https:\/\/stdtransformer.com\/tr\/#website"},"primaryImageOfPage":{"@id":"https:\/\/stdtransformer.com\/tr\/yagli-tip-hermetik-transformatorler\/#primaryimage"},"image":{"@id":"https:\/\/stdtransformer.com\/tr\/yagli-tip-hermetik-transformatorler\/#primaryimage"},"thumbnailUrl":"https:\/\/stdtransformer.com\/tr\/wp-content\/uploads\/2025\/03\/yagli-tip-hermetik-transformatorler-std.webp","datePublished":"2024-11-05T09:01:32+00:00","dateModified":"2025-03-14T11:19:25+00:00","breadcrumb":{"@id":"https:\/\/stdtransformer.com\/tr\/yagli-tip-hermetik-transformatorler\/#breadcrumb"},"inLanguage":"tr","potentialAction":[{"@type":"ReadAction","target":["https:\/\/stdtransformer.com\/tr\/yagli-tip-hermetik-transformatorler\/"]}]},{"@type":"ImageObject","inLanguage":"tr","@id":"https:\/\/stdtransformer.com\/tr\/yagli-tip-hermetik-transformatorler\/#primaryimage","url":"https:\/\/stdtransformer.com\/tr\/wp-content\/uploads\/2025\/03\/yagli-tip-hermetik-transformatorler-std.webp","contentUrl":"https:\/\/stdtransformer.com\/tr\/wp-content\/uploads\/2025\/03\/yagli-tip-hermetik-transformatorler-std.webp","width":711,"height":841},{"@type":"BreadcrumbList","@id":"https:\/\/stdtransformer.com\/tr\/yagli-tip-hermetik-transformatorler\/#breadcrumb","itemListElement":[{"@type":"ListItem","position":1,"name":"Anasayfa","item":"https:\/\/stdtransformer.com\/tr\/"},{"@type":"ListItem","position":2,"name":"Ya\u011fl\u0131 Tip Hermetik Transformat\u00f6rler"}]},{"@type":"WebSite","@id":"https:\/\/stdtransformer.com\/tr\/#website","url":"https:\/\/stdtransformer.com\/tr\/","name":"STD Transformer","description":"","publisher":{"@id":"https:\/\/stdtransformer.com\/tr\/#organization"},"potentialAction":[{"@type":"SearchAction","target":{"@type":"EntryPoint","urlTemplate":"https:\/\/stdtransformer.com\/tr\/?s={search_term_string}"},"query-input":{"@type":"PropertyValueSpecification","valueRequired":true,"valueName":"search_term_string"}}],"inLanguage":"tr"},{"@type":"Organization","@id":"https:\/\/stdtransformer.com\/tr\/#organization","name":"STD Transformer","url":"https:\/\/stdtransformer.com\/tr\/","logo":{"@type":"ImageObject","inLanguage":"tr","@id":"https:\/\/stdtransformer.com\/tr\/#\/schema\/logo\/image\/","url":"https:\/\/stdtransformer.com\/tr\/wp-content\/uploads\/2024\/11\/std-logo-kirmizi-siyah.svg","contentUrl":"https:\/\/stdtransformer.com\/tr\/wp-content\/uploads\/2024\/11\/std-logo-kirmizi-siyah.svg","width":370,"height":160,"caption":"STD Transformer"},"image":{"@id":"https:\/\/stdtransformer.com\/tr\/#\/schema\/logo\/image\/"},"sameAs":["https:\/\/www.facebook.com\/stdtransformator","https:\/\/www.instagram.com\/transformerstd\/","https:\/\/www.linkedin.com\/company\/std-transformer","https:\/\/www.youtube.com\/@stdtransformer1196"]}]}},"_links":{"self":[{"href":"https:\/\/stdtransformer.com\/tr\/wp-json\/wp\/v2\/pages\/29935","targetHints":{"allow":["GET"]}}],"collection":[{"href":"https:\/\/stdtransformer.com\/tr\/wp-json\/wp\/v2\/pages"}],"about":[{"href":"https:\/\/stdtransformer.com\/tr\/wp-json\/wp\/v2\/types\/page"}],"author":[{"embeddable":true,"href":"https:\/\/stdtransformer.com\/tr\/wp-json\/wp\/v2\/users\/1"}],"replies":[{"embeddable":true,"href":"https:\/\/stdtransformer.com\/tr\/wp-json\/wp\/v2\/comments?post=29935"}],"version-history":[{"count":21,"href":"https:\/\/stdtransformer.com\/tr\/wp-json\/wp\/v2\/pages\/29935\/revisions"}],"predecessor-version":[{"id":33125,"href":"https:\/\/stdtransformer.com\/tr\/wp-json\/wp\/v2\/pages\/29935\/revisions\/33125"}],"wp:attachment":[{"href":"https:\/\/stdtransformer.com\/tr\/wp-json\/wp\/v2\/media?parent=29935"}],"curies":[{"name":"wp","href":"https:\/\/api.w.org\/{rel}","templated":true}]}}