{"id":29882,"date":"2024-11-05T08:15:46","date_gmt":"2024-11-05T08:15:46","guid":{"rendered":"https:\/\/stdtransformer.com\/tr\/?page_id=29882"},"modified":"2025-01-15T11:24:50","modified_gmt":"2025-01-15T11:24:50","slug":"hizmetler","status":"publish","type":"page","link":"https:\/\/stdtransformer.com\/tr\/hizmetler\/","title":{"rendered":"Hizmetler"},"content":{"rendered":"\t\t<div data-elementor-type=\"wp-page\" data-elementor-id=\"29882\" class=\"elementor elementor-29882\">\n\t\t\t\t\r\n\t\t<div class=\"default no-position show_shadow rs-sticky-default elementor-element elementor-element-b513dac e-flex e-con-boxed e-con e-parent\" data-id=\"b513dac\" data-element_type=\"container\">\n\t\t\t\t\t<div class=\"e-con-inner\">\n\t\t\r\n\t\t\t\t<div class=\"elementor-element elementor-element-2d7693f elementor-widget elementor-widget-spacer\" data-id=\"2d7693f\" data-element_type=\"widget\" data-widget_type=\"spacer.default\">\n\t\t\t\t<div class=\"elementor-widget-container\">\n\t\t\t\t\t<div class=\"elementor-spacer\">\n\t\t\t<div class=\"elementor-spacer-inner\"><\/div>\n\t\t<\/div>\n\t\t\t\t<\/div>\n\t\t\t\t<\/div>\n\t\t\t\t\t<\/div>\n\t\t\t\t<\/div>\n\t\t\r\n\t\t<div class=\"default no-position show_shadow rs-sticky-default elementor-element elementor-element-dbf1d05 e-flex e-con-boxed e-con e-parent\" data-id=\"dbf1d05\" data-element_type=\"container\">\n\t\t\t\t\t<div class=\"e-con-inner\">\n\t\t\r\n\t\t<div class=\"default no-position show_shadow rs-sticky-default elementor-element elementor-element-6d0766a e-con-full e-flex e-con e-child\" data-id=\"6d0766a\" data-element_type=\"container\">\n\t\t\r\n\t\t<div class=\"default no-position show_shadow rs-sticky-default elementor-element elementor-element-63bd6f3 e-con-full e-flex e-con e-child\" data-id=\"63bd6f3\" data-element_type=\"container\">\n\t\t\r\n\t\t\t\t<div class=\"elementor-element elementor-element-a8ec53c elementor-widget__width-initial elementor-widget elementor-widget-rs-heading\" data-id=\"a8ec53c\" data-element_type=\"widget\" data-widget_type=\"rs-heading.default\">\n\t\t\t\t<div class=\"elementor-widget-container\">\n\t\t\t\n\t\t<div class=\"prelements-heading style1  \">\n\t\t\t<div class=\"title-inner\">\n\t\t\t\t<h5 class=\"title rs-split-text-disable \">Trafo Montaj ve Demontaj\u0131<\/h5>\n\t\t\t<\/div>\n\t\t\t\t\t<\/div>\n\t\t<\/div>\n\t\t\t\t<\/div>\n\t\t\r\n\t\t\t\t<div class=\"elementor-element elementor-element-8540fa9 elementor-widget elementor-widget-text-editor\" data-id=\"8540fa9\" data-element_type=\"widget\" data-widget_type=\"text-editor.default\">\n\t\t\t\t<div class=\"elementor-widget-container\">\n\t\t\t\t\t\t\t<p>Trafo montaj\u0131 kapsam\u0131nda a\u015fa\u011f\u0131daki konularda s\u00fcperviz\u00f6rl\u00fck veriyoruz.<\/p><p>G\u00fc\u00e7 ve da\u011f\u0131t\u0131m trafolar\u0131n\u0131n mekanik aksam ve aksesuarlar\u0131n\u0131n montaj\u0131, vakumlanmas\u0131, ya\u011f\u0131n treatment edilerek dondurulmas\u0131, trafo ve ya\u011f\u0131n elektriksel ve kimyasal testleri uzman kadromuz ve teknik ekibimizin y\u0131llara dayal\u0131 tecr\u00fcbesi ile titizlikle ger\u00e7ekle\u015ftirilmektedir.<\/p><p>Transformat\u00f6r montaj\u0131 kapsam\u0131nda;<\/p><ul><li>G\u00fc\u00e7 ve Da\u011f\u0131t\u0131m Trafolar\u0131 montaj\u0131<\/li><li>G\u00fc\u00e7 ve Da\u011f\u0131t\u0131m Trafolar\u0131 saha testleri<\/li><li>Devreye alma i\u015flemleriyle hizmet vermekteyiz.<\/li><li>Aksesuarlar\u0131n Demontaj\u0131\/Montaj\u0131<\/li><\/ul>\t\t\t\t\t\t<\/div>\n\t\t\t\t<\/div>\n\t\t\r\n\t\t\t\t<div class=\"elementor-element elementor-element-b6ecd6f elementor-widget__width-initial elementor-widget elementor-widget-rs-heading\" data-id=\"b6ecd6f\" data-element_type=\"widget\" data-widget_type=\"rs-heading.default\">\n\t\t\t\t<div class=\"elementor-widget-container\">\n\t\t\t\n\t\t<div class=\"prelements-heading style1  \">\n\t\t\t<div class=\"title-inner\">\n\t\t\t\t<h5 class=\"title rs-split-text-disable \">Trafo Bak\u0131m Hizmeti\n<\/h5>\n\t\t\t<\/div>\n\t\t\t\t\t<\/div>\n\t\t<\/div>\n\t\t\t\t<\/div>\n\t\t\r\n\t\t\t\t<div class=\"elementor-element elementor-element-f9927d9 elementor-widget elementor-widget-text-editor\" data-id=\"f9927d9\" data-element_type=\"widget\" data-widget_type=\"text-editor.default\">\n\t\t\t\t<div class=\"elementor-widget-container\">\n\t\t\t\t\t\t\t<p>Bir Trafonun i\u015fletme \u00f6mr\u00fc ortalama 20-30 y\u0131l aras\u0131nda de\u011fi\u015fmektedir.<\/p><p>Trafonun b\u00fcy\u00fckl\u00fc\u011f\u00fc \u00f6nemi, \u00e7evre ve \u00e7al\u0131\u015fma ko\u015fullar\u0131 dikkate al\u0131narak 6 ayda bir yada her y\u0131l bak\u0131mlar\u0131 yap\u0131larak Trafonun i\u015fletme \u00f6mr\u00fcn\u00fc 40 y\u0131l \u00fczerine \u00e7\u0131kar\u0131labilir.<\/p><p>Firmam\u0131z bu bak\u0131\u015f a\u00e7\u0131s\u0131yla ileri teknolojiye sahip teknik donan\u0131mlar\u0131 ve uzman kadrosuyla hizmet vermektedir.<\/p>\t\t\t\t\t\t<\/div>\n\t\t\t\t<\/div>\n\t\t\t\t<\/div>\n\t\t\t\t<\/div>\n\t\t\t\t\t<\/div>\n\t\t\t\t<\/div>\n\t\t\r\n\t\t<div class=\"default no-position show_shadow rs-sticky-default elementor-element elementor-element-eb8e3d6 e-flex e-con-boxed e-con e-parent\" data-id=\"eb8e3d6\" data-element_type=\"container\">\n\t\t\t\t\t<div class=\"e-con-inner\">\n\t\t\r\n\t\t\t\t<div class=\"elementor-element elementor-element-73bc750 elementor-widget elementor-widget-spacer\" data-id=\"73bc750\" data-element_type=\"widget\" data-widget_type=\"spacer.default\">\n\t\t\t\t<div class=\"elementor-widget-container\">\n\t\t\t\t\t<div class=\"elementor-spacer\">\n\t\t\t<div class=\"elementor-spacer-inner\"><\/div>\n\t\t<\/div>\n\t\t\t\t<\/div>\n\t\t\t\t<\/div>\n\t\t\t\t\t<\/div>\n\t\t\t\t<\/div>\n\t\t\t\t<\/div>\n\t\t","protected":false},"excerpt":{"rendered":"<p>Trafo Montaj ve Demontaj\u0131 Trafo montaj\u0131 kapsam\u0131nda a\u015fa\u011f\u0131daki konularda s\u00fcperviz\u00f6rl\u00fck veriyoruz. G\u00fc\u00e7 ve da\u011f\u0131t\u0131m trafolar\u0131n\u0131n mekanik aksam ve aksesuarlar\u0131n\u0131n montaj\u0131, vakumlanmas\u0131, ya\u011f\u0131n treatment edilerek dondurulmas\u0131, trafo ve ya\u011f\u0131n elektriksel ve kimyasal testleri uzman kadromuz ve teknik ekibimizin y\u0131llara dayal\u0131 tecr\u00fcbesi ile titizlikle ger\u00e7ekle\u015ftirilmektedir. Transformat\u00f6r montaj\u0131 kapsam\u0131nda; G\u00fc\u00e7 ve Da\u011f\u0131t\u0131m Trafolar\u0131 montaj\u0131 G\u00fc\u00e7 ve Da\u011f\u0131t\u0131m Trafolar\u0131&#8230;<\/p>\n","protected":false},"author":1,"featured_media":0,"parent":0,"menu_order":0,"comment_status":"closed","ping_status":"closed","template":"elementor_header_footer","meta":{"footnotes":""},"class_list":["post-29882","page","type-page","status-publish","hentry"],"yoast_head":"<!-- This site is optimized with the Yoast SEO plugin v23.9 - https:\/\/yoast.com\/wordpress\/plugins\/seo\/ -->\n<title>Hizmetler - STD Transformer<\/title>\n<meta name=\"robots\" content=\"index, follow, max-snippet:-1, max-image-preview:large, max-video-preview:-1\" \/>\n<link rel=\"canonical\" href=\"https:\/\/stdtransformer.com\/tr\/hizmetler\/\" \/>\n<meta property=\"og:locale\" content=\"tr_TR\" \/>\n<meta property=\"og:type\" content=\"article\" \/>\n<meta property=\"og:title\" content=\"Hizmetler - STD Transformer\" \/>\n<meta property=\"og:description\" content=\"Trafo Montaj ve Demontaj\u0131 Trafo montaj\u0131 kapsam\u0131nda a\u015fa\u011f\u0131daki konularda s\u00fcperviz\u00f6rl\u00fck veriyoruz. G\u00fc\u00e7 ve da\u011f\u0131t\u0131m trafolar\u0131n\u0131n mekanik aksam ve aksesuarlar\u0131n\u0131n montaj\u0131, vakumlanmas\u0131, ya\u011f\u0131n treatment edilerek dondurulmas\u0131, trafo ve ya\u011f\u0131n elektriksel ve kimyasal testleri uzman kadromuz ve teknik ekibimizin y\u0131llara dayal\u0131 tecr\u00fcbesi ile titizlikle ger\u00e7ekle\u015ftirilmektedir. Transformat\u00f6r montaj\u0131 kapsam\u0131nda; G\u00fc\u00e7 ve Da\u011f\u0131t\u0131m Trafolar\u0131 montaj\u0131 G\u00fc\u00e7 ve Da\u011f\u0131t\u0131m Trafolar\u0131...\" \/>\n<meta property=\"og:url\" content=\"https:\/\/stdtransformer.com\/tr\/hizmetler\/\" \/>\n<meta property=\"og:site_name\" content=\"STD Transformer\" \/>\n<meta property=\"article:publisher\" content=\"https:\/\/www.facebook.com\/stdtransformator\" \/>\n<meta property=\"article:modified_time\" content=\"2025-01-15T11:24:50+00:00\" \/>\n<meta name=\"twitter:card\" content=\"summary_large_image\" \/>\n<meta name=\"twitter:label1\" content=\"Tahmini okuma s\u00fcresi\" \/>\n\t<meta name=\"twitter:data1\" content=\"1 dakika\" \/>\n<script type=\"application\/ld+json\" class=\"yoast-schema-graph\">{\"@context\":\"https:\/\/schema.org\",\"@graph\":[{\"@type\":\"WebPage\",\"@id\":\"https:\/\/stdtransformer.com\/tr\/hizmetler\/\",\"url\":\"https:\/\/stdtransformer.com\/tr\/hizmetler\/\",\"name\":\"Hizmetler - STD Transformer\",\"isPartOf\":{\"@id\":\"https:\/\/stdtransformer.com\/tr\/#website\"},\"datePublished\":\"2024-11-05T08:15:46+00:00\",\"dateModified\":\"2025-01-15T11:24:50+00:00\",\"breadcrumb\":{\"@id\":\"https:\/\/stdtransformer.com\/tr\/hizmetler\/#breadcrumb\"},\"inLanguage\":\"tr\",\"potentialAction\":[{\"@type\":\"ReadAction\",\"target\":[\"https:\/\/stdtransformer.com\/tr\/hizmetler\/\"]}]},{\"@type\":\"BreadcrumbList\",\"@id\":\"https:\/\/stdtransformer.com\/tr\/hizmetler\/#breadcrumb\",\"itemListElement\":[{\"@type\":\"ListItem\",\"position\":1,\"name\":\"Anasayfa\",\"item\":\"https:\/\/stdtransformer.com\/tr\/\"},{\"@type\":\"ListItem\",\"position\":2,\"name\":\"Hizmetler\"}]},{\"@type\":\"WebSite\",\"@id\":\"https:\/\/stdtransformer.com\/tr\/#website\",\"url\":\"https:\/\/stdtransformer.com\/tr\/\",\"name\":\"STD Transformer\",\"description\":\"\",\"publisher\":{\"@id\":\"https:\/\/stdtransformer.com\/tr\/#organization\"},\"potentialAction\":[{\"@type\":\"SearchAction\",\"target\":{\"@type\":\"EntryPoint\",\"urlTemplate\":\"https:\/\/stdtransformer.com\/tr\/?s={search_term_string}\"},\"query-input\":{\"@type\":\"PropertyValueSpecification\",\"valueRequired\":true,\"valueName\":\"search_term_string\"}}],\"inLanguage\":\"tr\"},{\"@type\":\"Organization\",\"@id\":\"https:\/\/stdtransformer.com\/tr\/#organization\",\"name\":\"STD Transformer\",\"url\":\"https:\/\/stdtransformer.com\/tr\/\",\"logo\":{\"@type\":\"ImageObject\",\"inLanguage\":\"tr\",\"@id\":\"https:\/\/stdtransformer.com\/tr\/#\/schema\/logo\/image\/\",\"url\":\"https:\/\/stdtransformer.com\/tr\/wp-content\/uploads\/2024\/11\/std-logo-kirmizi-siyah.svg\",\"contentUrl\":\"https:\/\/stdtransformer.com\/tr\/wp-content\/uploads\/2024\/11\/std-logo-kirmizi-siyah.svg\",\"width\":370,\"height\":160,\"caption\":\"STD Transformer\"},\"image\":{\"@id\":\"https:\/\/stdtransformer.com\/tr\/#\/schema\/logo\/image\/\"},\"sameAs\":[\"https:\/\/www.facebook.com\/stdtransformator\",\"https:\/\/www.instagram.com\/transformerstd\/\",\"https:\/\/www.linkedin.com\/company\/std-transformer\",\"https:\/\/www.youtube.com\/@stdtransformer1196\"]}]}<\/script>\n<!-- \/ Yoast SEO plugin. -->","yoast_head_json":{"title":"Hizmetler - STD Transformer","robots":{"index":"index","follow":"follow","max-snippet":"max-snippet:-1","max-image-preview":"max-image-preview:large","max-video-preview":"max-video-preview:-1"},"canonical":"https:\/\/stdtransformer.com\/tr\/hizmetler\/","og_locale":"tr_TR","og_type":"article","og_title":"Hizmetler - STD Transformer","og_description":"Trafo Montaj ve Demontaj\u0131 Trafo montaj\u0131 kapsam\u0131nda a\u015fa\u011f\u0131daki konularda s\u00fcperviz\u00f6rl\u00fck veriyoruz. G\u00fc\u00e7 ve da\u011f\u0131t\u0131m trafolar\u0131n\u0131n mekanik aksam ve aksesuarlar\u0131n\u0131n montaj\u0131, vakumlanmas\u0131, ya\u011f\u0131n treatment edilerek dondurulmas\u0131, trafo ve ya\u011f\u0131n elektriksel ve kimyasal testleri uzman kadromuz ve teknik ekibimizin y\u0131llara dayal\u0131 tecr\u00fcbesi ile titizlikle ger\u00e7ekle\u015ftirilmektedir. Transformat\u00f6r montaj\u0131 kapsam\u0131nda; G\u00fc\u00e7 ve Da\u011f\u0131t\u0131m Trafolar\u0131 montaj\u0131 G\u00fc\u00e7 ve Da\u011f\u0131t\u0131m Trafolar\u0131...","og_url":"https:\/\/stdtransformer.com\/tr\/hizmetler\/","og_site_name":"STD Transformer","article_publisher":"https:\/\/www.facebook.com\/stdtransformator","article_modified_time":"2025-01-15T11:24:50+00:00","twitter_card":"summary_large_image","twitter_misc":{"Tahmini okuma s\u00fcresi":"1 dakika"},"schema":{"@context":"https:\/\/schema.org","@graph":[{"@type":"WebPage","@id":"https:\/\/stdtransformer.com\/tr\/hizmetler\/","url":"https:\/\/stdtransformer.com\/tr\/hizmetler\/","name":"Hizmetler - STD Transformer","isPartOf":{"@id":"https:\/\/stdtransformer.com\/tr\/#website"},"datePublished":"2024-11-05T08:15:46+00:00","dateModified":"2025-01-15T11:24:50+00:00","breadcrumb":{"@id":"https:\/\/stdtransformer.com\/tr\/hizmetler\/#breadcrumb"},"inLanguage":"tr","potentialAction":[{"@type":"ReadAction","target":["https:\/\/stdtransformer.com\/tr\/hizmetler\/"]}]},{"@type":"BreadcrumbList","@id":"https:\/\/stdtransformer.com\/tr\/hizmetler\/#breadcrumb","itemListElement":[{"@type":"ListItem","position":1,"name":"Anasayfa","item":"https:\/\/stdtransformer.com\/tr\/"},{"@type":"ListItem","position":2,"name":"Hizmetler"}]},{"@type":"WebSite","@id":"https:\/\/stdtransformer.com\/tr\/#website","url":"https:\/\/stdtransformer.com\/tr\/","name":"STD Transformer","description":"","publisher":{"@id":"https:\/\/stdtransformer.com\/tr\/#organization"},"potentialAction":[{"@type":"SearchAction","target":{"@type":"EntryPoint","urlTemplate":"https:\/\/stdtransformer.com\/tr\/?s={search_term_string}"},"query-input":{"@type":"PropertyValueSpecification","valueRequired":true,"valueName":"search_term_string"}}],"inLanguage":"tr"},{"@type":"Organization","@id":"https:\/\/stdtransformer.com\/tr\/#organization","name":"STD Transformer","url":"https:\/\/stdtransformer.com\/tr\/","logo":{"@type":"ImageObject","inLanguage":"tr","@id":"https:\/\/stdtransformer.com\/tr\/#\/schema\/logo\/image\/","url":"https:\/\/stdtransformer.com\/tr\/wp-content\/uploads\/2024\/11\/std-logo-kirmizi-siyah.svg","contentUrl":"https:\/\/stdtransformer.com\/tr\/wp-content\/uploads\/2024\/11\/std-logo-kirmizi-siyah.svg","width":370,"height":160,"caption":"STD Transformer"},"image":{"@id":"https:\/\/stdtransformer.com\/tr\/#\/schema\/logo\/image\/"},"sameAs":["https:\/\/www.facebook.com\/stdtransformator","https:\/\/www.instagram.com\/transformerstd\/","https:\/\/www.linkedin.com\/company\/std-transformer","https:\/\/www.youtube.com\/@stdtransformer1196"]}]}},"_links":{"self":[{"href":"https:\/\/stdtransformer.com\/tr\/wp-json\/wp\/v2\/pages\/29882","targetHints":{"allow":["GET"]}}],"collection":[{"href":"https:\/\/stdtransformer.com\/tr\/wp-json\/wp\/v2\/pages"}],"about":[{"href":"https:\/\/stdtransformer.com\/tr\/wp-json\/wp\/v2\/types\/page"}],"author":[{"embeddable":true,"href":"https:\/\/stdtransformer.com\/tr\/wp-json\/wp\/v2\/users\/1"}],"replies":[{"embeddable":true,"href":"https:\/\/stdtransformer.com\/tr\/wp-json\/wp\/v2\/comments?post=29882"}],"version-history":[{"count":22,"href":"https:\/\/stdtransformer.com\/tr\/wp-json\/wp\/v2\/pages\/29882\/revisions"}],"predecessor-version":[{"id":32349,"href":"https:\/\/stdtransformer.com\/tr\/wp-json\/wp\/v2\/pages\/29882\/revisions\/32349"}],"wp:attachment":[{"href":"https:\/\/stdtransformer.com\/tr\/wp-json\/wp\/v2\/media?parent=29882"}],"curies":[{"name":"wp","href":"https:\/\/api.w.org\/{rel}","templated":true}]}}