{"id":29477,"date":"2024-03-25T09:31:24","date_gmt":"2024-03-25T09:31:24","guid":{"rendered":"https:\/\/industrie.rstheme.com\/laboratory\/?page_id=3"},"modified":"2024-11-26T10:21:23","modified_gmt":"2024-11-26T10:21:23","slug":"veri-sahibi-basvuru-formu","status":"publish","type":"page","link":"https:\/\/stdtransformer.com\/tr\/veri-sahibi-basvuru-formu\/","title":{"rendered":"Veri Sahibi Ba\u015fvuru Formu"},"content":{"rendered":"\t\t<div data-elementor-type=\"wp-page\" data-elementor-id=\"29477\" class=\"elementor elementor-29477\">\n\t\t\t\t\r\n\t\t<div class=\"default no-position show_shadow rs-sticky-default elementor-element elementor-element-5757f1d2 e-flex e-con-boxed e-con e-parent\" data-id=\"5757f1d2\" data-element_type=\"container\">\n\t\t\t\t\t<div class=\"e-con-inner\">\n\t\t\r\n\t\t\t\t<div class=\"elementor-element elementor-element-64d64dda elementor-widget elementor-widget-text-editor\" data-id=\"64d64dda\" data-element_type=\"widget\" data-widget_type=\"text-editor.default\">\n\t\t\t\t<div class=\"elementor-widget-container\">\n\t\t\t\t\t\t\t<p><!-- wp:heading --><\/p>\n<p><b>VER\u0130 SAH\u0130B\u0130 BA\u015eVURU FORMU<\/b><\/p>\n<p>6698 Say\u0131l\u0131 Ki\u015fisel Verilerin Korunmas\u0131 Kanunu (KVKK) ile \u201c\u0130lgili Ki\u015fi\u201d olarak tan\u0131mlanan ki\u015fisel veri sahiplerine, kanunun \u201c\u0130lgili Ki\u015finin Haklar\u0131\u201d ba\u015fl\u0131kl\u0131 11. maddesinde ki\u015fisel verilerinin i\u015flenmesine ili\u015fkin belirli haklar tan\u0131nm\u0131\u015ft\u0131r. Bu kapsamda, \u0130lgili Ki\u015finin KVKK\u2019n\u0131n 13. Maddesi uyar\u0131nca bu haklar\u0131n\u0131 kullanmak amac\u0131yla Veri Sorumlusu s\u0131fat\u0131yla&nbsp;<b>Sami Trafo Makina \u0130n\u015faat \u0130malat Taah. Genel Tic. Ltd. \u015eti<\/b><b>\u2019<\/b>ye (\u201c\u015eirket\u201d) yapaca\u011f\u0131 ba\u015fvurular\u0131 yaz\u0131l\u0131 olarak veya Ki\u015fisel Verilerin Korunmas\u0131 Kurulu taraf\u0131ndan belirlenecek di\u011fer y\u00f6ntemlerle \u015eirketimize iletmesi gerekmektedir.&nbsp;&nbsp;<\/p>\n<p>Yaz\u0131l\u0131 olarak \u015eirketimize&nbsp;yap\u0131lacak ba\u015fvurular, bu form kullan\u0131larak;<\/p>\n<ul>\n<li aria-level=\"1\">\u0130adeli taahh\u00fctl\u00fc mektupla,&nbsp;&nbsp;<\/li>\n<li aria-level=\"1\">Noter kanal\u0131yla,&nbsp;&nbsp;<\/li>\n<li aria-level=\"1\">\u0130\u015fbu formun 5070 Say\u0131l\u0131 Elektronik \u0130mza Kanununda tan\u0131ml\u0131 olan \u201cg\u00fcvenli elektronik imza\u201d ile imzalanarak \u015eirketimizin kay\u0131tl\u0131 elektronik posta adresine iletilmesi gerekmektedir.&nbsp;&nbsp;<\/li>\n<\/ul>\n<p><b>Ba\u015fvuru Yolu:&nbsp;<\/b>Yaz\u0131l\u0131 olarak \u015eirketimize yapaca\u011f\u0131n\u0131z ba\u015fvurular\u0131n\u0131z\u0131; \u0131slak imzal\u0131 bir \u015fekilde&nbsp;<b>Hac\u0131 Sabac\u0131 OSB Anafartalar Caddesi No:11 Sar\u0131\u00e7am\/Adana<\/b>&nbsp;adresine bizzat elden veya noter arac\u0131l\u0131\u011f\u0131 ile iletebilir veya g\u00fcvenli elektronik imzan\u0131zla imzalad\u0131ktan sonra&nbsp;<b>samitrafomakina@hs01.kep.tr<\/b>&nbsp;kep adresine veya&nbsp;<b>info@samitrafo.com<\/b>&nbsp;e-posta adresine iletebilirsiniz.<\/p>\n<p>\u015eirketimiz&nbsp;kendisine iletilen Kanunun 13. Maddesi kapsam\u0131ndaki haklar\u0131n kullan\u0131lmas\u0131na ili\u015fkin talepleri, niteliklerine g\u00f6re en k\u0131sa s\u00fcrede ve en ge\u00e7, talebin&nbsp;bizlere ula\u015ft\u0131\u011f\u0131 tarihten itibaren&nbsp;otuz g\u00fcn i\u00e7inde \u00fccretsiz olarak sonu\u00e7land\u0131racakt\u0131r. Ancak, i\u015flemin ayr\u0131ca bir maliyet gerektirmesi h\u00e2linde, \u015eirketimiz, Kurulca belirlenen tarifedeki \u00fccretleri ba\u015fvuruda bulunan veri sahibinden isteyebilir. \u015eirketimiz, talebi kabul eder ise veya gerek\u00e7esini a\u00e7\u0131klayarak reddeder ise bu cevab\u0131 ilgili ki\u015fiye yaz\u0131l\u0131 olarak veya elektronik ortamda bildirecektir.<\/p>\n<p>Veri sahibinin \u015eirketimize&nbsp;sundu\u011fu bilgi ve belgelerin eksik olmas\u0131 veya anla\u015f\u0131lmaz olmas\u0131 halinde ba\u015fvurunun netle\u015ftirilmesi ya da ki\u015finin ba\u015fvuruya konu ki\u015fisel verinin ger\u00e7ek sahibi olup olmad\u0131\u011f\u0131n\u0131 tespit etmek veya verilerin g\u00fcvenli\u011fini sa\u011flamak ama\u00e7lar\u0131yla \u015eirketimiz bilgi\/belge talep edebilecek; ki\u015fisel veri sahibine ba\u015fvurusu ile ilgili ek soru\/lar y\u00f6neltebilecektir.&nbsp;<\/p>\n<p><\/p>\n<ul>\n<li aria-level=\"1\"><b>BA\u015eVURU SAH\u0130B\u0130N\u0130N K\u0130ML\u0130K VE \u0130LET\u0130\u015e\u0130M B\u0130LG\u0130LER\u0130&nbsp;&nbsp;<\/b><\/li>\n<\/ul>\n<table>\n<tbody>\n<tr>\n<td><b>Ad\u0131- Soyad\u0131:<\/b><\/td>\n<td>&nbsp;<\/td>\n<\/tr>\n<tr>\n<td><p><b>TC Vatanda\u015flar\u0131 i\u00e7in;<\/b><\/p>\n<p><b>Kimlik No:&nbsp;&nbsp;<\/b><\/p>\n<p><b>Yabanc\u0131lar i\u00e7in;<\/b><\/p>\n<p><b>Uyruk:<\/b><\/p>\n<p><b>Pasaport No:<\/b><\/p>\n<\/td>\n<td>&nbsp;<\/td>\n<\/tr>\n<tr>\n<td><b>Telefon Numaras\u0131:<\/b><\/td>\n<td>&nbsp;<\/td>\n<\/tr>\n<tr>\n<td><b>Adres:&nbsp;<\/b><\/td>\n<td>&nbsp;<\/td>\n<\/tr>\n<tr>\n<td><b>E-posta Adresi:<\/b><\/td>\n<td>&nbsp;<\/td>\n<\/tr>\n<tr>\n<td><b>\u015eirketimizle Olan \u0130li\u015fkiniz:<\/b>&nbsp;<i>(M\u00fc\u015fteri, i\u015f orta\u011f\u0131, \u00e7al\u0131\u015fan aday\u0131, eski \u00e7al\u0131\u015fan, \u00fc\u00e7\u00fcnc\u00fc taraf firma \u00e7al\u0131\u015fan\u0131 gibi)&nbsp;&nbsp;<\/i><\/td>\n<td>&nbsp;&nbsp;&nbsp;&nbsp;&nbsp;<\/td>\n<\/tr>\n<tr>\n<td><b>\u015eirketimiz \u0130\u00e7erisinde \u0130leti\u015fimde Olunan Ki\u015fi\/Birim:<\/b><\/td>\n<td>&nbsp;<\/td>\n<\/tr>\n<tr>\n<td><b>\u015eirketimiz \u0130le Olan \u0130li\u015fkinin Devam Edip Etmedi\u011fi:<\/b><\/td>\n<td>Ediyor &nbsp; <br>Etmiyor<\/td>\n<\/tr>\n<\/tbody>\n<\/table>\n<ul>\n<li aria-level=\"1\"><b>K\u0130\u015e\u0130SEL VER\u0130 SAH\u0130B\u0130N\u0130N KULLANACA\u011eI HAKKIN SE\u00c7\u0130M\u0130NE \u0130L\u0130\u015eK\u0130N B\u0130LG\u0130LER&nbsp;<\/b><\/li>\n<\/ul>\n<p>(L\u00fctfen talebinize uygun ifadenin yan\u0131ndaki kutucu\u011fu i\u015faretleyiniz)&nbsp;&nbsp;<\/p>\n<table>\n<tbody>\n<tr>\n<td><b>1<\/b><\/td>\n<td>\u015eirketinizin hakk\u0131mda ki\u015fisel veri i\u015fleyip i\u015flemedi\u011fini \u00f6\u011frenmek istiyorum.&nbsp;<\/td>\n<td>&nbsp;<\/td>\n<\/tr>\n<tr>\n<td><b>2<\/b><\/td>\n<td>E\u011fer \u015firketiniz hakk\u0131mda ki\u015fisel veri i\u015fliyorsa bu veri i\u015fleme faaliyetleri hakk\u0131nda bilgi talep ediyorum.&nbsp;&nbsp;<\/td>\n<td>&nbsp;<\/td>\n<\/tr>\n<tr>\n<td><b>3<\/b><\/td>\n<td>E\u011fer \u015firketiniz hakk\u0131mda ki\u015fisel veri i\u015fliyorsa bunlar\u0131n i\u015flenme amac\u0131n\u0131 ve i\u015flenme amac\u0131na uygun kullan\u0131l\u0131p kullanmad\u0131\u011f\u0131n\u0131 \u00f6\u011frenmek istiyorum.&nbsp;&nbsp;<\/td>\n<td>&nbsp;<\/td>\n<\/tr>\n<tr>\n<td><b>4<\/b><\/td>\n<td>E\u011fer ki\u015fisel verilerim yurti\u00e7inde veya yurtd\u0131\u015f\u0131nda \u00fc\u00e7\u00fcnc\u00fc ki\u015filere aktar\u0131l\u0131yorsa bu \u00fc\u00e7\u00fcnc\u00fc ki\u015fileri bilmek istiyorum.&nbsp;&nbsp;<\/td>\n<td>&nbsp;<\/td>\n<\/tr>\n<tr>\n<td><b>5<\/b><\/td>\n<td><p>Ki\u015fisel verilerimin eksik veya yanl\u0131\u015f i\u015flendi\u011fi d\u00fc\u015f\u00fcn\u00fcyorum ve bunlar\u0131n d\u00fczeltilmesini istiyorum. L\u00fctfen d\u00fczeltilecek veriyi belirtiniz.<\/p>\n<p>\u2026\u2026\u2026\u2026\u2026\u2026\u2026\u2026\u2026\u2026\u2026\u2026\u2026\u2026\u2026\u2026\u2026\u2026\u2026\u2026\u2026\u2026\u2026\u2026\u2026\u2026\u2026\u2026\u2026\u2026\u2026\u2026\u2026\u2026\u2026<\/p>\n<p>\u2026\u2026\u2026\u2026\u2026\u2026\u2026\u2026\u2026\u2026\u2026\u2026\u2026\u2026\u2026\u2026\u2026\u2026\u2026\u2026\u2026\u2026\u2026\u2026\u2026\u2026\u2026\u2026\u2026\u2026\u2026<\/p>\n<\/td>\n<td>&nbsp;<\/td>\n<\/tr>\n<tr>\n<td><b>6<\/b><\/td>\n<td><p>Ki\u015fisel verilerimin kanun ve ilgili di\u011fer kanun h\u00fck\u00fcmlerine uygun olarak i\u015flenmi\u015f olmas\u0131na ra\u011fmen, i\u015flenmesini gerektiren sebeplerin ortadan kalkt\u0131\u011f\u0131n\u0131 d\u00fc\u015f\u00fcn\u00fcyorum ve bu \u00e7er\u00e7evede ki\u015fisel verilerimin;<\/p>\n<ol>\n<li aria-level=\"1\">Silinmesini istiyorum.&nbsp;&nbsp;<\/li>\n<li aria-level=\"1\">Anonim hale getirilmesini istiyorum<\/li>\n<li aria-level=\"1\">Yok edilmesini istiyorum<\/li>\n<\/ol>\n<p>L\u00fctfen talebinizi i\u015faretleyiniz. (Sadece bir se\u00e7enek i\u015faretlenebilir)<\/p>\n<\/td>\n<td>&nbsp;<\/td>\n<\/tr>\n<tr>\n<td><b>7<\/b><\/td>\n<td>Eksik ve yanl\u0131\u015f i\u015flendi\u011fini d\u00fc\u015f\u00fcnd\u00fc\u011f\u00fcm ki\u015fisel verilerimin aktar\u0131ld\u0131\u011f\u0131 \u00fc\u00e7\u00fcnc\u00fc ki\u015filer nezdinde de d\u00fczeltilmesini istiyorum.&nbsp;&nbsp;<\/td>\n<td>&nbsp;<\/td>\n<\/tr>\n<tr>\n<td><b>8<\/b><\/td>\n<td>Silinmesini talep etti\u011fim ki\u015fisel verilerimin aktar\u0131lan \u00fc\u00e7\u00fcnc\u00fc ki\u015filer nezdinde de silinmesini istiyorum.&nbsp;&nbsp;<\/td>\n<td>&nbsp;<\/td>\n<\/tr>\n<tr>\n<td><b>9<\/b><\/td>\n<td><p>\u015eirketiniz taraf\u0131ndan i\u015flenen ki\u015fisel verilerim m\u00fcnhas\u0131ran otomatik sistemler vas\u0131tas\u0131yla analiz edildi\u011fini ve bu analiz neticesinde \u015fahs\u0131m aleyhine bir sonu\u00e7 do\u011fdu\u011funu d\u00fc\u015f\u00fcn\u00fcyorum. Bu sonuca itiraz ediyorum.<\/p>\n<p>Aleyhinize oldu\u011funu d\u00fc\u015f\u00fcnd\u00fc\u011f\u00fcn\u00fcz analiz sonucunu belirtiniz.<\/p>\n<p>\u2026\u2026\u2026\u2026\u2026\u2026\u2026\u2026\u2026\u2026\u2026\u2026\u2026\u2026\u2026\u2026\u2026\u2026\u2026\u2026\u2026\u2026\u2026\u2026\u2026\u2026\u2026\u2026\u2026\u2026\u2026\u2026\u2026\u2026\u2026\u2026\u2026\u2026\u2026\u2026\u2026\u2026\u2026\u2026\u2026\u2026\u2026\u2026\u2026\u2026\u2026\u2026\u2026\u2026\u2026\u2026\u2026\u2026\u2026\u2026\u2026\u2026\u2026\u2026\u2026<\/p>\n<\/td>\n<td>&nbsp;<\/td>\n<\/tr>\n<tr>\n<td><b>10<\/b><\/td>\n<td><p>Ki\u015fisel verilerimin kanuna ayk\u0131r\u0131 i\u015flenmesi nedeniyle zarara u\u011frad\u0131m. Bu zarar\u0131n tazminini talep ediyorum.&nbsp;<\/p>\n<p>Kanuna ayk\u0131r\u0131l\u0131\u011fa konu olan hususu belirtiniz.<\/p>\n<p>\u2026\u2026\u2026\u2026\u2026\u2026\u2026\u2026\u2026\u2026\u2026\u2026\u2026\u2026\u2026\u2026\u2026\u2026\u2026\u2026\u2026\u2026\u2026\u2026\u2026\u2026\u2026\u2026\u2026\u2026\u2026\u2026\u2026\u2026\u2026\u2026\u2026\u2026\u2026\u2026\u2026\u2026\u2026\u2026\u2026\u2026\u2026\u2026\u2026\u2026\u2026\u2026\u2026\u2026\u2026\u2026\u2026\u2026\u2026\u2026\u2026\u2026\u2026\u2026\u2026<\/p>\n<\/td>\n<td>&nbsp;<\/td>\n<\/tr>\n<\/tbody>\n<\/table>\n<ol>\n<li aria-level=\"1\"><b>TALEP HAKKINDA A\u00c7IKLAMA<\/b>&nbsp;(L\u00fctfen KVK Kanunu kapsam\u0131ndaki talebinizi ve talebinize konu olan ki\u015fisel verileri detayl\u0131 olarak belirtiniz.)<\/li>\n<\/ol>\n<table>\n<tbody>\n<tr>\n<td>&nbsp;<\/td>\n<\/tr>\n<\/tbody>\n<\/table>\n<ul>\n<li aria-level=\"1\"><b>EKLER&nbsp;<\/b><\/li>\n<\/ul>\n<p>L\u00fctfen ba\u015fvurunuza dayanak g\u00f6stermek istedi\u011finiz belge varsa belirtiniz. \u2026\u2026\u2026\u2026\u2026\u2026\u2026..\u2026\u2026\u2026\u2026\u2026.\u2026\u2026\u2026\u2026\u2026\u2026\u2026\u2026\u2026\u2026\u2026\u2026.\u2026\u2026\u2026\u2026\u2026\u2026\u2026\u2026\u2026\u2026\u2026\u2026.\u2026\u2026\u2026\u2026\u2026\u2026\u2026\u2026\u2026\u2026\u2026\u2026\u2026\u2026\u2026\u2026\u2026\u2026\u2026\u2026\u2026\u2026\u2026&nbsp;<\/p>\n<p><\/p>\n<ol>\n<li aria-level=\"1\"><b>L\u00dcTFEN BA\u015eVURUNUZA VERECE\u011e\u0130M\u0130Z YANITIN TARAFINIZA B\u0130LD\u0130R\u0130LME Y\u00d6NTEM\u0130N\u0130 SE\u00c7\u0130N\u0130Z:<\/b>&nbsp;<\/li>\n<\/ol>\n<p>Adresime g\u00f6nderilmesini istiyorum.&nbsp;&nbsp;<\/p>\n<p>E-posta adresime g\u00f6nderilmesini istiyorum.&nbsp;<\/p>\n<p>&nbsp;&nbsp;&nbsp;&nbsp;&nbsp;&nbsp;<i>(E-posta y\u00f6ntemini se\u00e7meniz h\u00e2linde size daha h\u0131zl\u0131 yan\u0131t verebilece\u011fiz.)<\/i><\/p>\n<p>Elden teslim almak istiyorum.&nbsp;<\/p>\n<p><i>(Vek\u00e2leten teslim al\u0131nmas\u0131 durumunda noter tasdikli vek\u00e2letname veya yetki belgesi olmas\u0131 gerekmektedir.)<\/i>&nbsp;&nbsp;&nbsp;<\/p>\n<p><\/p>\n<ul>\n<li aria-level=\"1\"><b>BA\u015eVURU SAH\u0130B\u0130N\u0130N BEYANI&nbsp;<\/b><\/li>\n<\/ul>\n<p>Yukar\u0131da belirtti\u011fim talepler do\u011frultusunda,&nbsp;<b>Sami Trafo Makina \u0130n\u015faat \u0130malat Taah. Genel Tic. Ltd. \u015eti<\/b><b>\u2019<\/b>ye yapm\u0131\u015f oldu\u011fum ba\u015fvurumun Kanun\u2019un 13. Maddesi uyar\u0131nca de\u011ferlendirilerek taraf\u0131ma bilgi verilmesini rica ederim.<\/p>\n<p>Ki\u015fisel Veri Sahibi \/ Ba\u015fkas\u0131 Ad\u0131na Ba\u015fvuruda Bulunan Ki\u015fi1&nbsp;<\/p>\n<p>Ad\u0131 Soyad\u0131&nbsp; &nbsp;&nbsp;:&nbsp;<\/p>\n<p>Ba\u015fvuru Tarihi&nbsp; &nbsp;&nbsp;:&nbsp;&nbsp;<\/p>\n<p>\u0130mzas\u0131&nbsp; &nbsp;&nbsp;:&nbsp;&nbsp;<\/p>\n<p>1&nbsp;L\u00fctfen ba\u015fkas\u0131 ad\u0131na ba\u015fvuruda bulunmaktaysan\u0131z, ba\u015fvuru yapmaya yetkili oldu\u011funuzu g\u00f6steren belgeleri (ki\u015fisel veri sahibinin velisi\/ vasisi oldu\u011funu g\u00f6sterir belge, vek\u00e2letname gibi) ba\u015fvurunun ekinde g\u00f6nderiniz. Bu belgelerin ge\u00e7erli olarak kabul edilmesi i\u00e7in yetkili makamlar taraf\u0131ndan d\u00fczenlenmi\u015f veya onaylanm\u0131\u015f olmalar\u0131 aranmaktad\u0131r.<\/p>\n<p><\/p>\n<p>Bu ba\u015fvuru formu,&nbsp;<b>Sami Trafo Makina \u0130n\u015faat \u0130malat Taah. Genel Tic. Ltd. \u015eti<\/b>&nbsp;ile olan ili\u015fkinizi tespit ederek ve varsa,&nbsp;Sami Trafo Makina \u0130n\u015faat \u0130malat Taah. Genel Tic. Ltd. \u015eti&nbsp;taraf\u0131ndan i\u015flenen ki\u015fisel verilerinizi eksiksiz olarak belirleyerek ilgili ba\u015fvurunuza do\u011fru ve kanuni s\u00fcresinde cevap verilebilmesi i\u00e7in tanzim edilmi\u015ftir. Hukuka ayk\u0131r\u0131 ve haks\u0131z bir \u015fekilde veri payla\u015f\u0131m\u0131ndan kaynaklanabilecek hukuki risklerin bertaraf edilmesi ve \u00f6zellikle ki\u015fisel verilerinizin g\u00fcvenli\u011finin sa\u011flanmas\u0131 amac\u0131yla, kimlik ve yetki tespiti i\u00e7in \u015eirketimiz ek evrak ve malumat (N\u00fcfus c\u00fczdan\u0131 veya s\u00fcr\u00fcc\u00fc belgesi sureti vb.) talep etme hakk\u0131n\u0131 sakl\u0131 tutar. Form kapsam\u0131nda iletmekte oldu\u011funuz taleplerinize ili\u015fkin bilgilerin do\u011fru ve g\u00fcncel olmamas\u0131 ya da yetkisiz bir ba\u015fvuru yap\u0131lmas\u0131 halinde \u015eirketimiz, s\u00f6z konusu yanl\u0131\u015f bilgi ya da yetkisiz ba\u015fvuru kaynakl\u0131 taleplerden dolay\u0131 mesuliyet kabul etmemektedir. Hukuka ayk\u0131r\u0131, yan\u0131lt\u0131c\u0131 veya yanl\u0131\u015f ba\u015fvurulardan do\u011fan t\u00fcm sorumluluk size aittir.&nbsp;&nbsp;<\/p>\n<p><!-- \/wp:paragraph --><\/p>\t\t\t\t\t\t<\/div>\n\t\t\t\t<\/div>\n\t\t\t\t\t<\/div>\n\t\t\t\t<\/div>\n\t\t\t\t<\/div>\n\t\t","protected":false},"excerpt":{"rendered":"<p>VER\u0130 SAH\u0130B\u0130 BA\u015eVURU FORMU 6698 Say\u0131l\u0131 Ki\u015fisel Verilerin Korunmas\u0131 Kanunu (KVKK) ile \u201c\u0130lgili Ki\u015fi\u201d olarak tan\u0131mlanan ki\u015fisel veri sahiplerine, kanunun \u201c\u0130lgili Ki\u015finin Haklar\u0131\u201d ba\u015fl\u0131kl\u0131 11. maddesinde ki\u015fisel verilerinin i\u015flenmesine ili\u015fkin belirli haklar tan\u0131nm\u0131\u015ft\u0131r. Bu kapsamda, \u0130lgili Ki\u015finin KVKK\u2019n\u0131n 13. Maddesi uyar\u0131nca bu haklar\u0131n\u0131 kullanmak amac\u0131yla Veri Sorumlusu s\u0131fat\u0131yla&nbsp;Sami Trafo Makina \u0130n\u015faat \u0130malat Taah. Genel Tic&#8230;.<\/p>\n","protected":false},"author":1,"featured_media":0,"parent":0,"menu_order":0,"comment_status":"closed","ping_status":"closed","template":"","meta":{"footnotes":""},"class_list":["post-29477","page","type-page","status-publish","hentry"],"yoast_head":"<!-- This site is optimized with the Yoast SEO plugin v23.9 - https:\/\/yoast.com\/wordpress\/plugins\/seo\/ -->\n<title>Veri Sahibi Ba\u015fvuru Formu - STD Transformer<\/title>\n<meta name=\"robots\" content=\"index, follow, max-snippet:-1, max-image-preview:large, max-video-preview:-1\" \/>\n<link rel=\"canonical\" href=\"https:\/\/stdtransformer.com\/tr\/veri-sahibi-basvuru-formu\/\" \/>\n<meta property=\"og:locale\" content=\"tr_TR\" \/>\n<meta property=\"og:type\" content=\"article\" \/>\n<meta property=\"og:title\" content=\"Veri Sahibi Ba\u015fvuru Formu - STD Transformer\" \/>\n<meta property=\"og:description\" content=\"VER\u0130 SAH\u0130B\u0130 BA\u015eVURU FORMU 6698 Say\u0131l\u0131 Ki\u015fisel Verilerin Korunmas\u0131 Kanunu (KVKK) ile \u201c\u0130lgili Ki\u015fi\u201d olarak tan\u0131mlanan ki\u015fisel veri sahiplerine, kanunun \u201c\u0130lgili Ki\u015finin Haklar\u0131\u201d ba\u015fl\u0131kl\u0131 11. maddesinde ki\u015fisel verilerinin i\u015flenmesine ili\u015fkin belirli haklar tan\u0131nm\u0131\u015ft\u0131r. Bu kapsamda, \u0130lgili Ki\u015finin KVKK\u2019n\u0131n 13. Maddesi uyar\u0131nca bu haklar\u0131n\u0131 kullanmak amac\u0131yla Veri Sorumlusu s\u0131fat\u0131yla&nbsp;Sami Trafo Makina \u0130n\u015faat \u0130malat Taah. Genel Tic....\" \/>\n<meta property=\"og:url\" content=\"https:\/\/stdtransformer.com\/tr\/veri-sahibi-basvuru-formu\/\" \/>\n<meta property=\"og:site_name\" content=\"STD Transformer\" \/>\n<meta property=\"article:publisher\" content=\"https:\/\/www.facebook.com\/stdtransformator\" \/>\n<meta property=\"article:modified_time\" content=\"2024-11-26T10:21:23+00:00\" \/>\n<meta name=\"twitter:card\" content=\"summary_large_image\" \/>\n<meta name=\"twitter:label1\" content=\"Tahmini okuma s\u00fcresi\" \/>\n\t<meta name=\"twitter:data1\" content=\"6 dakika\" \/>\n<script type=\"application\/ld+json\" class=\"yoast-schema-graph\">{\"@context\":\"https:\/\/schema.org\",\"@graph\":[{\"@type\":\"WebPage\",\"@id\":\"https:\/\/stdtransformer.com\/tr\/veri-sahibi-basvuru-formu\/\",\"url\":\"https:\/\/stdtransformer.com\/tr\/veri-sahibi-basvuru-formu\/\",\"name\":\"Veri Sahibi Ba\u015fvuru Formu - STD Transformer\",\"isPartOf\":{\"@id\":\"https:\/\/stdtransformer.com\/tr\/#website\"},\"datePublished\":\"2024-03-25T09:31:24+00:00\",\"dateModified\":\"2024-11-26T10:21:23+00:00\",\"breadcrumb\":{\"@id\":\"https:\/\/stdtransformer.com\/tr\/veri-sahibi-basvuru-formu\/#breadcrumb\"},\"inLanguage\":\"tr\",\"potentialAction\":[{\"@type\":\"ReadAction\",\"target\":[\"https:\/\/stdtransformer.com\/tr\/veri-sahibi-basvuru-formu\/\"]}]},{\"@type\":\"BreadcrumbList\",\"@id\":\"https:\/\/stdtransformer.com\/tr\/veri-sahibi-basvuru-formu\/#breadcrumb\",\"itemListElement\":[{\"@type\":\"ListItem\",\"position\":1,\"name\":\"Anasayfa\",\"item\":\"https:\/\/stdtransformer.com\/tr\/\"},{\"@type\":\"ListItem\",\"position\":2,\"name\":\"Veri Sahibi Ba\u015fvuru Formu\"}]},{\"@type\":\"WebSite\",\"@id\":\"https:\/\/stdtransformer.com\/tr\/#website\",\"url\":\"https:\/\/stdtransformer.com\/tr\/\",\"name\":\"STD Transformer\",\"description\":\"\",\"publisher\":{\"@id\":\"https:\/\/stdtransformer.com\/tr\/#organization\"},\"potentialAction\":[{\"@type\":\"SearchAction\",\"target\":{\"@type\":\"EntryPoint\",\"urlTemplate\":\"https:\/\/stdtransformer.com\/tr\/?s={search_term_string}\"},\"query-input\":{\"@type\":\"PropertyValueSpecification\",\"valueRequired\":true,\"valueName\":\"search_term_string\"}}],\"inLanguage\":\"tr\"},{\"@type\":\"Organization\",\"@id\":\"https:\/\/stdtransformer.com\/tr\/#organization\",\"name\":\"STD Transformer\",\"url\":\"https:\/\/stdtransformer.com\/tr\/\",\"logo\":{\"@type\":\"ImageObject\",\"inLanguage\":\"tr\",\"@id\":\"https:\/\/stdtransformer.com\/tr\/#\/schema\/logo\/image\/\",\"url\":\"https:\/\/stdtransformer.com\/tr\/wp-content\/uploads\/2024\/11\/std-logo-kirmizi-siyah.svg\",\"contentUrl\":\"https:\/\/stdtransformer.com\/tr\/wp-content\/uploads\/2024\/11\/std-logo-kirmizi-siyah.svg\",\"width\":370,\"height\":160,\"caption\":\"STD Transformer\"},\"image\":{\"@id\":\"https:\/\/stdtransformer.com\/tr\/#\/schema\/logo\/image\/\"},\"sameAs\":[\"https:\/\/www.facebook.com\/stdtransformator\",\"https:\/\/www.instagram.com\/transformerstd\/\",\"https:\/\/www.linkedin.com\/company\/std-transformer\",\"https:\/\/www.youtube.com\/@stdtransformer1196\"]}]}<\/script>\n<!-- \/ Yoast SEO plugin. -->","yoast_head_json":{"title":"Veri Sahibi Ba\u015fvuru Formu - STD Transformer","robots":{"index":"index","follow":"follow","max-snippet":"max-snippet:-1","max-image-preview":"max-image-preview:large","max-video-preview":"max-video-preview:-1"},"canonical":"https:\/\/stdtransformer.com\/tr\/veri-sahibi-basvuru-formu\/","og_locale":"tr_TR","og_type":"article","og_title":"Veri Sahibi Ba\u015fvuru Formu - STD Transformer","og_description":"VER\u0130 SAH\u0130B\u0130 BA\u015eVURU FORMU 6698 Say\u0131l\u0131 Ki\u015fisel Verilerin Korunmas\u0131 Kanunu (KVKK) ile \u201c\u0130lgili Ki\u015fi\u201d olarak tan\u0131mlanan ki\u015fisel veri sahiplerine, kanunun \u201c\u0130lgili Ki\u015finin Haklar\u0131\u201d ba\u015fl\u0131kl\u0131 11. maddesinde ki\u015fisel verilerinin i\u015flenmesine ili\u015fkin belirli haklar tan\u0131nm\u0131\u015ft\u0131r. Bu kapsamda, \u0130lgili Ki\u015finin KVKK\u2019n\u0131n 13. Maddesi uyar\u0131nca bu haklar\u0131n\u0131 kullanmak amac\u0131yla Veri Sorumlusu s\u0131fat\u0131yla&nbsp;Sami Trafo Makina \u0130n\u015faat \u0130malat Taah. Genel Tic....","og_url":"https:\/\/stdtransformer.com\/tr\/veri-sahibi-basvuru-formu\/","og_site_name":"STD Transformer","article_publisher":"https:\/\/www.facebook.com\/stdtransformator","article_modified_time":"2024-11-26T10:21:23+00:00","twitter_card":"summary_large_image","twitter_misc":{"Tahmini okuma s\u00fcresi":"6 dakika"},"schema":{"@context":"https:\/\/schema.org","@graph":[{"@type":"WebPage","@id":"https:\/\/stdtransformer.com\/tr\/veri-sahibi-basvuru-formu\/","url":"https:\/\/stdtransformer.com\/tr\/veri-sahibi-basvuru-formu\/","name":"Veri Sahibi Ba\u015fvuru Formu - STD Transformer","isPartOf":{"@id":"https:\/\/stdtransformer.com\/tr\/#website"},"datePublished":"2024-03-25T09:31:24+00:00","dateModified":"2024-11-26T10:21:23+00:00","breadcrumb":{"@id":"https:\/\/stdtransformer.com\/tr\/veri-sahibi-basvuru-formu\/#breadcrumb"},"inLanguage":"tr","potentialAction":[{"@type":"ReadAction","target":["https:\/\/stdtransformer.com\/tr\/veri-sahibi-basvuru-formu\/"]}]},{"@type":"BreadcrumbList","@id":"https:\/\/stdtransformer.com\/tr\/veri-sahibi-basvuru-formu\/#breadcrumb","itemListElement":[{"@type":"ListItem","position":1,"name":"Anasayfa","item":"https:\/\/stdtransformer.com\/tr\/"},{"@type":"ListItem","position":2,"name":"Veri Sahibi Ba\u015fvuru Formu"}]},{"@type":"WebSite","@id":"https:\/\/stdtransformer.com\/tr\/#website","url":"https:\/\/stdtransformer.com\/tr\/","name":"STD Transformer","description":"","publisher":{"@id":"https:\/\/stdtransformer.com\/tr\/#organization"},"potentialAction":[{"@type":"SearchAction","target":{"@type":"EntryPoint","urlTemplate":"https:\/\/stdtransformer.com\/tr\/?s={search_term_string}"},"query-input":{"@type":"PropertyValueSpecification","valueRequired":true,"valueName":"search_term_string"}}],"inLanguage":"tr"},{"@type":"Organization","@id":"https:\/\/stdtransformer.com\/tr\/#organization","name":"STD Transformer","url":"https:\/\/stdtransformer.com\/tr\/","logo":{"@type":"ImageObject","inLanguage":"tr","@id":"https:\/\/stdtransformer.com\/tr\/#\/schema\/logo\/image\/","url":"https:\/\/stdtransformer.com\/tr\/wp-content\/uploads\/2024\/11\/std-logo-kirmizi-siyah.svg","contentUrl":"https:\/\/stdtransformer.com\/tr\/wp-content\/uploads\/2024\/11\/std-logo-kirmizi-siyah.svg","width":370,"height":160,"caption":"STD Transformer"},"image":{"@id":"https:\/\/stdtransformer.com\/tr\/#\/schema\/logo\/image\/"},"sameAs":["https:\/\/www.facebook.com\/stdtransformator","https:\/\/www.instagram.com\/transformerstd\/","https:\/\/www.linkedin.com\/company\/std-transformer","https:\/\/www.youtube.com\/@stdtransformer1196"]}]}},"_links":{"self":[{"href":"https:\/\/stdtransformer.com\/tr\/wp-json\/wp\/v2\/pages\/29477","targetHints":{"allow":["GET"]}}],"collection":[{"href":"https:\/\/stdtransformer.com\/tr\/wp-json\/wp\/v2\/pages"}],"about":[{"href":"https:\/\/stdtransformer.com\/tr\/wp-json\/wp\/v2\/types\/page"}],"author":[{"embeddable":true,"href":"https:\/\/stdtransformer.com\/tr\/wp-json\/wp\/v2\/users\/1"}],"replies":[{"embeddable":true,"href":"https:\/\/stdtransformer.com\/tr\/wp-json\/wp\/v2\/comments?post=29477"}],"version-history":[{"count":0,"href":"https:\/\/stdtransformer.com\/tr\/wp-json\/wp\/v2\/pages\/29477\/revisions"}],"wp:attachment":[{"href":"https:\/\/stdtransformer.com\/tr\/wp-json\/wp\/v2\/media?parent=29477"}],"curies":[{"name":"wp","href":"https:\/\/api.w.org\/{rel}","templated":true}]}}